{"id":2268,"date":"2022-05-09T00:05:05","date_gmt":"2022-05-08T22:05:05","guid":{"rendered":"https:\/\/online-ems-training.de\/request-information-about-maxspeed-ems-devices\/"},"modified":"2022-09-09T10:12:18","modified_gmt":"2022-09-09T08:12:18","slug":"request-information-about-maxspeed-ems-devices","status":"publish","type":"page","link":"https:\/\/online-ems-training.de\/en\/request-information-about-maxspeed-ems-devices\/","title":{"rendered":"Request information about MAXSPEED EMS devices"},"content":{"rendered":"","protected":false},"excerpt":{"rendered":"","protected":false},"author":4,"featured_media":0,"parent":0,"menu_order":0,"comment_status":"closed","ping_status":"closed","template":"full-width.php","meta":{"footnotes":""},"class_list":["post-2268","page","type-page","status-publish","hentry"],"yoast_head":"<!-- This site is optimized with the Yoast SEO plugin v27.5 - https:\/\/yoast.com\/product\/yoast-seo-wordpress\/ -->\n<title>Request information about MAXSPEED EMS devices &#187; EMS Reparaturen + EMS Zubeh\u00f6r<\/title>\n<meta name=\"description\" content=\"Online EMS Training ist die Schnittstelle zwischen EMS-Fitnesstrainern und Trainierenden. Das Portal vermittelt Kunden an Trainer zur onlinebetreuten Trainingseinheit.\" \/>\n<meta name=\"robots\" content=\"index, follow, max-snippet:-1, max-image-preview:large, max-video-preview:-1\" \/>\n<link rel=\"canonical\" href=\"https:\/\/online-ems-training.de\/en\/request-information-about-maxspeed-ems-devices\/\" \/>\n<meta property=\"og:locale\" content=\"en_US\" \/>\n<meta property=\"og:type\" content=\"article\" \/>\n<meta property=\"og:title\" content=\"Request information about MAXSPEED EMS devices &#187; EMS Reparaturen + EMS Zubeh\u00f6r\" \/>\n<meta property=\"og:description\" content=\"Online EMS Training ist die Schnittstelle zwischen EMS-Fitnesstrainern und Trainierenden. Das Portal vermittelt Kunden an Trainer zur onlinebetreuten Trainingseinheit.\" \/>\n<meta property=\"og:url\" content=\"https:\/\/online-ems-training.de\/en\/request-information-about-maxspeed-ems-devices\/\" \/>\n<meta property=\"og:site_name\" content=\"EMS Reparaturen + EMS Zubeh\u00f6r\" \/>\n<meta property=\"article:publisher\" content=\"https:\/\/www.facebook.com\/OnlineEMSTrainingShop\" \/>\n<meta property=\"article:modified_time\" content=\"2022-09-09T08:12:18+00:00\" \/>\n<meta name=\"twitter:card\" content=\"summary_large_image\" \/>\n<script type=\"application\/ld+json\" class=\"yoast-schema-graph\">{\"@context\":\"https:\\\/\\\/schema.org\",\"@graph\":[{\"@type\":\"WebPage\",\"@id\":\"https:\\\/\\\/online-ems-training.de\\\/en\\\/request-information-about-maxspeed-ems-devices\\\/\",\"url\":\"https:\\\/\\\/online-ems-training.de\\\/en\\\/request-information-about-maxspeed-ems-devices\\\/\",\"name\":\"Request information about MAXSPEED EMS devices &#187; EMS Reparaturen + EMS Zubeh\u00f6r\",\"isPartOf\":{\"@id\":\"https:\\\/\\\/online-ems-training.de\\\/en\\\/#website\"},\"datePublished\":\"2022-05-08T22:05:05+00:00\",\"dateModified\":\"2022-09-09T08:12:18+00:00\",\"description\":\"Online EMS Training ist die Schnittstelle zwischen EMS-Fitnesstrainern und Trainierenden. Das Portal vermittelt Kunden an Trainer zur onlinebetreuten Trainingseinheit.\",\"breadcrumb\":{\"@id\":\"https:\\\/\\\/online-ems-training.de\\\/en\\\/request-information-about-maxspeed-ems-devices\\\/#breadcrumb\"},\"inLanguage\":\"en-US\",\"potentialAction\":[{\"@type\":\"ReadAction\",\"target\":[\"https:\\\/\\\/online-ems-training.de\\\/en\\\/request-information-about-maxspeed-ems-devices\\\/\"]}]},{\"@type\":\"BreadcrumbList\",\"@id\":\"https:\\\/\\\/online-ems-training.de\\\/en\\\/request-information-about-maxspeed-ems-devices\\\/#breadcrumb\",\"itemListElement\":[{\"@type\":\"ListItem\",\"position\":1,\"name\":\"Startseite\",\"item\":\"https:\\\/\\\/online-ems-training.de\\\/en\\\/\"},{\"@type\":\"ListItem\",\"position\":2,\"name\":\"Request information about MAXSPEED EMS devices\"}]},{\"@type\":\"WebSite\",\"@id\":\"https:\\\/\\\/online-ems-training.de\\\/en\\\/#website\",\"url\":\"https:\\\/\\\/online-ems-training.de\\\/en\\\/\",\"name\":\"EMS Reparaturen + EMS Zubeh\u00f6r\",\"description\":\"Reparaturen und Service f\u00fcr EMS Ger\u00e4te und EMS Elektroden\",\"potentialAction\":[{\"@type\":\"SearchAction\",\"target\":{\"@type\":\"EntryPoint\",\"urlTemplate\":\"https:\\\/\\\/online-ems-training.de\\\/en\\\/?s={search_term_string}\"},\"query-input\":{\"@type\":\"PropertyValueSpecification\",\"valueRequired\":true,\"valueName\":\"search_term_string\"}}],\"inLanguage\":\"en-US\"}]}<\/script>\n<!-- \/ Yoast SEO plugin. -->","yoast_head_json":{"title":"Request information about MAXSPEED EMS devices &#187; EMS Reparaturen + EMS Zubeh\u00f6r","description":"Online EMS Training ist die Schnittstelle zwischen EMS-Fitnesstrainern und Trainierenden. Das Portal vermittelt Kunden an Trainer zur onlinebetreuten Trainingseinheit.","robots":{"index":"index","follow":"follow","max-snippet":"max-snippet:-1","max-image-preview":"max-image-preview:large","max-video-preview":"max-video-preview:-1"},"canonical":"https:\/\/online-ems-training.de\/en\/request-information-about-maxspeed-ems-devices\/","og_locale":"en_US","og_type":"article","og_title":"Request information about MAXSPEED EMS devices &#187; EMS Reparaturen + EMS Zubeh\u00f6r","og_description":"Online EMS Training ist die Schnittstelle zwischen EMS-Fitnesstrainern und Trainierenden. Das Portal vermittelt Kunden an Trainer zur onlinebetreuten Trainingseinheit.","og_url":"https:\/\/online-ems-training.de\/en\/request-information-about-maxspeed-ems-devices\/","og_site_name":"EMS Reparaturen + EMS Zubeh\u00f6r","article_publisher":"https:\/\/www.facebook.com\/OnlineEMSTrainingShop","article_modified_time":"2022-09-09T08:12:18+00:00","twitter_card":"summary_large_image","schema":{"@context":"https:\/\/schema.org","@graph":[{"@type":"WebPage","@id":"https:\/\/online-ems-training.de\/en\/request-information-about-maxspeed-ems-devices\/","url":"https:\/\/online-ems-training.de\/en\/request-information-about-maxspeed-ems-devices\/","name":"Request information about MAXSPEED EMS devices &#187; EMS Reparaturen + EMS Zubeh\u00f6r","isPartOf":{"@id":"https:\/\/online-ems-training.de\/en\/#website"},"datePublished":"2022-05-08T22:05:05+00:00","dateModified":"2022-09-09T08:12:18+00:00","description":"Online EMS Training ist die Schnittstelle zwischen EMS-Fitnesstrainern und Trainierenden. Das Portal vermittelt Kunden an Trainer zur onlinebetreuten Trainingseinheit.","breadcrumb":{"@id":"https:\/\/online-ems-training.de\/en\/request-information-about-maxspeed-ems-devices\/#breadcrumb"},"inLanguage":"en-US","potentialAction":[{"@type":"ReadAction","target":["https:\/\/online-ems-training.de\/en\/request-information-about-maxspeed-ems-devices\/"]}]},{"@type":"BreadcrumbList","@id":"https:\/\/online-ems-training.de\/en\/request-information-about-maxspeed-ems-devices\/#breadcrumb","itemListElement":[{"@type":"ListItem","position":1,"name":"Startseite","item":"https:\/\/online-ems-training.de\/en\/"},{"@type":"ListItem","position":2,"name":"Request information about MAXSPEED EMS devices"}]},{"@type":"WebSite","@id":"https:\/\/online-ems-training.de\/en\/#website","url":"https:\/\/online-ems-training.de\/en\/","name":"EMS Reparaturen + EMS Zubeh\u00f6r","description":"Reparaturen und Service f\u00fcr EMS Ger\u00e4te und EMS Elektroden","potentialAction":[{"@type":"SearchAction","target":{"@type":"EntryPoint","urlTemplate":"https:\/\/online-ems-training.de\/en\/?s={search_term_string}"},"query-input":{"@type":"PropertyValueSpecification","valueRequired":true,"valueName":"search_term_string"}}],"inLanguage":"en-US"}]}},"_links":{"self":[{"href":"https:\/\/online-ems-training.de\/en\/wp-json\/wp\/v2\/pages\/2268","targetHints":{"allow":["GET"]}}],"collection":[{"href":"https:\/\/online-ems-training.de\/en\/wp-json\/wp\/v2\/pages"}],"about":[{"href":"https:\/\/online-ems-training.de\/en\/wp-json\/wp\/v2\/types\/page"}],"author":[{"embeddable":true,"href":"https:\/\/online-ems-training.de\/en\/wp-json\/wp\/v2\/users\/4"}],"replies":[{"embeddable":true,"href":"https:\/\/online-ems-training.de\/en\/wp-json\/wp\/v2\/comments?post=2268"}],"version-history":[{"count":1,"href":"https:\/\/online-ems-training.de\/en\/wp-json\/wp\/v2\/pages\/2268\/revisions"}],"predecessor-version":[{"id":2275,"href":"https:\/\/online-ems-training.de\/en\/wp-json\/wp\/v2\/pages\/2268\/revisions\/2275"}],"wp:attachment":[{"href":"https:\/\/online-ems-training.de\/en\/wp-json\/wp\/v2\/media?parent=2268"}],"curies":[{"name":"wp","href":"https:\/\/api.w.org\/{rel}","templated":true}]}}