{"id":2321,"date":"2021-02-06T16:01:21","date_gmt":"2021-02-06T15:01:21","guid":{"rendered":"https:\/\/online-ems-training.de\/produkt\/brezeasy-wash-4l-detergent\/"},"modified":"2022-09-09T10:12:34","modified_gmt":"2022-09-09T08:12:34","slug":"brezeasy-wash-4l-detergent","status":"publish","type":"product","link":"https:\/\/online-ems-training.de\/en\/produkt\/brezeasy-wash-4l-detergent\/","title":{"rendered":"brezeasy\u00ae WASH 4l detergent"},"content":{"rendered":"<section class=\"av_textblock_section \">\n<div class=\"avia_textblock \">\n<p>Bad odors caused by bacteria, skin particles and sweat remaining on the EMS equipment are an absolute no-go. Brezeasy\u00ae WASH freshens up your vests and undergarments.<\/p>\n<p>brezeasy\u00ae WASH was developed as a detergent especially for EMS vests, undergarments and sports textiles of any kind. The difference to conventional detergents lies in the development of the effect (through enzymes) in already low temperature ranges (from 30\u00b0).<\/p>\n<div class=\"flex_column av_one_half flex_column_table_cell av-equal-height-column av-align-middle av-zero-column-padding avia-builder-el-15 el_after_av_one_half el_before_av_hr anwendung \">\n<section class=\"av_textblock_section \">\n<div class=\"avia_textblock \">\n<h2 class=\"av-special-heading-tag \">Application<\/h2>\n<p>It&#8217;s simple: Use brezeasy\u00ae WASH just like a normal washing agent. Use the delicate or hand wash program at low temperature (around 30\u00b0).<\/p>\n<p><strong>Note: <\/strong>With brezeasy WASH you free the vests from residues and stains. However, in order to <strong>disinfect <\/strong>your equipment <strong>&#8211; <\/strong>i.e. to reliably remove bacteria, viruses, fungi, etc. &#8211; you should add 50-100 ml brezeasy\u00ae SUPPORT to the fabric softener compartment of your washing machine with every wash cycle.<\/p>\n<\/div>\n<\/section>\n<\/div>\n<\/div>\n<\/section>\n","protected":false},"excerpt":{"rendered":"<p>brezeasy\u00ae WASH the detergent especially for EMS vests, undergarments and sports textiles of any kind. The difference to conventional detergents lies in the development of the effect (through enzymes) in already low temperature ranges (from 30\u00b0).<\/p>\n","protected":false},"featured_media":1965,"template":"","meta":[],"product_brand":[],"product_cat":[174],"product_tag":[],"class_list":{"0":"post-2321","1":"product","2":"type-product","3":"status-publish","4":"has-post-thumbnail","6":"product_cat-ems-electrodes-care","7":"product_shipping_class-dhl-package-5kg","9":"first","10":"instock","11":"taxable","12":"shipping-taxable","13":"purchasable","14":"product-type-simple"},"yoast_head":"<!-- This site is optimized with the Yoast SEO plugin v27.4 - https:\/\/yoast.com\/product\/yoast-seo-wordpress\/ -->\n<title>brezeasy\u00ae WASH 4l detergent &#187; EMS Reparaturen + EMS Zubeh\u00f6r<\/title>\n<meta name=\"description\" content=\"brezeasy\u00ae WASH the detergent especially for EMS vests, undergarments and sports textiles of any kind.\" \/>\n<meta name=\"robots\" content=\"index, follow, max-snippet:-1, max-image-preview:large, max-video-preview:-1\" \/>\n<link rel=\"canonical\" href=\"https:\/\/online-ems-training.de\/en\/produkt\/brezeasy-wash-4l-detergent\/\" \/>\n<meta property=\"og:locale\" content=\"en_US\" \/>\n<meta property=\"og:type\" content=\"article\" \/>\n<meta property=\"og:title\" content=\"brezeasy\u00ae WASH 4l detergent &#187; EMS Reparaturen + EMS Zubeh\u00f6r\" \/>\n<meta property=\"og:description\" content=\"brezeasy\u00ae WASH the detergent especially for EMS vests, undergarments and sports textiles of any kind.\" \/>\n<meta property=\"og:url\" content=\"https:\/\/online-ems-training.de\/en\/produkt\/brezeasy-wash-4l-detergent\/\" \/>\n<meta property=\"og:site_name\" content=\"EMS Reparaturen + EMS Zubeh\u00f6r\" \/>\n<meta property=\"article:publisher\" content=\"https:\/\/www.facebook.com\/OnlineEMSTrainingShop\" \/>\n<meta property=\"article:modified_time\" content=\"2022-09-09T08:12:34+00:00\" \/>\n<meta property=\"og:image\" content=\"https:\/\/online-ems-training.de\/wp-content\/uploads\/2021\/02\/brezeasy_wash.png\" \/>\n\t<meta property=\"og:image:width\" content=\"1200\" \/>\n\t<meta property=\"og:image:height\" content=\"821\" \/>\n\t<meta property=\"og:image:type\" content=\"image\/png\" \/>\n<meta name=\"twitter:card\" content=\"summary_large_image\" \/>\n<meta name=\"twitter:label1\" content=\"Est. reading time\" \/>\n\t<meta name=\"twitter:data1\" content=\"1 minute\" \/>\n<script type=\"application\/ld+json\" class=\"yoast-schema-graph\">{\"@context\":\"https:\\\/\\\/schema.org\",\"@graph\":[{\"@type\":\"WebPage\",\"@id\":\"https:\\\/\\\/online-ems-training.de\\\/en\\\/produkt\\\/brezeasy-wash-4l-detergent\\\/\",\"url\":\"https:\\\/\\\/online-ems-training.de\\\/en\\\/produkt\\\/brezeasy-wash-4l-detergent\\\/\",\"name\":\"brezeasy\u00ae WASH 4l detergent &#187; EMS Reparaturen + EMS Zubeh\u00f6r\",\"isPartOf\":{\"@id\":\"https:\\\/\\\/online-ems-training.de\\\/en\\\/#website\"},\"primaryImageOfPage\":{\"@id\":\"https:\\\/\\\/online-ems-training.de\\\/en\\\/produkt\\\/brezeasy-wash-4l-detergent\\\/#primaryimage\"},\"image\":{\"@id\":\"https:\\\/\\\/online-ems-training.de\\\/en\\\/produkt\\\/brezeasy-wash-4l-detergent\\\/#primaryimage\"},\"thumbnailUrl\":\"https:\\\/\\\/online-ems-training.de\\\/wp-content\\\/uploads\\\/2021\\\/02\\\/brezeasy_wash.png\",\"datePublished\":\"2021-02-06T15:01:21+00:00\",\"dateModified\":\"2022-09-09T08:12:34+00:00\",\"description\":\"brezeasy\u00ae WASH the detergent especially for EMS vests, undergarments and sports textiles of any kind.\",\"breadcrumb\":{\"@id\":\"https:\\\/\\\/online-ems-training.de\\\/en\\\/produkt\\\/brezeasy-wash-4l-detergent\\\/#breadcrumb\"},\"inLanguage\":\"en-US\",\"potentialAction\":[{\"@type\":\"ReadAction\",\"target\":[\"https:\\\/\\\/online-ems-training.de\\\/en\\\/produkt\\\/brezeasy-wash-4l-detergent\\\/\"]}]},{\"@type\":\"ImageObject\",\"inLanguage\":\"en-US\",\"@id\":\"https:\\\/\\\/online-ems-training.de\\\/en\\\/produkt\\\/brezeasy-wash-4l-detergent\\\/#primaryimage\",\"url\":\"https:\\\/\\\/online-ems-training.de\\\/wp-content\\\/uploads\\\/2021\\\/02\\\/brezeasy_wash.png\",\"contentUrl\":\"https:\\\/\\\/online-ems-training.de\\\/wp-content\\\/uploads\\\/2021\\\/02\\\/brezeasy_wash.png\",\"width\":1200,\"height\":821,\"caption\":\"brezeasy-wash detergent\"},{\"@type\":\"BreadcrumbList\",\"@id\":\"https:\\\/\\\/online-ems-training.de\\\/en\\\/produkt\\\/brezeasy-wash-4l-detergent\\\/#breadcrumb\",\"itemListElement\":[{\"@type\":\"ListItem\",\"position\":1,\"name\":\"Startseite\",\"item\":\"https:\\\/\\\/online-ems-training.de\\\/en\\\/\"},{\"@type\":\"ListItem\",\"position\":2,\"name\":\"brezeasy\u00ae WASH 4l detergent\"}]},{\"@type\":\"WebSite\",\"@id\":\"https:\\\/\\\/online-ems-training.de\\\/en\\\/#website\",\"url\":\"https:\\\/\\\/online-ems-training.de\\\/en\\\/\",\"name\":\"EMS Reparaturen + EMS Zubeh\u00f6r\",\"description\":\"Reparaturen und Service f\u00fcr EMS Ger\u00e4te und EMS Elektroden\",\"potentialAction\":[{\"@type\":\"SearchAction\",\"target\":{\"@type\":\"EntryPoint\",\"urlTemplate\":\"https:\\\/\\\/online-ems-training.de\\\/en\\\/?s={search_term_string}\"},\"query-input\":{\"@type\":\"PropertyValueSpecification\",\"valueRequired\":true,\"valueName\":\"search_term_string\"}}],\"inLanguage\":\"en-US\"}]}<\/script>\n<!-- \/ Yoast SEO plugin. -->","yoast_head_json":{"title":"brezeasy\u00ae WASH 4l detergent &#187; EMS Reparaturen + EMS Zubeh\u00f6r","description":"brezeasy\u00ae WASH the detergent especially for EMS vests, undergarments and sports textiles of any kind.","robots":{"index":"index","follow":"follow","max-snippet":"max-snippet:-1","max-image-preview":"max-image-preview:large","max-video-preview":"max-video-preview:-1"},"canonical":"https:\/\/online-ems-training.de\/en\/produkt\/brezeasy-wash-4l-detergent\/","og_locale":"en_US","og_type":"article","og_title":"brezeasy\u00ae WASH 4l detergent &#187; EMS Reparaturen + EMS Zubeh\u00f6r","og_description":"brezeasy\u00ae WASH the detergent especially for EMS vests, undergarments and sports textiles of any kind.","og_url":"https:\/\/online-ems-training.de\/en\/produkt\/brezeasy-wash-4l-detergent\/","og_site_name":"EMS Reparaturen + EMS Zubeh\u00f6r","article_publisher":"https:\/\/www.facebook.com\/OnlineEMSTrainingShop","article_modified_time":"2022-09-09T08:12:34+00:00","og_image":[{"width":1200,"height":821,"url":"https:\/\/online-ems-training.de\/wp-content\/uploads\/2021\/02\/brezeasy_wash.png","type":"image\/png"}],"twitter_card":"summary_large_image","twitter_misc":{"Est. reading time":"1 minute"},"schema":{"@context":"https:\/\/schema.org","@graph":[{"@type":"WebPage","@id":"https:\/\/online-ems-training.de\/en\/produkt\/brezeasy-wash-4l-detergent\/","url":"https:\/\/online-ems-training.de\/en\/produkt\/brezeasy-wash-4l-detergent\/","name":"brezeasy\u00ae WASH 4l detergent &#187; EMS Reparaturen + EMS Zubeh\u00f6r","isPartOf":{"@id":"https:\/\/online-ems-training.de\/en\/#website"},"primaryImageOfPage":{"@id":"https:\/\/online-ems-training.de\/en\/produkt\/brezeasy-wash-4l-detergent\/#primaryimage"},"image":{"@id":"https:\/\/online-ems-training.de\/en\/produkt\/brezeasy-wash-4l-detergent\/#primaryimage"},"thumbnailUrl":"https:\/\/online-ems-training.de\/wp-content\/uploads\/2021\/02\/brezeasy_wash.png","datePublished":"2021-02-06T15:01:21+00:00","dateModified":"2022-09-09T08:12:34+00:00","description":"brezeasy\u00ae WASH the detergent especially for EMS vests, undergarments and sports textiles of any kind.","breadcrumb":{"@id":"https:\/\/online-ems-training.de\/en\/produkt\/brezeasy-wash-4l-detergent\/#breadcrumb"},"inLanguage":"en-US","potentialAction":[{"@type":"ReadAction","target":["https:\/\/online-ems-training.de\/en\/produkt\/brezeasy-wash-4l-detergent\/"]}]},{"@type":"ImageObject","inLanguage":"en-US","@id":"https:\/\/online-ems-training.de\/en\/produkt\/brezeasy-wash-4l-detergent\/#primaryimage","url":"https:\/\/online-ems-training.de\/wp-content\/uploads\/2021\/02\/brezeasy_wash.png","contentUrl":"https:\/\/online-ems-training.de\/wp-content\/uploads\/2021\/02\/brezeasy_wash.png","width":1200,"height":821,"caption":"brezeasy-wash detergent"},{"@type":"BreadcrumbList","@id":"https:\/\/online-ems-training.de\/en\/produkt\/brezeasy-wash-4l-detergent\/#breadcrumb","itemListElement":[{"@type":"ListItem","position":1,"name":"Startseite","item":"https:\/\/online-ems-training.de\/en\/"},{"@type":"ListItem","position":2,"name":"brezeasy\u00ae WASH 4l detergent"}]},{"@type":"WebSite","@id":"https:\/\/online-ems-training.de\/en\/#website","url":"https:\/\/online-ems-training.de\/en\/","name":"EMS Reparaturen + EMS Zubeh\u00f6r","description":"Reparaturen und Service f\u00fcr EMS Ger\u00e4te und EMS Elektroden","potentialAction":[{"@type":"SearchAction","target":{"@type":"EntryPoint","urlTemplate":"https:\/\/online-ems-training.de\/en\/?s={search_term_string}"},"query-input":{"@type":"PropertyValueSpecification","valueRequired":true,"valueName":"search_term_string"}}],"inLanguage":"en-US"}]}},"_links":{"self":[{"href":"https:\/\/online-ems-training.de\/en\/wp-json\/wp\/v2\/product\/2321","targetHints":{"allow":["GET"]}}],"collection":[{"href":"https:\/\/online-ems-training.de\/en\/wp-json\/wp\/v2\/product"}],"about":[{"href":"https:\/\/online-ems-training.de\/en\/wp-json\/wp\/v2\/types\/product"}],"wp:featuredmedia":[{"embeddable":true,"href":"https:\/\/online-ems-training.de\/en\/wp-json\/wp\/v2\/media\/1965"}],"wp:attachment":[{"href":"https:\/\/online-ems-training.de\/en\/wp-json\/wp\/v2\/media?parent=2321"}],"wp:term":[{"taxonomy":"product_brand","embeddable":true,"href":"https:\/\/online-ems-training.de\/en\/wp-json\/wp\/v2\/product_brand?post=2321"},{"taxonomy":"product_cat","embeddable":true,"href":"https:\/\/online-ems-training.de\/en\/wp-json\/wp\/v2\/product_cat?post=2321"},{"taxonomy":"product_tag","embeddable":true,"href":"https:\/\/online-ems-training.de\/en\/wp-json\/wp\/v2\/product_tag?post=2321"}],"curies":[{"name":"wp","href":"https:\/\/api.w.org\/{rel}","templated":true}]}}