{"id":2332,"date":"2021-02-06T16:40:19","date_gmt":"2021-02-06T15:40:19","guid":{"rendered":"https:\/\/online-ems-training.de\/produkt\/brezeasy-support-1l\/"},"modified":"2022-09-09T10:12:37","modified_gmt":"2022-09-09T08:12:37","slug":"brezeasy-support-1l","status":"publish","type":"product","link":"https:\/\/online-ems-training.de\/en\/produkt\/brezeasy-support-1l\/","title":{"rendered":"brezeasy\u00ae SUPPORT 1l"},"content":{"rendered":"<div class=\"flex_column av_three_fifth flex_column_table_cell av-equal-height-column av-align-middle av-zero-column-padding avia-builder-el-3 el_after_av_two_fifth el_before_av_hr \">\n<section class=\"av_textblock_section \">\n<div class=\"avia_textblock \">\n<p>Our concentrate, with which you can easily mix a disinfectant yourself for your textile hygiene &amp; EMS hygiene. With one liter of brezeasy\u00ae SUPPORT you get &#8211; diluted with clean water &#8211; up to 5 liters of ready-to-use disinfectant solution.<\/p>\n<p>The practical bottle with flip-top cap is the optimal solution to regularly disinfect all textiles and your EMS equipment and neutralize unpleasant odors. Give viruses, bacteria, fungi, spores and bad odors no more chance! Be smart &amp; also consciously avoid harmful substances with brezeasy\u00ae.<\/p>\n<p><em>Refill for environmental protection:<\/em><\/p>\n<p>We recommend refreshing your utensils with the help of our<a href=\"https:\/\/brezeasy.de\/produkt\/brezeasy-1l-leerflasche\/\"> refillable spray bottle<\/a>.<\/p>\n<div class=\"flex_column av_one_half flex_column_table_cell av-equal-height-column av-align-middle av-zero-column-padding avia-builder-el-15 el_after_av_one_half el_before_av_hr anwendung \">\n<section class=\"av_textblock_section \">\n<div class=\"avia_textblock \">\n<h2 class=\"av-special-heading-tag \"><strong>Application<\/strong><\/h2>\n<p>You can brezeasy  <em>SUPPORT for all areas of your textile hygiene. Even for your whole EMS studio. Because here our products are particularly advantageous!  <\/em>Simply spray the textiles you use and your sports equipment with brezeasy <em>SUPPORT<\/em> and leave to act for a short time. Wipe down if necessary. The practical thing about it: No annoying fragrances or pollutants remain, because we do without them!<\/p>\n<\/div>\n<\/section>\n<\/div>\n<\/div>\n<\/section>\n<\/div>\n","protected":false},"excerpt":{"rendered":"<p>brezeasy\u00ae SUPPORT diluted with clean water &#8211; up to 5 liters of ready-to-use disinfectant solution.<\/p>\n","protected":false},"featured_media":1967,"template":"","meta":[],"product_brand":[],"product_cat":[174],"product_tag":[],"class_list":{"0":"post-2332","1":"product","2":"type-product","3":"status-publish","4":"has-post-thumbnail","6":"product_cat-ems-electrodes-care","7":"product_shipping_class-dhl-package-2kg","9":"first","10":"instock","11":"taxable","12":"shipping-taxable","13":"purchasable","14":"product-type-simple"},"yoast_head":"<!-- This site is optimized with the Yoast SEO plugin v27.4 - https:\/\/yoast.com\/product\/yoast-seo-wordpress\/ -->\n<title>brezeasy\u00ae SUPPORT 1l &#187; EMS Reparaturen + EMS Zubeh\u00f6r<\/title>\n<meta name=\"description\" content=\"brezeasy\u00ae SUPPORT diluted with clean water - up to 5 liters of ready-to-use disinfection solution for EMS electrodes.\" \/>\n<meta name=\"robots\" content=\"index, follow, max-snippet:-1, max-image-preview:large, max-video-preview:-1\" \/>\n<link rel=\"canonical\" href=\"https:\/\/online-ems-training.de\/en\/produkt\/brezeasy-support-1l\/\" \/>\n<meta property=\"og:locale\" content=\"en_US\" \/>\n<meta property=\"og:type\" content=\"article\" \/>\n<meta property=\"og:title\" content=\"brezeasy\u00ae SUPPORT 1l &#187; EMS Reparaturen + EMS Zubeh\u00f6r\" \/>\n<meta property=\"og:description\" content=\"brezeasy\u00ae SUPPORT diluted with clean water - up to 5 liters of ready-to-use disinfection solution for EMS electrodes.\" \/>\n<meta property=\"og:url\" content=\"https:\/\/online-ems-training.de\/en\/produkt\/brezeasy-support-1l\/\" \/>\n<meta property=\"og:site_name\" content=\"EMS Reparaturen + EMS Zubeh\u00f6r\" \/>\n<meta property=\"article:publisher\" content=\"https:\/\/www.facebook.com\/OnlineEMSTrainingShop\" \/>\n<meta property=\"article:modified_time\" content=\"2022-09-09T08:12:37+00:00\" \/>\n<meta property=\"og:image\" content=\"https:\/\/online-ems-training.de\/wp-content\/uploads\/2021\/02\/brezeasy_support.png\" \/>\n\t<meta property=\"og:image:width\" content=\"600\" \/>\n\t<meta property=\"og:image:height\" content=\"1077\" \/>\n\t<meta property=\"og:image:type\" content=\"image\/png\" \/>\n<meta name=\"twitter:card\" content=\"summary_large_image\" \/>\n<meta name=\"twitter:label1\" content=\"Est. reading time\" \/>\n\t<meta name=\"twitter:data1\" content=\"1 minute\" \/>\n<script type=\"application\/ld+json\" class=\"yoast-schema-graph\">{\"@context\":\"https:\\\/\\\/schema.org\",\"@graph\":[{\"@type\":\"WebPage\",\"@id\":\"https:\\\/\\\/online-ems-training.de\\\/en\\\/produkt\\\/brezeasy-support-1l\\\/\",\"url\":\"https:\\\/\\\/online-ems-training.de\\\/en\\\/produkt\\\/brezeasy-support-1l\\\/\",\"name\":\"brezeasy\u00ae SUPPORT 1l &#187; EMS Reparaturen + EMS Zubeh\u00f6r\",\"isPartOf\":{\"@id\":\"https:\\\/\\\/online-ems-training.de\\\/en\\\/#website\"},\"primaryImageOfPage\":{\"@id\":\"https:\\\/\\\/online-ems-training.de\\\/en\\\/produkt\\\/brezeasy-support-1l\\\/#primaryimage\"},\"image\":{\"@id\":\"https:\\\/\\\/online-ems-training.de\\\/en\\\/produkt\\\/brezeasy-support-1l\\\/#primaryimage\"},\"thumbnailUrl\":\"https:\\\/\\\/online-ems-training.de\\\/wp-content\\\/uploads\\\/2021\\\/02\\\/brezeasy_support.png\",\"datePublished\":\"2021-02-06T15:40:19+00:00\",\"dateModified\":\"2022-09-09T08:12:37+00:00\",\"description\":\"brezeasy\u00ae SUPPORT diluted with clean water - up to 5 liters of ready-to-use disinfection solution for EMS electrodes.\",\"breadcrumb\":{\"@id\":\"https:\\\/\\\/online-ems-training.de\\\/en\\\/produkt\\\/brezeasy-support-1l\\\/#breadcrumb\"},\"inLanguage\":\"en-US\",\"potentialAction\":[{\"@type\":\"ReadAction\",\"target\":[\"https:\\\/\\\/online-ems-training.de\\\/en\\\/produkt\\\/brezeasy-support-1l\\\/\"]}]},{\"@type\":\"ImageObject\",\"inLanguage\":\"en-US\",\"@id\":\"https:\\\/\\\/online-ems-training.de\\\/en\\\/produkt\\\/brezeasy-support-1l\\\/#primaryimage\",\"url\":\"https:\\\/\\\/online-ems-training.de\\\/wp-content\\\/uploads\\\/2021\\\/02\\\/brezeasy_support.png\",\"contentUrl\":\"https:\\\/\\\/online-ems-training.de\\\/wp-content\\\/uploads\\\/2021\\\/02\\\/brezeasy_support.png\",\"width\":600,\"height\":1077,\"caption\":\"refill Brezeasy Support\"},{\"@type\":\"BreadcrumbList\",\"@id\":\"https:\\\/\\\/online-ems-training.de\\\/en\\\/produkt\\\/brezeasy-support-1l\\\/#breadcrumb\",\"itemListElement\":[{\"@type\":\"ListItem\",\"position\":1,\"name\":\"Startseite\",\"item\":\"https:\\\/\\\/online-ems-training.de\\\/en\\\/\"},{\"@type\":\"ListItem\",\"position\":2,\"name\":\"brezeasy\u00ae SUPPORT 1l\"}]},{\"@type\":\"WebSite\",\"@id\":\"https:\\\/\\\/online-ems-training.de\\\/en\\\/#website\",\"url\":\"https:\\\/\\\/online-ems-training.de\\\/en\\\/\",\"name\":\"EMS Reparaturen + EMS Zubeh\u00f6r\",\"description\":\"Reparaturen und Service f\u00fcr EMS Ger\u00e4te und EMS Elektroden\",\"potentialAction\":[{\"@type\":\"SearchAction\",\"target\":{\"@type\":\"EntryPoint\",\"urlTemplate\":\"https:\\\/\\\/online-ems-training.de\\\/en\\\/?s={search_term_string}\"},\"query-input\":{\"@type\":\"PropertyValueSpecification\",\"valueRequired\":true,\"valueName\":\"search_term_string\"}}],\"inLanguage\":\"en-US\"}]}<\/script>\n<!-- \/ Yoast SEO plugin. -->","yoast_head_json":{"title":"brezeasy\u00ae SUPPORT 1l &#187; EMS Reparaturen + EMS Zubeh\u00f6r","description":"brezeasy\u00ae SUPPORT diluted with clean water - up to 5 liters of ready-to-use disinfection solution for EMS electrodes.","robots":{"index":"index","follow":"follow","max-snippet":"max-snippet:-1","max-image-preview":"max-image-preview:large","max-video-preview":"max-video-preview:-1"},"canonical":"https:\/\/online-ems-training.de\/en\/produkt\/brezeasy-support-1l\/","og_locale":"en_US","og_type":"article","og_title":"brezeasy\u00ae SUPPORT 1l &#187; EMS Reparaturen + EMS Zubeh\u00f6r","og_description":"brezeasy\u00ae SUPPORT diluted with clean water - up to 5 liters of ready-to-use disinfection solution for EMS electrodes.","og_url":"https:\/\/online-ems-training.de\/en\/produkt\/brezeasy-support-1l\/","og_site_name":"EMS Reparaturen + EMS Zubeh\u00f6r","article_publisher":"https:\/\/www.facebook.com\/OnlineEMSTrainingShop","article_modified_time":"2022-09-09T08:12:37+00:00","og_image":[{"width":600,"height":1077,"url":"https:\/\/online-ems-training.de\/wp-content\/uploads\/2021\/02\/brezeasy_support.png","type":"image\/png"}],"twitter_card":"summary_large_image","twitter_misc":{"Est. reading time":"1 minute"},"schema":{"@context":"https:\/\/schema.org","@graph":[{"@type":"WebPage","@id":"https:\/\/online-ems-training.de\/en\/produkt\/brezeasy-support-1l\/","url":"https:\/\/online-ems-training.de\/en\/produkt\/brezeasy-support-1l\/","name":"brezeasy\u00ae SUPPORT 1l &#187; EMS Reparaturen + EMS Zubeh\u00f6r","isPartOf":{"@id":"https:\/\/online-ems-training.de\/en\/#website"},"primaryImageOfPage":{"@id":"https:\/\/online-ems-training.de\/en\/produkt\/brezeasy-support-1l\/#primaryimage"},"image":{"@id":"https:\/\/online-ems-training.de\/en\/produkt\/brezeasy-support-1l\/#primaryimage"},"thumbnailUrl":"https:\/\/online-ems-training.de\/wp-content\/uploads\/2021\/02\/brezeasy_support.png","datePublished":"2021-02-06T15:40:19+00:00","dateModified":"2022-09-09T08:12:37+00:00","description":"brezeasy\u00ae SUPPORT diluted with clean water - up to 5 liters of ready-to-use disinfection solution for EMS electrodes.","breadcrumb":{"@id":"https:\/\/online-ems-training.de\/en\/produkt\/brezeasy-support-1l\/#breadcrumb"},"inLanguage":"en-US","potentialAction":[{"@type":"ReadAction","target":["https:\/\/online-ems-training.de\/en\/produkt\/brezeasy-support-1l\/"]}]},{"@type":"ImageObject","inLanguage":"en-US","@id":"https:\/\/online-ems-training.de\/en\/produkt\/brezeasy-support-1l\/#primaryimage","url":"https:\/\/online-ems-training.de\/wp-content\/uploads\/2021\/02\/brezeasy_support.png","contentUrl":"https:\/\/online-ems-training.de\/wp-content\/uploads\/2021\/02\/brezeasy_support.png","width":600,"height":1077,"caption":"refill Brezeasy Support"},{"@type":"BreadcrumbList","@id":"https:\/\/online-ems-training.de\/en\/produkt\/brezeasy-support-1l\/#breadcrumb","itemListElement":[{"@type":"ListItem","position":1,"name":"Startseite","item":"https:\/\/online-ems-training.de\/en\/"},{"@type":"ListItem","position":2,"name":"brezeasy\u00ae SUPPORT 1l"}]},{"@type":"WebSite","@id":"https:\/\/online-ems-training.de\/en\/#website","url":"https:\/\/online-ems-training.de\/en\/","name":"EMS Reparaturen + EMS Zubeh\u00f6r","description":"Reparaturen und Service f\u00fcr EMS Ger\u00e4te und EMS Elektroden","potentialAction":[{"@type":"SearchAction","target":{"@type":"EntryPoint","urlTemplate":"https:\/\/online-ems-training.de\/en\/?s={search_term_string}"},"query-input":{"@type":"PropertyValueSpecification","valueRequired":true,"valueName":"search_term_string"}}],"inLanguage":"en-US"}]}},"_links":{"self":[{"href":"https:\/\/online-ems-training.de\/en\/wp-json\/wp\/v2\/product\/2332","targetHints":{"allow":["GET"]}}],"collection":[{"href":"https:\/\/online-ems-training.de\/en\/wp-json\/wp\/v2\/product"}],"about":[{"href":"https:\/\/online-ems-training.de\/en\/wp-json\/wp\/v2\/types\/product"}],"wp:featuredmedia":[{"embeddable":true,"href":"https:\/\/online-ems-training.de\/en\/wp-json\/wp\/v2\/media\/1967"}],"wp:attachment":[{"href":"https:\/\/online-ems-training.de\/en\/wp-json\/wp\/v2\/media?parent=2332"}],"wp:term":[{"taxonomy":"product_brand","embeddable":true,"href":"https:\/\/online-ems-training.de\/en\/wp-json\/wp\/v2\/product_brand?post=2332"},{"taxonomy":"product_cat","embeddable":true,"href":"https:\/\/online-ems-training.de\/en\/wp-json\/wp\/v2\/product_cat?post=2332"},{"taxonomy":"product_tag","embeddable":true,"href":"https:\/\/online-ems-training.de\/en\/wp-json\/wp\/v2\/product_tag?post=2332"}],"curies":[{"name":"wp","href":"https:\/\/api.w.org\/{rel}","templated":true}]}}