{"id":2335,"date":"2022-02-12T14:17:44","date_gmt":"2022-02-12T13:17:44","guid":{"rendered":"https:\/\/online-ems-training.de\/produkt\/maxspeed-8\/"},"modified":"2022-09-09T10:12:39","modified_gmt":"2022-09-09T08:12:39","slug":"maxspeed-8","status":"publish","type":"product","link":"https:\/\/online-ems-training.de\/en\/produkt\/maxspeed-8\/","title":{"rendered":"MAXSPEED 8"},"content":{"rendered":"<p><span style=\"font-family: Arial, sans-serif;\">With the<\/span><span style=\"font-family: Arial, sans-serif;\"> MAXSPEED <\/span><span style=\"font-family: Arial, sans-serif;\">8<\/span> <span style=\"font-family: Arial, sans-serif;\">you get a <\/span><span style=\"font-family: Arial, sans-serif;\">full-grown <\/span><span style=\"font-family: Arial, sans-serif;\">EMS <\/span><span style=\"font-family: Arial, sans-serif;\">G<\/span><span style=\"font-family: Arial, sans-serif;\">er device.<\/span> <span style=\"font-family: Arial, sans-serif;\">It has a variety of features that simplify and streamline the daily routine in EMS studios. These include the locking function of the device, the automatic upward adjustment of the intensity values when using a customer RFID card, the  <\/span><span style=\"font-family: Arial, sans-serif;\">Linking of the device with the requirements of a NiSV (Radiation Protection Ordinance) compliant training documentation and last but not least the possibility to perform independent trainings with 2 trainees at the same time on a single MAXSPEED 8. For this purpose, the MAXSPEED 8 serves as a base station for 2 MAXSPEED 8.1 Wireless Boxes.  <\/span><\/p>\n<p><span style=\"font-family: Arial, sans-serif;\">Furthermore<\/span><span style=\"font-family: Arial, sans-serif;\"> the intuitive operation <\/span><span style=\"font-family: Arial, sans-serif;\">and<\/span><span style=\"font-family: Arial, sans-serif;\"> the clear operating elements <\/span><span style=\"font-family: Arial, sans-serif;\">mentioned<\/span><span style=\"font-family: Arial, sans-serif;\">. This includes the equipment with a rechargeable battery for trouble-free operation &#8211; everywhere, the set-up options from a table base to a massive stand to the flexible connection to all available wall mounts with VESA receptacle.  <\/span><\/p>\n<h3><\/h3>\n<h3><span style=\"font-family: Arial, sans-serif;\">15<\/span><span style=\"font-family: Arial, sans-serif;\"> Programs<\/span><\/h3>\n<p><span style=\"font-family: Arial, sans-serif;\">3<\/span><span style=\"font-family: Arial, sans-serif;\">x Muscle building<\/span><\/p>\n<p><span style=\"font-family: Arial, sans-serif;\">2x muscle toning<\/span><\/p>\n<p><span style=\"font-family: Arial, sans-serif;\">3<\/span><span style=\"font-family: Arial, sans-serif;\">x Strength endurance<\/span><\/p>\n<p><span style=\"font-family: Arial, sans-serif;\">2<\/span><span style=\"font-family: Arial, sans-serif;\">x Maximum force<\/span><\/p>\n<p><span style=\"font-family: Arial, sans-serif;\">1x skin tightening<\/span><\/p>\n<p><span style=\"font-family: Arial, sans-serif;\">2<\/span><span style=\"font-family: Arial, sans-serif;\">x Relax<\/span><\/p>\n<p><span style=\"font-family: Arial, sans-serif;\">2<\/span><span style=\"font-family: Arial, sans-serif;\">x Cardio<\/span><\/p>\n<h3><span style=\"font-family: Arial, sans-serif;\">Power supply unit<\/span><\/h3>\n<p><span style=\"font-family: Arial, sans-serif;\">230V mains voltage and battery<\/span><\/p>\n<h3><span style=\"font-family: Arial, sans-serif;\">Effective current<\/span><\/h3>\n<p><span style=\"font-family: Arial, sans-serif;\">28 mA RMS<\/span><\/p>\n<h3><span style=\"font-family: Arial, sans-serif;\">Effective voltage<\/span><\/h3>\n<p><span style=\"font-family: Arial, sans-serif;\">12.8 V RMS<\/span><\/p>\n<h3><span style=\"font-family: Arial, sans-serif;\">Degree of protection<\/span><\/h3>\n<p><span style=\"font-family: Arial, sans-serif;\">IP 52<\/span><\/p>\n<h3><span style=\"font-family: Arial, sans-serif;\">Screen<\/span><\/h3>\n<p><span style=\"font-family: Arial, sans-serif;\">Color display TFT 7&#8243;<\/span><\/p>\n<h3><span style=\"font-family: Arial, sans-serif;\">Channels<\/span><\/h3>\n<p><span style=\"font-family: Arial, sans-serif;\">8<\/span><span style=\"font-family: Arial, sans-serif;\"> simultaneously &amp; separately controllable ranges (1<\/span><span style=\"font-family: Arial, sans-serif;\">6<\/span><span style=\"font-family: Arial, sans-serif;\"> electrode)<\/span><\/p>\n<h3><span style=\"font-family: Arial, sans-serif;\">Weight<\/span><\/h3>\n<p><span style=\"font-family: Arial, sans-serif;\">4,0kg<\/span><\/p>\n<h3><span style=\"font-family: Arial, sans-serif;\">Establishment<\/span><\/h3>\n<p><span style=\"font-family: Arial, sans-serif;\">VESA compatible connector<\/span><\/p>\n<p><span style=\"font-family: Arial, sans-serif;\">Table stand<\/span><\/p>\n<p><span style=\"font-family: Arial, sans-serif;\">Device stand for studio operation<\/span><\/p>\n<h3><span style=\"font-family: Arial, sans-serif;\">Languages<\/span><\/h3>\n<p><span style=\"font-family: Arial, sans-serif;\">German<\/span><\/p>\n<p><span style=\"font-family: Arial, sans-serif;\">English<\/span><\/p>\n<p><span style=\"font-family: Arial, sans-serif;\">French<\/span><\/p>\n<p><span style=\"font-family: Arial, sans-serif;\">Italian<\/span><\/p>\n<p><span style=\"font-family: Arial, sans-serif;\">Polish<\/span><\/p>\n<p><span style=\"font-family: Arial, sans-serif;\">Russian<\/span><\/p>\n<h3><span style=\"font-family: Arial, sans-serif;\">Communication<\/span><\/h3>\n<p><span style=\"font-family: Arial, sans-serif;\">RFID cards (loyalty card)<\/span><\/p>\n<p><span style=\"font-family: Arial, sans-serif;\">Wireless communication with MAXSPEED 8.1 (wireless training box)<\/span><\/p>\n<p><span style=\"font-family: Arial, sans-serif;\">Wireless communication with MAXSPEED 8.2 (wireless training screen)<\/span><\/p>\n","protected":false},"excerpt":{"rendered":"<p><span style=\"font-family: Arial, sans-serif;\">The MAXSPEED <\/span><span style=\"font-family: Arial, sans-serif;\">8<\/span><span style=\"font-family: Arial, sans-serif;\"> is the EMS <\/span> <span style=\"font-family: Arial, sans-serif;\">Device for a comprehensive EMS training. It leaves nothing to be desired. With the MAXSPEED 8  <\/span><span style=\"font-family: Arial, sans-serif;\">both static and <\/span><span style=\"font-family: Arial, sans-serif;\">as well as highly dynamic <\/span><span style=\"font-family: Arial, sans-serif;\">Training<\/span><span style=\"font-family: Arial, sans-serif;\">ngs units possible<\/span><span style=\"font-family: Arial, sans-serif;\">. <\/span> <span style=\"font-family: Arial, sans-serif;\">You can train classically with cable and also modern wireless. The capacity of a studio can be easily doubled by the possibility to train 2 exercisers with one MAXSPEED 8.  <\/span><\/p>\n<p><span style=\"font-family: Arial, sans-serif;\">The device is equipped with <\/span><span style=\"font-family: Arial, sans-serif;\">15<\/span><span style=\"font-family: Arial, sans-serif;\">  Training programs equipped. The device allows training according to the currently valid DIN standards.<\/span><\/p>\n<p>&nbsp;<\/p>\n","protected":false},"featured_media":2139,"template":"","meta":[],"product_brand":[],"product_cat":[188],"product_tag":[191,196,194,197],"class_list":{"0":"post-2335","1":"product","2":"type-product","3":"status-publish","4":"has-post-thumbnail","6":"product_cat-ems-training-devices","7":"product_tag-ems-device-en","8":"product_tag-ems-device-en-2","9":"product_tag-maxspeed-en","10":"product_tag-maxspeed-8-en","11":"product_shipping_class-ems-devices","13":"first","14":"instock","15":"taxable","16":"shipping-taxable","17":"purchasable","18":"product-type-simple"},"yoast_head":"<!-- This site is optimized with the Yoast SEO plugin v27.4 - https:\/\/yoast.com\/product\/yoast-seo-wordpress\/ -->\n<title>EMS device MAXSPEED 8 | fitness device for EMS training<\/title>\n<meta name=\"description\" content=\"Buy MAXSPEED 8. High quality &amp; professional EMS training for gyms. The EMS training device - Made in Germ any.\" \/>\n<meta name=\"robots\" content=\"index, follow, max-snippet:-1, max-image-preview:large, max-video-preview:-1\" \/>\n<link rel=\"canonical\" href=\"https:\/\/online-ems-training.de\/en\/produkt\/maxspeed-8\/\" \/>\n<meta property=\"og:locale\" content=\"en_US\" \/>\n<meta property=\"og:type\" content=\"article\" \/>\n<meta property=\"og:title\" content=\"EMS device MAXSPEED 8 | fitness device for EMS training\" \/>\n<meta property=\"og:description\" content=\"Buy MAXSPEED 8. High quality &amp; professional EMS training for gyms. The EMS training device - Made in Germ any.\" \/>\n<meta property=\"og:url\" content=\"https:\/\/online-ems-training.de\/en\/produkt\/maxspeed-8\/\" \/>\n<meta property=\"og:site_name\" content=\"EMS Reparaturen + EMS Zubeh\u00f6r\" \/>\n<meta property=\"article:publisher\" content=\"https:\/\/www.facebook.com\/OnlineEMSTrainingShop\" \/>\n<meta property=\"article:modified_time\" content=\"2022-09-09T08:12:39+00:00\" \/>\n<meta property=\"og:image\" content=\"https:\/\/online-ems-training.de\/wp-content\/uploads\/2022\/02\/Maxspeed_8.jpg\" \/>\n\t<meta property=\"og:image:width\" content=\"774\" \/>\n\t<meta property=\"og:image:height\" content=\"619\" \/>\n\t<meta property=\"og:image:type\" content=\"image\/jpeg\" \/>\n<meta name=\"twitter:card\" content=\"summary_large_image\" \/>\n<meta name=\"twitter:label1\" content=\"Est. reading time\" \/>\n\t<meta name=\"twitter:data1\" content=\"1 minute\" \/>\n<script type=\"application\/ld+json\" class=\"yoast-schema-graph\">{\"@context\":\"https:\\\/\\\/schema.org\",\"@graph\":[{\"@type\":\"WebPage\",\"@id\":\"https:\\\/\\\/online-ems-training.de\\\/en\\\/produkt\\\/maxspeed-8\\\/\",\"url\":\"https:\\\/\\\/online-ems-training.de\\\/en\\\/produkt\\\/maxspeed-8\\\/\",\"name\":\"EMS device MAXSPEED 8 | fitness device for EMS training\",\"isPartOf\":{\"@id\":\"https:\\\/\\\/online-ems-training.de\\\/en\\\/#website\"},\"primaryImageOfPage\":{\"@id\":\"https:\\\/\\\/online-ems-training.de\\\/en\\\/produkt\\\/maxspeed-8\\\/#primaryimage\"},\"image\":{\"@id\":\"https:\\\/\\\/online-ems-training.de\\\/en\\\/produkt\\\/maxspeed-8\\\/#primaryimage\"},\"thumbnailUrl\":\"https:\\\/\\\/online-ems-training.de\\\/wp-content\\\/uploads\\\/2022\\\/02\\\/Maxspeed_8.jpg\",\"datePublished\":\"2022-02-12T13:17:44+00:00\",\"dateModified\":\"2022-09-09T08:12:39+00:00\",\"description\":\"Buy MAXSPEED 8. High quality & professional EMS training for gyms. The EMS training device - Made in Germ any.\",\"breadcrumb\":{\"@id\":\"https:\\\/\\\/online-ems-training.de\\\/en\\\/produkt\\\/maxspeed-8\\\/#breadcrumb\"},\"inLanguage\":\"en-US\",\"potentialAction\":[{\"@type\":\"ReadAction\",\"target\":[\"https:\\\/\\\/online-ems-training.de\\\/en\\\/produkt\\\/maxspeed-8\\\/\"]}]},{\"@type\":\"ImageObject\",\"inLanguage\":\"en-US\",\"@id\":\"https:\\\/\\\/online-ems-training.de\\\/en\\\/produkt\\\/maxspeed-8\\\/#primaryimage\",\"url\":\"https:\\\/\\\/online-ems-training.de\\\/wp-content\\\/uploads\\\/2022\\\/02\\\/Maxspeed_8.jpg\",\"contentUrl\":\"https:\\\/\\\/online-ems-training.de\\\/wp-content\\\/uploads\\\/2022\\\/02\\\/Maxspeed_8.jpg\",\"width\":774,\"height\":619,\"caption\":\"Maxspeed 8\"},{\"@type\":\"BreadcrumbList\",\"@id\":\"https:\\\/\\\/online-ems-training.de\\\/en\\\/produkt\\\/maxspeed-8\\\/#breadcrumb\",\"itemListElement\":[{\"@type\":\"ListItem\",\"position\":1,\"name\":\"Startseite\",\"item\":\"https:\\\/\\\/online-ems-training.de\\\/en\\\/\"},{\"@type\":\"ListItem\",\"position\":2,\"name\":\"MAXSPEED 8\"}]},{\"@type\":\"WebSite\",\"@id\":\"https:\\\/\\\/online-ems-training.de\\\/en\\\/#website\",\"url\":\"https:\\\/\\\/online-ems-training.de\\\/en\\\/\",\"name\":\"EMS Reparaturen + EMS Zubeh\u00f6r\",\"description\":\"Reparaturen und Service f\u00fcr EMS Ger\u00e4te und EMS Elektroden\",\"potentialAction\":[{\"@type\":\"SearchAction\",\"target\":{\"@type\":\"EntryPoint\",\"urlTemplate\":\"https:\\\/\\\/online-ems-training.de\\\/en\\\/?s={search_term_string}\"},\"query-input\":{\"@type\":\"PropertyValueSpecification\",\"valueRequired\":true,\"valueName\":\"search_term_string\"}}],\"inLanguage\":\"en-US\"}]}<\/script>\n<!-- \/ Yoast SEO plugin. -->","yoast_head_json":{"title":"EMS device MAXSPEED 8 | fitness device for EMS training","description":"Buy MAXSPEED 8. High quality & professional EMS training for gyms. The EMS training device - Made in Germ any.","robots":{"index":"index","follow":"follow","max-snippet":"max-snippet:-1","max-image-preview":"max-image-preview:large","max-video-preview":"max-video-preview:-1"},"canonical":"https:\/\/online-ems-training.de\/en\/produkt\/maxspeed-8\/","og_locale":"en_US","og_type":"article","og_title":"EMS device MAXSPEED 8 | fitness device for EMS training","og_description":"Buy MAXSPEED 8. High quality & professional EMS training for gyms. The EMS training device - Made in Germ any.","og_url":"https:\/\/online-ems-training.de\/en\/produkt\/maxspeed-8\/","og_site_name":"EMS Reparaturen + EMS Zubeh\u00f6r","article_publisher":"https:\/\/www.facebook.com\/OnlineEMSTrainingShop","article_modified_time":"2022-09-09T08:12:39+00:00","og_image":[{"width":774,"height":619,"url":"https:\/\/online-ems-training.de\/wp-content\/uploads\/2022\/02\/Maxspeed_8.jpg","type":"image\/jpeg"}],"twitter_card":"summary_large_image","twitter_misc":{"Est. reading time":"1 minute"},"schema":{"@context":"https:\/\/schema.org","@graph":[{"@type":"WebPage","@id":"https:\/\/online-ems-training.de\/en\/produkt\/maxspeed-8\/","url":"https:\/\/online-ems-training.de\/en\/produkt\/maxspeed-8\/","name":"EMS device MAXSPEED 8 | fitness device for EMS training","isPartOf":{"@id":"https:\/\/online-ems-training.de\/en\/#website"},"primaryImageOfPage":{"@id":"https:\/\/online-ems-training.de\/en\/produkt\/maxspeed-8\/#primaryimage"},"image":{"@id":"https:\/\/online-ems-training.de\/en\/produkt\/maxspeed-8\/#primaryimage"},"thumbnailUrl":"https:\/\/online-ems-training.de\/wp-content\/uploads\/2022\/02\/Maxspeed_8.jpg","datePublished":"2022-02-12T13:17:44+00:00","dateModified":"2022-09-09T08:12:39+00:00","description":"Buy MAXSPEED 8. High quality & professional EMS training for gyms. The EMS training device - Made in Germ any.","breadcrumb":{"@id":"https:\/\/online-ems-training.de\/en\/produkt\/maxspeed-8\/#breadcrumb"},"inLanguage":"en-US","potentialAction":[{"@type":"ReadAction","target":["https:\/\/online-ems-training.de\/en\/produkt\/maxspeed-8\/"]}]},{"@type":"ImageObject","inLanguage":"en-US","@id":"https:\/\/online-ems-training.de\/en\/produkt\/maxspeed-8\/#primaryimage","url":"https:\/\/online-ems-training.de\/wp-content\/uploads\/2022\/02\/Maxspeed_8.jpg","contentUrl":"https:\/\/online-ems-training.de\/wp-content\/uploads\/2022\/02\/Maxspeed_8.jpg","width":774,"height":619,"caption":"Maxspeed 8"},{"@type":"BreadcrumbList","@id":"https:\/\/online-ems-training.de\/en\/produkt\/maxspeed-8\/#breadcrumb","itemListElement":[{"@type":"ListItem","position":1,"name":"Startseite","item":"https:\/\/online-ems-training.de\/en\/"},{"@type":"ListItem","position":2,"name":"MAXSPEED 8"}]},{"@type":"WebSite","@id":"https:\/\/online-ems-training.de\/en\/#website","url":"https:\/\/online-ems-training.de\/en\/","name":"EMS Reparaturen + EMS Zubeh\u00f6r","description":"Reparaturen und Service f\u00fcr EMS Ger\u00e4te und EMS Elektroden","potentialAction":[{"@type":"SearchAction","target":{"@type":"EntryPoint","urlTemplate":"https:\/\/online-ems-training.de\/en\/?s={search_term_string}"},"query-input":{"@type":"PropertyValueSpecification","valueRequired":true,"valueName":"search_term_string"}}],"inLanguage":"en-US"}]}},"_links":{"self":[{"href":"https:\/\/online-ems-training.de\/en\/wp-json\/wp\/v2\/product\/2335","targetHints":{"allow":["GET"]}}],"collection":[{"href":"https:\/\/online-ems-training.de\/en\/wp-json\/wp\/v2\/product"}],"about":[{"href":"https:\/\/online-ems-training.de\/en\/wp-json\/wp\/v2\/types\/product"}],"wp:featuredmedia":[{"embeddable":true,"href":"https:\/\/online-ems-training.de\/en\/wp-json\/wp\/v2\/media\/2139"}],"wp:attachment":[{"href":"https:\/\/online-ems-training.de\/en\/wp-json\/wp\/v2\/media?parent=2335"}],"wp:term":[{"taxonomy":"product_brand","embeddable":true,"href":"https:\/\/online-ems-training.de\/en\/wp-json\/wp\/v2\/product_brand?post=2335"},{"taxonomy":"product_cat","embeddable":true,"href":"https:\/\/online-ems-training.de\/en\/wp-json\/wp\/v2\/product_cat?post=2335"},{"taxonomy":"product_tag","embeddable":true,"href":"https:\/\/online-ems-training.de\/en\/wp-json\/wp\/v2\/product_tag?post=2335"}],"curies":[{"name":"wp","href":"https:\/\/api.w.org\/{rel}","templated":true}]}}