{"id":2337,"date":"2022-02-12T14:17:44","date_gmt":"2022-02-12T13:17:44","guid":{"rendered":"https:\/\/online-ems-training.de\/produkt\/ems-electrodes-6-channel-set\/"},"modified":"2024-05-01T00:07:50","modified_gmt":"2024-04-30T22:07:50","slug":"ems-electrodes-6-channel-set","status":"publish","type":"product","link":"https:\/\/online-ems-training.de\/en\/produkt\/ems-electrodes-6-channel-set\/","title":{"rendered":"EMS electrodes 6 channel set"},"content":{"rendered":"<p>The 6 channel electrode complete set is characterized by an excellent fit and perfect handling. It is perfect for active and dynamic training. You have a pair of electrodes for the chest area, one for the abdomen, one for the back, one for the arms, one for the buttocks and a pair of electrodes for the legs. This transfers the training stimulus to the respective muscle group. The electrodes are easy and quick to apply. For this purpose, they have an optimal and effective belt guidance. With the help of this belt guide, the electrodes automatically press against the optimal surface and ensure a perfect fit even in an active workout.<\/p>\n<p>The 6 channel complete electrode set consists of a stable carrier material, durable industrial grade fasteners, highly absorbent water reservoirs and perfect electrodes. The electrode material is virtually indestructible and has a lifetime guarantee.<\/p>\n<p>The electrodes are easy and effective to clean in the washing machine with a mild detergent.<\/p>\n<p>Please measure the specified dimensions for the selection of electrodes and then determine the correct size.<\/p>\n<p>The electrode set includes:<\/p>\n<ul>\n<li>1 x 6 channel electrode vest<\/li>\n<li>1 x poelectrode belt<\/li>\n<li>1 x pair of arm electrodes<\/li>\n<li>1x pair of leg electrodes<\/li>\n<li>1 x Wiring harness<\/li>\n<\/ul>\n","protected":false},"excerpt":{"rendered":"<p>MAXSPEED 6 channel electrode complete set for EMS training with MAXSPEED 6, MAXSPEED Home and comparable EMS devices.<\/p>\n","protected":false},"featured_media":2059,"template":"","meta":[],"product_brand":[],"product_cat":[178],"product_tag":[204,190,205],"class_list":{"0":"post-2337","1":"product","2":"type-product","3":"status-publish","4":"has-post-thumbnail","6":"product_cat-ems-functional-underwear","7":"product_tag-electrode-set","8":"product_tag-ems-en","9":"product_tag-ems-electrodes","10":"product_shipping_class-dhl-package-2kg","12":"first","13":"instock","14":"taxable","15":"shipping-taxable","16":"purchasable","17":"product-type-variable"},"yoast_head":"<!-- This site is optimized with the Yoast SEO plugin v27.4 - https:\/\/yoast.com\/product\/yoast-seo-wordpress\/ -->\n<title>EMS electrodes 6 channel set &#187; MAXSPEED<\/title>\n<meta name=\"description\" content=\"Electrode set for 6-channel electrodes of MAXSPEED brand for EMS training with EMS devices. Certified electrodes for EMS\" \/>\n<meta name=\"robots\" content=\"index, follow, max-snippet:-1, max-image-preview:large, max-video-preview:-1\" \/>\n<link rel=\"canonical\" href=\"https:\/\/online-ems-training.de\/en\/produkt\/ems-electrodes-6-channel-set\/\" \/>\n<meta property=\"og:locale\" content=\"en_US\" \/>\n<meta property=\"og:type\" content=\"article\" \/>\n<meta property=\"og:title\" content=\"EMS electrodes 6 channel set &#187; MAXSPEED\" \/>\n<meta property=\"og:description\" content=\"Electrode set for 6-channel electrodes of MAXSPEED brand for EMS training with EMS devices. Certified electrodes for EMS\" \/>\n<meta property=\"og:url\" content=\"https:\/\/online-ems-training.de\/en\/produkt\/ems-electrodes-6-channel-set\/\" \/>\n<meta property=\"og:site_name\" content=\"EMS Reparaturen + EMS Zubeh\u00f6r\" \/>\n<meta property=\"article:publisher\" content=\"https:\/\/www.facebook.com\/OnlineEMSTrainingShop\" \/>\n<meta property=\"article:modified_time\" content=\"2024-04-30T22:07:50+00:00\" \/>\n<meta property=\"og:image\" content=\"https:\/\/i0.wp.com\/online-ems-training.de\/wp-content\/uploads\/2022\/02\/MAXSPEED8-EMS-Geraete.jpg?fit=960%2C960&ssl=1\" \/>\n\t<meta property=\"og:image:width\" content=\"960\" \/>\n\t<meta property=\"og:image:height\" content=\"960\" \/>\n\t<meta property=\"og:image:type\" content=\"image\/jpeg\" \/>\n<meta name=\"twitter:card\" content=\"summary_large_image\" \/>\n<meta name=\"twitter:label1\" content=\"Est. reading time\" \/>\n\t<meta name=\"twitter:data1\" content=\"1 minute\" \/>\n<script type=\"application\/ld+json\" class=\"yoast-schema-graph\">{\"@context\":\"https:\\\/\\\/schema.org\",\"@graph\":[{\"@type\":\"WebPage\",\"@id\":\"https:\\\/\\\/online-ems-training.de\\\/en\\\/produkt\\\/ems-electrodes-6-channel-set\\\/\",\"url\":\"https:\\\/\\\/online-ems-training.de\\\/en\\\/produkt\\\/ems-electrodes-6-channel-set\\\/\",\"name\":\"EMS electrodes 6 channel set &#187; MAXSPEED\",\"isPartOf\":{\"@id\":\"https:\\\/\\\/online-ems-training.de\\\/en\\\/#website\"},\"primaryImageOfPage\":{\"@id\":\"https:\\\/\\\/online-ems-training.de\\\/en\\\/produkt\\\/ems-electrodes-6-channel-set\\\/#primaryimage\"},\"image\":{\"@id\":\"https:\\\/\\\/online-ems-training.de\\\/en\\\/produkt\\\/ems-electrodes-6-channel-set\\\/#primaryimage\"},\"thumbnailUrl\":\"https:\\\/\\\/online-ems-training.de\\\/wp-content\\\/uploads\\\/2022\\\/02\\\/MAXSPEED8-EMS-Geraete.jpg\",\"datePublished\":\"2022-02-12T13:17:44+00:00\",\"dateModified\":\"2024-04-30T22:07:50+00:00\",\"description\":\"Electrode set for 6-channel electrodes of MAXSPEED brand for EMS training with EMS devices. Certified electrodes for EMS\",\"breadcrumb\":{\"@id\":\"https:\\\/\\\/online-ems-training.de\\\/en\\\/produkt\\\/ems-electrodes-6-channel-set\\\/#breadcrumb\"},\"inLanguage\":\"en-US\",\"potentialAction\":[{\"@type\":\"ReadAction\",\"target\":[\"https:\\\/\\\/online-ems-training.de\\\/en\\\/produkt\\\/ems-electrodes-6-channel-set\\\/\"]}]},{\"@type\":\"ImageObject\",\"inLanguage\":\"en-US\",\"@id\":\"https:\\\/\\\/online-ems-training.de\\\/en\\\/produkt\\\/ems-electrodes-6-channel-set\\\/#primaryimage\",\"url\":\"https:\\\/\\\/online-ems-training.de\\\/wp-content\\\/uploads\\\/2022\\\/02\\\/MAXSPEED8-EMS-Geraete.jpg\",\"contentUrl\":\"https:\\\/\\\/online-ems-training.de\\\/wp-content\\\/uploads\\\/2022\\\/02\\\/MAXSPEED8-EMS-Geraete.jpg\",\"width\":960,\"height\":960},{\"@type\":\"BreadcrumbList\",\"@id\":\"https:\\\/\\\/online-ems-training.de\\\/en\\\/produkt\\\/ems-electrodes-6-channel-set\\\/#breadcrumb\",\"itemListElement\":[{\"@type\":\"ListItem\",\"position\":1,\"name\":\"Startseite\",\"item\":\"https:\\\/\\\/online-ems-training.de\\\/en\\\/\"},{\"@type\":\"ListItem\",\"position\":2,\"name\":\"EMS electrodes 6 channel set\"}]},{\"@type\":\"WebSite\",\"@id\":\"https:\\\/\\\/online-ems-training.de\\\/en\\\/#website\",\"url\":\"https:\\\/\\\/online-ems-training.de\\\/en\\\/\",\"name\":\"EMS Reparaturen + EMS Zubeh\u00f6r\",\"description\":\"Reparaturen und Service f\u00fcr EMS Ger\u00e4te und EMS Elektroden\",\"potentialAction\":[{\"@type\":\"SearchAction\",\"target\":{\"@type\":\"EntryPoint\",\"urlTemplate\":\"https:\\\/\\\/online-ems-training.de\\\/en\\\/?s={search_term_string}\"},\"query-input\":{\"@type\":\"PropertyValueSpecification\",\"valueRequired\":true,\"valueName\":\"search_term_string\"}}],\"inLanguage\":\"en-US\"}]}<\/script>\n<!-- \/ Yoast SEO plugin. -->","yoast_head_json":{"title":"EMS electrodes 6 channel set &#187; MAXSPEED","description":"Electrode set for 6-channel electrodes of MAXSPEED brand for EMS training with EMS devices. Certified electrodes for EMS","robots":{"index":"index","follow":"follow","max-snippet":"max-snippet:-1","max-image-preview":"max-image-preview:large","max-video-preview":"max-video-preview:-1"},"canonical":"https:\/\/online-ems-training.de\/en\/produkt\/ems-electrodes-6-channel-set\/","og_locale":"en_US","og_type":"article","og_title":"EMS electrodes 6 channel set &#187; MAXSPEED","og_description":"Electrode set for 6-channel electrodes of MAXSPEED brand for EMS training with EMS devices. Certified electrodes for EMS","og_url":"https:\/\/online-ems-training.de\/en\/produkt\/ems-electrodes-6-channel-set\/","og_site_name":"EMS Reparaturen + EMS Zubeh\u00f6r","article_publisher":"https:\/\/www.facebook.com\/OnlineEMSTrainingShop","article_modified_time":"2024-04-30T22:07:50+00:00","og_image":[{"width":960,"height":960,"url":"https:\/\/i0.wp.com\/online-ems-training.de\/wp-content\/uploads\/2022\/02\/MAXSPEED8-EMS-Geraete.jpg?fit=960%2C960&ssl=1","type":"image\/jpeg"}],"twitter_card":"summary_large_image","twitter_misc":{"Est. reading time":"1 minute"},"schema":{"@context":"https:\/\/schema.org","@graph":[{"@type":"WebPage","@id":"https:\/\/online-ems-training.de\/en\/produkt\/ems-electrodes-6-channel-set\/","url":"https:\/\/online-ems-training.de\/en\/produkt\/ems-electrodes-6-channel-set\/","name":"EMS electrodes 6 channel set &#187; MAXSPEED","isPartOf":{"@id":"https:\/\/online-ems-training.de\/en\/#website"},"primaryImageOfPage":{"@id":"https:\/\/online-ems-training.de\/en\/produkt\/ems-electrodes-6-channel-set\/#primaryimage"},"image":{"@id":"https:\/\/online-ems-training.de\/en\/produkt\/ems-electrodes-6-channel-set\/#primaryimage"},"thumbnailUrl":"https:\/\/online-ems-training.de\/wp-content\/uploads\/2022\/02\/MAXSPEED8-EMS-Geraete.jpg","datePublished":"2022-02-12T13:17:44+00:00","dateModified":"2024-04-30T22:07:50+00:00","description":"Electrode set for 6-channel electrodes of MAXSPEED brand for EMS training with EMS devices. Certified electrodes for EMS","breadcrumb":{"@id":"https:\/\/online-ems-training.de\/en\/produkt\/ems-electrodes-6-channel-set\/#breadcrumb"},"inLanguage":"en-US","potentialAction":[{"@type":"ReadAction","target":["https:\/\/online-ems-training.de\/en\/produkt\/ems-electrodes-6-channel-set\/"]}]},{"@type":"ImageObject","inLanguage":"en-US","@id":"https:\/\/online-ems-training.de\/en\/produkt\/ems-electrodes-6-channel-set\/#primaryimage","url":"https:\/\/online-ems-training.de\/wp-content\/uploads\/2022\/02\/MAXSPEED8-EMS-Geraete.jpg","contentUrl":"https:\/\/online-ems-training.de\/wp-content\/uploads\/2022\/02\/MAXSPEED8-EMS-Geraete.jpg","width":960,"height":960},{"@type":"BreadcrumbList","@id":"https:\/\/online-ems-training.de\/en\/produkt\/ems-electrodes-6-channel-set\/#breadcrumb","itemListElement":[{"@type":"ListItem","position":1,"name":"Startseite","item":"https:\/\/online-ems-training.de\/en\/"},{"@type":"ListItem","position":2,"name":"EMS electrodes 6 channel set"}]},{"@type":"WebSite","@id":"https:\/\/online-ems-training.de\/en\/#website","url":"https:\/\/online-ems-training.de\/en\/","name":"EMS Reparaturen + EMS Zubeh\u00f6r","description":"Reparaturen und Service f\u00fcr EMS Ger\u00e4te und EMS Elektroden","potentialAction":[{"@type":"SearchAction","target":{"@type":"EntryPoint","urlTemplate":"https:\/\/online-ems-training.de\/en\/?s={search_term_string}"},"query-input":{"@type":"PropertyValueSpecification","valueRequired":true,"valueName":"search_term_string"}}],"inLanguage":"en-US"}]}},"_links":{"self":[{"href":"https:\/\/online-ems-training.de\/en\/wp-json\/wp\/v2\/product\/2337","targetHints":{"allow":["GET"]}}],"collection":[{"href":"https:\/\/online-ems-training.de\/en\/wp-json\/wp\/v2\/product"}],"about":[{"href":"https:\/\/online-ems-training.de\/en\/wp-json\/wp\/v2\/types\/product"}],"wp:featuredmedia":[{"embeddable":true,"href":"https:\/\/online-ems-training.de\/en\/wp-json\/wp\/v2\/media\/2059"}],"wp:attachment":[{"href":"https:\/\/online-ems-training.de\/en\/wp-json\/wp\/v2\/media?parent=2337"}],"wp:term":[{"taxonomy":"product_brand","embeddable":true,"href":"https:\/\/online-ems-training.de\/en\/wp-json\/wp\/v2\/product_brand?post=2337"},{"taxonomy":"product_cat","embeddable":true,"href":"https:\/\/online-ems-training.de\/en\/wp-json\/wp\/v2\/product_cat?post=2337"},{"taxonomy":"product_tag","embeddable":true,"href":"https:\/\/online-ems-training.de\/en\/wp-json\/wp\/v2\/product_tag?post=2337"}],"curies":[{"name":"wp","href":"https:\/\/api.w.org\/{rel}","templated":true}]}}