{"id":2373,"date":"2022-02-12T14:17:44","date_gmt":"2022-02-12T13:17:44","guid":{"rendered":"https:\/\/online-ems-training.de\/produkt\/ems-electrodes-8-channel-complete-set\/"},"modified":"2024-05-02T10:18:32","modified_gmt":"2024-05-02T08:18:32","slug":"ems-electrodes-8-channel-complete-set","status":"publish","type":"product","link":"https:\/\/online-ems-training.de\/en\/produkt\/ems-electrodes-8-channel-complete-set\/","title":{"rendered":"EMS electrodes 8 channel complete set"},"content":{"rendered":"<p>The 8 channel electrode complete set is characterized by an excellent fit and perfect handling. It is perfect for active and dynamic training. You have a pair of electrodes for the chest area, one for the abdomen, one for the upper back, one for the lower back, one for the side back, one for the arms, one for the buttocks and a pair of electrodes for the legs. This transfers the training stimulus to the respective muscle group. The electrodes are easy and quick to apply. For this purpose, they have an optimal and effective belt guidance. With the help of this belt guide, the electrodes automatically press against the optimal surface and ensure a perfect fit even in an active workout.<\/p>\n<p>The 8 channel complete electrode set consists of a stable carrier material, durable industrial grade fasteners, highly absorbent water reservoirs and perfect electrodes.<\/p>\n<p>The electrodes are easy and effective to clean in the washing machine with a mild detergent.<\/p>\n<p>Please measure the specified dimensions for the selection of electrodes and then determine the correct size.<\/p>\n<p>The electrode set includes:<\/p>\n<ul>\n<li>1 x Vest<\/li>\n<li>1 x Electrode pants<\/li>\n<li>1 x Arm electrodes (pair of electrodes)<\/li>\n<li>Wiring harness<\/li>\n<\/ul>\n","protected":false},"excerpt":{"rendered":"<p>A complete set of electrodes for professional EMS training. 8 channel system suitable for MAXSPEED 8 and comparable EMS devices.<\/p>\n","protected":false},"featured_media":2101,"template":"","meta":[],"product_brand":[],"product_cat":[210],"product_tag":[204,190,205,232],"class_list":{"0":"post-2373","1":"product","2":"type-product","3":"status-publish","4":"has-post-thumbnail","6":"product_cat-ems-electrodes","7":"product_tag-electrode-set","8":"product_tag-ems-en","9":"product_tag-ems-electrodes","10":"product_tag-ems-vest","11":"product_shipping_class-dhl-package-5kg","13":"first","14":"instock","15":"featured","16":"taxable","17":"shipping-taxable","18":"purchasable","19":"product-type-variable"},"yoast_head":"<!-- This site is optimized with the Yoast SEO plugin v27.4 - https:\/\/yoast.com\/product\/yoast-seo-wordpress\/ -->\n<title>EMS electrodes 8 channel complete set &#187; EMS vests set MAXSPEED<\/title>\n<meta name=\"description\" content=\"Order here the original MAXSPEED electrodes for EMS training in the online store. Fast delivery and secure payment.\" \/>\n<meta name=\"robots\" content=\"index, follow, max-snippet:-1, max-image-preview:large, max-video-preview:-1\" \/>\n<link rel=\"canonical\" href=\"https:\/\/online-ems-training.de\/en\/produkt\/ems-electrodes-8-channel-complete-set\/\" \/>\n<meta property=\"og:locale\" content=\"en_US\" \/>\n<meta property=\"og:type\" content=\"article\" \/>\n<meta property=\"og:title\" content=\"EMS electrodes 8 channel complete set &#187; EMS vests set MAXSPEED\" \/>\n<meta property=\"og:description\" content=\"Order here the original MAXSPEED electrodes for EMS training in the online store. Fast delivery and secure payment.\" \/>\n<meta property=\"og:url\" content=\"https:\/\/online-ems-training.de\/en\/produkt\/ems-electrodes-8-channel-complete-set\/\" \/>\n<meta property=\"og:site_name\" content=\"EMS Reparaturen + EMS Zubeh\u00f6r\" \/>\n<meta property=\"article:publisher\" content=\"https:\/\/www.facebook.com\/OnlineEMSTrainingShop\" \/>\n<meta property=\"article:modified_time\" content=\"2024-05-02T08:18:32+00:00\" \/>\n<meta property=\"og:image\" content=\"https:\/\/i0.wp.com\/online-ems-training.de\/wp-content\/uploads\/2022\/02\/wo_IMG_2017.jpg?fit=1280%2C1920&ssl=1\" \/>\n\t<meta property=\"og:image:width\" content=\"1280\" \/>\n\t<meta property=\"og:image:height\" content=\"1920\" \/>\n\t<meta property=\"og:image:type\" content=\"image\/jpeg\" \/>\n<meta name=\"twitter:card\" content=\"summary_large_image\" \/>\n<meta name=\"twitter:label1\" content=\"Est. reading time\" \/>\n\t<meta name=\"twitter:data1\" content=\"1 minute\" \/>\n<script type=\"application\/ld+json\" class=\"yoast-schema-graph\">{\"@context\":\"https:\\\/\\\/schema.org\",\"@graph\":[{\"@type\":\"WebPage\",\"@id\":\"https:\\\/\\\/online-ems-training.de\\\/en\\\/produkt\\\/ems-electrodes-8-channel-complete-set\\\/\",\"url\":\"https:\\\/\\\/online-ems-training.de\\\/en\\\/produkt\\\/ems-electrodes-8-channel-complete-set\\\/\",\"name\":\"EMS electrodes 8 channel complete set &#187; EMS vests set MAXSPEED\",\"isPartOf\":{\"@id\":\"https:\\\/\\\/online-ems-training.de\\\/en\\\/#website\"},\"primaryImageOfPage\":{\"@id\":\"https:\\\/\\\/online-ems-training.de\\\/en\\\/produkt\\\/ems-electrodes-8-channel-complete-set\\\/#primaryimage\"},\"image\":{\"@id\":\"https:\\\/\\\/online-ems-training.de\\\/en\\\/produkt\\\/ems-electrodes-8-channel-complete-set\\\/#primaryimage\"},\"thumbnailUrl\":\"https:\\\/\\\/online-ems-training.de\\\/wp-content\\\/uploads\\\/2022\\\/02\\\/wo_IMG_2017.jpg\",\"datePublished\":\"2022-02-12T13:17:44+00:00\",\"dateModified\":\"2024-05-02T08:18:32+00:00\",\"description\":\"Order here the original MAXSPEED electrodes for EMS training in the online store. Fast delivery and secure payment.\",\"breadcrumb\":{\"@id\":\"https:\\\/\\\/online-ems-training.de\\\/en\\\/produkt\\\/ems-electrodes-8-channel-complete-set\\\/#breadcrumb\"},\"inLanguage\":\"en-US\",\"potentialAction\":[{\"@type\":\"ReadAction\",\"target\":[\"https:\\\/\\\/online-ems-training.de\\\/en\\\/produkt\\\/ems-electrodes-8-channel-complete-set\\\/\"]}]},{\"@type\":\"ImageObject\",\"inLanguage\":\"en-US\",\"@id\":\"https:\\\/\\\/online-ems-training.de\\\/en\\\/produkt\\\/ems-electrodes-8-channel-complete-set\\\/#primaryimage\",\"url\":\"https:\\\/\\\/online-ems-training.de\\\/wp-content\\\/uploads\\\/2022\\\/02\\\/wo_IMG_2017.jpg\",\"contentUrl\":\"https:\\\/\\\/online-ems-training.de\\\/wp-content\\\/uploads\\\/2022\\\/02\\\/wo_IMG_2017.jpg\",\"width\":1280,\"height\":1920,\"caption\":\"8 Channel electrode set\"},{\"@type\":\"BreadcrumbList\",\"@id\":\"https:\\\/\\\/online-ems-training.de\\\/en\\\/produkt\\\/ems-electrodes-8-channel-complete-set\\\/#breadcrumb\",\"itemListElement\":[{\"@type\":\"ListItem\",\"position\":1,\"name\":\"Startseite\",\"item\":\"https:\\\/\\\/online-ems-training.de\\\/en\\\/\"},{\"@type\":\"ListItem\",\"position\":2,\"name\":\"EMS electrodes 8 channel complete set\"}]},{\"@type\":\"WebSite\",\"@id\":\"https:\\\/\\\/online-ems-training.de\\\/en\\\/#website\",\"url\":\"https:\\\/\\\/online-ems-training.de\\\/en\\\/\",\"name\":\"EMS Reparaturen + EMS Zubeh\u00f6r\",\"description\":\"Reparaturen und Service f\u00fcr EMS Ger\u00e4te und EMS Elektroden\",\"potentialAction\":[{\"@type\":\"SearchAction\",\"target\":{\"@type\":\"EntryPoint\",\"urlTemplate\":\"https:\\\/\\\/online-ems-training.de\\\/en\\\/?s={search_term_string}\"},\"query-input\":{\"@type\":\"PropertyValueSpecification\",\"valueRequired\":true,\"valueName\":\"search_term_string\"}}],\"inLanguage\":\"en-US\"}]}<\/script>\n<!-- \/ Yoast SEO plugin. -->","yoast_head_json":{"title":"EMS electrodes 8 channel complete set &#187; EMS vests set MAXSPEED","description":"Order here the original MAXSPEED electrodes for EMS training in the online store. Fast delivery and secure payment.","robots":{"index":"index","follow":"follow","max-snippet":"max-snippet:-1","max-image-preview":"max-image-preview:large","max-video-preview":"max-video-preview:-1"},"canonical":"https:\/\/online-ems-training.de\/en\/produkt\/ems-electrodes-8-channel-complete-set\/","og_locale":"en_US","og_type":"article","og_title":"EMS electrodes 8 channel complete set &#187; EMS vests set MAXSPEED","og_description":"Order here the original MAXSPEED electrodes for EMS training in the online store. Fast delivery and secure payment.","og_url":"https:\/\/online-ems-training.de\/en\/produkt\/ems-electrodes-8-channel-complete-set\/","og_site_name":"EMS Reparaturen + EMS Zubeh\u00f6r","article_publisher":"https:\/\/www.facebook.com\/OnlineEMSTrainingShop","article_modified_time":"2024-05-02T08:18:32+00:00","og_image":[{"width":1280,"height":1920,"url":"https:\/\/i0.wp.com\/online-ems-training.de\/wp-content\/uploads\/2022\/02\/wo_IMG_2017.jpg?fit=1280%2C1920&ssl=1","type":"image\/jpeg"}],"twitter_card":"summary_large_image","twitter_misc":{"Est. reading time":"1 minute"},"schema":{"@context":"https:\/\/schema.org","@graph":[{"@type":"WebPage","@id":"https:\/\/online-ems-training.de\/en\/produkt\/ems-electrodes-8-channel-complete-set\/","url":"https:\/\/online-ems-training.de\/en\/produkt\/ems-electrodes-8-channel-complete-set\/","name":"EMS electrodes 8 channel complete set &#187; EMS vests set MAXSPEED","isPartOf":{"@id":"https:\/\/online-ems-training.de\/en\/#website"},"primaryImageOfPage":{"@id":"https:\/\/online-ems-training.de\/en\/produkt\/ems-electrodes-8-channel-complete-set\/#primaryimage"},"image":{"@id":"https:\/\/online-ems-training.de\/en\/produkt\/ems-electrodes-8-channel-complete-set\/#primaryimage"},"thumbnailUrl":"https:\/\/online-ems-training.de\/wp-content\/uploads\/2022\/02\/wo_IMG_2017.jpg","datePublished":"2022-02-12T13:17:44+00:00","dateModified":"2024-05-02T08:18:32+00:00","description":"Order here the original MAXSPEED electrodes for EMS training in the online store. Fast delivery and secure payment.","breadcrumb":{"@id":"https:\/\/online-ems-training.de\/en\/produkt\/ems-electrodes-8-channel-complete-set\/#breadcrumb"},"inLanguage":"en-US","potentialAction":[{"@type":"ReadAction","target":["https:\/\/online-ems-training.de\/en\/produkt\/ems-electrodes-8-channel-complete-set\/"]}]},{"@type":"ImageObject","inLanguage":"en-US","@id":"https:\/\/online-ems-training.de\/en\/produkt\/ems-electrodes-8-channel-complete-set\/#primaryimage","url":"https:\/\/online-ems-training.de\/wp-content\/uploads\/2022\/02\/wo_IMG_2017.jpg","contentUrl":"https:\/\/online-ems-training.de\/wp-content\/uploads\/2022\/02\/wo_IMG_2017.jpg","width":1280,"height":1920,"caption":"8 Channel electrode set"},{"@type":"BreadcrumbList","@id":"https:\/\/online-ems-training.de\/en\/produkt\/ems-electrodes-8-channel-complete-set\/#breadcrumb","itemListElement":[{"@type":"ListItem","position":1,"name":"Startseite","item":"https:\/\/online-ems-training.de\/en\/"},{"@type":"ListItem","position":2,"name":"EMS electrodes 8 channel complete set"}]},{"@type":"WebSite","@id":"https:\/\/online-ems-training.de\/en\/#website","url":"https:\/\/online-ems-training.de\/en\/","name":"EMS Reparaturen + EMS Zubeh\u00f6r","description":"Reparaturen und Service f\u00fcr EMS Ger\u00e4te und EMS Elektroden","potentialAction":[{"@type":"SearchAction","target":{"@type":"EntryPoint","urlTemplate":"https:\/\/online-ems-training.de\/en\/?s={search_term_string}"},"query-input":{"@type":"PropertyValueSpecification","valueRequired":true,"valueName":"search_term_string"}}],"inLanguage":"en-US"}]}},"_links":{"self":[{"href":"https:\/\/online-ems-training.de\/en\/wp-json\/wp\/v2\/product\/2373","targetHints":{"allow":["GET"]}}],"collection":[{"href":"https:\/\/online-ems-training.de\/en\/wp-json\/wp\/v2\/product"}],"about":[{"href":"https:\/\/online-ems-training.de\/en\/wp-json\/wp\/v2\/types\/product"}],"wp:featuredmedia":[{"embeddable":true,"href":"https:\/\/online-ems-training.de\/en\/wp-json\/wp\/v2\/media\/2101"}],"wp:attachment":[{"href":"https:\/\/online-ems-training.de\/en\/wp-json\/wp\/v2\/media?parent=2373"}],"wp:term":[{"taxonomy":"product_brand","embeddable":true,"href":"https:\/\/online-ems-training.de\/en\/wp-json\/wp\/v2\/product_brand?post=2373"},{"taxonomy":"product_cat","embeddable":true,"href":"https:\/\/online-ems-training.de\/en\/wp-json\/wp\/v2\/product_cat?post=2373"},{"taxonomy":"product_tag","embeddable":true,"href":"https:\/\/online-ems-training.de\/en\/wp-json\/wp\/v2\/product_tag?post=2373"}],"curies":[{"name":"wp","href":"https:\/\/api.w.org\/{rel}","templated":true}]}}