{"id":2449,"date":"2022-02-12T14:18:55","date_gmt":"2022-02-12T13:18:55","guid":{"rendered":"https:\/\/online-ems-training.de\/produkt\/ems-buttocks-belt-electrodes\/"},"modified":"2024-05-02T10:18:06","modified_gmt":"2024-05-02T08:18:06","slug":"ems-girth-electrodes","status":"publish","type":"product","link":"https:\/\/online-ems-training.de\/en\/produkt\/ems-girth-electrodes\/","title":{"rendered":"EMS buttocks belt electrodes"},"content":{"rendered":"<p>The poelectrodes are characterized by an excellent fit and easy handling. They consist of a pair of electrodes that can transmit an optimal training stimulus to the gluteal muscles. With the help of the strap system, the electrodes automatically press against the optimal surface and ensure a perfect fit even in an active workout.<br \/>\nThe poelectrodes consist of a breathable backing material, durable industrial grade fasteners, highly absorbent water reservoirs and perfect electrodes. The electrode material is virtually indestructible and has a lifetime guarantee.<br \/>\nThe electrodes are easy and effective to clean in the washing machine with a mild detergent.<br \/>\nPlease measure the specified dimensions for the selection of electrodes and then determine the correct size.<\/p>\n","protected":false},"excerpt":{"rendered":"<p>MAXSPEED poelectrode for EMS training with MAXSPEED Home, MAXSPEED 6, MAXSPEED 8, MAXSPEED 8.1 and comparable EMS devices.<\/p>\n","protected":false},"featured_media":2075,"template":"","meta":[],"product_brand":[],"product_cat":[210],"product_tag":[190,205,245],"class_list":{"0":"post-2449","1":"product","2":"type-product","3":"status-publish","4":"has-post-thumbnail","6":"product_cat-ems-electrodes","7":"product_tag-ems-en","8":"product_tag-ems-electrodes","9":"product_tag-ems-pads-en","10":"product_shipping_class-dhl-package-2kg","12":"first","13":"instock","14":"taxable","15":"shipping-taxable","16":"purchasable","17":"product-type-variable"},"yoast_head":"<!-- This site is optimized with the Yoast SEO plugin v27.4 - https:\/\/yoast.com\/product\/yoast-seo-wordpress\/ -->\n<title>EMS buttocks belt electrodes for EMS training with MAXSPEED<\/title>\n<meta name=\"description\" content=\"Buy the EMS Gluteal Belt for EMS training with MAXSPEED electrodes. With the poelectrodes they train the gluteus maximus with optimal load.\" \/>\n<meta name=\"robots\" content=\"index, follow, max-snippet:-1, max-image-preview:large, max-video-preview:-1\" \/>\n<link rel=\"canonical\" href=\"https:\/\/online-ems-training.de\/en\/produkt\/ems-girth-electrodes\/\" \/>\n<meta property=\"og:locale\" content=\"en_US\" \/>\n<meta property=\"og:type\" content=\"article\" \/>\n<meta property=\"og:title\" content=\"EMS buttocks belt electrodes for EMS training with MAXSPEED\" \/>\n<meta property=\"og:description\" content=\"Buy the EMS Gluteal Belt for EMS training with MAXSPEED electrodes. With the poelectrodes they train the gluteus maximus with optimal load.\" \/>\n<meta property=\"og:url\" content=\"https:\/\/online-ems-training.de\/en\/produkt\/ems-girth-electrodes\/\" \/>\n<meta property=\"og:site_name\" content=\"EMS Reparaturen + EMS Zubeh\u00f6r\" \/>\n<meta property=\"article:publisher\" content=\"https:\/\/www.facebook.com\/OnlineEMSTrainingShop\" \/>\n<meta property=\"article:modified_time\" content=\"2024-05-02T08:18:06+00:00\" \/>\n<meta property=\"og:image\" content=\"https:\/\/i0.wp.com\/online-ems-training.de\/wp-content\/uploads\/2022\/02\/Detailaufnahme-EMS-Elektroden-MAXSPEED-Pogurt.jpg?fit=1980%2C1320&ssl=1\" \/>\n\t<meta property=\"og:image:width\" content=\"1980\" \/>\n\t<meta property=\"og:image:height\" content=\"1320\" \/>\n\t<meta property=\"og:image:type\" content=\"image\/jpeg\" \/>\n<meta name=\"twitter:card\" content=\"summary_large_image\" \/>\n<meta name=\"twitter:label1\" content=\"Est. reading time\" \/>\n\t<meta name=\"twitter:data1\" content=\"1 minute\" \/>\n<script type=\"application\/ld+json\" class=\"yoast-schema-graph\">{\"@context\":\"https:\\\/\\\/schema.org\",\"@graph\":[{\"@type\":\"WebPage\",\"@id\":\"https:\\\/\\\/online-ems-training.de\\\/en\\\/produkt\\\/ems-girth-electrodes\\\/\",\"url\":\"https:\\\/\\\/online-ems-training.de\\\/en\\\/produkt\\\/ems-girth-electrodes\\\/\",\"name\":\"EMS buttocks belt electrodes for EMS training with MAXSPEED\",\"isPartOf\":{\"@id\":\"https:\\\/\\\/online-ems-training.de\\\/en\\\/#website\"},\"primaryImageOfPage\":{\"@id\":\"https:\\\/\\\/online-ems-training.de\\\/en\\\/produkt\\\/ems-girth-electrodes\\\/#primaryimage\"},\"image\":{\"@id\":\"https:\\\/\\\/online-ems-training.de\\\/en\\\/produkt\\\/ems-girth-electrodes\\\/#primaryimage\"},\"thumbnailUrl\":\"https:\\\/\\\/online-ems-training.de\\\/wp-content\\\/uploads\\\/2022\\\/02\\\/Detailaufnahme-EMS-Elektroden-MAXSPEED-Pogurt.jpg\",\"datePublished\":\"2022-02-12T13:18:55+00:00\",\"dateModified\":\"2024-05-02T08:18:06+00:00\",\"description\":\"Buy the EMS Gluteal Belt for EMS training with MAXSPEED electrodes. With the poelectrodes they train the gluteus maximus with optimal load.\",\"breadcrumb\":{\"@id\":\"https:\\\/\\\/online-ems-training.de\\\/en\\\/produkt\\\/ems-girth-electrodes\\\/#breadcrumb\"},\"inLanguage\":\"en-US\",\"potentialAction\":[{\"@type\":\"ReadAction\",\"target\":[\"https:\\\/\\\/online-ems-training.de\\\/en\\\/produkt\\\/ems-girth-electrodes\\\/\"]}]},{\"@type\":\"ImageObject\",\"inLanguage\":\"en-US\",\"@id\":\"https:\\\/\\\/online-ems-training.de\\\/en\\\/produkt\\\/ems-girth-electrodes\\\/#primaryimage\",\"url\":\"https:\\\/\\\/online-ems-training.de\\\/wp-content\\\/uploads\\\/2022\\\/02\\\/Detailaufnahme-EMS-Elektroden-MAXSPEED-Pogurt.jpg\",\"contentUrl\":\"https:\\\/\\\/online-ems-training.de\\\/wp-content\\\/uploads\\\/2022\\\/02\\\/Detailaufnahme-EMS-Elektroden-MAXSPEED-Pogurt.jpg\",\"width\":1980,\"height\":1320},{\"@type\":\"BreadcrumbList\",\"@id\":\"https:\\\/\\\/online-ems-training.de\\\/en\\\/produkt\\\/ems-girth-electrodes\\\/#breadcrumb\",\"itemListElement\":[{\"@type\":\"ListItem\",\"position\":1,\"name\":\"Startseite\",\"item\":\"https:\\\/\\\/online-ems-training.de\\\/en\\\/\"},{\"@type\":\"ListItem\",\"position\":2,\"name\":\"EMS buttocks belt electrodes\"}]},{\"@type\":\"WebSite\",\"@id\":\"https:\\\/\\\/online-ems-training.de\\\/en\\\/#website\",\"url\":\"https:\\\/\\\/online-ems-training.de\\\/en\\\/\",\"name\":\"EMS Reparaturen + EMS Zubeh\u00f6r\",\"description\":\"Reparaturen und Service f\u00fcr EMS Ger\u00e4te und EMS Elektroden\",\"potentialAction\":[{\"@type\":\"SearchAction\",\"target\":{\"@type\":\"EntryPoint\",\"urlTemplate\":\"https:\\\/\\\/online-ems-training.de\\\/en\\\/?s={search_term_string}\"},\"query-input\":{\"@type\":\"PropertyValueSpecification\",\"valueRequired\":true,\"valueName\":\"search_term_string\"}}],\"inLanguage\":\"en-US\"}]}<\/script>\n<!-- \/ Yoast SEO plugin. -->","yoast_head_json":{"title":"EMS buttocks belt electrodes for EMS training with MAXSPEED","description":"Buy the EMS Gluteal Belt for EMS training with MAXSPEED electrodes. With the poelectrodes they train the gluteus maximus with optimal load.","robots":{"index":"index","follow":"follow","max-snippet":"max-snippet:-1","max-image-preview":"max-image-preview:large","max-video-preview":"max-video-preview:-1"},"canonical":"https:\/\/online-ems-training.de\/en\/produkt\/ems-girth-electrodes\/","og_locale":"en_US","og_type":"article","og_title":"EMS buttocks belt electrodes for EMS training with MAXSPEED","og_description":"Buy the EMS Gluteal Belt for EMS training with MAXSPEED electrodes. With the poelectrodes they train the gluteus maximus with optimal load.","og_url":"https:\/\/online-ems-training.de\/en\/produkt\/ems-girth-electrodes\/","og_site_name":"EMS Reparaturen + EMS Zubeh\u00f6r","article_publisher":"https:\/\/www.facebook.com\/OnlineEMSTrainingShop","article_modified_time":"2024-05-02T08:18:06+00:00","og_image":[{"width":1980,"height":1320,"url":"https:\/\/i0.wp.com\/online-ems-training.de\/wp-content\/uploads\/2022\/02\/Detailaufnahme-EMS-Elektroden-MAXSPEED-Pogurt.jpg?fit=1980%2C1320&ssl=1","type":"image\/jpeg"}],"twitter_card":"summary_large_image","twitter_misc":{"Est. reading time":"1 minute"},"schema":{"@context":"https:\/\/schema.org","@graph":[{"@type":"WebPage","@id":"https:\/\/online-ems-training.de\/en\/produkt\/ems-girth-electrodes\/","url":"https:\/\/online-ems-training.de\/en\/produkt\/ems-girth-electrodes\/","name":"EMS buttocks belt electrodes for EMS training with MAXSPEED","isPartOf":{"@id":"https:\/\/online-ems-training.de\/en\/#website"},"primaryImageOfPage":{"@id":"https:\/\/online-ems-training.de\/en\/produkt\/ems-girth-electrodes\/#primaryimage"},"image":{"@id":"https:\/\/online-ems-training.de\/en\/produkt\/ems-girth-electrodes\/#primaryimage"},"thumbnailUrl":"https:\/\/online-ems-training.de\/wp-content\/uploads\/2022\/02\/Detailaufnahme-EMS-Elektroden-MAXSPEED-Pogurt.jpg","datePublished":"2022-02-12T13:18:55+00:00","dateModified":"2024-05-02T08:18:06+00:00","description":"Buy the EMS Gluteal Belt for EMS training with MAXSPEED electrodes. With the poelectrodes they train the gluteus maximus with optimal load.","breadcrumb":{"@id":"https:\/\/online-ems-training.de\/en\/produkt\/ems-girth-electrodes\/#breadcrumb"},"inLanguage":"en-US","potentialAction":[{"@type":"ReadAction","target":["https:\/\/online-ems-training.de\/en\/produkt\/ems-girth-electrodes\/"]}]},{"@type":"ImageObject","inLanguage":"en-US","@id":"https:\/\/online-ems-training.de\/en\/produkt\/ems-girth-electrodes\/#primaryimage","url":"https:\/\/online-ems-training.de\/wp-content\/uploads\/2022\/02\/Detailaufnahme-EMS-Elektroden-MAXSPEED-Pogurt.jpg","contentUrl":"https:\/\/online-ems-training.de\/wp-content\/uploads\/2022\/02\/Detailaufnahme-EMS-Elektroden-MAXSPEED-Pogurt.jpg","width":1980,"height":1320},{"@type":"BreadcrumbList","@id":"https:\/\/online-ems-training.de\/en\/produkt\/ems-girth-electrodes\/#breadcrumb","itemListElement":[{"@type":"ListItem","position":1,"name":"Startseite","item":"https:\/\/online-ems-training.de\/en\/"},{"@type":"ListItem","position":2,"name":"EMS buttocks belt electrodes"}]},{"@type":"WebSite","@id":"https:\/\/online-ems-training.de\/en\/#website","url":"https:\/\/online-ems-training.de\/en\/","name":"EMS Reparaturen + EMS Zubeh\u00f6r","description":"Reparaturen und Service f\u00fcr EMS Ger\u00e4te und EMS Elektroden","potentialAction":[{"@type":"SearchAction","target":{"@type":"EntryPoint","urlTemplate":"https:\/\/online-ems-training.de\/en\/?s={search_term_string}"},"query-input":{"@type":"PropertyValueSpecification","valueRequired":true,"valueName":"search_term_string"}}],"inLanguage":"en-US"}]}},"_links":{"self":[{"href":"https:\/\/online-ems-training.de\/en\/wp-json\/wp\/v2\/product\/2449","targetHints":{"allow":["GET"]}}],"collection":[{"href":"https:\/\/online-ems-training.de\/en\/wp-json\/wp\/v2\/product"}],"about":[{"href":"https:\/\/online-ems-training.de\/en\/wp-json\/wp\/v2\/types\/product"}],"wp:featuredmedia":[{"embeddable":true,"href":"https:\/\/online-ems-training.de\/en\/wp-json\/wp\/v2\/media\/2075"}],"wp:attachment":[{"href":"https:\/\/online-ems-training.de\/en\/wp-json\/wp\/v2\/media?parent=2449"}],"wp:term":[{"taxonomy":"product_brand","embeddable":true,"href":"https:\/\/online-ems-training.de\/en\/wp-json\/wp\/v2\/product_brand?post=2449"},{"taxonomy":"product_cat","embeddable":true,"href":"https:\/\/online-ems-training.de\/en\/wp-json\/wp\/v2\/product_cat?post=2449"},{"taxonomy":"product_tag","embeddable":true,"href":"https:\/\/online-ems-training.de\/en\/wp-json\/wp\/v2\/product_tag?post=2449"}],"curies":[{"name":"wp","href":"https:\/\/api.w.org\/{rel}","templated":true}]}}