{"id":2456,"date":"2022-05-02T19:00:23","date_gmt":"2022-05-02T17:00:23","guid":{"rendered":"https:\/\/online-ems-training.de\/produkt\/connection-cable-classic-10-channel-mi-bo-clip-system\/"},"modified":"2024-05-01T08:06:12","modified_gmt":"2024-05-01T06:06:12","slug":"connection-cable-classic-10-channel-clip-system","status":"publish","type":"product","link":"https:\/\/online-ems-training.de\/en\/produkt\/connection-cable-classic-10-channel-clip-system\/","title":{"rendered":"Connection cable Classic 10 channel (Mi-Bo clip system)"},"content":{"rendered":"<p align=\"justify\"><span style=\"font-family: Arial, sans-serif;\">Use this 10 channel connection cable to connect the electrode set to the EMS device. This enables pulse transmission. The connection cable is connected by means of a clip connection so that the connection cannot come loose. This is particularly advantageous for dynamically designed EMS workouts. The connection cable fits all devices with a clip connection.<\/span><\/p>\n","protected":false},"excerpt":{"rendered":"<p><span style=\"font-family: Arial, sans-serif;\">Connection cable Classic &#8211; The connection cable is suitable for all EMS devices with clip connection.<\/span><\/p>\n","protected":false},"featured_media":2135,"template":"","meta":[],"product_brand":[],"product_cat":[211],"product_tag":[244,242,190,243],"class_list":{"0":"post-2456","1":"product","2":"type-product","3":"status-publish","4":"has-post-thumbnail","6":"product_cat-accessories","7":"product_tag-connecting-cable","8":"product_tag-connection-cable","9":"product_tag-ems-en","10":"product_tag-ems-connection-cable","11":"product_shipping_class-dhl-package-2kg","13":"first","14":"instock","15":"taxable","16":"shipping-taxable","17":"purchasable","18":"product-type-simple"},"yoast_head":"<!-- This site is optimized with the Yoast SEO plugin v27.4 - https:\/\/yoast.com\/product\/yoast-seo-wordpress\/ -->\n<title>Connection cable \/ connecting cable for EMS device MAXSPEED<\/title>\n<meta name=\"description\" content=\"Select your connection cable for the EMS device here. Use the connection cable to establish safe contact between the device &amp; electrodes.\" \/>\n<meta name=\"robots\" content=\"index, follow, max-snippet:-1, max-image-preview:large, max-video-preview:-1\" \/>\n<link rel=\"canonical\" href=\"https:\/\/online-ems-training.de\/en\/produkt\/connection-cable-classic-10-channel-clip-system\/\" \/>\n<meta property=\"og:locale\" content=\"en_US\" \/>\n<meta property=\"og:type\" content=\"article\" \/>\n<meta property=\"og:title\" content=\"Connection cable \/ connecting cable for EMS device MAXSPEED\" \/>\n<meta property=\"og:description\" content=\"Select your connection cable for the EMS device here. Use the connection cable to establish safe contact between the device &amp; electrodes.\" \/>\n<meta property=\"og:url\" content=\"https:\/\/online-ems-training.de\/en\/produkt\/connection-cable-classic-10-channel-clip-system\/\" \/>\n<meta property=\"og:site_name\" content=\"EMS Reparaturen + EMS Zubeh\u00f6r\" \/>\n<meta property=\"article:publisher\" content=\"https:\/\/www.facebook.com\/OnlineEMSTrainingShop\" \/>\n<meta property=\"article:modified_time\" content=\"2024-05-01T06:06:12+00:00\" \/>\n<meta property=\"og:image\" content=\"https:\/\/i0.wp.com\/online-ems-training.de\/wp-content\/uploads\/2022\/03\/Anschlusskabel_Classic_1.png?fit=760%2C575&ssl=1\" \/>\n\t<meta property=\"og:image:width\" content=\"760\" \/>\n\t<meta property=\"og:image:height\" content=\"575\" \/>\n\t<meta property=\"og:image:type\" content=\"image\/png\" \/>\n<meta name=\"twitter:card\" content=\"summary_large_image\" \/>\n<script type=\"application\/ld+json\" class=\"yoast-schema-graph\">{\"@context\":\"https:\\\/\\\/schema.org\",\"@graph\":[{\"@type\":\"WebPage\",\"@id\":\"https:\\\/\\\/online-ems-training.de\\\/en\\\/produkt\\\/connection-cable-classic-10-channel-clip-system\\\/\",\"url\":\"https:\\\/\\\/online-ems-training.de\\\/en\\\/produkt\\\/connection-cable-classic-10-channel-clip-system\\\/\",\"name\":\"Connection cable \\\/ connecting cable for EMS device MAXSPEED\",\"isPartOf\":{\"@id\":\"https:\\\/\\\/online-ems-training.de\\\/en\\\/#website\"},\"primaryImageOfPage\":{\"@id\":\"https:\\\/\\\/online-ems-training.de\\\/en\\\/produkt\\\/connection-cable-classic-10-channel-clip-system\\\/#primaryimage\"},\"image\":{\"@id\":\"https:\\\/\\\/online-ems-training.de\\\/en\\\/produkt\\\/connection-cable-classic-10-channel-clip-system\\\/#primaryimage\"},\"thumbnailUrl\":\"https:\\\/\\\/online-ems-training.de\\\/wp-content\\\/uploads\\\/2022\\\/03\\\/Anschlusskabel_Classic_1.png\",\"datePublished\":\"2022-05-02T17:00:23+00:00\",\"dateModified\":\"2024-05-01T06:06:12+00:00\",\"description\":\"Select your connection cable for the EMS device here. Use the connection cable to establish safe contact between the device & electrodes.\",\"breadcrumb\":{\"@id\":\"https:\\\/\\\/online-ems-training.de\\\/en\\\/produkt\\\/connection-cable-classic-10-channel-clip-system\\\/#breadcrumb\"},\"inLanguage\":\"en-US\",\"potentialAction\":[{\"@type\":\"ReadAction\",\"target\":[\"https:\\\/\\\/online-ems-training.de\\\/en\\\/produkt\\\/connection-cable-classic-10-channel-clip-system\\\/\"]}]},{\"@type\":\"ImageObject\",\"inLanguage\":\"en-US\",\"@id\":\"https:\\\/\\\/online-ems-training.de\\\/en\\\/produkt\\\/connection-cable-classic-10-channel-clip-system\\\/#primaryimage\",\"url\":\"https:\\\/\\\/online-ems-training.de\\\/wp-content\\\/uploads\\\/2022\\\/03\\\/Anschlusskabel_Classic_1.png\",\"contentUrl\":\"https:\\\/\\\/online-ems-training.de\\\/wp-content\\\/uploads\\\/2022\\\/03\\\/Anschlusskabel_Classic_1.png\",\"width\":760,\"height\":575,\"caption\":\"Connection cable Classic\"},{\"@type\":\"BreadcrumbList\",\"@id\":\"https:\\\/\\\/online-ems-training.de\\\/en\\\/produkt\\\/connection-cable-classic-10-channel-clip-system\\\/#breadcrumb\",\"itemListElement\":[{\"@type\":\"ListItem\",\"position\":1,\"name\":\"Startseite\",\"item\":\"https:\\\/\\\/online-ems-training.de\\\/en\\\/\"},{\"@type\":\"ListItem\",\"position\":2,\"name\":\"Connection cable Classic 10 channel (Mi-Bo clip system)\"}]},{\"@type\":\"WebSite\",\"@id\":\"https:\\\/\\\/online-ems-training.de\\\/en\\\/#website\",\"url\":\"https:\\\/\\\/online-ems-training.de\\\/en\\\/\",\"name\":\"EMS Reparaturen + EMS Zubeh\u00f6r\",\"description\":\"Reparaturen und Service f\u00fcr EMS Ger\u00e4te und EMS Elektroden\",\"potentialAction\":[{\"@type\":\"SearchAction\",\"target\":{\"@type\":\"EntryPoint\",\"urlTemplate\":\"https:\\\/\\\/online-ems-training.de\\\/en\\\/?s={search_term_string}\"},\"query-input\":{\"@type\":\"PropertyValueSpecification\",\"valueRequired\":true,\"valueName\":\"search_term_string\"}}],\"inLanguage\":\"en-US\"}]}<\/script>\n<!-- \/ Yoast SEO plugin. -->","yoast_head_json":{"title":"Connection cable \/ connecting cable for EMS device MAXSPEED","description":"Select your connection cable for the EMS device here. Use the connection cable to establish safe contact between the device & electrodes.","robots":{"index":"index","follow":"follow","max-snippet":"max-snippet:-1","max-image-preview":"max-image-preview:large","max-video-preview":"max-video-preview:-1"},"canonical":"https:\/\/online-ems-training.de\/en\/produkt\/connection-cable-classic-10-channel-clip-system\/","og_locale":"en_US","og_type":"article","og_title":"Connection cable \/ connecting cable for EMS device MAXSPEED","og_description":"Select your connection cable for the EMS device here. Use the connection cable to establish safe contact between the device & electrodes.","og_url":"https:\/\/online-ems-training.de\/en\/produkt\/connection-cable-classic-10-channel-clip-system\/","og_site_name":"EMS Reparaturen + EMS Zubeh\u00f6r","article_publisher":"https:\/\/www.facebook.com\/OnlineEMSTrainingShop","article_modified_time":"2024-05-01T06:06:12+00:00","og_image":[{"width":760,"height":575,"url":"https:\/\/i0.wp.com\/online-ems-training.de\/wp-content\/uploads\/2022\/03\/Anschlusskabel_Classic_1.png?fit=760%2C575&ssl=1","type":"image\/png"}],"twitter_card":"summary_large_image","schema":{"@context":"https:\/\/schema.org","@graph":[{"@type":"WebPage","@id":"https:\/\/online-ems-training.de\/en\/produkt\/connection-cable-classic-10-channel-clip-system\/","url":"https:\/\/online-ems-training.de\/en\/produkt\/connection-cable-classic-10-channel-clip-system\/","name":"Connection cable \/ connecting cable for EMS device MAXSPEED","isPartOf":{"@id":"https:\/\/online-ems-training.de\/en\/#website"},"primaryImageOfPage":{"@id":"https:\/\/online-ems-training.de\/en\/produkt\/connection-cable-classic-10-channel-clip-system\/#primaryimage"},"image":{"@id":"https:\/\/online-ems-training.de\/en\/produkt\/connection-cable-classic-10-channel-clip-system\/#primaryimage"},"thumbnailUrl":"https:\/\/online-ems-training.de\/wp-content\/uploads\/2022\/03\/Anschlusskabel_Classic_1.png","datePublished":"2022-05-02T17:00:23+00:00","dateModified":"2024-05-01T06:06:12+00:00","description":"Select your connection cable for the EMS device here. Use the connection cable to establish safe contact between the device & electrodes.","breadcrumb":{"@id":"https:\/\/online-ems-training.de\/en\/produkt\/connection-cable-classic-10-channel-clip-system\/#breadcrumb"},"inLanguage":"en-US","potentialAction":[{"@type":"ReadAction","target":["https:\/\/online-ems-training.de\/en\/produkt\/connection-cable-classic-10-channel-clip-system\/"]}]},{"@type":"ImageObject","inLanguage":"en-US","@id":"https:\/\/online-ems-training.de\/en\/produkt\/connection-cable-classic-10-channel-clip-system\/#primaryimage","url":"https:\/\/online-ems-training.de\/wp-content\/uploads\/2022\/03\/Anschlusskabel_Classic_1.png","contentUrl":"https:\/\/online-ems-training.de\/wp-content\/uploads\/2022\/03\/Anschlusskabel_Classic_1.png","width":760,"height":575,"caption":"Connection cable Classic"},{"@type":"BreadcrumbList","@id":"https:\/\/online-ems-training.de\/en\/produkt\/connection-cable-classic-10-channel-clip-system\/#breadcrumb","itemListElement":[{"@type":"ListItem","position":1,"name":"Startseite","item":"https:\/\/online-ems-training.de\/en\/"},{"@type":"ListItem","position":2,"name":"Connection cable Classic 10 channel (Mi-Bo clip system)"}]},{"@type":"WebSite","@id":"https:\/\/online-ems-training.de\/en\/#website","url":"https:\/\/online-ems-training.de\/en\/","name":"EMS Reparaturen + EMS Zubeh\u00f6r","description":"Reparaturen und Service f\u00fcr EMS Ger\u00e4te und EMS Elektroden","potentialAction":[{"@type":"SearchAction","target":{"@type":"EntryPoint","urlTemplate":"https:\/\/online-ems-training.de\/en\/?s={search_term_string}"},"query-input":{"@type":"PropertyValueSpecification","valueRequired":true,"valueName":"search_term_string"}}],"inLanguage":"en-US"}]}},"_links":{"self":[{"href":"https:\/\/online-ems-training.de\/en\/wp-json\/wp\/v2\/product\/2456","targetHints":{"allow":["GET"]}}],"collection":[{"href":"https:\/\/online-ems-training.de\/en\/wp-json\/wp\/v2\/product"}],"about":[{"href":"https:\/\/online-ems-training.de\/en\/wp-json\/wp\/v2\/types\/product"}],"wp:featuredmedia":[{"embeddable":true,"href":"https:\/\/online-ems-training.de\/en\/wp-json\/wp\/v2\/media\/2135"}],"wp:attachment":[{"href":"https:\/\/online-ems-training.de\/en\/wp-json\/wp\/v2\/media?parent=2456"}],"wp:term":[{"taxonomy":"product_brand","embeddable":true,"href":"https:\/\/online-ems-training.de\/en\/wp-json\/wp\/v2\/product_brand?post=2456"},{"taxonomy":"product_cat","embeddable":true,"href":"https:\/\/online-ems-training.de\/en\/wp-json\/wp\/v2\/product_cat?post=2456"},{"taxonomy":"product_tag","embeddable":true,"href":"https:\/\/online-ems-training.de\/en\/wp-json\/wp\/v2\/product_tag?post=2456"}],"curies":[{"name":"wp","href":"https:\/\/api.w.org\/{rel}","templated":true}]}}