{"id":2458,"date":"2022-02-12T14:17:47","date_gmt":"2022-02-12T13:17:47","guid":{"rendered":"https:\/\/online-ems-training.de\/produkt\/ems-arm-electrodes\/"},"modified":"2024-05-01T08:05:40","modified_gmt":"2024-05-01T06:05:40","slug":"ems-arm-electrodes","status":"publish","type":"product","link":"https:\/\/online-ems-training.de\/en\/produkt\/ems-arm-electrodes\/","title":{"rendered":"EMS arm electrodes"},"content":{"rendered":"<p>The arm electrodes are characterized by an excellent fit and perfect handling. They are to be put on and tightened with one hand. For this purpose, they have a simple and effective belt guide. They consist of a pair of electrodes that can transmit an optimal training stimulus to the arm muscles. With the help of the strap guide, the electrodes automatically press against the optimal surface and ensure a perfect fit even in an active workout.<\/p>\n<p>The arm electrodes consist of a stable carrier material, durable industrial grade fasteners, highly absorbent water reservoirs and perfect electrodes. The electrode material is virtually indestructible and has a lifetime guarantee.<\/p>\n<p>The electrodes are easy and effective to clean in the washing machine with a mild detergent.<\/p>\n<p>Please measure the specified dimensions for the selection of electrodes and then determine the correct size.<\/p>\n","protected":false},"excerpt":{"rendered":"<p>MAXSPEED arm electrode pair for EMS training with MAXSPEED 6, MAXSPEED 8, MAXSPEED 8.1 and comparable EMS devices.<\/p>\n","protected":false},"featured_media":2053,"template":"","meta":[],"product_brand":[],"product_cat":[210],"product_tag":[190,205,245],"class_list":{"0":"post-2458","1":"product","2":"type-product","3":"status-publish","4":"has-post-thumbnail","6":"product_cat-ems-electrodes","7":"product_tag-ems-en","8":"product_tag-ems-electrodes","9":"product_tag-ems-pads-en","10":"product_shipping_class-dhl-package-2kg","12":"first","13":"instock","14":"taxable","15":"shipping-taxable","16":"purchasable","17":"product-type-variable"},"yoast_head":"<!-- This site is optimized with the Yoast SEO plugin v27.4 - https:\/\/yoast.com\/product\/yoast-seo-wordpress\/ -->\n<title>EMS arm electrodes | MAXSPEED EMS training electrodes for arms<\/title>\n<meta name=\"description\" content=\"EMS arm electrodes by MAXSPEED for professional EMS training. Buy arm electrodes for EMS devices from MAXSPEED and similar models.\" \/>\n<meta name=\"robots\" content=\"index, follow, max-snippet:-1, max-image-preview:large, max-video-preview:-1\" \/>\n<link rel=\"canonical\" href=\"https:\/\/online-ems-training.de\/en\/produkt\/ems-arm-electrodes\/\" \/>\n<meta property=\"og:locale\" content=\"en_US\" \/>\n<meta property=\"og:type\" content=\"article\" \/>\n<meta property=\"og:title\" content=\"EMS arm electrodes | MAXSPEED EMS training electrodes for arms\" \/>\n<meta property=\"og:description\" content=\"EMS arm electrodes by MAXSPEED for professional EMS training. Buy arm electrodes for EMS devices from MAXSPEED and similar models.\" \/>\n<meta property=\"og:url\" content=\"https:\/\/online-ems-training.de\/en\/produkt\/ems-arm-electrodes\/\" \/>\n<meta property=\"og:site_name\" content=\"EMS Reparaturen + EMS Zubeh\u00f6r\" \/>\n<meta property=\"article:publisher\" content=\"https:\/\/www.facebook.com\/OnlineEMSTrainingShop\" \/>\n<meta property=\"article:modified_time\" content=\"2024-05-01T06:05:40+00:00\" \/>\n<meta property=\"og:image\" content=\"https:\/\/i0.wp.com\/online-ems-training.de\/wp-content\/uploads\/2022\/02\/MAXSPEED_Beinelektroden_WP_Bild01-1.jpg?fit=1280%2C853&ssl=1\" \/>\n\t<meta property=\"og:image:width\" content=\"1280\" \/>\n\t<meta property=\"og:image:height\" content=\"853\" \/>\n\t<meta property=\"og:image:type\" content=\"image\/jpeg\" \/>\n<meta name=\"twitter:card\" content=\"summary_large_image\" \/>\n<meta name=\"twitter:label1\" content=\"Est. reading time\" \/>\n\t<meta name=\"twitter:data1\" content=\"1 minute\" \/>\n<script type=\"application\/ld+json\" class=\"yoast-schema-graph\">{\"@context\":\"https:\\\/\\\/schema.org\",\"@graph\":[{\"@type\":\"WebPage\",\"@id\":\"https:\\\/\\\/online-ems-training.de\\\/en\\\/produkt\\\/ems-arm-electrodes\\\/\",\"url\":\"https:\\\/\\\/online-ems-training.de\\\/en\\\/produkt\\\/ems-arm-electrodes\\\/\",\"name\":\"EMS arm electrodes | MAXSPEED EMS training electrodes for arms\",\"isPartOf\":{\"@id\":\"https:\\\/\\\/online-ems-training.de\\\/en\\\/#website\"},\"primaryImageOfPage\":{\"@id\":\"https:\\\/\\\/online-ems-training.de\\\/en\\\/produkt\\\/ems-arm-electrodes\\\/#primaryimage\"},\"image\":{\"@id\":\"https:\\\/\\\/online-ems-training.de\\\/en\\\/produkt\\\/ems-arm-electrodes\\\/#primaryimage\"},\"thumbnailUrl\":\"https:\\\/\\\/online-ems-training.de\\\/wp-content\\\/uploads\\\/2022\\\/02\\\/MAXSPEED_Beinelektroden_WP_Bild01-1.jpg\",\"datePublished\":\"2022-02-12T13:17:47+00:00\",\"dateModified\":\"2024-05-01T06:05:40+00:00\",\"description\":\"EMS arm electrodes by MAXSPEED for professional EMS training. Buy arm electrodes for EMS devices from MAXSPEED and similar models.\",\"breadcrumb\":{\"@id\":\"https:\\\/\\\/online-ems-training.de\\\/en\\\/produkt\\\/ems-arm-electrodes\\\/#breadcrumb\"},\"inLanguage\":\"en-US\",\"potentialAction\":[{\"@type\":\"ReadAction\",\"target\":[\"https:\\\/\\\/online-ems-training.de\\\/en\\\/produkt\\\/ems-arm-electrodes\\\/\"]}]},{\"@type\":\"ImageObject\",\"inLanguage\":\"en-US\",\"@id\":\"https:\\\/\\\/online-ems-training.de\\\/en\\\/produkt\\\/ems-arm-electrodes\\\/#primaryimage\",\"url\":\"https:\\\/\\\/online-ems-training.de\\\/wp-content\\\/uploads\\\/2022\\\/02\\\/MAXSPEED_Beinelektroden_WP_Bild01-1.jpg\",\"contentUrl\":\"https:\\\/\\\/online-ems-training.de\\\/wp-content\\\/uploads\\\/2022\\\/02\\\/MAXSPEED_Beinelektroden_WP_Bild01-1.jpg\",\"width\":1280,\"height\":853},{\"@type\":\"BreadcrumbList\",\"@id\":\"https:\\\/\\\/online-ems-training.de\\\/en\\\/produkt\\\/ems-arm-electrodes\\\/#breadcrumb\",\"itemListElement\":[{\"@type\":\"ListItem\",\"position\":1,\"name\":\"Startseite\",\"item\":\"https:\\\/\\\/online-ems-training.de\\\/en\\\/\"},{\"@type\":\"ListItem\",\"position\":2,\"name\":\"EMS arm electrodes\"}]},{\"@type\":\"WebSite\",\"@id\":\"https:\\\/\\\/online-ems-training.de\\\/en\\\/#website\",\"url\":\"https:\\\/\\\/online-ems-training.de\\\/en\\\/\",\"name\":\"EMS Reparaturen + EMS Zubeh\u00f6r\",\"description\":\"Reparaturen und Service f\u00fcr EMS Ger\u00e4te und EMS Elektroden\",\"potentialAction\":[{\"@type\":\"SearchAction\",\"target\":{\"@type\":\"EntryPoint\",\"urlTemplate\":\"https:\\\/\\\/online-ems-training.de\\\/en\\\/?s={search_term_string}\"},\"query-input\":{\"@type\":\"PropertyValueSpecification\",\"valueRequired\":true,\"valueName\":\"search_term_string\"}}],\"inLanguage\":\"en-US\"}]}<\/script>\n<!-- \/ Yoast SEO plugin. -->","yoast_head_json":{"title":"EMS arm electrodes | MAXSPEED EMS training electrodes for arms","description":"EMS arm electrodes by MAXSPEED for professional EMS training. Buy arm electrodes for EMS devices from MAXSPEED and similar models.","robots":{"index":"index","follow":"follow","max-snippet":"max-snippet:-1","max-image-preview":"max-image-preview:large","max-video-preview":"max-video-preview:-1"},"canonical":"https:\/\/online-ems-training.de\/en\/produkt\/ems-arm-electrodes\/","og_locale":"en_US","og_type":"article","og_title":"EMS arm electrodes | MAXSPEED EMS training electrodes for arms","og_description":"EMS arm electrodes by MAXSPEED for professional EMS training. Buy arm electrodes for EMS devices from MAXSPEED and similar models.","og_url":"https:\/\/online-ems-training.de\/en\/produkt\/ems-arm-electrodes\/","og_site_name":"EMS Reparaturen + EMS Zubeh\u00f6r","article_publisher":"https:\/\/www.facebook.com\/OnlineEMSTrainingShop","article_modified_time":"2024-05-01T06:05:40+00:00","og_image":[{"width":1280,"height":853,"url":"https:\/\/i0.wp.com\/online-ems-training.de\/wp-content\/uploads\/2022\/02\/MAXSPEED_Beinelektroden_WP_Bild01-1.jpg?fit=1280%2C853&ssl=1","type":"image\/jpeg"}],"twitter_card":"summary_large_image","twitter_misc":{"Est. reading time":"1 minute"},"schema":{"@context":"https:\/\/schema.org","@graph":[{"@type":"WebPage","@id":"https:\/\/online-ems-training.de\/en\/produkt\/ems-arm-electrodes\/","url":"https:\/\/online-ems-training.de\/en\/produkt\/ems-arm-electrodes\/","name":"EMS arm electrodes | MAXSPEED EMS training electrodes for arms","isPartOf":{"@id":"https:\/\/online-ems-training.de\/en\/#website"},"primaryImageOfPage":{"@id":"https:\/\/online-ems-training.de\/en\/produkt\/ems-arm-electrodes\/#primaryimage"},"image":{"@id":"https:\/\/online-ems-training.de\/en\/produkt\/ems-arm-electrodes\/#primaryimage"},"thumbnailUrl":"https:\/\/online-ems-training.de\/wp-content\/uploads\/2022\/02\/MAXSPEED_Beinelektroden_WP_Bild01-1.jpg","datePublished":"2022-02-12T13:17:47+00:00","dateModified":"2024-05-01T06:05:40+00:00","description":"EMS arm electrodes by MAXSPEED for professional EMS training. Buy arm electrodes for EMS devices from MAXSPEED and similar models.","breadcrumb":{"@id":"https:\/\/online-ems-training.de\/en\/produkt\/ems-arm-electrodes\/#breadcrumb"},"inLanguage":"en-US","potentialAction":[{"@type":"ReadAction","target":["https:\/\/online-ems-training.de\/en\/produkt\/ems-arm-electrodes\/"]}]},{"@type":"ImageObject","inLanguage":"en-US","@id":"https:\/\/online-ems-training.de\/en\/produkt\/ems-arm-electrodes\/#primaryimage","url":"https:\/\/online-ems-training.de\/wp-content\/uploads\/2022\/02\/MAXSPEED_Beinelektroden_WP_Bild01-1.jpg","contentUrl":"https:\/\/online-ems-training.de\/wp-content\/uploads\/2022\/02\/MAXSPEED_Beinelektroden_WP_Bild01-1.jpg","width":1280,"height":853},{"@type":"BreadcrumbList","@id":"https:\/\/online-ems-training.de\/en\/produkt\/ems-arm-electrodes\/#breadcrumb","itemListElement":[{"@type":"ListItem","position":1,"name":"Startseite","item":"https:\/\/online-ems-training.de\/en\/"},{"@type":"ListItem","position":2,"name":"EMS arm electrodes"}]},{"@type":"WebSite","@id":"https:\/\/online-ems-training.de\/en\/#website","url":"https:\/\/online-ems-training.de\/en\/","name":"EMS Reparaturen + EMS Zubeh\u00f6r","description":"Reparaturen und Service f\u00fcr EMS Ger\u00e4te und EMS Elektroden","potentialAction":[{"@type":"SearchAction","target":{"@type":"EntryPoint","urlTemplate":"https:\/\/online-ems-training.de\/en\/?s={search_term_string}"},"query-input":{"@type":"PropertyValueSpecification","valueRequired":true,"valueName":"search_term_string"}}],"inLanguage":"en-US"}]}},"_links":{"self":[{"href":"https:\/\/online-ems-training.de\/en\/wp-json\/wp\/v2\/product\/2458","targetHints":{"allow":["GET"]}}],"collection":[{"href":"https:\/\/online-ems-training.de\/en\/wp-json\/wp\/v2\/product"}],"about":[{"href":"https:\/\/online-ems-training.de\/en\/wp-json\/wp\/v2\/types\/product"}],"wp:featuredmedia":[{"embeddable":true,"href":"https:\/\/online-ems-training.de\/en\/wp-json\/wp\/v2\/media\/2053"}],"wp:attachment":[{"href":"https:\/\/online-ems-training.de\/en\/wp-json\/wp\/v2\/media?parent=2458"}],"wp:term":[{"taxonomy":"product_brand","embeddable":true,"href":"https:\/\/online-ems-training.de\/en\/wp-json\/wp\/v2\/product_brand?post=2458"},{"taxonomy":"product_cat","embeddable":true,"href":"https:\/\/online-ems-training.de\/en\/wp-json\/wp\/v2\/product_cat?post=2458"},{"taxonomy":"product_tag","embeddable":true,"href":"https:\/\/online-ems-training.de\/en\/wp-json\/wp\/v2\/product_tag?post=2458"}],"curies":[{"name":"wp","href":"https:\/\/api.w.org\/{rel}","templated":true}]}}