{"id":2541,"date":"2022-03-14T23:19:10","date_gmt":"2022-03-14T22:19:10","guid":{"rendered":"https:\/\/online-ems-training.de\/produkt\/classic-wiring-harness-mi-bo-clip-system\/"},"modified":"2024-05-01T11:00:05","modified_gmt":"2024-05-01T09:00:05","slug":"harness-classic","status":"publish","type":"product","link":"https:\/\/online-ems-training.de\/en\/produkt\/harness-classic\/","title":{"rendered":"Classic wiring harness (Mi-Bo clip system)"},"content":{"rendered":"<p>The wiring harness connects the connecting cable to the electrodes. The wiring harness is located in the electrode vest. All electrodes such as arm electrodes and leg electrodes are connected from here.<\/p>\n<p>The wiring harness is connected to the connecting cable by means of a clip system in such a way that the connection cannot come loose. This is particularly advantageous for dynamically designed EMS workouts. A simple but very reliable and proven solution.<\/p>\n<p>There are different sizes XS, S, M.<\/p>\n<p>&nbsp;<\/p>\n","protected":false},"excerpt":{"rendered":"<p>Wiring harness for Classic devices with clip connection (eg. Mi-Bo). The wiring harness is required for the connection between the EMS electrode system and the EMS device. By means of a connection cable, the electrode set is connected to the device and pulse transmission is enabled.<\/p>\n<p>&nbsp;<\/p>\n","protected":false},"featured_media":2055,"template":"","meta":[],"product_brand":[],"product_cat":[211],"product_tag":[],"class_list":{"0":"post-2541","1":"product","2":"type-product","3":"status-publish","4":"has-post-thumbnail","6":"product_cat-accessories","7":"product_shipping_class-dhl-package-2kg","9":"first","10":"instock","11":"taxable","12":"shipping-taxable","13":"purchasable","14":"product-type-variable"},"yoast_head":"<!-- This site is optimized with the Yoast SEO plugin v27.4 - https:\/\/yoast.com\/product\/yoast-seo-wordpress\/ -->\n<title>Classic wiring harness (Mi-Bo clip system) &#187; EMS Reparaturen + EMS Zubeh\u00f6r<\/title>\n<meta name=\"description\" content=\"Wiring harness for EMS training equipment and EMS electrodes. Buy a MAXSPEED harness for vests and EMS harness systems for use on EMS equipment.\" \/>\n<meta name=\"robots\" content=\"index, follow, max-snippet:-1, max-image-preview:large, max-video-preview:-1\" \/>\n<link rel=\"canonical\" href=\"https:\/\/online-ems-training.de\/en\/produkt\/harness-classic\/\" \/>\n<meta property=\"og:locale\" content=\"en_US\" \/>\n<meta property=\"og:type\" content=\"article\" \/>\n<meta property=\"og:title\" content=\"Classic wiring harness (Mi-Bo clip system) &#187; EMS Reparaturen + EMS Zubeh\u00f6r\" \/>\n<meta property=\"og:description\" content=\"Wiring harness for EMS training equipment and EMS electrodes. Buy a MAXSPEED harness for vests and EMS harness systems for use on EMS equipment.\" \/>\n<meta property=\"og:url\" content=\"https:\/\/online-ems-training.de\/en\/produkt\/harness-classic\/\" \/>\n<meta property=\"og:site_name\" content=\"EMS Reparaturen + EMS Zubeh\u00f6r\" \/>\n<meta property=\"article:publisher\" content=\"https:\/\/www.facebook.com\/OnlineEMSTrainingShop\" \/>\n<meta property=\"article:modified_time\" content=\"2024-05-01T09:00:05+00:00\" \/>\n<meta property=\"og:image\" content=\"https:\/\/i0.wp.com\/online-ems-training.de\/wp-content\/uploads\/2022\/02\/EMS-Training-Kabelbaum.jpg?fit=1980%2C1320&ssl=1\" \/>\n\t<meta property=\"og:image:width\" content=\"1980\" \/>\n\t<meta property=\"og:image:height\" content=\"1320\" \/>\n\t<meta property=\"og:image:type\" content=\"image\/jpeg\" \/>\n<meta name=\"twitter:card\" content=\"summary_large_image\" \/>\n<script type=\"application\/ld+json\" class=\"yoast-schema-graph\">{\"@context\":\"https:\\\/\\\/schema.org\",\"@graph\":[{\"@type\":\"WebPage\",\"@id\":\"https:\\\/\\\/online-ems-training.de\\\/en\\\/produkt\\\/harness-classic\\\/\",\"url\":\"https:\\\/\\\/online-ems-training.de\\\/en\\\/produkt\\\/harness-classic\\\/\",\"name\":\"Classic wiring harness (Mi-Bo clip system) &#187; EMS Reparaturen + EMS Zubeh\u00f6r\",\"isPartOf\":{\"@id\":\"https:\\\/\\\/online-ems-training.de\\\/en\\\/#website\"},\"primaryImageOfPage\":{\"@id\":\"https:\\\/\\\/online-ems-training.de\\\/en\\\/produkt\\\/harness-classic\\\/#primaryimage\"},\"image\":{\"@id\":\"https:\\\/\\\/online-ems-training.de\\\/en\\\/produkt\\\/harness-classic\\\/#primaryimage\"},\"thumbnailUrl\":\"https:\\\/\\\/online-ems-training.de\\\/wp-content\\\/uploads\\\/2022\\\/02\\\/EMS-Training-Kabelbaum.jpg\",\"datePublished\":\"2022-03-14T22:19:10+00:00\",\"dateModified\":\"2024-05-01T09:00:05+00:00\",\"description\":\"Wiring harness for EMS training equipment and EMS electrodes. Buy a MAXSPEED harness for vests and EMS harness systems for use on EMS equipment.\",\"breadcrumb\":{\"@id\":\"https:\\\/\\\/online-ems-training.de\\\/en\\\/produkt\\\/harness-classic\\\/#breadcrumb\"},\"inLanguage\":\"en-US\",\"potentialAction\":[{\"@type\":\"ReadAction\",\"target\":[\"https:\\\/\\\/online-ems-training.de\\\/en\\\/produkt\\\/harness-classic\\\/\"]}]},{\"@type\":\"ImageObject\",\"inLanguage\":\"en-US\",\"@id\":\"https:\\\/\\\/online-ems-training.de\\\/en\\\/produkt\\\/harness-classic\\\/#primaryimage\",\"url\":\"https:\\\/\\\/online-ems-training.de\\\/wp-content\\\/uploads\\\/2022\\\/02\\\/EMS-Training-Kabelbaum.jpg\",\"contentUrl\":\"https:\\\/\\\/online-ems-training.de\\\/wp-content\\\/uploads\\\/2022\\\/02\\\/EMS-Training-Kabelbaum.jpg\",\"width\":1980,\"height\":1320},{\"@type\":\"BreadcrumbList\",\"@id\":\"https:\\\/\\\/online-ems-training.de\\\/en\\\/produkt\\\/harness-classic\\\/#breadcrumb\",\"itemListElement\":[{\"@type\":\"ListItem\",\"position\":1,\"name\":\"Startseite\",\"item\":\"https:\\\/\\\/online-ems-training.de\\\/en\\\/\"},{\"@type\":\"ListItem\",\"position\":2,\"name\":\"Classic wiring harness (Mi-Bo clip system)\"}]},{\"@type\":\"WebSite\",\"@id\":\"https:\\\/\\\/online-ems-training.de\\\/en\\\/#website\",\"url\":\"https:\\\/\\\/online-ems-training.de\\\/en\\\/\",\"name\":\"EMS Reparaturen + EMS Zubeh\u00f6r\",\"description\":\"Reparaturen und Service f\u00fcr EMS Ger\u00e4te und EMS Elektroden\",\"potentialAction\":[{\"@type\":\"SearchAction\",\"target\":{\"@type\":\"EntryPoint\",\"urlTemplate\":\"https:\\\/\\\/online-ems-training.de\\\/en\\\/?s={search_term_string}\"},\"query-input\":{\"@type\":\"PropertyValueSpecification\",\"valueRequired\":true,\"valueName\":\"search_term_string\"}}],\"inLanguage\":\"en-US\"}]}<\/script>\n<!-- \/ Yoast SEO plugin. -->","yoast_head_json":{"title":"Classic wiring harness (Mi-Bo clip system) &#187; EMS Reparaturen + EMS Zubeh\u00f6r","description":"Wiring harness for EMS training equipment and EMS electrodes. Buy a MAXSPEED harness for vests and EMS harness systems for use on EMS equipment.","robots":{"index":"index","follow":"follow","max-snippet":"max-snippet:-1","max-image-preview":"max-image-preview:large","max-video-preview":"max-video-preview:-1"},"canonical":"https:\/\/online-ems-training.de\/en\/produkt\/harness-classic\/","og_locale":"en_US","og_type":"article","og_title":"Classic wiring harness (Mi-Bo clip system) &#187; EMS Reparaturen + EMS Zubeh\u00f6r","og_description":"Wiring harness for EMS training equipment and EMS electrodes. Buy a MAXSPEED harness for vests and EMS harness systems for use on EMS equipment.","og_url":"https:\/\/online-ems-training.de\/en\/produkt\/harness-classic\/","og_site_name":"EMS Reparaturen + EMS Zubeh\u00f6r","article_publisher":"https:\/\/www.facebook.com\/OnlineEMSTrainingShop","article_modified_time":"2024-05-01T09:00:05+00:00","og_image":[{"width":1980,"height":1320,"url":"https:\/\/i0.wp.com\/online-ems-training.de\/wp-content\/uploads\/2022\/02\/EMS-Training-Kabelbaum.jpg?fit=1980%2C1320&ssl=1","type":"image\/jpeg"}],"twitter_card":"summary_large_image","schema":{"@context":"https:\/\/schema.org","@graph":[{"@type":"WebPage","@id":"https:\/\/online-ems-training.de\/en\/produkt\/harness-classic\/","url":"https:\/\/online-ems-training.de\/en\/produkt\/harness-classic\/","name":"Classic wiring harness (Mi-Bo clip system) &#187; EMS Reparaturen + EMS Zubeh\u00f6r","isPartOf":{"@id":"https:\/\/online-ems-training.de\/en\/#website"},"primaryImageOfPage":{"@id":"https:\/\/online-ems-training.de\/en\/produkt\/harness-classic\/#primaryimage"},"image":{"@id":"https:\/\/online-ems-training.de\/en\/produkt\/harness-classic\/#primaryimage"},"thumbnailUrl":"https:\/\/online-ems-training.de\/wp-content\/uploads\/2022\/02\/EMS-Training-Kabelbaum.jpg","datePublished":"2022-03-14T22:19:10+00:00","dateModified":"2024-05-01T09:00:05+00:00","description":"Wiring harness for EMS training equipment and EMS electrodes. Buy a MAXSPEED harness for vests and EMS harness systems for use on EMS equipment.","breadcrumb":{"@id":"https:\/\/online-ems-training.de\/en\/produkt\/harness-classic\/#breadcrumb"},"inLanguage":"en-US","potentialAction":[{"@type":"ReadAction","target":["https:\/\/online-ems-training.de\/en\/produkt\/harness-classic\/"]}]},{"@type":"ImageObject","inLanguage":"en-US","@id":"https:\/\/online-ems-training.de\/en\/produkt\/harness-classic\/#primaryimage","url":"https:\/\/online-ems-training.de\/wp-content\/uploads\/2022\/02\/EMS-Training-Kabelbaum.jpg","contentUrl":"https:\/\/online-ems-training.de\/wp-content\/uploads\/2022\/02\/EMS-Training-Kabelbaum.jpg","width":1980,"height":1320},{"@type":"BreadcrumbList","@id":"https:\/\/online-ems-training.de\/en\/produkt\/harness-classic\/#breadcrumb","itemListElement":[{"@type":"ListItem","position":1,"name":"Startseite","item":"https:\/\/online-ems-training.de\/en\/"},{"@type":"ListItem","position":2,"name":"Classic wiring harness (Mi-Bo clip system)"}]},{"@type":"WebSite","@id":"https:\/\/online-ems-training.de\/en\/#website","url":"https:\/\/online-ems-training.de\/en\/","name":"EMS Reparaturen + EMS Zubeh\u00f6r","description":"Reparaturen und Service f\u00fcr EMS Ger\u00e4te und EMS Elektroden","potentialAction":[{"@type":"SearchAction","target":{"@type":"EntryPoint","urlTemplate":"https:\/\/online-ems-training.de\/en\/?s={search_term_string}"},"query-input":{"@type":"PropertyValueSpecification","valueRequired":true,"valueName":"search_term_string"}}],"inLanguage":"en-US"}]}},"_links":{"self":[{"href":"https:\/\/online-ems-training.de\/en\/wp-json\/wp\/v2\/product\/2541","targetHints":{"allow":["GET"]}}],"collection":[{"href":"https:\/\/online-ems-training.de\/en\/wp-json\/wp\/v2\/product"}],"about":[{"href":"https:\/\/online-ems-training.de\/en\/wp-json\/wp\/v2\/types\/product"}],"wp:featuredmedia":[{"embeddable":true,"href":"https:\/\/online-ems-training.de\/en\/wp-json\/wp\/v2\/media\/2055"}],"wp:attachment":[{"href":"https:\/\/online-ems-training.de\/en\/wp-json\/wp\/v2\/media?parent=2541"}],"wp:term":[{"taxonomy":"product_brand","embeddable":true,"href":"https:\/\/online-ems-training.de\/en\/wp-json\/wp\/v2\/product_brand?post=2541"},{"taxonomy":"product_cat","embeddable":true,"href":"https:\/\/online-ems-training.de\/en\/wp-json\/wp\/v2\/product_cat?post=2541"},{"taxonomy":"product_tag","embeddable":true,"href":"https:\/\/online-ems-training.de\/en\/wp-json\/wp\/v2\/product_tag?post=2541"}],"curies":[{"name":"wp","href":"https:\/\/api.w.org\/{rel}","templated":true}]}}