{"id":2603,"date":"2022-08-18T15:01:16","date_gmt":"2022-08-18T13:01:16","guid":{"rendered":"https:\/\/online-ems-training.de\/produkt\/ems-electrodes-8-channel-electrode-pants\/"},"modified":"2024-04-30T23:24:00","modified_gmt":"2024-04-30T21:24:00","slug":"ems-electrodes-8-channel-electrode-pants","status":"publish","type":"product","link":"https:\/\/online-ems-training.de\/en\/produkt\/ems-electrodes-8-channel-electrode-pants\/","title":{"rendered":"EMS electrodes 8 channel electrode pants"},"content":{"rendered":"<p>The 8 channel electrode pants are characterized by an excellent fit. It is perfect for active and dynamic training. The pairs of electrodes are formed respectively for the buttocks and legs. Where the pair of legs is once again divided into a front and a rear electrode. The electrode pants can be connected to the MAXSPEED kharness with a partial harness or directly to a harness when used together with third-party electrodes<\/p>\n<p>The 8 channel electrode pants are made of a strong backing material, durable industrial grade fasteners, highly absorbent water reservoirs and perfect electrodes.<\/p>\n<p>The electrodes are easy and effective to clean in the washing machine with a mild detergent.<\/p>\n<p>Please measure the specified dimensions for the selection of electrodes and then determine the correct size.<\/p>\n","protected":false},"excerpt":{"rendered":"<p>An electrode pants for professional EMS training. The 8 channel system is suitable for MAXSPEED 8 and comparable EMS devices.<\/p>\n","protected":false},"featured_media":2195,"template":"","meta":[],"product_brand":[],"product_cat":[210],"product_tag":[204,190,205,232],"class_list":{"0":"post-2603","1":"product","2":"type-product","3":"status-publish","4":"has-post-thumbnail","6":"product_cat-ems-electrodes","7":"product_tag-electrode-set","8":"product_tag-ems-en","9":"product_tag-ems-electrodes","10":"product_tag-ems-vest","11":"product_shipping_class-dhl-package-2kg","13":"first","14":"instock","15":"featured","16":"taxable","17":"shipping-taxable","18":"purchasable","19":"product-type-variable"},"yoast_head":"<!-- This site is optimized with the Yoast SEO plugin v27.4 - https:\/\/yoast.com\/product\/yoast-seo-wordpress\/ -->\n<title>EMS electrodes 8 channel electrode pants &#187; EMS vests set MAXSPEED<\/title>\n<meta name=\"description\" content=\"Order here the original MAXSPEED electrodes for EMS training in the online store. Fast delivery and secure payment.\" \/>\n<meta name=\"robots\" content=\"index, follow, max-snippet:-1, max-image-preview:large, max-video-preview:-1\" \/>\n<link rel=\"canonical\" href=\"https:\/\/online-ems-training.de\/en\/produkt\/ems-electrodes-8-channel-electrode-pants\/\" \/>\n<meta property=\"og:locale\" content=\"en_US\" \/>\n<meta property=\"og:type\" content=\"article\" \/>\n<meta property=\"og:title\" content=\"EMS electrodes 8 channel electrode pants &#187; EMS vests set MAXSPEED\" \/>\n<meta property=\"og:description\" content=\"Order here the original MAXSPEED electrodes for EMS training in the online store. Fast delivery and secure payment.\" \/>\n<meta property=\"og:url\" content=\"https:\/\/online-ems-training.de\/en\/produkt\/ems-electrodes-8-channel-electrode-pants\/\" \/>\n<meta property=\"og:site_name\" content=\"EMS Reparaturen + EMS Zubeh\u00f6r\" \/>\n<meta property=\"article:publisher\" content=\"https:\/\/www.facebook.com\/OnlineEMSTrainingShop\" \/>\n<meta property=\"article:modified_time\" content=\"2024-04-30T21:24:00+00:00\" \/>\n<meta property=\"og:image\" content=\"https:\/\/i0.wp.com\/online-ems-training.de\/wp-content\/uploads\/2022\/08\/Elektrodenhose-1.png?fit=600%2C400&ssl=1\" \/>\n\t<meta property=\"og:image:width\" content=\"600\" \/>\n\t<meta property=\"og:image:height\" content=\"400\" \/>\n\t<meta property=\"og:image:type\" content=\"image\/png\" \/>\n<meta name=\"twitter:card\" content=\"summary_large_image\" \/>\n<meta name=\"twitter:label1\" content=\"Est. reading time\" \/>\n\t<meta name=\"twitter:data1\" content=\"1 minute\" \/>\n<script type=\"application\/ld+json\" class=\"yoast-schema-graph\">{\"@context\":\"https:\\\/\\\/schema.org\",\"@graph\":[{\"@type\":\"WebPage\",\"@id\":\"https:\\\/\\\/online-ems-training.de\\\/en\\\/produkt\\\/ems-electrodes-8-channel-electrode-pants\\\/\",\"url\":\"https:\\\/\\\/online-ems-training.de\\\/en\\\/produkt\\\/ems-electrodes-8-channel-electrode-pants\\\/\",\"name\":\"EMS electrodes 8 channel electrode pants &#187; EMS vests set MAXSPEED\",\"isPartOf\":{\"@id\":\"https:\\\/\\\/online-ems-training.de\\\/en\\\/#website\"},\"primaryImageOfPage\":{\"@id\":\"https:\\\/\\\/online-ems-training.de\\\/en\\\/produkt\\\/ems-electrodes-8-channel-electrode-pants\\\/#primaryimage\"},\"image\":{\"@id\":\"https:\\\/\\\/online-ems-training.de\\\/en\\\/produkt\\\/ems-electrodes-8-channel-electrode-pants\\\/#primaryimage\"},\"thumbnailUrl\":\"https:\\\/\\\/online-ems-training.de\\\/wp-content\\\/uploads\\\/2022\\\/08\\\/Elektrodenhose-1.png\",\"datePublished\":\"2022-08-18T13:01:16+00:00\",\"dateModified\":\"2024-04-30T21:24:00+00:00\",\"description\":\"Order here the original MAXSPEED electrodes for EMS training in the online store. Fast delivery and secure payment.\",\"breadcrumb\":{\"@id\":\"https:\\\/\\\/online-ems-training.de\\\/en\\\/produkt\\\/ems-electrodes-8-channel-electrode-pants\\\/#breadcrumb\"},\"inLanguage\":\"en-US\",\"potentialAction\":[{\"@type\":\"ReadAction\",\"target\":[\"https:\\\/\\\/online-ems-training.de\\\/en\\\/produkt\\\/ems-electrodes-8-channel-electrode-pants\\\/\"]}]},{\"@type\":\"ImageObject\",\"inLanguage\":\"en-US\",\"@id\":\"https:\\\/\\\/online-ems-training.de\\\/en\\\/produkt\\\/ems-electrodes-8-channel-electrode-pants\\\/#primaryimage\",\"url\":\"https:\\\/\\\/online-ems-training.de\\\/wp-content\\\/uploads\\\/2022\\\/08\\\/Elektrodenhose-1.png\",\"contentUrl\":\"https:\\\/\\\/online-ems-training.de\\\/wp-content\\\/uploads\\\/2022\\\/08\\\/Elektrodenhose-1.png\",\"width\":600,\"height\":400,\"caption\":\"Electrode pants\"},{\"@type\":\"BreadcrumbList\",\"@id\":\"https:\\\/\\\/online-ems-training.de\\\/en\\\/produkt\\\/ems-electrodes-8-channel-electrode-pants\\\/#breadcrumb\",\"itemListElement\":[{\"@type\":\"ListItem\",\"position\":1,\"name\":\"Startseite\",\"item\":\"https:\\\/\\\/online-ems-training.de\\\/en\\\/\"},{\"@type\":\"ListItem\",\"position\":2,\"name\":\"EMS electrodes 8 channel electrode pants\"}]},{\"@type\":\"WebSite\",\"@id\":\"https:\\\/\\\/online-ems-training.de\\\/en\\\/#website\",\"url\":\"https:\\\/\\\/online-ems-training.de\\\/en\\\/\",\"name\":\"EMS Reparaturen + EMS Zubeh\u00f6r\",\"description\":\"Reparaturen und Service f\u00fcr EMS Ger\u00e4te und EMS Elektroden\",\"potentialAction\":[{\"@type\":\"SearchAction\",\"target\":{\"@type\":\"EntryPoint\",\"urlTemplate\":\"https:\\\/\\\/online-ems-training.de\\\/en\\\/?s={search_term_string}\"},\"query-input\":{\"@type\":\"PropertyValueSpecification\",\"valueRequired\":true,\"valueName\":\"search_term_string\"}}],\"inLanguage\":\"en-US\"}]}<\/script>\n<!-- \/ Yoast SEO plugin. -->","yoast_head_json":{"title":"EMS electrodes 8 channel electrode pants &#187; EMS vests set MAXSPEED","description":"Order here the original MAXSPEED electrodes for EMS training in the online store. Fast delivery and secure payment.","robots":{"index":"index","follow":"follow","max-snippet":"max-snippet:-1","max-image-preview":"max-image-preview:large","max-video-preview":"max-video-preview:-1"},"canonical":"https:\/\/online-ems-training.de\/en\/produkt\/ems-electrodes-8-channel-electrode-pants\/","og_locale":"en_US","og_type":"article","og_title":"EMS electrodes 8 channel electrode pants &#187; EMS vests set MAXSPEED","og_description":"Order here the original MAXSPEED electrodes for EMS training in the online store. Fast delivery and secure payment.","og_url":"https:\/\/online-ems-training.de\/en\/produkt\/ems-electrodes-8-channel-electrode-pants\/","og_site_name":"EMS Reparaturen + EMS Zubeh\u00f6r","article_publisher":"https:\/\/www.facebook.com\/OnlineEMSTrainingShop","article_modified_time":"2024-04-30T21:24:00+00:00","og_image":[{"width":600,"height":400,"url":"https:\/\/i0.wp.com\/online-ems-training.de\/wp-content\/uploads\/2022\/08\/Elektrodenhose-1.png?fit=600%2C400&ssl=1","type":"image\/png"}],"twitter_card":"summary_large_image","twitter_misc":{"Est. reading time":"1 minute"},"schema":{"@context":"https:\/\/schema.org","@graph":[{"@type":"WebPage","@id":"https:\/\/online-ems-training.de\/en\/produkt\/ems-electrodes-8-channel-electrode-pants\/","url":"https:\/\/online-ems-training.de\/en\/produkt\/ems-electrodes-8-channel-electrode-pants\/","name":"EMS electrodes 8 channel electrode pants &#187; EMS vests set MAXSPEED","isPartOf":{"@id":"https:\/\/online-ems-training.de\/en\/#website"},"primaryImageOfPage":{"@id":"https:\/\/online-ems-training.de\/en\/produkt\/ems-electrodes-8-channel-electrode-pants\/#primaryimage"},"image":{"@id":"https:\/\/online-ems-training.de\/en\/produkt\/ems-electrodes-8-channel-electrode-pants\/#primaryimage"},"thumbnailUrl":"https:\/\/online-ems-training.de\/wp-content\/uploads\/2022\/08\/Elektrodenhose-1.png","datePublished":"2022-08-18T13:01:16+00:00","dateModified":"2024-04-30T21:24:00+00:00","description":"Order here the original MAXSPEED electrodes for EMS training in the online store. Fast delivery and secure payment.","breadcrumb":{"@id":"https:\/\/online-ems-training.de\/en\/produkt\/ems-electrodes-8-channel-electrode-pants\/#breadcrumb"},"inLanguage":"en-US","potentialAction":[{"@type":"ReadAction","target":["https:\/\/online-ems-training.de\/en\/produkt\/ems-electrodes-8-channel-electrode-pants\/"]}]},{"@type":"ImageObject","inLanguage":"en-US","@id":"https:\/\/online-ems-training.de\/en\/produkt\/ems-electrodes-8-channel-electrode-pants\/#primaryimage","url":"https:\/\/online-ems-training.de\/wp-content\/uploads\/2022\/08\/Elektrodenhose-1.png","contentUrl":"https:\/\/online-ems-training.de\/wp-content\/uploads\/2022\/08\/Elektrodenhose-1.png","width":600,"height":400,"caption":"Electrode pants"},{"@type":"BreadcrumbList","@id":"https:\/\/online-ems-training.de\/en\/produkt\/ems-electrodes-8-channel-electrode-pants\/#breadcrumb","itemListElement":[{"@type":"ListItem","position":1,"name":"Startseite","item":"https:\/\/online-ems-training.de\/en\/"},{"@type":"ListItem","position":2,"name":"EMS electrodes 8 channel electrode pants"}]},{"@type":"WebSite","@id":"https:\/\/online-ems-training.de\/en\/#website","url":"https:\/\/online-ems-training.de\/en\/","name":"EMS Reparaturen + EMS Zubeh\u00f6r","description":"Reparaturen und Service f\u00fcr EMS Ger\u00e4te und EMS Elektroden","potentialAction":[{"@type":"SearchAction","target":{"@type":"EntryPoint","urlTemplate":"https:\/\/online-ems-training.de\/en\/?s={search_term_string}"},"query-input":{"@type":"PropertyValueSpecification","valueRequired":true,"valueName":"search_term_string"}}],"inLanguage":"en-US"}]}},"_links":{"self":[{"href":"https:\/\/online-ems-training.de\/en\/wp-json\/wp\/v2\/product\/2603","targetHints":{"allow":["GET"]}}],"collection":[{"href":"https:\/\/online-ems-training.de\/en\/wp-json\/wp\/v2\/product"}],"about":[{"href":"https:\/\/online-ems-training.de\/en\/wp-json\/wp\/v2\/types\/product"}],"wp:featuredmedia":[{"embeddable":true,"href":"https:\/\/online-ems-training.de\/en\/wp-json\/wp\/v2\/media\/2195"}],"wp:attachment":[{"href":"https:\/\/online-ems-training.de\/en\/wp-json\/wp\/v2\/media?parent=2603"}],"wp:term":[{"taxonomy":"product_brand","embeddable":true,"href":"https:\/\/online-ems-training.de\/en\/wp-json\/wp\/v2\/product_brand?post=2603"},{"taxonomy":"product_cat","embeddable":true,"href":"https:\/\/online-ems-training.de\/en\/wp-json\/wp\/v2\/product_cat?post=2603"},{"taxonomy":"product_tag","embeddable":true,"href":"https:\/\/online-ems-training.de\/en\/wp-json\/wp\/v2\/product_tag?post=2603"}],"curies":[{"name":"wp","href":"https:\/\/api.w.org\/{rel}","templated":true}]}}