{"id":3653,"date":"2025-03-31T13:52:25","date_gmt":"2025-03-31T11:52:25","guid":{"rendered":"https:\/\/online-ems-training.de\/produkt\/roton-star-ems-training-device\/"},"modified":"2025-03-31T13:52:25","modified_gmt":"2025-03-31T11:52:25","slug":"roton-star-ems-training-device","status":"publish","type":"product","link":"https:\/\/online-ems-training.de\/en\/produkt\/roton-star-ems-training-device\/","title":{"rendered":"ROTON STAR EMS training device"},"content":{"rendered":"<p>The ROTON Star EMS home trainer enables <strong>EMS training in studio quality<\/strong> at home. This top device is now available to you for a one-off price of <g id=\"gid_1\">\u20ac899.00<\/g> instead of the regular \u20ac1,859.00! <\/p>\n<p>&nbsp;<\/p>\n<ul>\n<li>Achieve <strong>strength, fitness and slimness<\/strong> from home!<\/li>\n<\/ul>\n<ul>\n<li>Only 3 x per week  <strong>15 min. training <\/strong>  lead to success!<\/li>\n<\/ul>\n<ul>\n<li>Professional technology for <strong>professional results<\/strong><\/li>\n<\/ul>\n<ul>\n<li><strong>Easy handling<\/strong> and <strong>professional exercise instructions<\/strong> included!<\/li>\n<\/ul>\n<p>&nbsp;<\/p>\n<p>Even at the old price, the ROTON Star was the EMS training device with the <strong>best price-performance ratio<\/strong> &#8211; this limited time offer now gives you the chance to get a <strong>bargain that will never come again!<\/strong><\/p>\n<p>&nbsp;<\/p>\n<p>The complete <strong>ROTON Star package for beginners and advanced users<\/strong> contains the Star EMS exercise bike, the EMS electrode set including vest and the connection cable. Together, the package provides you with professional-quality EMS training, whether on the move, on the road or at home.  <\/p>\n<p>With the different pairs of electrodes, you can train all major muscle groups in a targeted manner, even down to the deeper layers. Simply moisten the electrodes, put on the vest set and get started. <\/p>\n<p>&nbsp;<\/p>\n<p>The ROTON Star EMS trainer together with the ROTON EMS electrode set enables highly effective and time-saving training <strong>in just 15 minutes<\/strong> for all EMS enthusiasts at home.<\/p>\n<div>\n<h3 class=\"cch3black\"><\/h3>\n<h3 class=\"cch3black\">YOUR PERFECT SIZE<\/h3>\n<div>\n<p>&nbsp;<\/p>\n<p>The complete electrode set, consisting of vest, arm, leg and buttock electrodes, was developed for the ROTON EMS devices. The complete set is available in different sizes so that every figure can find the right electrodes. The cable harness is included in this package.  <\/p>\n<\/div>\n<\/div>\n","protected":false},"excerpt":{"rendered":"<p>The ROTON Star EMS home trainer gives you studio-quality EMS training at home. Simply switch on the ROTON Star, put on the ROTON Star EMS electrode and vest set and your training can begin. By simply putting on and moistening the electrodes, you also reduce the preparation time for your EMS training to a minimum. The ROTON Star enables highly effective and time-saving training in just 15 minutes &#8211; anywhere.   <\/p>\n","protected":false},"featured_media":3263,"template":"","meta":[],"product_brand":[],"product_cat":[188],"product_tag":[204,190,196],"class_list":{"0":"post-3653","1":"product","2":"type-product","3":"status-publish","4":"has-post-thumbnail","6":"product_cat-ems-training-devices","7":"product_tag-electrode-set","8":"product_tag-ems-en","9":"product_tag-ems-device-en-2","11":"first","12":"instock","13":"sale","14":"taxable","15":"shipping-taxable","16":"purchasable","17":"product-type-variable"},"yoast_head":"<!-- This site is optimized with the Yoast SEO plugin v27.4 - https:\/\/yoast.com\/product\/yoast-seo-wordpress\/ -->\n<title>ROTON STAR EMS training device &#187; EMS Reparaturen + EMS Zubeh\u00f6r<\/title>\n<meta name=\"robots\" content=\"index, follow, max-snippet:-1, max-image-preview:large, max-video-preview:-1\" \/>\n<link rel=\"canonical\" href=\"https:\/\/online-ems-training.de\/en\/produkt\/roton-star-ems-training-device\/\" \/>\n<meta property=\"og:locale\" content=\"en_US\" \/>\n<meta property=\"og:type\" content=\"article\" \/>\n<meta property=\"og:title\" content=\"ROTON STAR EMS training device &#187; EMS Reparaturen + EMS Zubeh\u00f6r\" \/>\n<meta property=\"og:description\" content=\"The ROTON Star EMS home trainer gives you studio-quality EMS training at home. Simply switch on the ROTON Star, put on the ROTON Star EMS electrode and vest set and your training can begin. By simply putting on and moistening the electrodes, you also reduce the preparation time for your EMS training to a minimum. The ROTON Star enables highly effective and time-saving training in just 15 minutes - anywhere.\" \/>\n<meta property=\"og:url\" content=\"https:\/\/online-ems-training.de\/en\/produkt\/roton-star-ems-training-device\/\" \/>\n<meta property=\"og:site_name\" content=\"EMS Reparaturen + EMS Zubeh\u00f6r\" \/>\n<meta property=\"article:publisher\" content=\"https:\/\/www.facebook.com\/OnlineEMSTrainingShop\" \/>\n<meta property=\"og:image\" content=\"https:\/\/online-ems-training.de\/wp-content\/uploads\/2025\/03\/ems-roton-star-komplettset-groesse.jpg\" \/>\n\t<meta property=\"og:image:width\" content=\"600\" \/>\n\t<meta property=\"og:image:height\" content=\"600\" \/>\n\t<meta property=\"og:image:type\" content=\"image\/jpeg\" \/>\n<meta name=\"twitter:card\" content=\"summary_large_image\" \/>\n<meta name=\"twitter:label1\" content=\"Est. reading time\" \/>\n\t<meta name=\"twitter:data1\" content=\"1 minute\" \/>\n<script type=\"application\/ld+json\" class=\"yoast-schema-graph\">{\"@context\":\"https:\\\/\\\/schema.org\",\"@graph\":[{\"@type\":\"WebPage\",\"@id\":\"https:\\\/\\\/online-ems-training.de\\\/en\\\/produkt\\\/roton-star-ems-training-device\\\/\",\"url\":\"https:\\\/\\\/online-ems-training.de\\\/en\\\/produkt\\\/roton-star-ems-training-device\\\/\",\"name\":\"ROTON STAR EMS training device &#187; EMS Reparaturen + EMS Zubeh\u00f6r\",\"isPartOf\":{\"@id\":\"https:\\\/\\\/online-ems-training.de\\\/en\\\/#website\"},\"primaryImageOfPage\":{\"@id\":\"https:\\\/\\\/online-ems-training.de\\\/en\\\/produkt\\\/roton-star-ems-training-device\\\/#primaryimage\"},\"image\":{\"@id\":\"https:\\\/\\\/online-ems-training.de\\\/en\\\/produkt\\\/roton-star-ems-training-device\\\/#primaryimage\"},\"thumbnailUrl\":\"https:\\\/\\\/online-ems-training.de\\\/wp-content\\\/uploads\\\/2025\\\/03\\\/ems-roton-star-komplettset-groesse.jpg\",\"datePublished\":\"2025-03-31T11:52:25+00:00\",\"breadcrumb\":{\"@id\":\"https:\\\/\\\/online-ems-training.de\\\/en\\\/produkt\\\/roton-star-ems-training-device\\\/#breadcrumb\"},\"inLanguage\":\"en-US\",\"potentialAction\":[{\"@type\":\"ReadAction\",\"target\":[\"https:\\\/\\\/online-ems-training.de\\\/en\\\/produkt\\\/roton-star-ems-training-device\\\/\"]}]},{\"@type\":\"ImageObject\",\"inLanguage\":\"en-US\",\"@id\":\"https:\\\/\\\/online-ems-training.de\\\/en\\\/produkt\\\/roton-star-ems-training-device\\\/#primaryimage\",\"url\":\"https:\\\/\\\/online-ems-training.de\\\/wp-content\\\/uploads\\\/2025\\\/03\\\/ems-roton-star-komplettset-groesse.jpg\",\"contentUrl\":\"https:\\\/\\\/online-ems-training.de\\\/wp-content\\\/uploads\\\/2025\\\/03\\\/ems-roton-star-komplettset-groesse.jpg\",\"width\":600,\"height\":600,\"caption\":\"ROTON Star complete set\"},{\"@type\":\"BreadcrumbList\",\"@id\":\"https:\\\/\\\/online-ems-training.de\\\/en\\\/produkt\\\/roton-star-ems-training-device\\\/#breadcrumb\",\"itemListElement\":[{\"@type\":\"ListItem\",\"position\":1,\"name\":\"Startseite\",\"item\":\"https:\\\/\\\/online-ems-training.de\\\/en\\\/\"},{\"@type\":\"ListItem\",\"position\":2,\"name\":\"ROTON STAR EMS training device\"}]},{\"@type\":\"WebSite\",\"@id\":\"https:\\\/\\\/online-ems-training.de\\\/en\\\/#website\",\"url\":\"https:\\\/\\\/online-ems-training.de\\\/en\\\/\",\"name\":\"EMS Reparaturen + EMS Zubeh\u00f6r\",\"description\":\"Reparaturen und Service f\u00fcr EMS Ger\u00e4te und EMS Elektroden\",\"potentialAction\":[{\"@type\":\"SearchAction\",\"target\":{\"@type\":\"EntryPoint\",\"urlTemplate\":\"https:\\\/\\\/online-ems-training.de\\\/en\\\/?s={search_term_string}\"},\"query-input\":{\"@type\":\"PropertyValueSpecification\",\"valueRequired\":true,\"valueName\":\"search_term_string\"}}],\"inLanguage\":\"en-US\"}]}<\/script>\n<!-- \/ Yoast SEO plugin. -->","yoast_head_json":{"title":"ROTON STAR EMS training device &#187; EMS Reparaturen + EMS Zubeh\u00f6r","robots":{"index":"index","follow":"follow","max-snippet":"max-snippet:-1","max-image-preview":"max-image-preview:large","max-video-preview":"max-video-preview:-1"},"canonical":"https:\/\/online-ems-training.de\/en\/produkt\/roton-star-ems-training-device\/","og_locale":"en_US","og_type":"article","og_title":"ROTON STAR EMS training device &#187; EMS Reparaturen + EMS Zubeh\u00f6r","og_description":"The ROTON Star EMS home trainer gives you studio-quality EMS training at home. Simply switch on the ROTON Star, put on the ROTON Star EMS electrode and vest set and your training can begin. By simply putting on and moistening the electrodes, you also reduce the preparation time for your EMS training to a minimum. The ROTON Star enables highly effective and time-saving training in just 15 minutes - anywhere.","og_url":"https:\/\/online-ems-training.de\/en\/produkt\/roton-star-ems-training-device\/","og_site_name":"EMS Reparaturen + EMS Zubeh\u00f6r","article_publisher":"https:\/\/www.facebook.com\/OnlineEMSTrainingShop","og_image":[{"width":600,"height":600,"url":"https:\/\/online-ems-training.de\/wp-content\/uploads\/2025\/03\/ems-roton-star-komplettset-groesse.jpg","type":"image\/jpeg"}],"twitter_card":"summary_large_image","twitter_misc":{"Est. reading time":"1 minute"},"schema":{"@context":"https:\/\/schema.org","@graph":[{"@type":"WebPage","@id":"https:\/\/online-ems-training.de\/en\/produkt\/roton-star-ems-training-device\/","url":"https:\/\/online-ems-training.de\/en\/produkt\/roton-star-ems-training-device\/","name":"ROTON STAR EMS training device &#187; EMS Reparaturen + EMS Zubeh\u00f6r","isPartOf":{"@id":"https:\/\/online-ems-training.de\/en\/#website"},"primaryImageOfPage":{"@id":"https:\/\/online-ems-training.de\/en\/produkt\/roton-star-ems-training-device\/#primaryimage"},"image":{"@id":"https:\/\/online-ems-training.de\/en\/produkt\/roton-star-ems-training-device\/#primaryimage"},"thumbnailUrl":"https:\/\/online-ems-training.de\/wp-content\/uploads\/2025\/03\/ems-roton-star-komplettset-groesse.jpg","datePublished":"2025-03-31T11:52:25+00:00","breadcrumb":{"@id":"https:\/\/online-ems-training.de\/en\/produkt\/roton-star-ems-training-device\/#breadcrumb"},"inLanguage":"en-US","potentialAction":[{"@type":"ReadAction","target":["https:\/\/online-ems-training.de\/en\/produkt\/roton-star-ems-training-device\/"]}]},{"@type":"ImageObject","inLanguage":"en-US","@id":"https:\/\/online-ems-training.de\/en\/produkt\/roton-star-ems-training-device\/#primaryimage","url":"https:\/\/online-ems-training.de\/wp-content\/uploads\/2025\/03\/ems-roton-star-komplettset-groesse.jpg","contentUrl":"https:\/\/online-ems-training.de\/wp-content\/uploads\/2025\/03\/ems-roton-star-komplettset-groesse.jpg","width":600,"height":600,"caption":"ROTON Star complete set"},{"@type":"BreadcrumbList","@id":"https:\/\/online-ems-training.de\/en\/produkt\/roton-star-ems-training-device\/#breadcrumb","itemListElement":[{"@type":"ListItem","position":1,"name":"Startseite","item":"https:\/\/online-ems-training.de\/en\/"},{"@type":"ListItem","position":2,"name":"ROTON STAR EMS training device"}]},{"@type":"WebSite","@id":"https:\/\/online-ems-training.de\/en\/#website","url":"https:\/\/online-ems-training.de\/en\/","name":"EMS Reparaturen + EMS Zubeh\u00f6r","description":"Reparaturen und Service f\u00fcr EMS Ger\u00e4te und EMS Elektroden","potentialAction":[{"@type":"SearchAction","target":{"@type":"EntryPoint","urlTemplate":"https:\/\/online-ems-training.de\/en\/?s={search_term_string}"},"query-input":{"@type":"PropertyValueSpecification","valueRequired":true,"valueName":"search_term_string"}}],"inLanguage":"en-US"}]}},"_links":{"self":[{"href":"https:\/\/online-ems-training.de\/en\/wp-json\/wp\/v2\/product\/3653","targetHints":{"allow":["GET"]}}],"collection":[{"href":"https:\/\/online-ems-training.de\/en\/wp-json\/wp\/v2\/product"}],"about":[{"href":"https:\/\/online-ems-training.de\/en\/wp-json\/wp\/v2\/types\/product"}],"wp:featuredmedia":[{"embeddable":true,"href":"https:\/\/online-ems-training.de\/en\/wp-json\/wp\/v2\/media\/3263"}],"wp:attachment":[{"href":"https:\/\/online-ems-training.de\/en\/wp-json\/wp\/v2\/media?parent=3653"}],"wp:term":[{"taxonomy":"product_brand","embeddable":true,"href":"https:\/\/online-ems-training.de\/en\/wp-json\/wp\/v2\/product_brand?post=3653"},{"taxonomy":"product_cat","embeddable":true,"href":"https:\/\/online-ems-training.de\/en\/wp-json\/wp\/v2\/product_cat?post=3653"},{"taxonomy":"product_tag","embeddable":true,"href":"https:\/\/online-ems-training.de\/en\/wp-json\/wp\/v2\/product_tag?post=3653"}],"curies":[{"name":"wp","href":"https:\/\/api.w.org\/{rel}","templated":true}]}}