{"id":3678,"date":"2025-07-18T09:45:10","date_gmt":"2025-07-18T07:45:10","guid":{"rendered":"https:\/\/online-ems-training.de\/produkt\/replacing-the-zipper\/"},"modified":"2025-07-18T09:45:10","modified_gmt":"2025-07-18T07:45:10","slug":"replacing-the-zipper","status":"publish","type":"product","link":"https:\/\/online-ems-training.de\/en\/produkt\/replacing-the-zipper\/","title":{"rendered":"Replacing the zipper"},"content":{"rendered":"<p>Replacing the zipper of a vest.<\/p>\n","protected":false},"excerpt":{"rendered":"<p>Replacing the zipper of a vest.<\/p>\n","protected":false},"featured_media":3405,"template":"","meta":[],"product_brand":[],"product_cat":[253],"product_tag":[],"class_list":{"0":"post-3678","1":"product","2":"type-product","3":"status-publish","4":"has-post-thumbnail","6":"product_cat-service-and-repairs","8":"first","9":"instock","10":"taxable","11":"shipping-taxable","12":"purchasable","13":"product-type-simple"},"yoast_head":"<!-- This site is optimized with the Yoast SEO plugin v27.4 - https:\/\/yoast.com\/product\/yoast-seo-wordpress\/ -->\n<title>Replacing the zipper &#187; EMS Reparaturen + EMS Zubeh\u00f6r<\/title>\n<meta name=\"robots\" content=\"index, follow, max-snippet:-1, max-image-preview:large, max-video-preview:-1\" \/>\n<link rel=\"canonical\" href=\"https:\/\/online-ems-training.de\/en\/produkt\/replacing-the-zipper\/\" \/>\n<meta property=\"og:locale\" content=\"en_US\" \/>\n<meta property=\"og:type\" content=\"article\" \/>\n<meta property=\"og:title\" content=\"Replacing the zipper &#187; EMS Reparaturen + EMS Zubeh\u00f6r\" \/>\n<meta property=\"og:description\" content=\"Replacing the zipper of a vest.\" \/>\n<meta property=\"og:url\" content=\"https:\/\/online-ems-training.de\/en\/produkt\/replacing-the-zipper\/\" \/>\n<meta property=\"og:site_name\" content=\"EMS Reparaturen + EMS Zubeh\u00f6r\" \/>\n<meta property=\"article:publisher\" content=\"https:\/\/www.facebook.com\/OnlineEMSTrainingShop\" \/>\n<meta property=\"og:image\" content=\"https:\/\/online-ems-training.de\/wp-content\/uploads\/2025\/07\/WhatsApp-Bild-2025-07-15-um-15.44.37_3d29ee4a.jpg\" \/>\n\t<meta property=\"og:image:width\" content=\"1536\" \/>\n\t<meta property=\"og:image:height\" content=\"2048\" \/>\n\t<meta property=\"og:image:type\" content=\"image\/jpeg\" \/>\n<meta name=\"twitter:card\" content=\"summary_large_image\" \/>\n<script type=\"application\/ld+json\" class=\"yoast-schema-graph\">{\"@context\":\"https:\\\/\\\/schema.org\",\"@graph\":[{\"@type\":\"WebPage\",\"@id\":\"https:\\\/\\\/online-ems-training.de\\\/en\\\/produkt\\\/replacing-the-zipper\\\/\",\"url\":\"https:\\\/\\\/online-ems-training.de\\\/en\\\/produkt\\\/replacing-the-zipper\\\/\",\"name\":\"Replacing the zipper &#187; EMS Reparaturen + EMS Zubeh\u00f6r\",\"isPartOf\":{\"@id\":\"https:\\\/\\\/online-ems-training.de\\\/en\\\/#website\"},\"primaryImageOfPage\":{\"@id\":\"https:\\\/\\\/online-ems-training.de\\\/en\\\/produkt\\\/replacing-the-zipper\\\/#primaryimage\"},\"image\":{\"@id\":\"https:\\\/\\\/online-ems-training.de\\\/en\\\/produkt\\\/replacing-the-zipper\\\/#primaryimage\"},\"thumbnailUrl\":\"https:\\\/\\\/online-ems-training.de\\\/wp-content\\\/uploads\\\/2025\\\/07\\\/WhatsApp-Bild-2025-07-15-um-15.44.37_3d29ee4a.jpg\",\"datePublished\":\"2025-07-18T07:45:10+00:00\",\"breadcrumb\":{\"@id\":\"https:\\\/\\\/online-ems-training.de\\\/en\\\/produkt\\\/replacing-the-zipper\\\/#breadcrumb\"},\"inLanguage\":\"en-US\",\"potentialAction\":[{\"@type\":\"ReadAction\",\"target\":[\"https:\\\/\\\/online-ems-training.de\\\/en\\\/produkt\\\/replacing-the-zipper\\\/\"]}]},{\"@type\":\"ImageObject\",\"inLanguage\":\"en-US\",\"@id\":\"https:\\\/\\\/online-ems-training.de\\\/en\\\/produkt\\\/replacing-the-zipper\\\/#primaryimage\",\"url\":\"https:\\\/\\\/online-ems-training.de\\\/wp-content\\\/uploads\\\/2025\\\/07\\\/WhatsApp-Bild-2025-07-15-um-15.44.37_3d29ee4a.jpg\",\"contentUrl\":\"https:\\\/\\\/online-ems-training.de\\\/wp-content\\\/uploads\\\/2025\\\/07\\\/WhatsApp-Bild-2025-07-15-um-15.44.37_3d29ee4a.jpg\",\"width\":1536,\"height\":2048},{\"@type\":\"BreadcrumbList\",\"@id\":\"https:\\\/\\\/online-ems-training.de\\\/en\\\/produkt\\\/replacing-the-zipper\\\/#breadcrumb\",\"itemListElement\":[{\"@type\":\"ListItem\",\"position\":1,\"name\":\"Startseite\",\"item\":\"https:\\\/\\\/online-ems-training.de\\\/en\\\/\"},{\"@type\":\"ListItem\",\"position\":2,\"name\":\"Replacing the zipper\"}]},{\"@type\":\"WebSite\",\"@id\":\"https:\\\/\\\/online-ems-training.de\\\/en\\\/#website\",\"url\":\"https:\\\/\\\/online-ems-training.de\\\/en\\\/\",\"name\":\"EMS Reparaturen + EMS Zubeh\u00f6r\",\"description\":\"Reparaturen und Service f\u00fcr EMS Ger\u00e4te und EMS Elektroden\",\"potentialAction\":[{\"@type\":\"SearchAction\",\"target\":{\"@type\":\"EntryPoint\",\"urlTemplate\":\"https:\\\/\\\/online-ems-training.de\\\/en\\\/?s={search_term_string}\"},\"query-input\":{\"@type\":\"PropertyValueSpecification\",\"valueRequired\":true,\"valueName\":\"search_term_string\"}}],\"inLanguage\":\"en-US\"}]}<\/script>\n<!-- \/ Yoast SEO plugin. -->","yoast_head_json":{"title":"Replacing the zipper &#187; EMS Reparaturen + EMS Zubeh\u00f6r","robots":{"index":"index","follow":"follow","max-snippet":"max-snippet:-1","max-image-preview":"max-image-preview:large","max-video-preview":"max-video-preview:-1"},"canonical":"https:\/\/online-ems-training.de\/en\/produkt\/replacing-the-zipper\/","og_locale":"en_US","og_type":"article","og_title":"Replacing the zipper &#187; EMS Reparaturen + EMS Zubeh\u00f6r","og_description":"Replacing the zipper of a vest.","og_url":"https:\/\/online-ems-training.de\/en\/produkt\/replacing-the-zipper\/","og_site_name":"EMS Reparaturen + EMS Zubeh\u00f6r","article_publisher":"https:\/\/www.facebook.com\/OnlineEMSTrainingShop","og_image":[{"width":1536,"height":2048,"url":"https:\/\/online-ems-training.de\/wp-content\/uploads\/2025\/07\/WhatsApp-Bild-2025-07-15-um-15.44.37_3d29ee4a.jpg","type":"image\/jpeg"}],"twitter_card":"summary_large_image","schema":{"@context":"https:\/\/schema.org","@graph":[{"@type":"WebPage","@id":"https:\/\/online-ems-training.de\/en\/produkt\/replacing-the-zipper\/","url":"https:\/\/online-ems-training.de\/en\/produkt\/replacing-the-zipper\/","name":"Replacing the zipper &#187; EMS Reparaturen + EMS Zubeh\u00f6r","isPartOf":{"@id":"https:\/\/online-ems-training.de\/en\/#website"},"primaryImageOfPage":{"@id":"https:\/\/online-ems-training.de\/en\/produkt\/replacing-the-zipper\/#primaryimage"},"image":{"@id":"https:\/\/online-ems-training.de\/en\/produkt\/replacing-the-zipper\/#primaryimage"},"thumbnailUrl":"https:\/\/online-ems-training.de\/wp-content\/uploads\/2025\/07\/WhatsApp-Bild-2025-07-15-um-15.44.37_3d29ee4a.jpg","datePublished":"2025-07-18T07:45:10+00:00","breadcrumb":{"@id":"https:\/\/online-ems-training.de\/en\/produkt\/replacing-the-zipper\/#breadcrumb"},"inLanguage":"en-US","potentialAction":[{"@type":"ReadAction","target":["https:\/\/online-ems-training.de\/en\/produkt\/replacing-the-zipper\/"]}]},{"@type":"ImageObject","inLanguage":"en-US","@id":"https:\/\/online-ems-training.de\/en\/produkt\/replacing-the-zipper\/#primaryimage","url":"https:\/\/online-ems-training.de\/wp-content\/uploads\/2025\/07\/WhatsApp-Bild-2025-07-15-um-15.44.37_3d29ee4a.jpg","contentUrl":"https:\/\/online-ems-training.de\/wp-content\/uploads\/2025\/07\/WhatsApp-Bild-2025-07-15-um-15.44.37_3d29ee4a.jpg","width":1536,"height":2048},{"@type":"BreadcrumbList","@id":"https:\/\/online-ems-training.de\/en\/produkt\/replacing-the-zipper\/#breadcrumb","itemListElement":[{"@type":"ListItem","position":1,"name":"Startseite","item":"https:\/\/online-ems-training.de\/en\/"},{"@type":"ListItem","position":2,"name":"Replacing the zipper"}]},{"@type":"WebSite","@id":"https:\/\/online-ems-training.de\/en\/#website","url":"https:\/\/online-ems-training.de\/en\/","name":"EMS Reparaturen + EMS Zubeh\u00f6r","description":"Reparaturen und Service f\u00fcr EMS Ger\u00e4te und EMS Elektroden","potentialAction":[{"@type":"SearchAction","target":{"@type":"EntryPoint","urlTemplate":"https:\/\/online-ems-training.de\/en\/?s={search_term_string}"},"query-input":{"@type":"PropertyValueSpecification","valueRequired":true,"valueName":"search_term_string"}}],"inLanguage":"en-US"}]}},"_links":{"self":[{"href":"https:\/\/online-ems-training.de\/en\/wp-json\/wp\/v2\/product\/3678","targetHints":{"allow":["GET"]}}],"collection":[{"href":"https:\/\/online-ems-training.de\/en\/wp-json\/wp\/v2\/product"}],"about":[{"href":"https:\/\/online-ems-training.de\/en\/wp-json\/wp\/v2\/types\/product"}],"wp:featuredmedia":[{"embeddable":true,"href":"https:\/\/online-ems-training.de\/en\/wp-json\/wp\/v2\/media\/3405"}],"wp:attachment":[{"href":"https:\/\/online-ems-training.de\/en\/wp-json\/wp\/v2\/media?parent=3678"}],"wp:term":[{"taxonomy":"product_brand","embeddable":true,"href":"https:\/\/online-ems-training.de\/en\/wp-json\/wp\/v2\/product_brand?post=3678"},{"taxonomy":"product_cat","embeddable":true,"href":"https:\/\/online-ems-training.de\/en\/wp-json\/wp\/v2\/product_cat?post=3678"},{"taxonomy":"product_tag","embeddable":true,"href":"https:\/\/online-ems-training.de\/en\/wp-json\/wp\/v2\/product_tag?post=3678"}],"curies":[{"name":"wp","href":"https:\/\/api.w.org\/{rel}","templated":true}]}}