{"id":3680,"date":"2025-07-16T10:45:55","date_gmt":"2025-07-16T08:45:55","guid":{"rendered":"https:\/\/online-ems-training.de\/produkt\/opening-and-closing-a-magent-vest\/"},"modified":"2025-07-16T10:45:55","modified_gmt":"2025-07-16T08:45:55","slug":"opening-and-closing-a-magent-vest","status":"publish","type":"product","link":"https:\/\/online-ems-training.de\/en\/produkt\/opening-and-closing-a-magent-vest\/","title":{"rendered":"Opening and closing a &#8220;Magent&#8221; vest"},"content":{"rendered":"<p>Opening and closing a vest in order to repair one or more connection points or electrodes. It is always required for repairing a vest. One or more &#8220;<a href=\"https:\/\/online-ems-training.de\/produkt\/erneuern-anschlu%E2%80%A6nkt-magent-weste\/\" target=\"_blank\" rel=\"noopener\"><strong>Replace connection point &#8220;magnet&#8221; vest <\/strong><\/a>are required<strong>.<\/strong>  <\/p>\n","protected":false},"excerpt":{"rendered":"<p>Opening and closing a vest in order to carry out repairs to one or more connection points or electrodes.<\/p>\n","protected":false},"featured_media":3425,"template":"","meta":[],"product_brand":[],"product_cat":[253],"product_tag":[],"class_list":{"0":"post-3680","1":"product","2":"type-product","3":"status-publish","4":"has-post-thumbnail","6":"product_cat-service-and-repairs","8":"first","9":"instock","10":"taxable","11":"shipping-taxable","12":"purchasable","13":"product-type-simple"},"yoast_head":"<!-- This site is optimized with the Yoast SEO plugin v27.4 - https:\/\/yoast.com\/product\/yoast-seo-wordpress\/ -->\n<title>Opening and closing a &quot;Magent&quot; vest &#187; EMS Reparaturen + EMS Zubeh\u00f6r<\/title>\n<meta name=\"description\" content=\"Opening and closing a vest in order to repair one or more connection points or electrodes. It is always required for repairing a vest. One or more &quot;Replace connection point &quot;magnet&quot; vests are required for this article.\" \/>\n<meta name=\"robots\" content=\"index, follow, max-snippet:-1, max-image-preview:large, max-video-preview:-1\" \/>\n<link rel=\"canonical\" href=\"https:\/\/online-ems-training.de\/en\/produkt\/opening-and-closing-a-magent-vest\/\" \/>\n<meta property=\"og:locale\" content=\"en_US\" \/>\n<meta property=\"og:type\" content=\"article\" \/>\n<meta property=\"og:title\" content=\"Opening and closing a &quot;Magent&quot; vest &#187; EMS Reparaturen + EMS Zubeh\u00f6r\" \/>\n<meta property=\"og:description\" content=\"Opening and closing a vest in order to repair one or more connection points or electrodes. It is always required for repairing a vest. One or more &quot;Replace connection point &quot;magnet&quot; vests are required for this article.\" \/>\n<meta property=\"og:url\" content=\"https:\/\/online-ems-training.de\/en\/produkt\/opening-and-closing-a-magent-vest\/\" \/>\n<meta property=\"og:site_name\" content=\"EMS Reparaturen + EMS Zubeh\u00f6r\" \/>\n<meta property=\"article:publisher\" content=\"https:\/\/www.facebook.com\/OnlineEMSTrainingShop\" \/>\n<meta property=\"og:image\" content=\"https:\/\/online-ems-training.de\/wp-content\/uploads\/2025\/07\/WhatsApp-Bild-2025-07-15-um-16.32.18_0f1f1532.jpg\" \/>\n\t<meta property=\"og:image:width\" content=\"1308\" \/>\n\t<meta property=\"og:image:height\" content=\"1600\" \/>\n\t<meta property=\"og:image:type\" content=\"image\/jpeg\" \/>\n<meta name=\"twitter:card\" content=\"summary_large_image\" \/>\n<script type=\"application\/ld+json\" class=\"yoast-schema-graph\">{\"@context\":\"https:\\\/\\\/schema.org\",\"@graph\":[{\"@type\":\"WebPage\",\"@id\":\"https:\\\/\\\/online-ems-training.de\\\/en\\\/produkt\\\/opening-and-closing-a-magent-vest\\\/\",\"url\":\"https:\\\/\\\/online-ems-training.de\\\/en\\\/produkt\\\/opening-and-closing-a-magent-vest\\\/\",\"name\":\"Opening and closing a \\\"Magent\\\" vest &#187; EMS Reparaturen + EMS Zubeh\u00f6r\",\"isPartOf\":{\"@id\":\"https:\\\/\\\/online-ems-training.de\\\/en\\\/#website\"},\"primaryImageOfPage\":{\"@id\":\"https:\\\/\\\/online-ems-training.de\\\/en\\\/produkt\\\/opening-and-closing-a-magent-vest\\\/#primaryimage\"},\"image\":{\"@id\":\"https:\\\/\\\/online-ems-training.de\\\/en\\\/produkt\\\/opening-and-closing-a-magent-vest\\\/#primaryimage\"},\"thumbnailUrl\":\"https:\\\/\\\/online-ems-training.de\\\/wp-content\\\/uploads\\\/2025\\\/07\\\/WhatsApp-Bild-2025-07-15-um-16.32.18_0f1f1532.jpg\",\"datePublished\":\"2025-07-16T08:45:55+00:00\",\"description\":\"Opening and closing a vest in order to repair one or more connection points or electrodes. It is always required for repairing a vest. One or more \\\"Replace connection point \\\"magnet\\\" vests are required for this article.\",\"breadcrumb\":{\"@id\":\"https:\\\/\\\/online-ems-training.de\\\/en\\\/produkt\\\/opening-and-closing-a-magent-vest\\\/#breadcrumb\"},\"inLanguage\":\"en-US\",\"potentialAction\":[{\"@type\":\"ReadAction\",\"target\":[\"https:\\\/\\\/online-ems-training.de\\\/en\\\/produkt\\\/opening-and-closing-a-magent-vest\\\/\"]}]},{\"@type\":\"ImageObject\",\"inLanguage\":\"en-US\",\"@id\":\"https:\\\/\\\/online-ems-training.de\\\/en\\\/produkt\\\/opening-and-closing-a-magent-vest\\\/#primaryimage\",\"url\":\"https:\\\/\\\/online-ems-training.de\\\/wp-content\\\/uploads\\\/2025\\\/07\\\/WhatsApp-Bild-2025-07-15-um-16.32.18_0f1f1532.jpg\",\"contentUrl\":\"https:\\\/\\\/online-ems-training.de\\\/wp-content\\\/uploads\\\/2025\\\/07\\\/WhatsApp-Bild-2025-07-15-um-16.32.18_0f1f1532.jpg\",\"width\":1308,\"height\":1600},{\"@type\":\"BreadcrumbList\",\"@id\":\"https:\\\/\\\/online-ems-training.de\\\/en\\\/produkt\\\/opening-and-closing-a-magent-vest\\\/#breadcrumb\",\"itemListElement\":[{\"@type\":\"ListItem\",\"position\":1,\"name\":\"Startseite\",\"item\":\"https:\\\/\\\/online-ems-training.de\\\/en\\\/\"},{\"@type\":\"ListItem\",\"position\":2,\"name\":\"Opening and closing a &#8220;Magent&#8221; vest\"}]},{\"@type\":\"WebSite\",\"@id\":\"https:\\\/\\\/online-ems-training.de\\\/en\\\/#website\",\"url\":\"https:\\\/\\\/online-ems-training.de\\\/en\\\/\",\"name\":\"EMS Reparaturen + EMS Zubeh\u00f6r\",\"description\":\"Reparaturen und Service f\u00fcr EMS Ger\u00e4te und EMS Elektroden\",\"potentialAction\":[{\"@type\":\"SearchAction\",\"target\":{\"@type\":\"EntryPoint\",\"urlTemplate\":\"https:\\\/\\\/online-ems-training.de\\\/en\\\/?s={search_term_string}\"},\"query-input\":{\"@type\":\"PropertyValueSpecification\",\"valueRequired\":true,\"valueName\":\"search_term_string\"}}],\"inLanguage\":\"en-US\"}]}<\/script>\n<!-- \/ Yoast SEO plugin. -->","yoast_head_json":{"title":"Opening and closing a \"Magent\" vest &#187; EMS Reparaturen + EMS Zubeh\u00f6r","description":"Opening and closing a vest in order to repair one or more connection points or electrodes. It is always required for repairing a vest. One or more \"Replace connection point \"magnet\" vests are required for this article.","robots":{"index":"index","follow":"follow","max-snippet":"max-snippet:-1","max-image-preview":"max-image-preview:large","max-video-preview":"max-video-preview:-1"},"canonical":"https:\/\/online-ems-training.de\/en\/produkt\/opening-and-closing-a-magent-vest\/","og_locale":"en_US","og_type":"article","og_title":"Opening and closing a \"Magent\" vest &#187; EMS Reparaturen + EMS Zubeh\u00f6r","og_description":"Opening and closing a vest in order to repair one or more connection points or electrodes. It is always required for repairing a vest. One or more \"Replace connection point \"magnet\" vests are required for this article.","og_url":"https:\/\/online-ems-training.de\/en\/produkt\/opening-and-closing-a-magent-vest\/","og_site_name":"EMS Reparaturen + EMS Zubeh\u00f6r","article_publisher":"https:\/\/www.facebook.com\/OnlineEMSTrainingShop","og_image":[{"width":1308,"height":1600,"url":"https:\/\/online-ems-training.de\/wp-content\/uploads\/2025\/07\/WhatsApp-Bild-2025-07-15-um-16.32.18_0f1f1532.jpg","type":"image\/jpeg"}],"twitter_card":"summary_large_image","schema":{"@context":"https:\/\/schema.org","@graph":[{"@type":"WebPage","@id":"https:\/\/online-ems-training.de\/en\/produkt\/opening-and-closing-a-magent-vest\/","url":"https:\/\/online-ems-training.de\/en\/produkt\/opening-and-closing-a-magent-vest\/","name":"Opening and closing a \"Magent\" vest &#187; EMS Reparaturen + EMS Zubeh\u00f6r","isPartOf":{"@id":"https:\/\/online-ems-training.de\/en\/#website"},"primaryImageOfPage":{"@id":"https:\/\/online-ems-training.de\/en\/produkt\/opening-and-closing-a-magent-vest\/#primaryimage"},"image":{"@id":"https:\/\/online-ems-training.de\/en\/produkt\/opening-and-closing-a-magent-vest\/#primaryimage"},"thumbnailUrl":"https:\/\/online-ems-training.de\/wp-content\/uploads\/2025\/07\/WhatsApp-Bild-2025-07-15-um-16.32.18_0f1f1532.jpg","datePublished":"2025-07-16T08:45:55+00:00","description":"Opening and closing a vest in order to repair one or more connection points or electrodes. It is always required for repairing a vest. One or more \"Replace connection point \"magnet\" vests are required for this article.","breadcrumb":{"@id":"https:\/\/online-ems-training.de\/en\/produkt\/opening-and-closing-a-magent-vest\/#breadcrumb"},"inLanguage":"en-US","potentialAction":[{"@type":"ReadAction","target":["https:\/\/online-ems-training.de\/en\/produkt\/opening-and-closing-a-magent-vest\/"]}]},{"@type":"ImageObject","inLanguage":"en-US","@id":"https:\/\/online-ems-training.de\/en\/produkt\/opening-and-closing-a-magent-vest\/#primaryimage","url":"https:\/\/online-ems-training.de\/wp-content\/uploads\/2025\/07\/WhatsApp-Bild-2025-07-15-um-16.32.18_0f1f1532.jpg","contentUrl":"https:\/\/online-ems-training.de\/wp-content\/uploads\/2025\/07\/WhatsApp-Bild-2025-07-15-um-16.32.18_0f1f1532.jpg","width":1308,"height":1600},{"@type":"BreadcrumbList","@id":"https:\/\/online-ems-training.de\/en\/produkt\/opening-and-closing-a-magent-vest\/#breadcrumb","itemListElement":[{"@type":"ListItem","position":1,"name":"Startseite","item":"https:\/\/online-ems-training.de\/en\/"},{"@type":"ListItem","position":2,"name":"Opening and closing a &#8220;Magent&#8221; vest"}]},{"@type":"WebSite","@id":"https:\/\/online-ems-training.de\/en\/#website","url":"https:\/\/online-ems-training.de\/en\/","name":"EMS Reparaturen + EMS Zubeh\u00f6r","description":"Reparaturen und Service f\u00fcr EMS Ger\u00e4te und EMS Elektroden","potentialAction":[{"@type":"SearchAction","target":{"@type":"EntryPoint","urlTemplate":"https:\/\/online-ems-training.de\/en\/?s={search_term_string}"},"query-input":{"@type":"PropertyValueSpecification","valueRequired":true,"valueName":"search_term_string"}}],"inLanguage":"en-US"}]}},"_links":{"self":[{"href":"https:\/\/online-ems-training.de\/en\/wp-json\/wp\/v2\/product\/3680","targetHints":{"allow":["GET"]}}],"collection":[{"href":"https:\/\/online-ems-training.de\/en\/wp-json\/wp\/v2\/product"}],"about":[{"href":"https:\/\/online-ems-training.de\/en\/wp-json\/wp\/v2\/types\/product"}],"wp:featuredmedia":[{"embeddable":true,"href":"https:\/\/online-ems-training.de\/en\/wp-json\/wp\/v2\/media\/3425"}],"wp:attachment":[{"href":"https:\/\/online-ems-training.de\/en\/wp-json\/wp\/v2\/media?parent=3680"}],"wp:term":[{"taxonomy":"product_brand","embeddable":true,"href":"https:\/\/online-ems-training.de\/en\/wp-json\/wp\/v2\/product_brand?post=3680"},{"taxonomy":"product_cat","embeddable":true,"href":"https:\/\/online-ems-training.de\/en\/wp-json\/wp\/v2\/product_cat?post=3680"},{"taxonomy":"product_tag","embeddable":true,"href":"https:\/\/online-ems-training.de\/en\/wp-json\/wp\/v2\/product_tag?post=3680"}],"curies":[{"name":"wp","href":"https:\/\/api.w.org\/{rel}","templated":true}]}}