{"id":3077,"date":"2022-06-02T13:54:08","date_gmt":"2022-06-02T11:54:08","guid":{"rendered":"https:\/\/online-ems-training.de\/ou-les-appareils-ems-sont-ils-annonces-conformement-a-lordonnance-sur-la-securite-des-produits-nisv\/"},"modified":"2023-10-02T14:11:42","modified_gmt":"2023-10-02T12:11:42","slug":"ou-les-appareils-ems-sont-ils-annonces-conformement-a-lordonnance-sur-la-securite-des-produits-nisv","status":"publish","type":"page","link":"https:\/\/online-ems-training.de\/fr\/ou-les-appareils-ems-sont-ils-annonces-conformement-a-lordonnance-sur-la-securite-des-produits-nisv\/","title":{"rendered":"O\u00f9 les appareils EMS sont-ils annonc\u00e9s conform\u00e9ment \u00e0 l&#8217;ordonnance sur la s\u00e9curit\u00e9 des produits (NiSV) ?"},"content":{"rendered":"","protected":false},"excerpt":{"rendered":"","protected":false},"author":4,"featured_media":0,"parent":0,"menu_order":0,"comment_status":"closed","ping_status":"closed","template":"","meta":{"footnotes":""},"class_list":["post-3077","page","type-page","status-publish","hentry"],"yoast_head":"<!-- This site is optimized with the Yoast SEO plugin v27.5 - https:\/\/yoast.com\/product\/yoast-seo-wordpress\/ -->\n<title>O\u00f9 les appareils EMS sont-ils annonc\u00e9s conform\u00e9ment \u00e0 l&#039;ordonnance sur la s\u00e9curit\u00e9 des produits (NiSV) ? &#187; EMS Reparaturen + EMS Zubeh\u00f6r<\/title>\n<meta name=\"description\" content=\"Online EMS Training ist die Schnittstelle zwischen EMS-Fitnesstrainern und Trainierenden. Das Portal vermittelt Kunden an Trainer zur onlinebetreuten Trainingseinheit.\" \/>\n<meta name=\"robots\" content=\"index, follow, max-snippet:-1, max-image-preview:large, max-video-preview:-1\" \/>\n<link rel=\"canonical\" href=\"https:\/\/online-ems-training.de\/fr\/ou-les-appareils-ems-sont-ils-annonces-conformement-a-lordonnance-sur-la-securite-des-produits-nisv\/\" \/>\n<meta property=\"og:locale\" content=\"fr_FR\" \/>\n<meta property=\"og:type\" content=\"article\" \/>\n<meta property=\"og:title\" content=\"O\u00f9 les appareils EMS sont-ils annonc\u00e9s conform\u00e9ment \u00e0 l&#039;ordonnance sur la s\u00e9curit\u00e9 des produits (NiSV) ? &#187; EMS Reparaturen + EMS Zubeh\u00f6r\" \/>\n<meta property=\"og:description\" content=\"Online EMS Training ist die Schnittstelle zwischen EMS-Fitnesstrainern und Trainierenden. Das Portal vermittelt Kunden an Trainer zur onlinebetreuten Trainingseinheit.\" \/>\n<meta property=\"og:url\" content=\"https:\/\/online-ems-training.de\/fr\/ou-les-appareils-ems-sont-ils-annonces-conformement-a-lordonnance-sur-la-securite-des-produits-nisv\/\" \/>\n<meta property=\"og:site_name\" content=\"EMS Reparaturen + EMS Zubeh\u00f6r\" \/>\n<meta property=\"article:publisher\" content=\"https:\/\/www.facebook.com\/OnlineEMSTrainingShop\" \/>\n<meta property=\"article:modified_time\" content=\"2023-10-02T12:11:42+00:00\" \/>\n<meta name=\"twitter:card\" content=\"summary_large_image\" \/>\n<script type=\"application\/ld+json\" class=\"yoast-schema-graph\">{\"@context\":\"https:\\\/\\\/schema.org\",\"@graph\":[{\"@type\":\"WebPage\",\"@id\":\"https:\\\/\\\/online-ems-training.de\\\/fr\\\/ou-les-appareils-ems-sont-ils-annonces-conformement-a-lordonnance-sur-la-securite-des-produits-nisv\\\/\",\"url\":\"https:\\\/\\\/online-ems-training.de\\\/fr\\\/ou-les-appareils-ems-sont-ils-annonces-conformement-a-lordonnance-sur-la-securite-des-produits-nisv\\\/\",\"name\":\"O\u00f9 les appareils EMS sont-ils annonc\u00e9s conform\u00e9ment \u00e0 l'ordonnance sur la s\u00e9curit\u00e9 des produits (NiSV) ? &#187; EMS Reparaturen + EMS Zubeh\u00f6r\",\"isPartOf\":{\"@id\":\"https:\\\/\\\/online-ems-training.de\\\/fr\\\/#website\"},\"datePublished\":\"2022-06-02T11:54:08+00:00\",\"dateModified\":\"2023-10-02T12:11:42+00:00\",\"description\":\"Online EMS Training ist die Schnittstelle zwischen EMS-Fitnesstrainern und Trainierenden. Das Portal vermittelt Kunden an Trainer zur onlinebetreuten Trainingseinheit.\",\"breadcrumb\":{\"@id\":\"https:\\\/\\\/online-ems-training.de\\\/fr\\\/ou-les-appareils-ems-sont-ils-annonces-conformement-a-lordonnance-sur-la-securite-des-produits-nisv\\\/#breadcrumb\"},\"inLanguage\":\"fr-FR\",\"potentialAction\":[{\"@type\":\"ReadAction\",\"target\":[\"https:\\\/\\\/online-ems-training.de\\\/fr\\\/ou-les-appareils-ems-sont-ils-annonces-conformement-a-lordonnance-sur-la-securite-des-produits-nisv\\\/\"]}]},{\"@type\":\"BreadcrumbList\",\"@id\":\"https:\\\/\\\/online-ems-training.de\\\/fr\\\/ou-les-appareils-ems-sont-ils-annonces-conformement-a-lordonnance-sur-la-securite-des-produits-nisv\\\/#breadcrumb\",\"itemListElement\":[{\"@type\":\"ListItem\",\"position\":1,\"name\":\"Startseite\",\"item\":\"https:\\\/\\\/online-ems-training.de\\\/fr\\\/\"},{\"@type\":\"ListItem\",\"position\":2,\"name\":\"O\u00f9 les appareils EMS sont-ils annonc\u00e9s conform\u00e9ment \u00e0 l&#8217;ordonnance sur la s\u00e9curit\u00e9 des produits (NiSV) ?\"}]},{\"@type\":\"WebSite\",\"@id\":\"https:\\\/\\\/online-ems-training.de\\\/fr\\\/#website\",\"url\":\"https:\\\/\\\/online-ems-training.de\\\/fr\\\/\",\"name\":\"EMS Reparaturen + EMS Zubeh\u00f6r\",\"description\":\"Reparaturen und Service f\u00fcr EMS Ger\u00e4te und EMS Elektroden\",\"potentialAction\":[{\"@type\":\"SearchAction\",\"target\":{\"@type\":\"EntryPoint\",\"urlTemplate\":\"https:\\\/\\\/online-ems-training.de\\\/fr\\\/?s={search_term_string}\"},\"query-input\":{\"@type\":\"PropertyValueSpecification\",\"valueRequired\":true,\"valueName\":\"search_term_string\"}}],\"inLanguage\":\"fr-FR\"}]}<\/script>\n<!-- \/ Yoast SEO plugin. -->","yoast_head_json":{"title":"O\u00f9 les appareils EMS sont-ils annonc\u00e9s conform\u00e9ment \u00e0 l'ordonnance sur la s\u00e9curit\u00e9 des produits (NiSV) ? &#187; EMS Reparaturen + EMS Zubeh\u00f6r","description":"Online EMS Training ist die Schnittstelle zwischen EMS-Fitnesstrainern und Trainierenden. Das Portal vermittelt Kunden an Trainer zur onlinebetreuten Trainingseinheit.","robots":{"index":"index","follow":"follow","max-snippet":"max-snippet:-1","max-image-preview":"max-image-preview:large","max-video-preview":"max-video-preview:-1"},"canonical":"https:\/\/online-ems-training.de\/fr\/ou-les-appareils-ems-sont-ils-annonces-conformement-a-lordonnance-sur-la-securite-des-produits-nisv\/","og_locale":"fr_FR","og_type":"article","og_title":"O\u00f9 les appareils EMS sont-ils annonc\u00e9s conform\u00e9ment \u00e0 l'ordonnance sur la s\u00e9curit\u00e9 des produits (NiSV) ? &#187; EMS Reparaturen + EMS Zubeh\u00f6r","og_description":"Online EMS Training ist die Schnittstelle zwischen EMS-Fitnesstrainern und Trainierenden. Das Portal vermittelt Kunden an Trainer zur onlinebetreuten Trainingseinheit.","og_url":"https:\/\/online-ems-training.de\/fr\/ou-les-appareils-ems-sont-ils-annonces-conformement-a-lordonnance-sur-la-securite-des-produits-nisv\/","og_site_name":"EMS Reparaturen + EMS Zubeh\u00f6r","article_publisher":"https:\/\/www.facebook.com\/OnlineEMSTrainingShop","article_modified_time":"2023-10-02T12:11:42+00:00","twitter_card":"summary_large_image","schema":{"@context":"https:\/\/schema.org","@graph":[{"@type":"WebPage","@id":"https:\/\/online-ems-training.de\/fr\/ou-les-appareils-ems-sont-ils-annonces-conformement-a-lordonnance-sur-la-securite-des-produits-nisv\/","url":"https:\/\/online-ems-training.de\/fr\/ou-les-appareils-ems-sont-ils-annonces-conformement-a-lordonnance-sur-la-securite-des-produits-nisv\/","name":"O\u00f9 les appareils EMS sont-ils annonc\u00e9s conform\u00e9ment \u00e0 l'ordonnance sur la s\u00e9curit\u00e9 des produits (NiSV) ? &#187; EMS Reparaturen + EMS Zubeh\u00f6r","isPartOf":{"@id":"https:\/\/online-ems-training.de\/fr\/#website"},"datePublished":"2022-06-02T11:54:08+00:00","dateModified":"2023-10-02T12:11:42+00:00","description":"Online EMS Training ist die Schnittstelle zwischen EMS-Fitnesstrainern und Trainierenden. Das Portal vermittelt Kunden an Trainer zur onlinebetreuten Trainingseinheit.","breadcrumb":{"@id":"https:\/\/online-ems-training.de\/fr\/ou-les-appareils-ems-sont-ils-annonces-conformement-a-lordonnance-sur-la-securite-des-produits-nisv\/#breadcrumb"},"inLanguage":"fr-FR","potentialAction":[{"@type":"ReadAction","target":["https:\/\/online-ems-training.de\/fr\/ou-les-appareils-ems-sont-ils-annonces-conformement-a-lordonnance-sur-la-securite-des-produits-nisv\/"]}]},{"@type":"BreadcrumbList","@id":"https:\/\/online-ems-training.de\/fr\/ou-les-appareils-ems-sont-ils-annonces-conformement-a-lordonnance-sur-la-securite-des-produits-nisv\/#breadcrumb","itemListElement":[{"@type":"ListItem","position":1,"name":"Startseite","item":"https:\/\/online-ems-training.de\/fr\/"},{"@type":"ListItem","position":2,"name":"O\u00f9 les appareils EMS sont-ils annonc\u00e9s conform\u00e9ment \u00e0 l&#8217;ordonnance sur la s\u00e9curit\u00e9 des produits (NiSV) ?"}]},{"@type":"WebSite","@id":"https:\/\/online-ems-training.de\/fr\/#website","url":"https:\/\/online-ems-training.de\/fr\/","name":"EMS Reparaturen + EMS Zubeh\u00f6r","description":"Reparaturen und Service f\u00fcr EMS Ger\u00e4te und EMS Elektroden","potentialAction":[{"@type":"SearchAction","target":{"@type":"EntryPoint","urlTemplate":"https:\/\/online-ems-training.de\/fr\/?s={search_term_string}"},"query-input":{"@type":"PropertyValueSpecification","valueRequired":true,"valueName":"search_term_string"}}],"inLanguage":"fr-FR"}]}},"_links":{"self":[{"href":"https:\/\/online-ems-training.de\/fr\/wp-json\/wp\/v2\/pages\/3077","targetHints":{"allow":["GET"]}}],"collection":[{"href":"https:\/\/online-ems-training.de\/fr\/wp-json\/wp\/v2\/pages"}],"about":[{"href":"https:\/\/online-ems-training.de\/fr\/wp-json\/wp\/v2\/types\/page"}],"author":[{"embeddable":true,"href":"https:\/\/online-ems-training.de\/fr\/wp-json\/wp\/v2\/users\/4"}],"replies":[{"embeddable":true,"href":"https:\/\/online-ems-training.de\/fr\/wp-json\/wp\/v2\/comments?post=3077"}],"version-history":[{"count":1,"href":"https:\/\/online-ems-training.de\/fr\/wp-json\/wp\/v2\/pages\/3077\/revisions"}],"predecessor-version":[{"id":3078,"href":"https:\/\/online-ems-training.de\/fr\/wp-json\/wp\/v2\/pages\/3077\/revisions\/3078"}],"wp:attachment":[{"href":"https:\/\/online-ems-training.de\/fr\/wp-json\/wp\/v2\/media?parent=3077"}],"curies":[{"name":"wp","href":"https:\/\/api.w.org\/{rel}","templated":true}]}}