{"id":3686,"date":"2025-11-16T17:11:58","date_gmt":"2025-11-16T16:11:58","guid":{"rendered":"https:\/\/online-ems-training.de\/faq-foire-aux-questions\/"},"modified":"2025-11-16T17:11:58","modified_gmt":"2025-11-16T16:11:58","slug":"faq-foire-aux-questions","status":"publish","type":"page","link":"https:\/\/online-ems-training.de\/fr\/faq-foire-aux-questions\/","title":{"rendered":"FAQ &#8211; Foire aux questions"},"content":{"rendered":"<section id=\"faq\" class=\"faq\">\n  <!-- 1 --><\/p>\n<details class=\"faq-item\">\n<summary>Que propose exactement le service EMS en ligne ?<\/summary>\n<p>\n  Nous sommes sp\u00e9cialis\u00e9s dans la <strong>r\u00e9paration et l&#8217;entretien des appareils EMS et des \u00e9lectrodes EMS<\/strong>.<br \/>\n Nous proposons \u00e9galement <strong>des syst\u00e8mes d&#8217;\u00e9lectrodes EMS compatibles, des gilets, des pantalons, des ceintures pour les bras et les jambes<\/strong>,<br \/>\n accessoires ainsi qu&#8217;une s\u00e9lection de litt\u00e9rature sp\u00e9cialis\u00e9e sur l&#8217;entra\u00eenement EMS. Nos clients sont principalement<br \/>\n studios EMS, entra\u00eeneurs personnels et utilisateurs \u00e0 domicile ambitieux.\n    <\/p>\n<\/details>\n<p>  <!-- 2 --><\/p>\n<details class=\"faq-item\">\n<summary>R\u00e9parez-vous uniquement les \u00e9lectrodes ou \u00e9galement des appareils EMS complets ?<\/summary>\n<p>\n  Nous r\u00e9parons aussi bien <strong>les \u00e9lectrodes EMS<\/strong> (gilets, pantalons, ceintures, bracelets,<br \/>\n ceintures pour les jambes, \u00e9lectrodes suppl\u00e9mentaires) que <strong>les appareils EMS<\/strong>. Les dommages typiques sont<br \/>\n par exemple des c\u00e2bles d\u00e9fectueux, des connecteurs, des fermetures \u00e9clair, des sangles ou des probl\u00e8mes avec l&#8217;\u00e9mission d&#8217;impulsions<br \/>\n de l&#8217;appareil.\n    <\/p>\n<\/details>\n<p>  <!-- 3 --><\/p>\n<details class=\"faq-item\">\n<summary>Quels sont les syst\u00e8mes EMS et les marques que vous pouvez r\u00e9parer ?<\/summary>\n<p>\n  Nous travaillons avec de nombreux <strong>syst\u00e8mes EMS \u00e0 8 canaux<\/strong> courants et leurs syst\u00e8mes d&#8217;\u00e9lectrodes.<br \/>\n Il s&#8217;agit notamment de syst\u00e8mes tr\u00e8s r\u00e9pandus sur le march\u00e9 allemand, mais aussi de produits de niche.<br \/>\n Si vous n&#8217;\u00eates pas s\u00fbr que votre syst\u00e8me en fasse partie, contactez-nous &#8211; nous trouverons presque toujours une solution<br \/>\n.\n    <\/p>\n<\/details>\n<p>  <!-- 4 --><\/p>\n<details class=\"faq-item\">\n<summary>Comment se d\u00e9roule une r\u00e9paration ?<\/summary>\n<p>\n      <strong>1. prise de contact :<\/strong> si vous avez besoin d&#8217;\u00eatre rassur\u00e9 et de nous conna\u00eetre, contactez-nous au pr\u00e9alable. (par mail, t\u00e9l\u00e9phone ou m\u00eame WA)<br \/> <strong>2. Envoi :<\/strong> Vous nous envoyez le mat\u00e9riel bien emball\u00e9.<br \/>    <strong>3. examen &amp; devis (si vous le souhaitez) :<\/strong> Nous examinons les dommages et \u00e9tablissons un <strong>devis de r\u00e9paration transparent<\/strong><br \/>\n.<br \/>    <strong>4. r\u00e9paration :<\/strong> apr\u00e8s votre accord, nous effectuons la r\u00e9paration.<br \/>    <strong>5. renvoi :<\/strong> vous recevez votre appareil ou vos \u00e9lectrodes en bon \u00e9tat de fonctionnement.<br \/>    <strong>5. la facture<\/strong> est envoy\u00e9e par email.\n    <\/p>\n<\/details>\n<p>  <!-- 5 --><\/p>\n<details class=\"faq-item\">\n<summary>Combien co\u00fbte la r\u00e9paration de mes \u00e9lectrodes EMS ?<\/summary>\n<p>\n  Pour de nombreux d\u00e9fauts typiques (par exemple, c\u00e2bles cass\u00e9s, inserts en silicone d\u00e9fectueux, fermetures \u00e9clair,<br \/>\n sangles), nous travaillons avec des <strong>prix standard<\/strong>. Pour les dommages plus complexes, nous \u00e9tablissons un devis personnalis\u00e9 sur<br \/>\n. Le mieux est de nous contacter.\n    <\/p>\n<\/details>\n<p>  <!-- 6 --><\/p>\n<details class=\"faq-item\">\n<summary>Combien de temps dure une r\u00e9paration ?<\/summary>\n<p>\n  Le d\u00e9lai d\u00e9pend du dommage et de la charge de travail actuelle. En r\u00e8gle g\u00e9n\u00e9rale, il ne nous faut que <strong>quelques jours ouvrables<\/strong> apr\u00e8s la r\u00e9ception des marchandises sur<br \/>\n pour les examiner et les r\u00e9parer. Si vous \u00eates particuli\u00e8rement press\u00e9(e)<br \/>\n (par ex. panne de studio), veuillez nous le faire savoir &#8211; nous essaierons de vous donner la priorit\u00e9<br \/>\n.\n    <\/p>\n<\/details>\n<p>  <!-- 7 --><\/p>\n<details class=\"faq-item\">\n<summary>Comment envoyer mes \u00e9lectrodes ou mon appareil EMS ?<\/summary>\n<p>\n      <strong>1.<\/strong> prenez bri\u00e8vement contact avec nous avant (t\u00e9l\u00e9phone ou e-mail).<br \/>    <strong>2.<\/strong> emballez le mat\u00e9riel de mani\u00e8re s\u00fbre et joignez une br\u00e8ve description du d\u00e9faut.<br \/>    <strong>3.<\/strong> envoie le colis avec le prestataire de services de ton choix.<\/p>\n<p> Apr\u00e8s la r\u00e9paration, nous te renvoyons ton appareil ou tes \u00e9lectrodes \u00e0 l&#8217;adresse souhait\u00e9e.\n    <\/p>\n<\/details>\n<p>  <!-- 8 --><\/p>\n<details class=\"faq-item\">\n<summary>Proposez-vous \u00e9galement des devis ?<\/summary>\n<p>\n  Oui. Apr\u00e8s avoir vu le dommage, vous recevrez, si vous le souhaitez, un <strong>devis<\/strong> que vous pourrez examiner tranquillement<br \/>\n. Si vous l&#8217;approuvez, nous effectuons la r\u00e9paration. Si vous refusez, nous discutons de solutions alternatives ou nous vous renvoyons votre mat\u00e9riel, .\n    <\/p>\n<\/details>\n<p>  <!-- 9 --><\/p>\n<details class=\"faq-item\">\n<summary>Vos syst\u00e8mes d&#8217;\u00e9lectrodes \u00e0 8 canaux sont-ils compatibles avec mon appareil EMS ?<\/summary>\n<p>\n  Notre <strong>jeu d&#8217;\u00e9lectrodes \u00e0 8 canaux<\/strong> a \u00e9t\u00e9 con\u00e7u pour les appareils d&#8217;entra\u00eenement EMS professionnels<br \/>\n et convient \u00e0 presque tous les appareils \u00e0 6, 8 et 10 canaux.<br \/>\n Comme il existe de nombreux types de connecteurs et de syst\u00e8mes, nous recommandons toujours de proc\u00e9der \u00e0 un <strong>bref test de compatibilit\u00e9<\/strong> avec nous sur<br \/>\n avant de passer commande.\n    <\/p>\n<\/details>\n<p>  <!-- 10 --><\/p>\n<details class=\"faq-item\">\n<summary>Comment trouver la bonne taille de gilet et de pantalon ?<\/summary>\n<p>\n  Sur les pages des produits, vous trouverez <strong>des indications de mesure pour choisir votre taille<\/strong>. Veuillez mesurer les circonf\u00e9rences\/hauteurs indiqu\u00e9es sur<br \/>\n et utiliser le tableau pour choisir la taille appropri\u00e9e (par exemple, XS-XL).<br \/>\n Si vous n&#8217;\u00eates pas s\u00fbr(e), nous serons heureux de vous aider par t\u00e9l\u00e9phone, e-mail ou WA.\n    <\/p>\n<\/details>\n<p>  <!-- 11 --><\/p>\n<details class=\"faq-item\">\n<summary>Puis-je laver vos \u00e9lectrodes EMS ?<\/summary>\n<p>\n  Oui, nos syst\u00e8mes d&#8217;\u00e9lectrodes textiles sont g\u00e9n\u00e9ralement <strong>lavables en machine<\/strong> avec une lessive douce<br \/>\n. Veuillez suivre les instructions respectives sur la page du produit et \u00e9viter d&#8217;utiliser des d\u00e9tergents agressifs<br \/>\n ou le s\u00e8che-linge afin de prolonger la dur\u00e9e de vie des \u00e9lectrodes.\n    <\/p>\n<\/details>\n<p>  <!-- 12 --><\/p>\n<details class=\"faq-item\">\n<summary>\u00c0 qui s&#8217;adresse votre offre &#8211; uniquement aux studios ou \u00e9galement aux particuliers ?<\/summary>\n<p>\n  Nos principaux clients sont <strong>des studios EMS et des entra\u00eeneurs personnels<\/strong> qui souhaitent rentabiliser leur \u00e9quipement<br \/>\n. Parall\u00e8lement, nous fournissons \u00e9galement<br \/>\n <strong>utilisateurs \u00e0 domicile ambitieux<\/strong> qui ont besoin d&#8217;\u00e9lectrodes EMS de haute qualit\u00e9 ou de r\u00e9parations pour<br \/>\n leur appareil.\n    <\/p>\n<\/details>\n<p>  <!-- 13 --><\/p>\n<details class=\"faq-item\">\n<summary>Dans quels pays livrez-vous ?<\/summary>\n<p>\n  Nous exp\u00e9dions en <strong>Allemagne<\/strong> et dans de nombreux pays de l&#8217;<strong>Union europ\u00e9enne<\/strong><br \/>\n <strong>, mais nous avons \u00e9galement des clients au Parkistan et au Chili<\/strong>. Si vous souhaitez commander depuis un autre pays, veuillez contacter<br \/>\n \u00e0 l&#8217;avance &#8211; nous \u00e9tudierons alors ensemble le mode d&#8217;exp\u00e9dition et les frais.\n    <\/p>\n<\/details>\n<p>  <!-- 14 --><\/p>\n<details class=\"faq-item\">\n<summary>Existe-t-il une garantie sur les r\u00e9parations et les produits ?<\/summary>\n<p>\n  La <strong>garantie l\u00e9gale<\/strong> s&#8217;applique \u00e0 nos produits et r\u00e9parations. En outre, nous accordons une garantie de 4 ans sur les \u00e9lectrodes et les c\u00e2bles de nos appareils, ainsi qu&#8217;une garantie d&#8217;un an sur<br \/>\n. Si vous rencontrez des probl\u00e8mes apr\u00e8s<br \/>\n, veuillez nous contacter pour que nous puissions examiner le cas.\n    <\/p>\n<\/details>\n<p>  <!-- 15 --><\/p>\n<details class=\"faq-item\">\n<summary>Fournissez-vous des conseils sur le choix des \u00e9lectrodes, des accessoires et des solutions pour les studios ?<\/summary>\n<p>\n  Oui. Nous conseillons les studios EMS et les entra\u00eeneurs, entre autres, sur<br \/> &#8211; les syst\u00e8mes d&#8217;\u00e9lectrodes adapt\u00e9s,<br \/> &#8211; les \u00e9lectrodes suppl\u00e9mentaires (par exemple, les \u00e9lectrodes pour les pieds ou le cou),<br \/> &#8211; les solutions pour augmenter la capacit\u00e9 des appareils existants. <\/p>\n<p>  Le moyen le plus simple de nous contacter est de nous appeler ou de nous envoyer un e-mail en utilisant les coordonn\u00e9es indiqu\u00e9es dans les mentions l\u00e9gales<br \/>\n ou dans la section contact.\n    <\/p>\n<\/details>\n<p>  <!-- 16 --><\/p>\n<details class=\"faq-item\">\n<summary>O\u00f9 puis-je trouver d&#8217;autres informations sp\u00e9cialis\u00e9es sur l&#8217;entra\u00eenement EMS ?<\/summary>\n<p>\n  Dans notre offre, vous trouverez une s\u00e9lection de <strong>litt\u00e9rature sp\u00e9cialis\u00e9e sur l&#8217;entra\u00eenement EMS<\/strong>, qui traite de<br \/>\n th\u00e9orie de l&#8217;entra\u00eenement, de l&#8217;utilisation, des effets et de la s\u00e9curit\u00e9 de l&#8217;EMS &#8211; id\u00e9al pour les studios, les entra\u00eeneurs<br \/>\n et les utilisateurs int\u00e9ress\u00e9s. Consultez la section correspondante de notre boutique.\n    <\/p>\n<\/details>\n<\/section>\n","protected":false},"excerpt":{"rendered":"<p>Que propose exactement le service EMS en ligne ? Nous sommes sp\u00e9cialis\u00e9s dans la r\u00e9paration et l&#8217;entretien des appareils EMS et des \u00e9lectrodes EMS. Nous proposons \u00e9galement des syst\u00e8mes d&#8217;\u00e9lectrodes EMS compatibles, des gilets, des pantalons, des ceintures pour les bras et les jambes, accessoires ainsi qu&#8217;une s\u00e9lection de litt\u00e9rature sp\u00e9cialis\u00e9e sur l&#8217;entra\u00eenement EMS. Nos [&hellip;]<\/p>\n","protected":false},"author":4,"featured_media":0,"parent":0,"menu_order":0,"comment_status":"closed","ping_status":"closed","template":"","meta":{"footnotes":""},"class_list":["post-3686","page","type-page","status-publish","hentry"],"yoast_head":"<!-- This site is optimized with the Yoast SEO plugin v27.4 - https:\/\/yoast.com\/product\/yoast-seo-wordpress\/ -->\n<title>FAQ - Foire aux questions &#187; EMS Reparaturen + EMS Zubeh\u00f6r<\/title>\n<meta name=\"description\" content=\"Online EMS Training ist die Schnittstelle zwischen EMS-Fitnesstrainern und Trainierenden. Das Portal vermittelt Kunden an Trainer zur onlinebetreuten Trainingseinheit.\" \/>\n<meta name=\"robots\" content=\"index, follow, max-snippet:-1, max-image-preview:large, max-video-preview:-1\" \/>\n<link rel=\"canonical\" href=\"https:\/\/online-ems-training.de\/fr\/faq-foire-aux-questions\/\" \/>\n<meta property=\"og:locale\" content=\"fr_FR\" \/>\n<meta property=\"og:type\" content=\"article\" \/>\n<meta property=\"og:title\" content=\"FAQ - Foire aux questions &#187; EMS Reparaturen + EMS Zubeh\u00f6r\" \/>\n<meta property=\"og:description\" content=\"Online EMS Training ist die Schnittstelle zwischen EMS-Fitnesstrainern und Trainierenden. Das Portal vermittelt Kunden an Trainer zur onlinebetreuten Trainingseinheit.\" \/>\n<meta property=\"og:url\" content=\"https:\/\/online-ems-training.de\/fr\/faq-foire-aux-questions\/\" \/>\n<meta property=\"og:site_name\" content=\"EMS Reparaturen + EMS Zubeh\u00f6r\" \/>\n<meta property=\"article:publisher\" content=\"https:\/\/www.facebook.com\/OnlineEMSTrainingShop\" \/>\n<meta name=\"twitter:card\" content=\"summary_large_image\" \/>\n<meta name=\"twitter:label1\" content=\"Dur\u00e9e de lecture estim\u00e9e\" \/>\n\t<meta name=\"twitter:data1\" content=\"5 minutes\" \/>\n<script type=\"application\/ld+json\" class=\"yoast-schema-graph\">{\"@context\":\"https:\\\/\\\/schema.org\",\"@graph\":[{\"@type\":\"WebPage\",\"@id\":\"https:\\\/\\\/online-ems-training.de\\\/fr\\\/faq-foire-aux-questions\\\/\",\"url\":\"https:\\\/\\\/online-ems-training.de\\\/fr\\\/faq-foire-aux-questions\\\/\",\"name\":\"FAQ - Foire aux questions &#187; EMS Reparaturen + EMS Zubeh\u00f6r\",\"isPartOf\":{\"@id\":\"https:\\\/\\\/online-ems-training.de\\\/fr\\\/#website\"},\"datePublished\":\"2025-11-16T16:11:58+00:00\",\"description\":\"Online EMS Training ist die Schnittstelle zwischen EMS-Fitnesstrainern und Trainierenden. Das Portal vermittelt Kunden an Trainer zur onlinebetreuten Trainingseinheit.\",\"breadcrumb\":{\"@id\":\"https:\\\/\\\/online-ems-training.de\\\/fr\\\/faq-foire-aux-questions\\\/#breadcrumb\"},\"inLanguage\":\"fr-FR\",\"potentialAction\":[{\"@type\":\"ReadAction\",\"target\":[\"https:\\\/\\\/online-ems-training.de\\\/fr\\\/faq-foire-aux-questions\\\/\"]}]},{\"@type\":\"BreadcrumbList\",\"@id\":\"https:\\\/\\\/online-ems-training.de\\\/fr\\\/faq-foire-aux-questions\\\/#breadcrumb\",\"itemListElement\":[{\"@type\":\"ListItem\",\"position\":1,\"name\":\"Startseite\",\"item\":\"https:\\\/\\\/online-ems-training.de\\\/fr\\\/\"},{\"@type\":\"ListItem\",\"position\":2,\"name\":\"FAQ &#8211; Foire aux questions\"}]},{\"@type\":\"WebSite\",\"@id\":\"https:\\\/\\\/online-ems-training.de\\\/fr\\\/#website\",\"url\":\"https:\\\/\\\/online-ems-training.de\\\/fr\\\/\",\"name\":\"EMS Reparaturen + EMS Zubeh\u00f6r\",\"description\":\"Reparaturen und Service f\u00fcr EMS Ger\u00e4te und EMS Elektroden\",\"potentialAction\":[{\"@type\":\"SearchAction\",\"target\":{\"@type\":\"EntryPoint\",\"urlTemplate\":\"https:\\\/\\\/online-ems-training.de\\\/fr\\\/?s={search_term_string}\"},\"query-input\":{\"@type\":\"PropertyValueSpecification\",\"valueRequired\":true,\"valueName\":\"search_term_string\"}}],\"inLanguage\":\"fr-FR\"}]}<\/script>\n<!-- \/ Yoast SEO plugin. -->","yoast_head_json":{"title":"FAQ - Foire aux questions &#187; EMS Reparaturen + EMS Zubeh\u00f6r","description":"Online EMS Training ist die Schnittstelle zwischen EMS-Fitnesstrainern und Trainierenden. Das Portal vermittelt Kunden an Trainer zur onlinebetreuten Trainingseinheit.","robots":{"index":"index","follow":"follow","max-snippet":"max-snippet:-1","max-image-preview":"max-image-preview:large","max-video-preview":"max-video-preview:-1"},"canonical":"https:\/\/online-ems-training.de\/fr\/faq-foire-aux-questions\/","og_locale":"fr_FR","og_type":"article","og_title":"FAQ - Foire aux questions &#187; EMS Reparaturen + EMS Zubeh\u00f6r","og_description":"Online EMS Training ist die Schnittstelle zwischen EMS-Fitnesstrainern und Trainierenden. Das Portal vermittelt Kunden an Trainer zur onlinebetreuten Trainingseinheit.","og_url":"https:\/\/online-ems-training.de\/fr\/faq-foire-aux-questions\/","og_site_name":"EMS Reparaturen + EMS Zubeh\u00f6r","article_publisher":"https:\/\/www.facebook.com\/OnlineEMSTrainingShop","twitter_card":"summary_large_image","twitter_misc":{"Dur\u00e9e de lecture estim\u00e9e":"5 minutes"},"schema":{"@context":"https:\/\/schema.org","@graph":[{"@type":"WebPage","@id":"https:\/\/online-ems-training.de\/fr\/faq-foire-aux-questions\/","url":"https:\/\/online-ems-training.de\/fr\/faq-foire-aux-questions\/","name":"FAQ - Foire aux questions &#187; EMS Reparaturen + EMS Zubeh\u00f6r","isPartOf":{"@id":"https:\/\/online-ems-training.de\/fr\/#website"},"datePublished":"2025-11-16T16:11:58+00:00","description":"Online EMS Training ist die Schnittstelle zwischen EMS-Fitnesstrainern und Trainierenden. Das Portal vermittelt Kunden an Trainer zur onlinebetreuten Trainingseinheit.","breadcrumb":{"@id":"https:\/\/online-ems-training.de\/fr\/faq-foire-aux-questions\/#breadcrumb"},"inLanguage":"fr-FR","potentialAction":[{"@type":"ReadAction","target":["https:\/\/online-ems-training.de\/fr\/faq-foire-aux-questions\/"]}]},{"@type":"BreadcrumbList","@id":"https:\/\/online-ems-training.de\/fr\/faq-foire-aux-questions\/#breadcrumb","itemListElement":[{"@type":"ListItem","position":1,"name":"Startseite","item":"https:\/\/online-ems-training.de\/fr\/"},{"@type":"ListItem","position":2,"name":"FAQ &#8211; Foire aux questions"}]},{"@type":"WebSite","@id":"https:\/\/online-ems-training.de\/fr\/#website","url":"https:\/\/online-ems-training.de\/fr\/","name":"EMS Reparaturen + EMS Zubeh\u00f6r","description":"Reparaturen und Service f\u00fcr EMS Ger\u00e4te und EMS Elektroden","potentialAction":[{"@type":"SearchAction","target":{"@type":"EntryPoint","urlTemplate":"https:\/\/online-ems-training.de\/fr\/?s={search_term_string}"},"query-input":{"@type":"PropertyValueSpecification","valueRequired":true,"valueName":"search_term_string"}}],"inLanguage":"fr-FR"}]}},"_links":{"self":[{"href":"https:\/\/online-ems-training.de\/fr\/wp-json\/wp\/v2\/pages\/3686","targetHints":{"allow":["GET"]}}],"collection":[{"href":"https:\/\/online-ems-training.de\/fr\/wp-json\/wp\/v2\/pages"}],"about":[{"href":"https:\/\/online-ems-training.de\/fr\/wp-json\/wp\/v2\/types\/page"}],"author":[{"embeddable":true,"href":"https:\/\/online-ems-training.de\/fr\/wp-json\/wp\/v2\/users\/4"}],"replies":[{"embeddable":true,"href":"https:\/\/online-ems-training.de\/fr\/wp-json\/wp\/v2\/comments?post=3686"}],"version-history":[{"count":0,"href":"https:\/\/online-ems-training.de\/fr\/wp-json\/wp\/v2\/pages\/3686\/revisions"}],"wp:attachment":[{"href":"https:\/\/online-ems-training.de\/fr\/wp-json\/wp\/v2\/media?parent=3686"}],"curies":[{"name":"wp","href":"https:\/\/api.w.org\/{rel}","templated":true}]}}