{"id":2836,"date":"2021-02-06T18:13:49","date_gmt":"2021-02-06T17:13:49","guid":{"rendered":"https:\/\/online-ems-training.de\/produkt\/brezeasy-bouteille-vide-1l\/"},"modified":"2021-02-06T18:13:49","modified_gmt":"2021-02-06T17:13:49","slug":"bouteille-vide-brezeasy-1l","status":"publish","type":"product","link":"https:\/\/online-ems-training.de\/fr\/produkt\/bouteille-vide-brezeasy-1l\/","title":{"rendered":"brezeasy\u00ae Bouteille vide 1l"},"content":{"rendered":"<section class=\"av_textblock_section \">\n<div class=\"avia_textblock \">\n<p>Avec notre bouteille vide rechargeable et pratique d&#8217;un litre, vous b\u00e9n\u00e9ficiez d&#8217;une technologie de d\u00e9sinfection respectueuse de l&#8217;environnement et de la peau.<\/p>\n<\/div>\n<\/section>\n","protected":false},"excerpt":{"rendered":"<p>Avec notre bouteille vide rechargeable et pratique d&#8217;un litre, vous b\u00e9n\u00e9ficiez d&#8217;une technologie de d\u00e9sinfection respectueuse de l&#8217;environnement et de la peau.<\/p>\n","protected":false},"featured_media":2838,"template":"","meta":[],"product_brand":[],"product_cat":[399],"product_tag":[],"class_list":{"0":"post-2836","1":"product","2":"type-product","3":"status-publish","4":"has-post-thumbnail","6":"product_cat-entretien-des-electrodes-ems","7":"product_shipping_class-paquet-dhl-2kg","9":"first","10":"instock","11":"taxable","12":"shipping-taxable","13":"purchasable","14":"product-type-simple"},"yoast_head":"<!-- This site is optimized with the Yoast SEO plugin v27.4 - https:\/\/yoast.com\/product\/yoast-seo-wordpress\/ -->\n<title>brezeasy\u00ae Bouteille vide 1l &#187; EMS Reparaturen + EMS Zubeh\u00f6r<\/title>\n<meta name=\"robots\" content=\"index, follow, max-snippet:-1, max-image-preview:large, max-video-preview:-1\" \/>\n<link rel=\"canonical\" href=\"https:\/\/online-ems-training.de\/fr\/produkt\/bouteille-vide-brezeasy-1l\/\" \/>\n<meta property=\"og:locale\" content=\"fr_FR\" \/>\n<meta property=\"og:type\" content=\"article\" \/>\n<meta property=\"og:title\" content=\"brezeasy\u00ae Bouteille vide 1l &#187; EMS Reparaturen + EMS Zubeh\u00f6r\" \/>\n<meta property=\"og:description\" content=\"Avec notre bouteille vide rechargeable et pratique d&#039;un litre, vous b\u00e9n\u00e9ficiez d&#039;une technologie de d\u00e9sinfection respectueuse de l&#039;environnement et de la peau.\" \/>\n<meta property=\"og:url\" content=\"https:\/\/online-ems-training.de\/fr\/produkt\/bouteille-vide-brezeasy-1l\/\" \/>\n<meta property=\"og:site_name\" content=\"EMS Reparaturen + EMS Zubeh\u00f6r\" \/>\n<meta property=\"article:publisher\" content=\"https:\/\/www.facebook.com\/OnlineEMSTrainingShop\" \/>\n<meta property=\"og:image\" content=\"https:\/\/i0.wp.com\/online-ems-training.de\/wp-content\/uploads\/2021\/02\/brezeasy_support_sprayer_white.png?fit=1200%2C1200&ssl=1\" \/>\n\t<meta property=\"og:image:width\" content=\"1200\" \/>\n\t<meta property=\"og:image:height\" content=\"1200\" \/>\n\t<meta property=\"og:image:type\" content=\"image\/png\" \/>\n<meta name=\"twitter:card\" content=\"summary_large_image\" \/>\n<script type=\"application\/ld+json\" class=\"yoast-schema-graph\">{\"@context\":\"https:\\\/\\\/schema.org\",\"@graph\":[{\"@type\":\"WebPage\",\"@id\":\"https:\\\/\\\/online-ems-training.de\\\/fr\\\/produkt\\\/bouteille-vide-brezeasy-1l\\\/\",\"url\":\"https:\\\/\\\/online-ems-training.de\\\/fr\\\/produkt\\\/bouteille-vide-brezeasy-1l\\\/\",\"name\":\"brezeasy\u00ae Bouteille vide 1l &#187; EMS Reparaturen + EMS Zubeh\u00f6r\",\"isPartOf\":{\"@id\":\"https:\\\/\\\/online-ems-training.de\\\/fr\\\/#website\"},\"primaryImageOfPage\":{\"@id\":\"https:\\\/\\\/online-ems-training.de\\\/fr\\\/produkt\\\/bouteille-vide-brezeasy-1l\\\/#primaryimage\"},\"image\":{\"@id\":\"https:\\\/\\\/online-ems-training.de\\\/fr\\\/produkt\\\/bouteille-vide-brezeasy-1l\\\/#primaryimage\"},\"thumbnailUrl\":\"https:\\\/\\\/online-ems-training.de\\\/wp-content\\\/uploads\\\/2021\\\/02\\\/brezeasy_support_sprayer_white.png\",\"datePublished\":\"2021-02-06T17:13:49+00:00\",\"breadcrumb\":{\"@id\":\"https:\\\/\\\/online-ems-training.de\\\/fr\\\/produkt\\\/bouteille-vide-brezeasy-1l\\\/#breadcrumb\"},\"inLanguage\":\"fr-FR\",\"potentialAction\":[{\"@type\":\"ReadAction\",\"target\":[\"https:\\\/\\\/online-ems-training.de\\\/fr\\\/produkt\\\/bouteille-vide-brezeasy-1l\\\/\"]}]},{\"@type\":\"ImageObject\",\"inLanguage\":\"fr-FR\",\"@id\":\"https:\\\/\\\/online-ems-training.de\\\/fr\\\/produkt\\\/bouteille-vide-brezeasy-1l\\\/#primaryimage\",\"url\":\"https:\\\/\\\/online-ems-training.de\\\/wp-content\\\/uploads\\\/2021\\\/02\\\/brezeasy_support_sprayer_white.png\",\"contentUrl\":\"https:\\\/\\\/online-ems-training.de\\\/wp-content\\\/uploads\\\/2021\\\/02\\\/brezeasy_support_sprayer_white.png\",\"width\":1200,\"height\":1200,\"caption\":\"brezeasy Support Sprayer Flasche\"},{\"@type\":\"BreadcrumbList\",\"@id\":\"https:\\\/\\\/online-ems-training.de\\\/fr\\\/produkt\\\/bouteille-vide-brezeasy-1l\\\/#breadcrumb\",\"itemListElement\":[{\"@type\":\"ListItem\",\"position\":1,\"name\":\"Startseite\",\"item\":\"https:\\\/\\\/online-ems-training.de\\\/fr\\\/\"},{\"@type\":\"ListItem\",\"position\":2,\"name\":\"brezeasy\u00ae Bouteille vide 1l\"}]},{\"@type\":\"WebSite\",\"@id\":\"https:\\\/\\\/online-ems-training.de\\\/fr\\\/#website\",\"url\":\"https:\\\/\\\/online-ems-training.de\\\/fr\\\/\",\"name\":\"EMS Reparaturen + EMS Zubeh\u00f6r\",\"description\":\"Reparaturen und Service f\u00fcr EMS Ger\u00e4te und EMS Elektroden\",\"potentialAction\":[{\"@type\":\"SearchAction\",\"target\":{\"@type\":\"EntryPoint\",\"urlTemplate\":\"https:\\\/\\\/online-ems-training.de\\\/fr\\\/?s={search_term_string}\"},\"query-input\":{\"@type\":\"PropertyValueSpecification\",\"valueRequired\":true,\"valueName\":\"search_term_string\"}}],\"inLanguage\":\"fr-FR\"}]}<\/script>\n<!-- \/ Yoast SEO plugin. -->","yoast_head_json":{"title":"brezeasy\u00ae Bouteille vide 1l &#187; EMS Reparaturen + EMS Zubeh\u00f6r","robots":{"index":"index","follow":"follow","max-snippet":"max-snippet:-1","max-image-preview":"max-image-preview:large","max-video-preview":"max-video-preview:-1"},"canonical":"https:\/\/online-ems-training.de\/fr\/produkt\/bouteille-vide-brezeasy-1l\/","og_locale":"fr_FR","og_type":"article","og_title":"brezeasy\u00ae Bouteille vide 1l &#187; EMS Reparaturen + EMS Zubeh\u00f6r","og_description":"Avec notre bouteille vide rechargeable et pratique d'un litre, vous b\u00e9n\u00e9ficiez d'une technologie de d\u00e9sinfection respectueuse de l'environnement et de la peau.","og_url":"https:\/\/online-ems-training.de\/fr\/produkt\/bouteille-vide-brezeasy-1l\/","og_site_name":"EMS Reparaturen + EMS Zubeh\u00f6r","article_publisher":"https:\/\/www.facebook.com\/OnlineEMSTrainingShop","og_image":[{"width":1200,"height":1200,"url":"https:\/\/i0.wp.com\/online-ems-training.de\/wp-content\/uploads\/2021\/02\/brezeasy_support_sprayer_white.png?fit=1200%2C1200&ssl=1","type":"image\/png"}],"twitter_card":"summary_large_image","schema":{"@context":"https:\/\/schema.org","@graph":[{"@type":"WebPage","@id":"https:\/\/online-ems-training.de\/fr\/produkt\/bouteille-vide-brezeasy-1l\/","url":"https:\/\/online-ems-training.de\/fr\/produkt\/bouteille-vide-brezeasy-1l\/","name":"brezeasy\u00ae Bouteille vide 1l &#187; EMS Reparaturen + EMS Zubeh\u00f6r","isPartOf":{"@id":"https:\/\/online-ems-training.de\/fr\/#website"},"primaryImageOfPage":{"@id":"https:\/\/online-ems-training.de\/fr\/produkt\/bouteille-vide-brezeasy-1l\/#primaryimage"},"image":{"@id":"https:\/\/online-ems-training.de\/fr\/produkt\/bouteille-vide-brezeasy-1l\/#primaryimage"},"thumbnailUrl":"https:\/\/online-ems-training.de\/wp-content\/uploads\/2021\/02\/brezeasy_support_sprayer_white.png","datePublished":"2021-02-06T17:13:49+00:00","breadcrumb":{"@id":"https:\/\/online-ems-training.de\/fr\/produkt\/bouteille-vide-brezeasy-1l\/#breadcrumb"},"inLanguage":"fr-FR","potentialAction":[{"@type":"ReadAction","target":["https:\/\/online-ems-training.de\/fr\/produkt\/bouteille-vide-brezeasy-1l\/"]}]},{"@type":"ImageObject","inLanguage":"fr-FR","@id":"https:\/\/online-ems-training.de\/fr\/produkt\/bouteille-vide-brezeasy-1l\/#primaryimage","url":"https:\/\/online-ems-training.de\/wp-content\/uploads\/2021\/02\/brezeasy_support_sprayer_white.png","contentUrl":"https:\/\/online-ems-training.de\/wp-content\/uploads\/2021\/02\/brezeasy_support_sprayer_white.png","width":1200,"height":1200,"caption":"brezeasy Support Sprayer Flasche"},{"@type":"BreadcrumbList","@id":"https:\/\/online-ems-training.de\/fr\/produkt\/bouteille-vide-brezeasy-1l\/#breadcrumb","itemListElement":[{"@type":"ListItem","position":1,"name":"Startseite","item":"https:\/\/online-ems-training.de\/fr\/"},{"@type":"ListItem","position":2,"name":"brezeasy\u00ae Bouteille vide 1l"}]},{"@type":"WebSite","@id":"https:\/\/online-ems-training.de\/fr\/#website","url":"https:\/\/online-ems-training.de\/fr\/","name":"EMS Reparaturen + EMS Zubeh\u00f6r","description":"Reparaturen und Service f\u00fcr EMS Ger\u00e4te und EMS Elektroden","potentialAction":[{"@type":"SearchAction","target":{"@type":"EntryPoint","urlTemplate":"https:\/\/online-ems-training.de\/fr\/?s={search_term_string}"},"query-input":{"@type":"PropertyValueSpecification","valueRequired":true,"valueName":"search_term_string"}}],"inLanguage":"fr-FR"}]}},"_links":{"self":[{"href":"https:\/\/online-ems-training.de\/fr\/wp-json\/wp\/v2\/product\/2836","targetHints":{"allow":["GET"]}}],"collection":[{"href":"https:\/\/online-ems-training.de\/fr\/wp-json\/wp\/v2\/product"}],"about":[{"href":"https:\/\/online-ems-training.de\/fr\/wp-json\/wp\/v2\/types\/product"}],"wp:featuredmedia":[{"embeddable":true,"href":"https:\/\/online-ems-training.de\/fr\/wp-json\/wp\/v2\/media\/2838"}],"wp:attachment":[{"href":"https:\/\/online-ems-training.de\/fr\/wp-json\/wp\/v2\/media?parent=2836"}],"wp:term":[{"taxonomy":"product_brand","embeddable":true,"href":"https:\/\/online-ems-training.de\/fr\/wp-json\/wp\/v2\/product_brand?post=2836"},{"taxonomy":"product_cat","embeddable":true,"href":"https:\/\/online-ems-training.de\/fr\/wp-json\/wp\/v2\/product_cat?post=2836"},{"taxonomy":"product_tag","embeddable":true,"href":"https:\/\/online-ems-training.de\/fr\/wp-json\/wp\/v2\/product_tag?post=2836"}],"curies":[{"name":"wp","href":"https:\/\/api.w.org\/{rel}","templated":true}]}}