{"id":2840,"date":"2021-02-06T22:04:02","date_gmt":"2021-02-06T21:04:02","guid":{"rendered":"https:\/\/online-ems-training.de\/produkt\/pulverisateur-deau\/"},"modified":"2021-02-06T22:04:02","modified_gmt":"2021-02-06T21:04:02","slug":"fontaine-a-eau","status":"publish","type":"product","link":"https:\/\/online-ems-training.de\/fr\/produkt\/fontaine-a-eau\/","title":{"rendered":"Pulv\u00e9risateur d&#8217;eau"},"content":{"rendered":"<p>Flacon pulv\u00e9risateur stable pour le lavage des \u00e9lectrodes. Il suffit de remplir d&#8217;eau chaude, de gonfler et de vaporiser ensuite les \u00e9lectrodes.<\/p>\n<p>Caract\u00e9ristiques :<\/p>\n<ul>\n<li>Capacit\u00e9 : 2 litres<\/li>\n<li>Pression de travail : max. 3 bar<\/li>\n<li>R\u00e9glage : de la fine pulv\u00e9risation au jet d&#8217;eau<\/li>\n<li>Indicateur de niveau : oui<\/li>\n<li>Soupape de surpression : oui<\/li>\n<li>Mat\u00e9riau du r\u00e9cipient : plastique<\/li>\n<li>Mat\u00e9riau de la buse : laiton<\/li>\n<li>Couleur : rouge, blanc<\/li>\n<\/ul>\n","protected":false},"excerpt":{"rendered":"<p>Vaporisateur d&#8217;eau pour vaporiser les \u00e9lectrodes.<\/p>\n","protected":false},"featured_media":2842,"template":"","meta":[],"product_brand":[],"product_cat":[401,399],"product_tag":[],"class_list":{"0":"post-2840","1":"product","2":"type-product","3":"status-publish","4":"has-post-thumbnail","6":"product_cat-accessoires","7":"product_cat-entretien-des-electrodes-ems","8":"product_shipping_class-paquet-dhl-2kg","10":"first","11":"instock","12":"taxable","13":"shipping-taxable","14":"purchasable","15":"product-type-simple"},"yoast_head":"<!-- This site is optimized with the Yoast SEO plugin v27.4 - https:\/\/yoast.com\/product\/yoast-seo-wordpress\/ -->\n<title>Pulv\u00e9risateur d&#039;eau &#187; EMS Reparaturen + EMS Zubeh\u00f6r<\/title>\n<meta name=\"description\" content=\"Vaporisateur d&#039;eau pour vaporiser les \u00e9lectrodes.\" \/>\n<meta name=\"robots\" content=\"index, follow, max-snippet:-1, max-image-preview:large, max-video-preview:-1\" \/>\n<link rel=\"canonical\" href=\"https:\/\/online-ems-training.de\/fr\/produkt\/fontaine-a-eau\/\" \/>\n<meta property=\"og:locale\" content=\"fr_FR\" \/>\n<meta property=\"og:type\" content=\"article\" \/>\n<meta property=\"og:title\" content=\"Pulv\u00e9risateur d&#039;eau &#187; EMS Reparaturen + EMS Zubeh\u00f6r\" \/>\n<meta property=\"og:description\" content=\"Vaporisateur d&#039;eau pour vaporiser les \u00e9lectrodes.\" \/>\n<meta property=\"og:url\" content=\"https:\/\/online-ems-training.de\/fr\/produkt\/fontaine-a-eau\/\" \/>\n<meta property=\"og:site_name\" content=\"EMS Reparaturen + EMS Zubeh\u00f6r\" \/>\n<meta property=\"article:publisher\" content=\"https:\/\/www.facebook.com\/OnlineEMSTrainingShop\" \/>\n<meta property=\"og:image\" content=\"https:\/\/i0.wp.com\/online-ems-training.de\/wp-content\/uploads\/2023\/09\/Sprayer_07.jpg?fit=1500%2C2000&ssl=1\" \/>\n\t<meta property=\"og:image:width\" content=\"1500\" \/>\n\t<meta property=\"og:image:height\" content=\"2000\" \/>\n\t<meta property=\"og:image:type\" content=\"image\/jpeg\" \/>\n<meta name=\"twitter:card\" content=\"summary_large_image\" \/>\n<script type=\"application\/ld+json\" class=\"yoast-schema-graph\">{\"@context\":\"https:\\\/\\\/schema.org\",\"@graph\":[{\"@type\":\"WebPage\",\"@id\":\"https:\\\/\\\/online-ems-training.de\\\/fr\\\/produkt\\\/fontaine-a-eau\\\/\",\"url\":\"https:\\\/\\\/online-ems-training.de\\\/fr\\\/produkt\\\/fontaine-a-eau\\\/\",\"name\":\"Pulv\u00e9risateur d'eau &#187; EMS Reparaturen + EMS Zubeh\u00f6r\",\"isPartOf\":{\"@id\":\"https:\\\/\\\/online-ems-training.de\\\/fr\\\/#website\"},\"primaryImageOfPage\":{\"@id\":\"https:\\\/\\\/online-ems-training.de\\\/fr\\\/produkt\\\/fontaine-a-eau\\\/#primaryimage\"},\"image\":{\"@id\":\"https:\\\/\\\/online-ems-training.de\\\/fr\\\/produkt\\\/fontaine-a-eau\\\/#primaryimage\"},\"thumbnailUrl\":\"https:\\\/\\\/online-ems-training.de\\\/wp-content\\\/uploads\\\/2023\\\/09\\\/Sprayer_07.jpg\",\"datePublished\":\"2021-02-06T21:04:02+00:00\",\"description\":\"Vaporisateur d'eau pour vaporiser les \u00e9lectrodes.\",\"breadcrumb\":{\"@id\":\"https:\\\/\\\/online-ems-training.de\\\/fr\\\/produkt\\\/fontaine-a-eau\\\/#breadcrumb\"},\"inLanguage\":\"fr-FR\",\"potentialAction\":[{\"@type\":\"ReadAction\",\"target\":[\"https:\\\/\\\/online-ems-training.de\\\/fr\\\/produkt\\\/fontaine-a-eau\\\/\"]}]},{\"@type\":\"ImageObject\",\"inLanguage\":\"fr-FR\",\"@id\":\"https:\\\/\\\/online-ems-training.de\\\/fr\\\/produkt\\\/fontaine-a-eau\\\/#primaryimage\",\"url\":\"https:\\\/\\\/online-ems-training.de\\\/wp-content\\\/uploads\\\/2023\\\/09\\\/Sprayer_07.jpg\",\"contentUrl\":\"https:\\\/\\\/online-ems-training.de\\\/wp-content\\\/uploads\\\/2023\\\/09\\\/Sprayer_07.jpg\",\"width\":1500,\"height\":2000,\"caption\":\"2l EMS Sprayer\"},{\"@type\":\"BreadcrumbList\",\"@id\":\"https:\\\/\\\/online-ems-training.de\\\/fr\\\/produkt\\\/fontaine-a-eau\\\/#breadcrumb\",\"itemListElement\":[{\"@type\":\"ListItem\",\"position\":1,\"name\":\"Startseite\",\"item\":\"https:\\\/\\\/online-ems-training.de\\\/fr\\\/\"},{\"@type\":\"ListItem\",\"position\":2,\"name\":\"Pulv\u00e9risateur d&#8217;eau\"}]},{\"@type\":\"WebSite\",\"@id\":\"https:\\\/\\\/online-ems-training.de\\\/fr\\\/#website\",\"url\":\"https:\\\/\\\/online-ems-training.de\\\/fr\\\/\",\"name\":\"EMS Reparaturen + EMS Zubeh\u00f6r\",\"description\":\"Reparaturen und Service f\u00fcr EMS Ger\u00e4te und EMS Elektroden\",\"potentialAction\":[{\"@type\":\"SearchAction\",\"target\":{\"@type\":\"EntryPoint\",\"urlTemplate\":\"https:\\\/\\\/online-ems-training.de\\\/fr\\\/?s={search_term_string}\"},\"query-input\":{\"@type\":\"PropertyValueSpecification\",\"valueRequired\":true,\"valueName\":\"search_term_string\"}}],\"inLanguage\":\"fr-FR\"}]}<\/script>\n<!-- \/ Yoast SEO plugin. -->","yoast_head_json":{"title":"Pulv\u00e9risateur d'eau &#187; EMS Reparaturen + EMS Zubeh\u00f6r","description":"Vaporisateur d'eau pour vaporiser les \u00e9lectrodes.","robots":{"index":"index","follow":"follow","max-snippet":"max-snippet:-1","max-image-preview":"max-image-preview:large","max-video-preview":"max-video-preview:-1"},"canonical":"https:\/\/online-ems-training.de\/fr\/produkt\/fontaine-a-eau\/","og_locale":"fr_FR","og_type":"article","og_title":"Pulv\u00e9risateur d'eau &#187; EMS Reparaturen + EMS Zubeh\u00f6r","og_description":"Vaporisateur d'eau pour vaporiser les \u00e9lectrodes.","og_url":"https:\/\/online-ems-training.de\/fr\/produkt\/fontaine-a-eau\/","og_site_name":"EMS Reparaturen + EMS Zubeh\u00f6r","article_publisher":"https:\/\/www.facebook.com\/OnlineEMSTrainingShop","og_image":[{"width":1500,"height":2000,"url":"https:\/\/i0.wp.com\/online-ems-training.de\/wp-content\/uploads\/2023\/09\/Sprayer_07.jpg?fit=1500%2C2000&ssl=1","type":"image\/jpeg"}],"twitter_card":"summary_large_image","schema":{"@context":"https:\/\/schema.org","@graph":[{"@type":"WebPage","@id":"https:\/\/online-ems-training.de\/fr\/produkt\/fontaine-a-eau\/","url":"https:\/\/online-ems-training.de\/fr\/produkt\/fontaine-a-eau\/","name":"Pulv\u00e9risateur d'eau &#187; EMS Reparaturen + EMS Zubeh\u00f6r","isPartOf":{"@id":"https:\/\/online-ems-training.de\/fr\/#website"},"primaryImageOfPage":{"@id":"https:\/\/online-ems-training.de\/fr\/produkt\/fontaine-a-eau\/#primaryimage"},"image":{"@id":"https:\/\/online-ems-training.de\/fr\/produkt\/fontaine-a-eau\/#primaryimage"},"thumbnailUrl":"https:\/\/online-ems-training.de\/wp-content\/uploads\/2023\/09\/Sprayer_07.jpg","datePublished":"2021-02-06T21:04:02+00:00","description":"Vaporisateur d'eau pour vaporiser les \u00e9lectrodes.","breadcrumb":{"@id":"https:\/\/online-ems-training.de\/fr\/produkt\/fontaine-a-eau\/#breadcrumb"},"inLanguage":"fr-FR","potentialAction":[{"@type":"ReadAction","target":["https:\/\/online-ems-training.de\/fr\/produkt\/fontaine-a-eau\/"]}]},{"@type":"ImageObject","inLanguage":"fr-FR","@id":"https:\/\/online-ems-training.de\/fr\/produkt\/fontaine-a-eau\/#primaryimage","url":"https:\/\/online-ems-training.de\/wp-content\/uploads\/2023\/09\/Sprayer_07.jpg","contentUrl":"https:\/\/online-ems-training.de\/wp-content\/uploads\/2023\/09\/Sprayer_07.jpg","width":1500,"height":2000,"caption":"2l EMS Sprayer"},{"@type":"BreadcrumbList","@id":"https:\/\/online-ems-training.de\/fr\/produkt\/fontaine-a-eau\/#breadcrumb","itemListElement":[{"@type":"ListItem","position":1,"name":"Startseite","item":"https:\/\/online-ems-training.de\/fr\/"},{"@type":"ListItem","position":2,"name":"Pulv\u00e9risateur d&#8217;eau"}]},{"@type":"WebSite","@id":"https:\/\/online-ems-training.de\/fr\/#website","url":"https:\/\/online-ems-training.de\/fr\/","name":"EMS Reparaturen + EMS Zubeh\u00f6r","description":"Reparaturen und Service f\u00fcr EMS Ger\u00e4te und EMS Elektroden","potentialAction":[{"@type":"SearchAction","target":{"@type":"EntryPoint","urlTemplate":"https:\/\/online-ems-training.de\/fr\/?s={search_term_string}"},"query-input":{"@type":"PropertyValueSpecification","valueRequired":true,"valueName":"search_term_string"}}],"inLanguage":"fr-FR"}]}},"_links":{"self":[{"href":"https:\/\/online-ems-training.de\/fr\/wp-json\/wp\/v2\/product\/2840","targetHints":{"allow":["GET"]}}],"collection":[{"href":"https:\/\/online-ems-training.de\/fr\/wp-json\/wp\/v2\/product"}],"about":[{"href":"https:\/\/online-ems-training.de\/fr\/wp-json\/wp\/v2\/types\/product"}],"wp:featuredmedia":[{"embeddable":true,"href":"https:\/\/online-ems-training.de\/fr\/wp-json\/wp\/v2\/media\/2842"}],"wp:attachment":[{"href":"https:\/\/online-ems-training.de\/fr\/wp-json\/wp\/v2\/media?parent=2840"}],"wp:term":[{"taxonomy":"product_brand","embeddable":true,"href":"https:\/\/online-ems-training.de\/fr\/wp-json\/wp\/v2\/product_brand?post=2840"},{"taxonomy":"product_cat","embeddable":true,"href":"https:\/\/online-ems-training.de\/fr\/wp-json\/wp\/v2\/product_cat?post=2840"},{"taxonomy":"product_tag","embeddable":true,"href":"https:\/\/online-ems-training.de\/fr\/wp-json\/wp\/v2\/product_tag?post=2840"}],"curies":[{"name":"wp","href":"https:\/\/api.w.org\/{rel}","templated":true}]}}