{"id":2853,"date":"2022-08-18T15:01:16","date_gmt":"2022-08-18T13:01:16","guid":{"rendered":"https:\/\/online-ems-training.de\/produkt\/culotte-a-electrodes-ems-8-canaux\/"},"modified":"2024-04-30T23:24:07","modified_gmt":"2024-04-30T21:24:07","slug":"culotte-delectrodes-ems-8-canaux","status":"publish","type":"product","link":"https:\/\/online-ems-training.de\/fr\/produkt\/culotte-delectrodes-ems-8-canaux\/","title":{"rendered":"Culotte \u00e0 \u00e9lectrodes EMS 8 canaux"},"content":{"rendered":"<p>Le pantalon \u00e0 \u00e9lectrodes 8 canaux se caract\u00e9rise par un excellent ajustement. Elle convient parfaitement \u00e0 un entra\u00eenement actif et dynamique. Les paires d&#8217;\u00e9lectrodes sont form\u00e9es respectivement pour les fesses et les jambes. La paire de jambes est encore divis\u00e9e en une \u00e9lectrode avant et une \u00e9lectrode arri\u00e8re. Le pantalon \u00e0 \u00e9lectrodes peut \u00eatre raccord\u00e9 au faisceau de c\u00e2bles MAXSPEED k \u00e0 l&#8217;aide d&#8217;un faisceau partiel ou directement \u00e0 un faisceau de c\u00e2bles s&#8217;il est utilis\u00e9 avec des \u00e9lectrodes d&#8217;autres marques.<\/p>\n<p>Le pantalon \u00e0 \u00e9lectrodes 8 canaux est compos\u00e9 d&#8217;un mat\u00e9riau de support stable, d&#8217;\u00e9l\u00e9ments de fixation durables de qualit\u00e9 industrielle, de r\u00e9servoirs d&#8217;eau tr\u00e8s absorbants et d&#8217;\u00e9lectrodes parfaites.<\/p>\n<p>Les \u00e9lectrodes sont faciles et efficaces \u00e0 nettoyer en machine avec un d\u00e9tergent doux.<\/p>\n<p>Veuillez mesurer les dimensions indiqu\u00e9es pour choisir les \u00e9lectrodes et d\u00e9terminer ensuite la bonne taille.<\/p>\n","protected":false},"excerpt":{"rendered":"<p>Un pantalon \u00e0 \u00e9lectrodes pour l&#8217;entra\u00eenement EMS professionnel. Le syst\u00e8me \u00e0 8 canaux est adapt\u00e9 au MAXSPEED 8 et aux appareils EMS comparables.<\/p>\n","protected":false},"featured_media":2854,"template":"","meta":[],"product_brand":[],"product_cat":[408],"product_tag":[412,410,413,411],"class_list":{"0":"post-2853","1":"product","2":"type-product","3":"status-publish","4":"has-post-thumbnail","6":"product_cat-electrodes-ems","7":"product_tag-electrodes-ems","8":"product_tag-ems-fr","9":"product_tag-gilet-ems","10":"product_tag-set-delectrodes","11":"product_shipping_class-paquet-dhl-2kg","13":"first","14":"instock","15":"featured","16":"taxable","17":"shipping-taxable","18":"purchasable","19":"product-type-variable"},"yoast_head":"<!-- This site is optimized with the Yoast SEO plugin v27.4 - https:\/\/yoast.com\/product\/yoast-seo-wordpress\/ -->\n<title>Culotte \u00e0 \u00e9lectrodes EMS 8 canaux %%page% &#187; Ensemble de gilets EMS MAXSPEED<\/title>\n<meta name=\"description\" content=\"Commandez ici les \u00e9lectrodes originales MAXSPEED pour l&#039;entra\u00eenement EMS dans notre boutique en ligne. Livraison rapide et paiement s\u00e9curis\u00e9.\" \/>\n<meta name=\"robots\" content=\"index, follow, max-snippet:-1, max-image-preview:large, max-video-preview:-1\" \/>\n<link rel=\"canonical\" href=\"https:\/\/online-ems-training.de\/fr\/produkt\/culotte-delectrodes-ems-8-canaux\/\" \/>\n<meta property=\"og:locale\" content=\"fr_FR\" \/>\n<meta property=\"og:type\" content=\"article\" \/>\n<meta property=\"og:title\" content=\"Culotte \u00e0 \u00e9lectrodes EMS 8 canaux %%page% &#187; Ensemble de gilets EMS MAXSPEED\" \/>\n<meta property=\"og:description\" content=\"Commandez ici les \u00e9lectrodes originales MAXSPEED pour l&#039;entra\u00eenement EMS dans notre boutique en ligne. Livraison rapide et paiement s\u00e9curis\u00e9.\" \/>\n<meta property=\"og:url\" content=\"https:\/\/online-ems-training.de\/fr\/produkt\/culotte-delectrodes-ems-8-canaux\/\" \/>\n<meta property=\"og:site_name\" content=\"EMS Reparaturen + EMS Zubeh\u00f6r\" \/>\n<meta property=\"article:publisher\" content=\"https:\/\/www.facebook.com\/OnlineEMSTrainingShop\" \/>\n<meta property=\"article:modified_time\" content=\"2024-04-30T21:24:07+00:00\" \/>\n<meta property=\"og:image\" content=\"https:\/\/i0.wp.com\/online-ems-training.de\/wp-content\/uploads\/2022\/08\/Elektrodenhose-1.png?fit=600%2C400&ssl=1\" \/>\n\t<meta property=\"og:image:width\" content=\"600\" \/>\n\t<meta property=\"og:image:height\" content=\"400\" \/>\n\t<meta property=\"og:image:type\" content=\"image\/png\" \/>\n<meta name=\"twitter:card\" content=\"summary_large_image\" \/>\n<meta name=\"twitter:label1\" content=\"Dur\u00e9e de lecture estim\u00e9e\" \/>\n\t<meta name=\"twitter:data1\" content=\"1 minute\" \/>\n<script type=\"application\/ld+json\" class=\"yoast-schema-graph\">{\"@context\":\"https:\\\/\\\/schema.org\",\"@graph\":[{\"@type\":\"WebPage\",\"@id\":\"https:\\\/\\\/online-ems-training.de\\\/fr\\\/produkt\\\/culotte-delectrodes-ems-8-canaux\\\/\",\"url\":\"https:\\\/\\\/online-ems-training.de\\\/fr\\\/produkt\\\/culotte-delectrodes-ems-8-canaux\\\/\",\"name\":\"Culotte \u00e0 \u00e9lectrodes EMS 8 canaux %%page% &#187; Ensemble de gilets EMS MAXSPEED\",\"isPartOf\":{\"@id\":\"https:\\\/\\\/online-ems-training.de\\\/fr\\\/#website\"},\"primaryImageOfPage\":{\"@id\":\"https:\\\/\\\/online-ems-training.de\\\/fr\\\/produkt\\\/culotte-delectrodes-ems-8-canaux\\\/#primaryimage\"},\"image\":{\"@id\":\"https:\\\/\\\/online-ems-training.de\\\/fr\\\/produkt\\\/culotte-delectrodes-ems-8-canaux\\\/#primaryimage\"},\"thumbnailUrl\":\"https:\\\/\\\/online-ems-training.de\\\/wp-content\\\/uploads\\\/2022\\\/08\\\/Elektrodenhose-1.png\",\"datePublished\":\"2022-08-18T13:01:16+00:00\",\"dateModified\":\"2024-04-30T21:24:07+00:00\",\"description\":\"Commandez ici les \u00e9lectrodes originales MAXSPEED pour l'entra\u00eenement EMS dans notre boutique en ligne. Livraison rapide et paiement s\u00e9curis\u00e9.\",\"breadcrumb\":{\"@id\":\"https:\\\/\\\/online-ems-training.de\\\/fr\\\/produkt\\\/culotte-delectrodes-ems-8-canaux\\\/#breadcrumb\"},\"inLanguage\":\"fr-FR\",\"potentialAction\":[{\"@type\":\"ReadAction\",\"target\":[\"https:\\\/\\\/online-ems-training.de\\\/fr\\\/produkt\\\/culotte-delectrodes-ems-8-canaux\\\/\"]}]},{\"@type\":\"ImageObject\",\"inLanguage\":\"fr-FR\",\"@id\":\"https:\\\/\\\/online-ems-training.de\\\/fr\\\/produkt\\\/culotte-delectrodes-ems-8-canaux\\\/#primaryimage\",\"url\":\"https:\\\/\\\/online-ems-training.de\\\/wp-content\\\/uploads\\\/2022\\\/08\\\/Elektrodenhose-1.png\",\"contentUrl\":\"https:\\\/\\\/online-ems-training.de\\\/wp-content\\\/uploads\\\/2022\\\/08\\\/Elektrodenhose-1.png\",\"width\":600,\"height\":400,\"caption\":\"Pantalon \u00e0 \u00e9lectrodes\"},{\"@type\":\"BreadcrumbList\",\"@id\":\"https:\\\/\\\/online-ems-training.de\\\/fr\\\/produkt\\\/culotte-delectrodes-ems-8-canaux\\\/#breadcrumb\",\"itemListElement\":[{\"@type\":\"ListItem\",\"position\":1,\"name\":\"Startseite\",\"item\":\"https:\\\/\\\/online-ems-training.de\\\/fr\\\/\"},{\"@type\":\"ListItem\",\"position\":2,\"name\":\"Culotte \u00e0 \u00e9lectrodes EMS 8 canaux\"}]},{\"@type\":\"WebSite\",\"@id\":\"https:\\\/\\\/online-ems-training.de\\\/fr\\\/#website\",\"url\":\"https:\\\/\\\/online-ems-training.de\\\/fr\\\/\",\"name\":\"EMS Reparaturen + EMS Zubeh\u00f6r\",\"description\":\"Reparaturen und Service f\u00fcr EMS Ger\u00e4te und EMS Elektroden\",\"potentialAction\":[{\"@type\":\"SearchAction\",\"target\":{\"@type\":\"EntryPoint\",\"urlTemplate\":\"https:\\\/\\\/online-ems-training.de\\\/fr\\\/?s={search_term_string}\"},\"query-input\":{\"@type\":\"PropertyValueSpecification\",\"valueRequired\":true,\"valueName\":\"search_term_string\"}}],\"inLanguage\":\"fr-FR\"}]}<\/script>\n<!-- \/ Yoast SEO plugin. -->","yoast_head_json":{"title":"Culotte \u00e0 \u00e9lectrodes EMS 8 canaux %%page% &#187; Ensemble de gilets EMS MAXSPEED","description":"Commandez ici les \u00e9lectrodes originales MAXSPEED pour l'entra\u00eenement EMS dans notre boutique en ligne. Livraison rapide et paiement s\u00e9curis\u00e9.","robots":{"index":"index","follow":"follow","max-snippet":"max-snippet:-1","max-image-preview":"max-image-preview:large","max-video-preview":"max-video-preview:-1"},"canonical":"https:\/\/online-ems-training.de\/fr\/produkt\/culotte-delectrodes-ems-8-canaux\/","og_locale":"fr_FR","og_type":"article","og_title":"Culotte \u00e0 \u00e9lectrodes EMS 8 canaux %%page% &#187; Ensemble de gilets EMS MAXSPEED","og_description":"Commandez ici les \u00e9lectrodes originales MAXSPEED pour l'entra\u00eenement EMS dans notre boutique en ligne. Livraison rapide et paiement s\u00e9curis\u00e9.","og_url":"https:\/\/online-ems-training.de\/fr\/produkt\/culotte-delectrodes-ems-8-canaux\/","og_site_name":"EMS Reparaturen + EMS Zubeh\u00f6r","article_publisher":"https:\/\/www.facebook.com\/OnlineEMSTrainingShop","article_modified_time":"2024-04-30T21:24:07+00:00","og_image":[{"width":600,"height":400,"url":"https:\/\/i0.wp.com\/online-ems-training.de\/wp-content\/uploads\/2022\/08\/Elektrodenhose-1.png?fit=600%2C400&ssl=1","type":"image\/png"}],"twitter_card":"summary_large_image","twitter_misc":{"Dur\u00e9e de lecture estim\u00e9e":"1 minute"},"schema":{"@context":"https:\/\/schema.org","@graph":[{"@type":"WebPage","@id":"https:\/\/online-ems-training.de\/fr\/produkt\/culotte-delectrodes-ems-8-canaux\/","url":"https:\/\/online-ems-training.de\/fr\/produkt\/culotte-delectrodes-ems-8-canaux\/","name":"Culotte \u00e0 \u00e9lectrodes EMS 8 canaux %%page% &#187; Ensemble de gilets EMS MAXSPEED","isPartOf":{"@id":"https:\/\/online-ems-training.de\/fr\/#website"},"primaryImageOfPage":{"@id":"https:\/\/online-ems-training.de\/fr\/produkt\/culotte-delectrodes-ems-8-canaux\/#primaryimage"},"image":{"@id":"https:\/\/online-ems-training.de\/fr\/produkt\/culotte-delectrodes-ems-8-canaux\/#primaryimage"},"thumbnailUrl":"https:\/\/online-ems-training.de\/wp-content\/uploads\/2022\/08\/Elektrodenhose-1.png","datePublished":"2022-08-18T13:01:16+00:00","dateModified":"2024-04-30T21:24:07+00:00","description":"Commandez ici les \u00e9lectrodes originales MAXSPEED pour l'entra\u00eenement EMS dans notre boutique en ligne. Livraison rapide et paiement s\u00e9curis\u00e9.","breadcrumb":{"@id":"https:\/\/online-ems-training.de\/fr\/produkt\/culotte-delectrodes-ems-8-canaux\/#breadcrumb"},"inLanguage":"fr-FR","potentialAction":[{"@type":"ReadAction","target":["https:\/\/online-ems-training.de\/fr\/produkt\/culotte-delectrodes-ems-8-canaux\/"]}]},{"@type":"ImageObject","inLanguage":"fr-FR","@id":"https:\/\/online-ems-training.de\/fr\/produkt\/culotte-delectrodes-ems-8-canaux\/#primaryimage","url":"https:\/\/online-ems-training.de\/wp-content\/uploads\/2022\/08\/Elektrodenhose-1.png","contentUrl":"https:\/\/online-ems-training.de\/wp-content\/uploads\/2022\/08\/Elektrodenhose-1.png","width":600,"height":400,"caption":"Pantalon \u00e0 \u00e9lectrodes"},{"@type":"BreadcrumbList","@id":"https:\/\/online-ems-training.de\/fr\/produkt\/culotte-delectrodes-ems-8-canaux\/#breadcrumb","itemListElement":[{"@type":"ListItem","position":1,"name":"Startseite","item":"https:\/\/online-ems-training.de\/fr\/"},{"@type":"ListItem","position":2,"name":"Culotte \u00e0 \u00e9lectrodes EMS 8 canaux"}]},{"@type":"WebSite","@id":"https:\/\/online-ems-training.de\/fr\/#website","url":"https:\/\/online-ems-training.de\/fr\/","name":"EMS Reparaturen + EMS Zubeh\u00f6r","description":"Reparaturen und Service f\u00fcr EMS Ger\u00e4te und EMS Elektroden","potentialAction":[{"@type":"SearchAction","target":{"@type":"EntryPoint","urlTemplate":"https:\/\/online-ems-training.de\/fr\/?s={search_term_string}"},"query-input":{"@type":"PropertyValueSpecification","valueRequired":true,"valueName":"search_term_string"}}],"inLanguage":"fr-FR"}]}},"_links":{"self":[{"href":"https:\/\/online-ems-training.de\/fr\/wp-json\/wp\/v2\/product\/2853","targetHints":{"allow":["GET"]}}],"collection":[{"href":"https:\/\/online-ems-training.de\/fr\/wp-json\/wp\/v2\/product"}],"about":[{"href":"https:\/\/online-ems-training.de\/fr\/wp-json\/wp\/v2\/types\/product"}],"wp:featuredmedia":[{"embeddable":true,"href":"https:\/\/online-ems-training.de\/fr\/wp-json\/wp\/v2\/media\/2854"}],"wp:attachment":[{"href":"https:\/\/online-ems-training.de\/fr\/wp-json\/wp\/v2\/media?parent=2853"}],"wp:term":[{"taxonomy":"product_brand","embeddable":true,"href":"https:\/\/online-ems-training.de\/fr\/wp-json\/wp\/v2\/product_brand?post=2853"},{"taxonomy":"product_cat","embeddable":true,"href":"https:\/\/online-ems-training.de\/fr\/wp-json\/wp\/v2\/product_cat?post=2853"},{"taxonomy":"product_tag","embeddable":true,"href":"https:\/\/online-ems-training.de\/fr\/wp-json\/wp\/v2\/product_tag?post=2853"}],"curies":[{"name":"wp","href":"https:\/\/api.w.org\/{rel}","templated":true}]}}