{"id":2879,"date":"2022-02-12T14:17:44","date_gmt":"2022-02-12T13:17:44","guid":{"rendered":"https:\/\/online-ems-training.de\/produkt\/maxspeed-8\/"},"modified":"2023-10-02T14:04:03","modified_gmt":"2023-10-02T12:04:03","slug":"maxspeed-8","status":"publish","type":"product","link":"https:\/\/online-ems-training.de\/fr\/produkt\/maxspeed-8\/","title":{"rendered":"MAXSPEED 8"},"content":{"rendered":"<p><span style=\"font-family: Arial, sans-serif;\">Avec le<\/span><span style=\"font-family: Arial, sans-serif;\"> MAXSPEED <\/span><span style=\"font-family: Arial, sans-serif;\">8<\/span> <span style=\"font-family: Arial, sans-serif;\">vous obtenez un <\/span><span style=\"font-family: Arial, sans-serif;\">adulte <\/span><span style=\"font-family: Arial, sans-serif;\">EMS <\/span><span style=\"font-family: Arial, sans-serif;\">G<\/span><span style=\"font-family: Arial, sans-serif;\">e dispositif.<\/span> <span style=\"font-family: Arial, sans-serif;\">Il poss\u00e8de une multitude de fonctions qui simplifient et raffermissent le quotidien dans les studios EMS. On peut citer la fonction de verrouillage de l&#8217;appareil, l&#8217;augmentation automatique des valeurs d&#8217;intensit\u00e9 lors de l&#8217;utilisation d&#8217;une carte RFID d&#8217;un client, les  <\/span><span style=\"font-family: Arial, sans-serif;\">L&#8217;association de l&#8217;appareil avec les exigences d&#8217;une documentation d&#8217;entra\u00eenement conforme \u00e0 l&#8217;ordonnance sur la protection contre les radiations (NiSV), sans oublier la possibilit\u00e9 d&#8217;effectuer des entra\u00eenements ind\u00e9pendants avec deux personnes en m\u00eame temps sur un seul MAXSPEED 8. Pour cela, le MAXSPEED 8 sert de station de base pour 2 bo\u00eetiers sans fil MAXSPEED 8.1.  <\/span><\/p>\n<p><span style=\"font-family: Arial, sans-serif;\">De plus, la<\/span><span style=\"font-family: Arial, sans-serif;\"> l&#8217;utilisation intuitive <\/span><span style=\"font-family: Arial, sans-serif;\">et<\/span><span style=\"font-family: Arial, sans-serif;\"> les \u00e9l\u00e9ments de commande clairs <\/span><span style=\"font-family: Arial, sans-serif;\">sont mentionn\u00e9s sur<\/span><span style=\"font-family: Arial, sans-serif;\">. Il s&#8217;agit notamment de l&#8217;\u00e9quipement d&#8217;une batterie pour un fonctionnement sans probl\u00e8me &#8211; partout, des options d&#8217;installation, du pied de table au support massif, en passant par le raccordement flexible \u00e0 tous les supports muraux disponibles avec prise VESA.  <\/span><\/p>\n<h3><\/h3>\n<h3><span style=\"font-family: Arial, sans-serif;\">15<\/span><span style=\"font-family: Arial, sans-serif;\"> Programmes<\/span><\/h3>\n<p><span style=\"font-family: Arial, sans-serif;\">3<\/span><span style=\"font-family: Arial, sans-serif;\">x D\u00e9veloppement musculaire<\/span><\/p>\n<p><span style=\"font-family: Arial, sans-serif;\">2x raffermissement des muscles<\/span><\/p>\n<p><span style=\"font-family: Arial, sans-serif;\">3<\/span><span style=\"font-family: Arial, sans-serif;\">x Endurance de force<\/span><\/p>\n<p><span style=\"font-family: Arial, sans-serif;\">2<\/span><span style=\"font-family: Arial, sans-serif;\">x Force maximale<\/span><\/p>\n<p><span style=\"font-family: Arial, sans-serif;\">1x raffermissement de la peau<\/span><\/p>\n<p><span style=\"font-family: Arial, sans-serif;\">2<\/span><span style=\"font-family: Arial, sans-serif;\">x Relax<\/span><\/p>\n<p><span style=\"font-family: Arial, sans-serif;\">2<\/span><span style=\"font-family: Arial, sans-serif;\">x Cardio<\/span><\/p>\n<h3><span style=\"font-family: Arial, sans-serif;\">Bloc d&#8217;alimentation<\/span><\/h3>\n<p><span style=\"font-family: Arial, sans-serif;\">tension de r\u00e9seau 230V et batterie<\/span><\/p>\n<h3><span style=\"font-family: Arial, sans-serif;\">Intensit\u00e9 effective du courant<\/span><\/h3>\n<p><span style=\"font-family: Arial, sans-serif;\">28 mA RMS<\/span><\/p>\n<h3><span style=\"font-family: Arial, sans-serif;\">Tension effective<\/span><\/h3>\n<p><span style=\"font-family: Arial, sans-serif;\">12,8 V RMS<\/span><\/p>\n<h3><span style=\"font-family: Arial, sans-serif;\">Degr\u00e9 de protection<\/span><\/h3>\n<p><span style=\"font-family: Arial, sans-serif;\">IP 52<\/span><\/p>\n<h3><span style=\"font-family: Arial, sans-serif;\">\u00c9cran<\/span><\/h3>\n<p><span style=\"font-family: Arial, sans-serif;\">\u00c9cran couleur TFT 7<\/span><\/p>\n<h3><span style=\"font-family: Arial, sans-serif;\">Canaux<\/span><\/h3>\n<p><span style=\"font-family: Arial, sans-serif;\">8<\/span><span style=\"font-family: Arial, sans-serif;\"> zones contr\u00f4lables simultan\u00e9ment &amp; s\u00e9par\u00e9ment (1<\/span><span style=\"font-family: Arial, sans-serif;\">6<\/span><span style=\"font-family: Arial, sans-serif;\"> \u00e9lectrode)<\/span><\/p>\n<h3><span style=\"font-family: Arial, sans-serif;\">Poids<\/span><\/h3>\n<p><span style=\"font-family: Arial, sans-serif;\">4,0kg<\/span><\/p>\n<h3><span style=\"font-family: Arial, sans-serif;\">Installation<\/span><\/h3>\n<p><span style=\"font-family: Arial, sans-serif;\">Connexion compatible VESA<\/span><\/p>\n<p><span style=\"font-family: Arial, sans-serif;\">Support de table<\/span><\/p>\n<p><span style=\"font-family: Arial, sans-serif;\">Support d&#8217;appareil pour utilisation en studio<\/span><\/p>\n<h3><span style=\"font-family: Arial, sans-serif;\">Langues<\/span><\/h3>\n<p><span style=\"font-family: Arial, sans-serif;\">Allemand<\/span><\/p>\n<p><span style=\"font-family: Arial, sans-serif;\">Anglais<\/span><\/p>\n<p><span style=\"font-family: Arial, sans-serif;\">Fran\u00e7ais<\/span><\/p>\n<p><span style=\"font-family: Arial, sans-serif;\">Italien<\/span><\/p>\n<p><span style=\"font-family: Arial, sans-serif;\">Polonais<\/span><\/p>\n<p><span style=\"font-family: Arial, sans-serif;\">Russe<\/span><\/p>\n<h3><span style=\"font-family: Arial, sans-serif;\">Communication<\/span><\/h3>\n<p><span style=\"font-family: Arial, sans-serif;\">Cartes RFID (carte de fid\u00e9lit\u00e9)<\/span><\/p>\n<p><span style=\"font-family: Arial, sans-serif;\">Communication sans fil avec MAXSPEED 8.1 (bo\u00eetier d&#8217;entra\u00eenement sans fil)<\/span><\/p>\n<p><span style=\"font-family: Arial, sans-serif;\">Communication sans fil avec MAXSPEED 8.2 (\u00e9cran d&#8217;entra\u00eenement sans fil)<\/span><\/p>\n","protected":false},"excerpt":{"rendered":"<p><span style=\"font-family: Arial, sans-serif;\">Le MAXSPEED <\/span><span style=\"font-family: Arial, sans-serif;\">8<\/span><span style=\"font-family: Arial, sans-serif;\"> est l&#8217;EMS <\/span> <span style=\"font-family: Arial, sans-serif;\">Appareil pour un entra\u00eenement EMS complet. Il r\u00e9pond \u00e0 toutes les attentes. Avec le MAXSPEED 8, les  <\/span><span style=\"font-family: Arial, sans-serif;\">aussi bien statiques que <\/span><span style=\"font-family: Arial, sans-serif;\">aussi bien des exercices \u00e0 haute dynamique <\/span><span style=\"font-family: Arial, sans-serif;\">Entra\u00eenement<\/span><span style=\"font-family: Arial, sans-serif;\">des s\u00e9ances d&#8217;entra\u00eenement sont possibles<\/span><span style=\"font-family: Arial, sans-serif;\">. <\/span> <span style=\"font-family: Arial, sans-serif;\">On peut s&#8217;entra\u00eener de mani\u00e8re classique avec un c\u00e2ble ou de mani\u00e8re moderne sans fil. La capacit\u00e9 d&#8217;un studio peut \u00eatre facilement doubl\u00e9e en permettant \u00e0 deux personnes de s&#8217;entra\u00eener avec un MAXSPEED 8.  <\/span><\/p>\n<p><span style=\"font-family: Arial, sans-serif;\">L&#8217;appareil est \u00e9quip\u00e9 de <\/span><span style=\"font-family: Arial, sans-serif;\">15<\/span><span style=\"font-family: Arial, sans-serif;\">  programmes d&#8217;entra\u00eenement. L&#8217;appareil permet un entra\u00eenement conforme aux normes DIN actuellement en vigueur.<\/span><\/p>\n<p>&nbsp;<\/p>\n","protected":false},"featured_media":2891,"template":"","meta":[],"product_brand":[],"product_cat":[414],"product_tag":[418,416,417,419],"class_list":{"0":"post-2879","1":"product","2":"type-product","3":"status-publish","4":"has-post-thumbnail","6":"product_cat-appareils-dentrainement-ems","7":"product_tag-appareil-ems","8":"product_tag-dispositif-ems","9":"product_tag-maxspeed-fr","10":"product_tag-maxspeed-8-fr","11":"product_shipping_class-appareils-ems","13":"first","14":"instock","15":"taxable","16":"shipping-taxable","17":"purchasable","18":"product-type-simple"},"yoast_head":"<!-- This site is optimized with the Yoast SEO plugin v27.4 - https:\/\/yoast.com\/product\/yoast-seo-wordpress\/ -->\n<title>Appareil EMS MAXSPEED 8 | Appareil de fitness pour l&#039;entra\u00eenement EMS<\/title>\n<meta name=\"description\" content=\"Acheter MAXSPEED 8. Entra\u00eenement EMS de haute qualit\u00e9 &amp; professionnel pour les centres de fitness. L&#039;appareil d&#039;entra\u00eenement EMS - Made in Germ any.\" \/>\n<meta name=\"robots\" content=\"index, follow, max-snippet:-1, max-image-preview:large, max-video-preview:-1\" \/>\n<link rel=\"canonical\" href=\"https:\/\/online-ems-training.de\/fr\/produkt\/maxspeed-8\/\" \/>\n<meta property=\"og:locale\" content=\"fr_FR\" \/>\n<meta property=\"og:type\" content=\"article\" \/>\n<meta property=\"og:title\" content=\"Appareil EMS MAXSPEED 8 | Appareil de fitness pour l&#039;entra\u00eenement EMS\" \/>\n<meta property=\"og:description\" content=\"Acheter MAXSPEED 8. Entra\u00eenement EMS de haute qualit\u00e9 &amp; professionnel pour les centres de fitness. L&#039;appareil d&#039;entra\u00eenement EMS - Made in Germ any.\" \/>\n<meta property=\"og:url\" content=\"https:\/\/online-ems-training.de\/fr\/produkt\/maxspeed-8\/\" \/>\n<meta property=\"og:site_name\" content=\"EMS Reparaturen + EMS Zubeh\u00f6r\" \/>\n<meta property=\"article:publisher\" content=\"https:\/\/www.facebook.com\/OnlineEMSTrainingShop\" \/>\n<meta property=\"article:modified_time\" content=\"2023-10-02T12:04:03+00:00\" \/>\n<meta property=\"og:image\" content=\"https:\/\/i0.wp.com\/online-ems-training.de\/wp-content\/uploads\/2022\/02\/Maxspeed_8.jpg?fit=774%2C619&ssl=1\" \/>\n\t<meta property=\"og:image:width\" content=\"774\" \/>\n\t<meta property=\"og:image:height\" content=\"619\" \/>\n\t<meta property=\"og:image:type\" content=\"image\/jpeg\" \/>\n<meta name=\"twitter:card\" content=\"summary_large_image\" \/>\n<meta name=\"twitter:label1\" content=\"Dur\u00e9e de lecture estim\u00e9e\" \/>\n\t<meta name=\"twitter:data1\" content=\"1 minute\" \/>\n<script type=\"application\/ld+json\" class=\"yoast-schema-graph\">{\"@context\":\"https:\\\/\\\/schema.org\",\"@graph\":[{\"@type\":\"WebPage\",\"@id\":\"https:\\\/\\\/online-ems-training.de\\\/fr\\\/produkt\\\/maxspeed-8\\\/\",\"url\":\"https:\\\/\\\/online-ems-training.de\\\/fr\\\/produkt\\\/maxspeed-8\\\/\",\"name\":\"Appareil EMS MAXSPEED 8 | Appareil de fitness pour l'entra\u00eenement EMS\",\"isPartOf\":{\"@id\":\"https:\\\/\\\/online-ems-training.de\\\/fr\\\/#website\"},\"primaryImageOfPage\":{\"@id\":\"https:\\\/\\\/online-ems-training.de\\\/fr\\\/produkt\\\/maxspeed-8\\\/#primaryimage\"},\"image\":{\"@id\":\"https:\\\/\\\/online-ems-training.de\\\/fr\\\/produkt\\\/maxspeed-8\\\/#primaryimage\"},\"thumbnailUrl\":\"https:\\\/\\\/online-ems-training.de\\\/wp-content\\\/uploads\\\/2022\\\/02\\\/Maxspeed_8.jpg\",\"datePublished\":\"2022-02-12T13:17:44+00:00\",\"dateModified\":\"2023-10-02T12:04:03+00:00\",\"description\":\"Acheter MAXSPEED 8. Entra\u00eenement EMS de haute qualit\u00e9 & professionnel pour les centres de fitness. L'appareil d'entra\u00eenement EMS - Made in Germ any.\",\"breadcrumb\":{\"@id\":\"https:\\\/\\\/online-ems-training.de\\\/fr\\\/produkt\\\/maxspeed-8\\\/#breadcrumb\"},\"inLanguage\":\"fr-FR\",\"potentialAction\":[{\"@type\":\"ReadAction\",\"target\":[\"https:\\\/\\\/online-ems-training.de\\\/fr\\\/produkt\\\/maxspeed-8\\\/\"]}]},{\"@type\":\"ImageObject\",\"inLanguage\":\"fr-FR\",\"@id\":\"https:\\\/\\\/online-ems-training.de\\\/fr\\\/produkt\\\/maxspeed-8\\\/#primaryimage\",\"url\":\"https:\\\/\\\/online-ems-training.de\\\/wp-content\\\/uploads\\\/2022\\\/02\\\/Maxspeed_8.jpg\",\"contentUrl\":\"https:\\\/\\\/online-ems-training.de\\\/wp-content\\\/uploads\\\/2022\\\/02\\\/Maxspeed_8.jpg\",\"width\":774,\"height\":619,\"caption\":\"Maxspeed 8\"},{\"@type\":\"BreadcrumbList\",\"@id\":\"https:\\\/\\\/online-ems-training.de\\\/fr\\\/produkt\\\/maxspeed-8\\\/#breadcrumb\",\"itemListElement\":[{\"@type\":\"ListItem\",\"position\":1,\"name\":\"Startseite\",\"item\":\"https:\\\/\\\/online-ems-training.de\\\/fr\\\/\"},{\"@type\":\"ListItem\",\"position\":2,\"name\":\"MAXSPEED 8\"}]},{\"@type\":\"WebSite\",\"@id\":\"https:\\\/\\\/online-ems-training.de\\\/fr\\\/#website\",\"url\":\"https:\\\/\\\/online-ems-training.de\\\/fr\\\/\",\"name\":\"EMS Reparaturen + EMS Zubeh\u00f6r\",\"description\":\"Reparaturen und Service f\u00fcr EMS Ger\u00e4te und EMS Elektroden\",\"potentialAction\":[{\"@type\":\"SearchAction\",\"target\":{\"@type\":\"EntryPoint\",\"urlTemplate\":\"https:\\\/\\\/online-ems-training.de\\\/fr\\\/?s={search_term_string}\"},\"query-input\":{\"@type\":\"PropertyValueSpecification\",\"valueRequired\":true,\"valueName\":\"search_term_string\"}}],\"inLanguage\":\"fr-FR\"}]}<\/script>\n<!-- \/ Yoast SEO plugin. -->","yoast_head_json":{"title":"Appareil EMS MAXSPEED 8 | Appareil de fitness pour l'entra\u00eenement EMS","description":"Acheter MAXSPEED 8. Entra\u00eenement EMS de haute qualit\u00e9 & professionnel pour les centres de fitness. L'appareil d'entra\u00eenement EMS - Made in Germ any.","robots":{"index":"index","follow":"follow","max-snippet":"max-snippet:-1","max-image-preview":"max-image-preview:large","max-video-preview":"max-video-preview:-1"},"canonical":"https:\/\/online-ems-training.de\/fr\/produkt\/maxspeed-8\/","og_locale":"fr_FR","og_type":"article","og_title":"Appareil EMS MAXSPEED 8 | Appareil de fitness pour l'entra\u00eenement EMS","og_description":"Acheter MAXSPEED 8. Entra\u00eenement EMS de haute qualit\u00e9 & professionnel pour les centres de fitness. L'appareil d'entra\u00eenement EMS - Made in Germ any.","og_url":"https:\/\/online-ems-training.de\/fr\/produkt\/maxspeed-8\/","og_site_name":"EMS Reparaturen + EMS Zubeh\u00f6r","article_publisher":"https:\/\/www.facebook.com\/OnlineEMSTrainingShop","article_modified_time":"2023-10-02T12:04:03+00:00","og_image":[{"width":774,"height":619,"url":"https:\/\/i0.wp.com\/online-ems-training.de\/wp-content\/uploads\/2022\/02\/Maxspeed_8.jpg?fit=774%2C619&ssl=1","type":"image\/jpeg"}],"twitter_card":"summary_large_image","twitter_misc":{"Dur\u00e9e de lecture estim\u00e9e":"1 minute"},"schema":{"@context":"https:\/\/schema.org","@graph":[{"@type":"WebPage","@id":"https:\/\/online-ems-training.de\/fr\/produkt\/maxspeed-8\/","url":"https:\/\/online-ems-training.de\/fr\/produkt\/maxspeed-8\/","name":"Appareil EMS MAXSPEED 8 | Appareil de fitness pour l'entra\u00eenement EMS","isPartOf":{"@id":"https:\/\/online-ems-training.de\/fr\/#website"},"primaryImageOfPage":{"@id":"https:\/\/online-ems-training.de\/fr\/produkt\/maxspeed-8\/#primaryimage"},"image":{"@id":"https:\/\/online-ems-training.de\/fr\/produkt\/maxspeed-8\/#primaryimage"},"thumbnailUrl":"https:\/\/online-ems-training.de\/wp-content\/uploads\/2022\/02\/Maxspeed_8.jpg","datePublished":"2022-02-12T13:17:44+00:00","dateModified":"2023-10-02T12:04:03+00:00","description":"Acheter MAXSPEED 8. Entra\u00eenement EMS de haute qualit\u00e9 & professionnel pour les centres de fitness. L'appareil d'entra\u00eenement EMS - Made in Germ any.","breadcrumb":{"@id":"https:\/\/online-ems-training.de\/fr\/produkt\/maxspeed-8\/#breadcrumb"},"inLanguage":"fr-FR","potentialAction":[{"@type":"ReadAction","target":["https:\/\/online-ems-training.de\/fr\/produkt\/maxspeed-8\/"]}]},{"@type":"ImageObject","inLanguage":"fr-FR","@id":"https:\/\/online-ems-training.de\/fr\/produkt\/maxspeed-8\/#primaryimage","url":"https:\/\/online-ems-training.de\/wp-content\/uploads\/2022\/02\/Maxspeed_8.jpg","contentUrl":"https:\/\/online-ems-training.de\/wp-content\/uploads\/2022\/02\/Maxspeed_8.jpg","width":774,"height":619,"caption":"Maxspeed 8"},{"@type":"BreadcrumbList","@id":"https:\/\/online-ems-training.de\/fr\/produkt\/maxspeed-8\/#breadcrumb","itemListElement":[{"@type":"ListItem","position":1,"name":"Startseite","item":"https:\/\/online-ems-training.de\/fr\/"},{"@type":"ListItem","position":2,"name":"MAXSPEED 8"}]},{"@type":"WebSite","@id":"https:\/\/online-ems-training.de\/fr\/#website","url":"https:\/\/online-ems-training.de\/fr\/","name":"EMS Reparaturen + EMS Zubeh\u00f6r","description":"Reparaturen und Service f\u00fcr EMS Ger\u00e4te und EMS Elektroden","potentialAction":[{"@type":"SearchAction","target":{"@type":"EntryPoint","urlTemplate":"https:\/\/online-ems-training.de\/fr\/?s={search_term_string}"},"query-input":{"@type":"PropertyValueSpecification","valueRequired":true,"valueName":"search_term_string"}}],"inLanguage":"fr-FR"}]}},"_links":{"self":[{"href":"https:\/\/online-ems-training.de\/fr\/wp-json\/wp\/v2\/product\/2879","targetHints":{"allow":["GET"]}}],"collection":[{"href":"https:\/\/online-ems-training.de\/fr\/wp-json\/wp\/v2\/product"}],"about":[{"href":"https:\/\/online-ems-training.de\/fr\/wp-json\/wp\/v2\/types\/product"}],"wp:featuredmedia":[{"embeddable":true,"href":"https:\/\/online-ems-training.de\/fr\/wp-json\/wp\/v2\/media\/2891"}],"wp:attachment":[{"href":"https:\/\/online-ems-training.de\/fr\/wp-json\/wp\/v2\/media?parent=2879"}],"wp:term":[{"taxonomy":"product_brand","embeddable":true,"href":"https:\/\/online-ems-training.de\/fr\/wp-json\/wp\/v2\/product_brand?post=2879"},{"taxonomy":"product_cat","embeddable":true,"href":"https:\/\/online-ems-training.de\/fr\/wp-json\/wp\/v2\/product_cat?post=2879"},{"taxonomy":"product_tag","embeddable":true,"href":"https:\/\/online-ems-training.de\/fr\/wp-json\/wp\/v2\/product_tag?post=2879"}],"curies":[{"name":"wp","href":"https:\/\/api.w.org\/{rel}","templated":true}]}}