{"id":2921,"date":"2021-02-06T16:40:19","date_gmt":"2021-02-06T15:40:19","guid":{"rendered":"https:\/\/online-ems-training.de\/produkt\/brezeasy-support-1l\/"},"modified":"2021-02-06T16:40:19","modified_gmt":"2021-02-06T15:40:19","slug":"brezeasy-support-1l","status":"publish","type":"product","link":"https:\/\/online-ems-training.de\/fr\/produkt\/brezeasy-support-1l\/","title":{"rendered":"brezeasy\u00ae SUPPORT 1l"},"content":{"rendered":"<div class=\"flex_column av_three_fifth flex_column_table_cell av-equal-height-column av-align-middle av-zero-column-padding avia-builder-el-3 el_after_av_two_fifth el_before_av_hr \">\n<section class=\"av_textblock_section \">\n<div class=\"avia_textblock \">\n<p>Notre concentr\u00e9, avec lequel tu peux facilement m\u00e9langer toi-m\u00eame un d\u00e9sinfectant pour ton hygi\u00e8ne textile &amp; EMS. Avec un litre de brezeasy\u00ae SUPPORT, tu obtiens &#8211; dilu\u00e9 avec de l&#8217;eau propre &#8211; jusqu&#8217;\u00e0 5 litres de solution d\u00e9sinfectante pr\u00eate \u00e0 l&#8217;emploi.<\/p>\n<p>Le flacon pratique avec fermeture \u00e0 clapet est la solution optimale pour d\u00e9sinfecter r\u00e9guli\u00e8rement tous les textiles et ton \u00e9quipement EMS et neutraliser les odeurs d\u00e9sagr\u00e9ables. Ne laisse plus aucune chance aux virus, bact\u00e9ries, champignons, spores et mauvaises odeurs ! Sois malin &amp; renonce en outre d\u00e9lib\u00e9r\u00e9ment aux substances nocives avec brezeasy\u00ae.<\/p>\n<p><em>Recharge pour la protection de l&#8217;environnement :<\/em><\/p>\n<p>Nous te recommandons de rafra\u00eechir tes ustensiles \u00e0 l&#8217;aide de notre<a href=\"https:\/\/brezeasy.de\/produkt\/brezeasy-1l-leerflasche\/\"> vaporisateur rechargeable<\/a>.<\/p>\n<div class=\"flex_column av_one_half flex_column_table_cell av-equal-height-column av-align-middle av-zero-column-padding avia-builder-el-15 el_after_av_one_half el_before_av_hr anwendung \">\n<section class=\"av_textblock_section \">\n<div class=\"avia_textblock \">\n<h2 class=\"av-special-heading-tag \"><strong>Application<\/strong><\/h2>\n<p>Tu peux brezeasy  <em>Utiliser SUPPORT pour tous les domaines de ton hygi\u00e8ne textile. M\u00eame pour tout ton studio EMS. Car c&#8217;est l\u00e0 que nos produits sont particuli\u00e8rement avantageux !  <\/em>Il suffit de vaporiser brezeasy <em>SUPPORT<\/em> sur les textiles utilis\u00e9s et sur ton \u00e9quipement sportif et de le laisser agir bri\u00e8vement. Essuyer si n\u00e9cessaire. Ce qui est pratique, c&#8217;est qu&#8217;il ne reste aucun parfum g\u00eanant ni aucune substance nocive, car nous y renon\u00e7ons !<\/p>\n<\/div>\n<\/section>\n<\/div>\n<\/div>\n<\/section>\n<\/div>\n","protected":false},"excerpt":{"rendered":"<p>brezeasy\u00ae SUPPORT dilu\u00e9 avec de l&#8217;eau propre &#8211; jusqu&#8217;\u00e0 5 litres de solution d\u00e9sinfectante pr\u00eate \u00e0 l&#8217;emploi.<\/p>\n","protected":false},"featured_media":2923,"template":"","meta":[],"product_brand":[],"product_cat":[399],"product_tag":[],"class_list":{"0":"post-2921","1":"product","2":"type-product","3":"status-publish","4":"has-post-thumbnail","6":"product_cat-entretien-des-electrodes-ems","7":"product_shipping_class-paquet-dhl-2kg","9":"first","10":"instock","11":"taxable","12":"shipping-taxable","13":"purchasable","14":"product-type-simple"},"yoast_head":"<!-- This site is optimized with the Yoast SEO plugin v27.4 - https:\/\/yoast.com\/product\/yoast-seo-wordpress\/ -->\n<title>brezeasy\u00ae SUPPORT 1l &#187; EMS Reparaturen + EMS Zubeh\u00f6r<\/title>\n<meta name=\"robots\" content=\"index, follow, max-snippet:-1, max-image-preview:large, max-video-preview:-1\" \/>\n<link rel=\"canonical\" href=\"https:\/\/online-ems-training.de\/fr\/produkt\/brezeasy-support-1l\/\" \/>\n<meta property=\"og:locale\" content=\"fr_FR\" \/>\n<meta property=\"og:type\" content=\"article\" \/>\n<meta property=\"og:title\" content=\"brezeasy\u00ae SUPPORT 1l &#187; EMS Reparaturen + EMS Zubeh\u00f6r\" \/>\n<meta property=\"og:description\" content=\"brezeasy\u00ae SUPPORT dilu\u00e9 avec de l&#039;eau propre - jusqu&#039;\u00e0 5 litres de solution d\u00e9sinfectante pr\u00eate \u00e0 l&#039;emploi.\" \/>\n<meta property=\"og:url\" content=\"https:\/\/online-ems-training.de\/fr\/produkt\/brezeasy-support-1l\/\" \/>\n<meta property=\"og:site_name\" content=\"EMS Reparaturen + EMS Zubeh\u00f6r\" \/>\n<meta property=\"article:publisher\" content=\"https:\/\/www.facebook.com\/OnlineEMSTrainingShop\" \/>\n<meta name=\"twitter:card\" content=\"summary_large_image\" \/>\n<meta name=\"twitter:label1\" content=\"Dur\u00e9e de lecture estim\u00e9e\" \/>\n\t<meta name=\"twitter:data1\" content=\"1 minute\" \/>\n<script type=\"application\/ld+json\" class=\"yoast-schema-graph\">{\"@context\":\"https:\\\/\\\/schema.org\",\"@graph\":[{\"@type\":\"WebPage\",\"@id\":\"https:\\\/\\\/online-ems-training.de\\\/fr\\\/produkt\\\/brezeasy-support-1l\\\/\",\"url\":\"https:\\\/\\\/online-ems-training.de\\\/fr\\\/produkt\\\/brezeasy-support-1l\\\/\",\"name\":\"brezeasy\u00ae SUPPORT 1l &#187; EMS Reparaturen + EMS Zubeh\u00f6r\",\"isPartOf\":{\"@id\":\"https:\\\/\\\/online-ems-training.de\\\/fr\\\/#website\"},\"primaryImageOfPage\":{\"@id\":\"https:\\\/\\\/online-ems-training.de\\\/fr\\\/produkt\\\/brezeasy-support-1l\\\/#primaryimage\"},\"image\":{\"@id\":\"https:\\\/\\\/online-ems-training.de\\\/fr\\\/produkt\\\/brezeasy-support-1l\\\/#primaryimage\"},\"thumbnailUrl\":\"https:\\\/\\\/online-ems-training.de\\\/wp-content\\\/uploads\\\/2021\\\/02\\\/brezeasy_support.png\",\"datePublished\":\"2021-02-06T15:40:19+00:00\",\"breadcrumb\":{\"@id\":\"https:\\\/\\\/online-ems-training.de\\\/fr\\\/produkt\\\/brezeasy-support-1l\\\/#breadcrumb\"},\"inLanguage\":\"fr-FR\",\"potentialAction\":[{\"@type\":\"ReadAction\",\"target\":[\"https:\\\/\\\/online-ems-training.de\\\/fr\\\/produkt\\\/brezeasy-support-1l\\\/\"]}]},{\"@type\":\"ImageObject\",\"inLanguage\":\"fr-FR\",\"@id\":\"https:\\\/\\\/online-ems-training.de\\\/fr\\\/produkt\\\/brezeasy-support-1l\\\/#primaryimage\",\"url\":\"https:\\\/\\\/online-ems-training.de\\\/wp-content\\\/uploads\\\/2021\\\/02\\\/brezeasy_support.png\",\"contentUrl\":\"https:\\\/\\\/online-ems-training.de\\\/wp-content\\\/uploads\\\/2021\\\/02\\\/brezeasy_support.png\",\"width\":600,\"height\":1077,\"caption\":\"refill Brezeasy Support\"},{\"@type\":\"BreadcrumbList\",\"@id\":\"https:\\\/\\\/online-ems-training.de\\\/fr\\\/produkt\\\/brezeasy-support-1l\\\/#breadcrumb\",\"itemListElement\":[{\"@type\":\"ListItem\",\"position\":1,\"name\":\"Startseite\",\"item\":\"https:\\\/\\\/online-ems-training.de\\\/fr\\\/\"},{\"@type\":\"ListItem\",\"position\":2,\"name\":\"brezeasy\u00ae SUPPORT 1l\"}]},{\"@type\":\"WebSite\",\"@id\":\"https:\\\/\\\/online-ems-training.de\\\/fr\\\/#website\",\"url\":\"https:\\\/\\\/online-ems-training.de\\\/fr\\\/\",\"name\":\"EMS Reparaturen + EMS Zubeh\u00f6r\",\"description\":\"Reparaturen und Service f\u00fcr EMS Ger\u00e4te und EMS Elektroden\",\"potentialAction\":[{\"@type\":\"SearchAction\",\"target\":{\"@type\":\"EntryPoint\",\"urlTemplate\":\"https:\\\/\\\/online-ems-training.de\\\/fr\\\/?s={search_term_string}\"},\"query-input\":{\"@type\":\"PropertyValueSpecification\",\"valueRequired\":true,\"valueName\":\"search_term_string\"}}],\"inLanguage\":\"fr-FR\"}]}<\/script>\n<!-- \/ Yoast SEO plugin. -->","yoast_head_json":{"title":"brezeasy\u00ae SUPPORT 1l &#187; EMS Reparaturen + EMS Zubeh\u00f6r","robots":{"index":"index","follow":"follow","max-snippet":"max-snippet:-1","max-image-preview":"max-image-preview:large","max-video-preview":"max-video-preview:-1"},"canonical":"https:\/\/online-ems-training.de\/fr\/produkt\/brezeasy-support-1l\/","og_locale":"fr_FR","og_type":"article","og_title":"brezeasy\u00ae SUPPORT 1l &#187; EMS Reparaturen + EMS Zubeh\u00f6r","og_description":"brezeasy\u00ae SUPPORT dilu\u00e9 avec de l'eau propre - jusqu'\u00e0 5 litres de solution d\u00e9sinfectante pr\u00eate \u00e0 l'emploi.","og_url":"https:\/\/online-ems-training.de\/fr\/produkt\/brezeasy-support-1l\/","og_site_name":"EMS Reparaturen + EMS Zubeh\u00f6r","article_publisher":"https:\/\/www.facebook.com\/OnlineEMSTrainingShop","twitter_card":"summary_large_image","twitter_misc":{"Dur\u00e9e de lecture estim\u00e9e":"1 minute"},"schema":{"@context":"https:\/\/schema.org","@graph":[{"@type":"WebPage","@id":"https:\/\/online-ems-training.de\/fr\/produkt\/brezeasy-support-1l\/","url":"https:\/\/online-ems-training.de\/fr\/produkt\/brezeasy-support-1l\/","name":"brezeasy\u00ae SUPPORT 1l &#187; EMS Reparaturen + EMS Zubeh\u00f6r","isPartOf":{"@id":"https:\/\/online-ems-training.de\/fr\/#website"},"primaryImageOfPage":{"@id":"https:\/\/online-ems-training.de\/fr\/produkt\/brezeasy-support-1l\/#primaryimage"},"image":{"@id":"https:\/\/online-ems-training.de\/fr\/produkt\/brezeasy-support-1l\/#primaryimage"},"thumbnailUrl":"https:\/\/online-ems-training.de\/wp-content\/uploads\/2021\/02\/brezeasy_support.png","datePublished":"2021-02-06T15:40:19+00:00","breadcrumb":{"@id":"https:\/\/online-ems-training.de\/fr\/produkt\/brezeasy-support-1l\/#breadcrumb"},"inLanguage":"fr-FR","potentialAction":[{"@type":"ReadAction","target":["https:\/\/online-ems-training.de\/fr\/produkt\/brezeasy-support-1l\/"]}]},{"@type":"ImageObject","inLanguage":"fr-FR","@id":"https:\/\/online-ems-training.de\/fr\/produkt\/brezeasy-support-1l\/#primaryimage","url":"https:\/\/online-ems-training.de\/wp-content\/uploads\/2021\/02\/brezeasy_support.png","contentUrl":"https:\/\/online-ems-training.de\/wp-content\/uploads\/2021\/02\/brezeasy_support.png","width":600,"height":1077,"caption":"refill Brezeasy Support"},{"@type":"BreadcrumbList","@id":"https:\/\/online-ems-training.de\/fr\/produkt\/brezeasy-support-1l\/#breadcrumb","itemListElement":[{"@type":"ListItem","position":1,"name":"Startseite","item":"https:\/\/online-ems-training.de\/fr\/"},{"@type":"ListItem","position":2,"name":"brezeasy\u00ae SUPPORT 1l"}]},{"@type":"WebSite","@id":"https:\/\/online-ems-training.de\/fr\/#website","url":"https:\/\/online-ems-training.de\/fr\/","name":"EMS Reparaturen + EMS Zubeh\u00f6r","description":"Reparaturen und Service f\u00fcr EMS Ger\u00e4te und EMS Elektroden","potentialAction":[{"@type":"SearchAction","target":{"@type":"EntryPoint","urlTemplate":"https:\/\/online-ems-training.de\/fr\/?s={search_term_string}"},"query-input":{"@type":"PropertyValueSpecification","valueRequired":true,"valueName":"search_term_string"}}],"inLanguage":"fr-FR"}]}},"_links":{"self":[{"href":"https:\/\/online-ems-training.de\/fr\/wp-json\/wp\/v2\/product\/2921","targetHints":{"allow":["GET"]}}],"collection":[{"href":"https:\/\/online-ems-training.de\/fr\/wp-json\/wp\/v2\/product"}],"about":[{"href":"https:\/\/online-ems-training.de\/fr\/wp-json\/wp\/v2\/types\/product"}],"wp:featuredmedia":[{"embeddable":true,"href":"https:\/\/online-ems-training.de\/fr\/wp-json\/wp\/v2\/media\/2923"}],"wp:attachment":[{"href":"https:\/\/online-ems-training.de\/fr\/wp-json\/wp\/v2\/media?parent=2921"}],"wp:term":[{"taxonomy":"product_brand","embeddable":true,"href":"https:\/\/online-ems-training.de\/fr\/wp-json\/wp\/v2\/product_brand?post=2921"},{"taxonomy":"product_cat","embeddable":true,"href":"https:\/\/online-ems-training.de\/fr\/wp-json\/wp\/v2\/product_cat?post=2921"},{"taxonomy":"product_tag","embeddable":true,"href":"https:\/\/online-ems-training.de\/fr\/wp-json\/wp\/v2\/product_tag?post=2921"}],"curies":[{"name":"wp","href":"https:\/\/api.w.org\/{rel}","templated":true}]}}