{"id":2924,"date":"2021-02-06T16:01:21","date_gmt":"2021-02-06T15:01:21","guid":{"rendered":"https:\/\/online-ems-training.de\/produkt\/brezeasy-wash-4l-lessive\/"},"modified":"2023-10-02T14:09:49","modified_gmt":"2023-10-02T12:09:49","slug":"lessive-brezeasy-wash-4l","status":"publish","type":"product","link":"https:\/\/online-ems-training.de\/fr\/produkt\/lessive-brezeasy-wash-4l\/","title":{"rendered":"brezeasy\u00ae WASH 4l lessive"},"content":{"rendered":"<section class=\"av_textblock_section \">\n<div class=\"avia_textblock \">\n<p>Les mauvaises odeurs dues aux bact\u00e9ries, aux particules de peau et \u00e0 la transpiration qui restent sur l&#8217;\u00e9quipement EMS sont absolument \u00e0 proscrire. Brezeasy\u00ae WASH rafra\u00eechit tes gilets et sous-v\u00eatements.<\/p>\n<p>brezeasy\u00ae WASH a \u00e9t\u00e9 d\u00e9velopp\u00e9 comme produit de lavage sp\u00e9cialement pour les gilets EMS, les sous-v\u00eatements et les textiles de sport en tout genre. La diff\u00e9rence avec les lessives traditionnelles r\u00e9side dans le d\u00e9ploiement de l&#8217;efficacit\u00e9 (par les enzymes) dans des plages de temp\u00e9rature d\u00e9j\u00e0 basses (\u00e0 partir de 30\u00b0).<\/p>\n<div class=\"flex_column av_one_half flex_column_table_cell av-equal-height-column av-align-middle av-zero-column-padding avia-builder-el-15 el_after_av_one_half el_before_av_hr anwendung \">\n<section class=\"av_textblock_section \">\n<div class=\"avia_textblock \">\n<h2 class=\"av-special-heading-tag \">Application<\/h2>\n<p>C&#8217;est tr\u00e8s simple : utilise brezeasy\u00ae WASH comme un produit de lavage normal. Utilise le programme de lavage d\u00e9licat ou \u00e0 la main \u00e0 basse temp\u00e9rature (autour de 30\u00b0).<\/p>\n<p><strong>Remarque : <\/strong>avec brezeasy WASH, tu lib\u00e8res les gilets des r\u00e9sidus et des taches. Pour <strong>d\u00e9sinfecter <\/strong>ton \u00e9quipement <strong>, <\/strong>c&#8217;est-\u00e0-dire pour \u00e9liminer de mani\u00e8re fiable les bact\u00e9ries, les virus, les champignons, etc., tu dois ajouter 50 \u00e0 100 ml de brezeasy\u00ae SUPPORT dans le compartiment assouplissant de ton lave-linge \u00e0 chaque lavage.<\/p>\n<\/div>\n<\/section>\n<\/div>\n<\/div>\n<\/section>\n","protected":false},"excerpt":{"rendered":"<p>brezeasy\u00ae WASH la lessive sp\u00e9cialement con\u00e7ue pour les gilets EMS, les sous-v\u00eatements et les textiles de sport en tout genre. La diff\u00e9rence avec les lessives traditionnelles r\u00e9side dans le d\u00e9ploiement de l&#8217;efficacit\u00e9 (gr\u00e2ce aux enzymes) dans des plages de temp\u00e9rature d\u00e9j\u00e0 basses (\u00e0 partir de 30\u00b0).<\/p>\n","protected":false},"featured_media":2937,"template":"","meta":[],"product_brand":[],"product_cat":[399],"product_tag":[],"class_list":{"0":"post-2924","1":"product","2":"type-product","3":"status-publish","4":"has-post-thumbnail","6":"product_cat-entretien-des-electrodes-ems","7":"product_shipping_class-paquet-dhl-5kg","9":"first","10":"instock","11":"taxable","12":"shipping-taxable","13":"purchasable","14":"product-type-simple"},"yoast_head":"<!-- This site is optimized with the Yoast SEO plugin v27.4 - https:\/\/yoast.com\/product\/yoast-seo-wordpress\/ -->\n<title>brezeasy\u00ae WASH 4l lessive &#187; EMS Reparaturen + EMS Zubeh\u00f6r<\/title>\n<meta name=\"description\" content=\"brezeasy\u00ae WASH la lessive sp\u00e9cialement con\u00e7ue pour les gilets EMS, les sous-v\u00eatements et les textiles de sport en tout genre.\" \/>\n<meta name=\"robots\" content=\"index, follow, max-snippet:-1, max-image-preview:large, max-video-preview:-1\" \/>\n<link rel=\"canonical\" href=\"https:\/\/online-ems-training.de\/fr\/produkt\/lessive-brezeasy-wash-4l\/\" \/>\n<meta property=\"og:locale\" content=\"fr_FR\" \/>\n<meta property=\"og:type\" content=\"article\" \/>\n<meta property=\"og:title\" content=\"brezeasy\u00ae WASH 4l lessive &#187; EMS Reparaturen + EMS Zubeh\u00f6r\" \/>\n<meta property=\"og:description\" content=\"brezeasy\u00ae WASH la lessive sp\u00e9cialement con\u00e7ue pour les gilets EMS, les sous-v\u00eatements et les textiles de sport en tout genre.\" \/>\n<meta property=\"og:url\" content=\"https:\/\/online-ems-training.de\/fr\/produkt\/lessive-brezeasy-wash-4l\/\" \/>\n<meta property=\"og:site_name\" content=\"EMS Reparaturen + EMS Zubeh\u00f6r\" \/>\n<meta property=\"article:publisher\" content=\"https:\/\/www.facebook.com\/OnlineEMSTrainingShop\" \/>\n<meta property=\"article:modified_time\" content=\"2023-10-02T12:09:49+00:00\" \/>\n<meta property=\"og:image\" content=\"https:\/\/i0.wp.com\/online-ems-training.de\/wp-content\/uploads\/2021\/02\/brezeasy_wash.png?fit=1200%2C821&ssl=1\" \/>\n\t<meta property=\"og:image:width\" content=\"1200\" \/>\n\t<meta property=\"og:image:height\" content=\"821\" \/>\n\t<meta property=\"og:image:type\" content=\"image\/png\" \/>\n<meta name=\"twitter:card\" content=\"summary_large_image\" \/>\n<meta name=\"twitter:label1\" content=\"Dur\u00e9e de lecture estim\u00e9e\" \/>\n\t<meta name=\"twitter:data1\" content=\"1 minute\" \/>\n<script type=\"application\/ld+json\" class=\"yoast-schema-graph\">{\"@context\":\"https:\\\/\\\/schema.org\",\"@graph\":[{\"@type\":\"WebPage\",\"@id\":\"https:\\\/\\\/online-ems-training.de\\\/fr\\\/produkt\\\/lessive-brezeasy-wash-4l\\\/\",\"url\":\"https:\\\/\\\/online-ems-training.de\\\/fr\\\/produkt\\\/lessive-brezeasy-wash-4l\\\/\",\"name\":\"brezeasy\u00ae WASH 4l lessive &#187; EMS Reparaturen + EMS Zubeh\u00f6r\",\"isPartOf\":{\"@id\":\"https:\\\/\\\/online-ems-training.de\\\/fr\\\/#website\"},\"primaryImageOfPage\":{\"@id\":\"https:\\\/\\\/online-ems-training.de\\\/fr\\\/produkt\\\/lessive-brezeasy-wash-4l\\\/#primaryimage\"},\"image\":{\"@id\":\"https:\\\/\\\/online-ems-training.de\\\/fr\\\/produkt\\\/lessive-brezeasy-wash-4l\\\/#primaryimage\"},\"thumbnailUrl\":\"https:\\\/\\\/online-ems-training.de\\\/wp-content\\\/uploads\\\/2021\\\/02\\\/brezeasy_wash.png\",\"datePublished\":\"2021-02-06T15:01:21+00:00\",\"dateModified\":\"2023-10-02T12:09:49+00:00\",\"description\":\"brezeasy\u00ae WASH la lessive sp\u00e9cialement con\u00e7ue pour les gilets EMS, les sous-v\u00eatements et les textiles de sport en tout genre.\",\"breadcrumb\":{\"@id\":\"https:\\\/\\\/online-ems-training.de\\\/fr\\\/produkt\\\/lessive-brezeasy-wash-4l\\\/#breadcrumb\"},\"inLanguage\":\"fr-FR\",\"potentialAction\":[{\"@type\":\"ReadAction\",\"target\":[\"https:\\\/\\\/online-ems-training.de\\\/fr\\\/produkt\\\/lessive-brezeasy-wash-4l\\\/\"]}]},{\"@type\":\"ImageObject\",\"inLanguage\":\"fr-FR\",\"@id\":\"https:\\\/\\\/online-ems-training.de\\\/fr\\\/produkt\\\/lessive-brezeasy-wash-4l\\\/#primaryimage\",\"url\":\"https:\\\/\\\/online-ems-training.de\\\/wp-content\\\/uploads\\\/2021\\\/02\\\/brezeasy_wash.png\",\"contentUrl\":\"https:\\\/\\\/online-ems-training.de\\\/wp-content\\\/uploads\\\/2021\\\/02\\\/brezeasy_wash.png\",\"width\":1200,\"height\":821,\"caption\":\"brezeasy-wash lessive\"},{\"@type\":\"BreadcrumbList\",\"@id\":\"https:\\\/\\\/online-ems-training.de\\\/fr\\\/produkt\\\/lessive-brezeasy-wash-4l\\\/#breadcrumb\",\"itemListElement\":[{\"@type\":\"ListItem\",\"position\":1,\"name\":\"Startseite\",\"item\":\"https:\\\/\\\/online-ems-training.de\\\/fr\\\/\"},{\"@type\":\"ListItem\",\"position\":2,\"name\":\"brezeasy\u00ae WASH 4l lessive\"}]},{\"@type\":\"WebSite\",\"@id\":\"https:\\\/\\\/online-ems-training.de\\\/fr\\\/#website\",\"url\":\"https:\\\/\\\/online-ems-training.de\\\/fr\\\/\",\"name\":\"EMS Reparaturen + EMS Zubeh\u00f6r\",\"description\":\"Reparaturen und Service f\u00fcr EMS Ger\u00e4te und EMS Elektroden\",\"potentialAction\":[{\"@type\":\"SearchAction\",\"target\":{\"@type\":\"EntryPoint\",\"urlTemplate\":\"https:\\\/\\\/online-ems-training.de\\\/fr\\\/?s={search_term_string}\"},\"query-input\":{\"@type\":\"PropertyValueSpecification\",\"valueRequired\":true,\"valueName\":\"search_term_string\"}}],\"inLanguage\":\"fr-FR\"}]}<\/script>\n<!-- \/ Yoast SEO plugin. -->","yoast_head_json":{"title":"brezeasy\u00ae WASH 4l lessive &#187; EMS Reparaturen + EMS Zubeh\u00f6r","description":"brezeasy\u00ae WASH la lessive sp\u00e9cialement con\u00e7ue pour les gilets EMS, les sous-v\u00eatements et les textiles de sport en tout genre.","robots":{"index":"index","follow":"follow","max-snippet":"max-snippet:-1","max-image-preview":"max-image-preview:large","max-video-preview":"max-video-preview:-1"},"canonical":"https:\/\/online-ems-training.de\/fr\/produkt\/lessive-brezeasy-wash-4l\/","og_locale":"fr_FR","og_type":"article","og_title":"brezeasy\u00ae WASH 4l lessive &#187; EMS Reparaturen + EMS Zubeh\u00f6r","og_description":"brezeasy\u00ae WASH la lessive sp\u00e9cialement con\u00e7ue pour les gilets EMS, les sous-v\u00eatements et les textiles de sport en tout genre.","og_url":"https:\/\/online-ems-training.de\/fr\/produkt\/lessive-brezeasy-wash-4l\/","og_site_name":"EMS Reparaturen + EMS Zubeh\u00f6r","article_publisher":"https:\/\/www.facebook.com\/OnlineEMSTrainingShop","article_modified_time":"2023-10-02T12:09:49+00:00","og_image":[{"width":1200,"height":821,"url":"https:\/\/i0.wp.com\/online-ems-training.de\/wp-content\/uploads\/2021\/02\/brezeasy_wash.png?fit=1200%2C821&ssl=1","type":"image\/png"}],"twitter_card":"summary_large_image","twitter_misc":{"Dur\u00e9e de lecture estim\u00e9e":"1 minute"},"schema":{"@context":"https:\/\/schema.org","@graph":[{"@type":"WebPage","@id":"https:\/\/online-ems-training.de\/fr\/produkt\/lessive-brezeasy-wash-4l\/","url":"https:\/\/online-ems-training.de\/fr\/produkt\/lessive-brezeasy-wash-4l\/","name":"brezeasy\u00ae WASH 4l lessive &#187; EMS Reparaturen + EMS Zubeh\u00f6r","isPartOf":{"@id":"https:\/\/online-ems-training.de\/fr\/#website"},"primaryImageOfPage":{"@id":"https:\/\/online-ems-training.de\/fr\/produkt\/lessive-brezeasy-wash-4l\/#primaryimage"},"image":{"@id":"https:\/\/online-ems-training.de\/fr\/produkt\/lessive-brezeasy-wash-4l\/#primaryimage"},"thumbnailUrl":"https:\/\/online-ems-training.de\/wp-content\/uploads\/2021\/02\/brezeasy_wash.png","datePublished":"2021-02-06T15:01:21+00:00","dateModified":"2023-10-02T12:09:49+00:00","description":"brezeasy\u00ae WASH la lessive sp\u00e9cialement con\u00e7ue pour les gilets EMS, les sous-v\u00eatements et les textiles de sport en tout genre.","breadcrumb":{"@id":"https:\/\/online-ems-training.de\/fr\/produkt\/lessive-brezeasy-wash-4l\/#breadcrumb"},"inLanguage":"fr-FR","potentialAction":[{"@type":"ReadAction","target":["https:\/\/online-ems-training.de\/fr\/produkt\/lessive-brezeasy-wash-4l\/"]}]},{"@type":"ImageObject","inLanguage":"fr-FR","@id":"https:\/\/online-ems-training.de\/fr\/produkt\/lessive-brezeasy-wash-4l\/#primaryimage","url":"https:\/\/online-ems-training.de\/wp-content\/uploads\/2021\/02\/brezeasy_wash.png","contentUrl":"https:\/\/online-ems-training.de\/wp-content\/uploads\/2021\/02\/brezeasy_wash.png","width":1200,"height":821,"caption":"brezeasy-wash lessive"},{"@type":"BreadcrumbList","@id":"https:\/\/online-ems-training.de\/fr\/produkt\/lessive-brezeasy-wash-4l\/#breadcrumb","itemListElement":[{"@type":"ListItem","position":1,"name":"Startseite","item":"https:\/\/online-ems-training.de\/fr\/"},{"@type":"ListItem","position":2,"name":"brezeasy\u00ae WASH 4l lessive"}]},{"@type":"WebSite","@id":"https:\/\/online-ems-training.de\/fr\/#website","url":"https:\/\/online-ems-training.de\/fr\/","name":"EMS Reparaturen + EMS Zubeh\u00f6r","description":"Reparaturen und Service f\u00fcr EMS Ger\u00e4te und EMS Elektroden","potentialAction":[{"@type":"SearchAction","target":{"@type":"EntryPoint","urlTemplate":"https:\/\/online-ems-training.de\/fr\/?s={search_term_string}"},"query-input":{"@type":"PropertyValueSpecification","valueRequired":true,"valueName":"search_term_string"}}],"inLanguage":"fr-FR"}]}},"_links":{"self":[{"href":"https:\/\/online-ems-training.de\/fr\/wp-json\/wp\/v2\/product\/2924","targetHints":{"allow":["GET"]}}],"collection":[{"href":"https:\/\/online-ems-training.de\/fr\/wp-json\/wp\/v2\/product"}],"about":[{"href":"https:\/\/online-ems-training.de\/fr\/wp-json\/wp\/v2\/types\/product"}],"wp:featuredmedia":[{"embeddable":true,"href":"https:\/\/online-ems-training.de\/fr\/wp-json\/wp\/v2\/media\/2937"}],"wp:attachment":[{"href":"https:\/\/online-ems-training.de\/fr\/wp-json\/wp\/v2\/media?parent=2924"}],"wp:term":[{"taxonomy":"product_brand","embeddable":true,"href":"https:\/\/online-ems-training.de\/fr\/wp-json\/wp\/v2\/product_brand?post=2924"},{"taxonomy":"product_cat","embeddable":true,"href":"https:\/\/online-ems-training.de\/fr\/wp-json\/wp\/v2\/product_cat?post=2924"},{"taxonomy":"product_tag","embeddable":true,"href":"https:\/\/online-ems-training.de\/fr\/wp-json\/wp\/v2\/product_tag?post=2924"}],"curies":[{"name":"wp","href":"https:\/\/api.w.org\/{rel}","templated":true}]}}