{"id":2938,"date":"2021-02-06T14:22:57","date_gmt":"2021-02-06T13:22:57","guid":{"rendered":"https:\/\/online-ems-training.de\/produkt\/linge-dentrainement-ems-max\/"},"modified":"2024-04-25T14:07:53","modified_gmt":"2024-04-25T12:07:53","slug":"ems-trainingswaes-max","status":"publish","type":"product","link":"https:\/\/online-ems-training.de\/fr\/produkt\/ems-trainingswaes-max\/","title":{"rendered":"Linge d&#8217;entra\u00eenement EMS MAX"},"content":{"rendered":"<div class=\"tab-body active\">\n<p><strong>Linge d&#8217;entra\u00eenement EMS MAX<br \/>\n<\/strong><\/p>\n<p>Encore plus robuste dans la nouvelle version MAX. Convient et a \u00e9t\u00e9 test\u00e9 pour tous les appareils EMS.<strong> <\/strong><\/p>\n<ul>\n<li>ceinture \u00e9lastique douce<\/li>\n<li>qualit\u00e9 fine mais tr\u00e8s robuste<\/li>\n<li>Entrejambe renforc\u00e9 pour les efforts sportifs<\/li>\n<li>Cale ins\u00e9r\u00e9e avec couture circulaire \u00e9lastique \u00e0 l&#8217;entrejambe<\/li>\n<li>Longueur de pantalon 3\/4 long<\/li>\n<li>taille courte<\/li>\n<li>ajustement parfait<\/li>\n<\/ul>\n<p><strong>Caract\u00e9ristiques :<\/strong><\/p>\n<ul>\n<li>Mati\u00e8re : 95% coton 5% <a href=\"http:\/\/de.wikipedia.org\/wiki\/Elasthan\">\u00e9lasthanne<\/a><\/li>\n<li>Nos textiles sont certifi\u00e9s \u00d6kotex Standard.<\/li>\n<li>Lavable \u00e0 40\u00b0.<\/li>\n<li>peut \u00eatre repass\u00e9<\/li>\n<li>ne convient pas au s\u00e8che-linge<\/li>\n<\/ul>\n<\/div>\n","protected":false},"excerpt":{"rendered":"<p>En tant que nouvelle version MAX, beaucoup plus robuste et vraiment plus durable.<br \/>\nConvient et a \u00e9t\u00e9 test\u00e9 pour tous les appareils EMS. Une tenue parfaite gr\u00e2ce \u00e0 un stretch optimis\u00e9.<strong><br \/>\n<\/strong><\/p>\n","protected":false},"featured_media":2956,"template":"","meta":[],"product_brand":[],"product_cat":[420],"product_tag":[],"class_list":{"0":"post-2938","1":"product","2":"type-product","3":"status-publish","4":"has-post-thumbnail","6":"product_cat-sous-vetements-fonctionnels-ems","7":"product_shipping_class-paquet-dhl-2kg","9":"first","10":"instock","11":"taxable","12":"shipping-taxable","13":"purchasable","14":"product-type-variable"},"yoast_head":"<!-- This site is optimized with the Yoast SEO plugin v27.4 - https:\/\/yoast.com\/product\/yoast-seo-wordpress\/ -->\n<title>Linge d&#039;entra\u00eenement EMS MAX &#187; EMS Reparaturen + EMS Zubeh\u00f6r<\/title>\n<meta name=\"description\" content=\"Linge d&#039;entra\u00eenement EMS MAX, linge EMS robuste et durable. Parfaitement adapt\u00e9 \u00e0 l&#039;entra\u00eenement EMS. Sous-v\u00eatements d&#039;entra\u00eenement EMS MAX\" \/>\n<meta name=\"robots\" content=\"index, follow, max-snippet:-1, max-image-preview:large, max-video-preview:-1\" \/>\n<link rel=\"canonical\" href=\"https:\/\/online-ems-training.de\/fr\/produkt\/ems-trainingswaes-max\/\" \/>\n<meta property=\"og:locale\" content=\"fr_FR\" \/>\n<meta property=\"og:type\" content=\"article\" \/>\n<meta property=\"og:title\" content=\"Linge d&#039;entra\u00eenement EMS MAX &#187; EMS Reparaturen + EMS Zubeh\u00f6r\" \/>\n<meta property=\"og:description\" content=\"Linge d&#039;entra\u00eenement EMS MAX, linge EMS robuste et durable. Parfaitement adapt\u00e9 \u00e0 l&#039;entra\u00eenement EMS. Sous-v\u00eatements d&#039;entra\u00eenement EMS MAX\" \/>\n<meta property=\"og:url\" content=\"https:\/\/online-ems-training.de\/fr\/produkt\/ems-trainingswaes-max\/\" \/>\n<meta property=\"og:site_name\" content=\"EMS Reparaturen + EMS Zubeh\u00f6r\" \/>\n<meta property=\"article:publisher\" content=\"https:\/\/www.facebook.com\/OnlineEMSTrainingShop\" \/>\n<meta property=\"article:modified_time\" content=\"2024-04-25T12:07:53+00:00\" \/>\n<meta property=\"og:image\" content=\"https:\/\/i0.wp.com\/online-ems-training.de\/wp-content\/uploads\/2021\/02\/EMS_Waesche.png?fit=802%2C1004&ssl=1\" \/>\n\t<meta property=\"og:image:width\" content=\"802\" \/>\n\t<meta property=\"og:image:height\" content=\"1004\" \/>\n\t<meta property=\"og:image:type\" content=\"image\/png\" \/>\n<meta name=\"twitter:card\" content=\"summary_large_image\" \/>\n<script type=\"application\/ld+json\" class=\"yoast-schema-graph\">{\"@context\":\"https:\\\/\\\/schema.org\",\"@graph\":[{\"@type\":\"WebPage\",\"@id\":\"https:\\\/\\\/online-ems-training.de\\\/fr\\\/produkt\\\/ems-trainingswaes-max\\\/\",\"url\":\"https:\\\/\\\/online-ems-training.de\\\/fr\\\/produkt\\\/ems-trainingswaes-max\\\/\",\"name\":\"Linge d'entra\u00eenement EMS MAX &#187; EMS Reparaturen + EMS Zubeh\u00f6r\",\"isPartOf\":{\"@id\":\"https:\\\/\\\/online-ems-training.de\\\/fr\\\/#website\"},\"primaryImageOfPage\":{\"@id\":\"https:\\\/\\\/online-ems-training.de\\\/fr\\\/produkt\\\/ems-trainingswaes-max\\\/#primaryimage\"},\"image\":{\"@id\":\"https:\\\/\\\/online-ems-training.de\\\/fr\\\/produkt\\\/ems-trainingswaes-max\\\/#primaryimage\"},\"thumbnailUrl\":\"https:\\\/\\\/online-ems-training.de\\\/wp-content\\\/uploads\\\/2021\\\/02\\\/EMS_Waesche.png\",\"datePublished\":\"2021-02-06T13:22:57+00:00\",\"dateModified\":\"2024-04-25T12:07:53+00:00\",\"description\":\"Linge d'entra\u00eenement EMS MAX, linge EMS robuste et durable. Parfaitement adapt\u00e9 \u00e0 l'entra\u00eenement EMS. Sous-v\u00eatements d'entra\u00eenement EMS MAX\",\"breadcrumb\":{\"@id\":\"https:\\\/\\\/online-ems-training.de\\\/fr\\\/produkt\\\/ems-trainingswaes-max\\\/#breadcrumb\"},\"inLanguage\":\"fr-FR\",\"potentialAction\":[{\"@type\":\"ReadAction\",\"target\":[\"https:\\\/\\\/online-ems-training.de\\\/fr\\\/produkt\\\/ems-trainingswaes-max\\\/\"]}]},{\"@type\":\"ImageObject\",\"inLanguage\":\"fr-FR\",\"@id\":\"https:\\\/\\\/online-ems-training.de\\\/fr\\\/produkt\\\/ems-trainingswaes-max\\\/#primaryimage\",\"url\":\"https:\\\/\\\/online-ems-training.de\\\/wp-content\\\/uploads\\\/2021\\\/02\\\/EMS_Waesche.png\",\"contentUrl\":\"https:\\\/\\\/online-ems-training.de\\\/wp-content\\\/uploads\\\/2021\\\/02\\\/EMS_Waesche.png\",\"width\":802,\"height\":1004,\"caption\":\"EMS W\u00e4ssche fonctionnel MAX\"},{\"@type\":\"BreadcrumbList\",\"@id\":\"https:\\\/\\\/online-ems-training.de\\\/fr\\\/produkt\\\/ems-trainingswaes-max\\\/#breadcrumb\",\"itemListElement\":[{\"@type\":\"ListItem\",\"position\":1,\"name\":\"Startseite\",\"item\":\"https:\\\/\\\/online-ems-training.de\\\/fr\\\/\"},{\"@type\":\"ListItem\",\"position\":2,\"name\":\"Linge d&#8217;entra\u00eenement EMS MAX\"}]},{\"@type\":\"WebSite\",\"@id\":\"https:\\\/\\\/online-ems-training.de\\\/fr\\\/#website\",\"url\":\"https:\\\/\\\/online-ems-training.de\\\/fr\\\/\",\"name\":\"EMS Reparaturen + EMS Zubeh\u00f6r\",\"description\":\"Reparaturen und Service f\u00fcr EMS Ger\u00e4te und EMS Elektroden\",\"potentialAction\":[{\"@type\":\"SearchAction\",\"target\":{\"@type\":\"EntryPoint\",\"urlTemplate\":\"https:\\\/\\\/online-ems-training.de\\\/fr\\\/?s={search_term_string}\"},\"query-input\":{\"@type\":\"PropertyValueSpecification\",\"valueRequired\":true,\"valueName\":\"search_term_string\"}}],\"inLanguage\":\"fr-FR\"}]}<\/script>\n<!-- \/ Yoast SEO plugin. -->","yoast_head_json":{"title":"Linge d'entra\u00eenement EMS MAX &#187; EMS Reparaturen + EMS Zubeh\u00f6r","description":"Linge d'entra\u00eenement EMS MAX, linge EMS robuste et durable. Parfaitement adapt\u00e9 \u00e0 l'entra\u00eenement EMS. Sous-v\u00eatements d'entra\u00eenement EMS MAX","robots":{"index":"index","follow":"follow","max-snippet":"max-snippet:-1","max-image-preview":"max-image-preview:large","max-video-preview":"max-video-preview:-1"},"canonical":"https:\/\/online-ems-training.de\/fr\/produkt\/ems-trainingswaes-max\/","og_locale":"fr_FR","og_type":"article","og_title":"Linge d'entra\u00eenement EMS MAX &#187; EMS Reparaturen + EMS Zubeh\u00f6r","og_description":"Linge d'entra\u00eenement EMS MAX, linge EMS robuste et durable. Parfaitement adapt\u00e9 \u00e0 l'entra\u00eenement EMS. Sous-v\u00eatements d'entra\u00eenement EMS MAX","og_url":"https:\/\/online-ems-training.de\/fr\/produkt\/ems-trainingswaes-max\/","og_site_name":"EMS Reparaturen + EMS Zubeh\u00f6r","article_publisher":"https:\/\/www.facebook.com\/OnlineEMSTrainingShop","article_modified_time":"2024-04-25T12:07:53+00:00","og_image":[{"width":802,"height":1004,"url":"https:\/\/i0.wp.com\/online-ems-training.de\/wp-content\/uploads\/2021\/02\/EMS_Waesche.png?fit=802%2C1004&ssl=1","type":"image\/png"}],"twitter_card":"summary_large_image","schema":{"@context":"https:\/\/schema.org","@graph":[{"@type":"WebPage","@id":"https:\/\/online-ems-training.de\/fr\/produkt\/ems-trainingswaes-max\/","url":"https:\/\/online-ems-training.de\/fr\/produkt\/ems-trainingswaes-max\/","name":"Linge d'entra\u00eenement EMS MAX &#187; EMS Reparaturen + EMS Zubeh\u00f6r","isPartOf":{"@id":"https:\/\/online-ems-training.de\/fr\/#website"},"primaryImageOfPage":{"@id":"https:\/\/online-ems-training.de\/fr\/produkt\/ems-trainingswaes-max\/#primaryimage"},"image":{"@id":"https:\/\/online-ems-training.de\/fr\/produkt\/ems-trainingswaes-max\/#primaryimage"},"thumbnailUrl":"https:\/\/online-ems-training.de\/wp-content\/uploads\/2021\/02\/EMS_Waesche.png","datePublished":"2021-02-06T13:22:57+00:00","dateModified":"2024-04-25T12:07:53+00:00","description":"Linge d'entra\u00eenement EMS MAX, linge EMS robuste et durable. Parfaitement adapt\u00e9 \u00e0 l'entra\u00eenement EMS. Sous-v\u00eatements d'entra\u00eenement EMS MAX","breadcrumb":{"@id":"https:\/\/online-ems-training.de\/fr\/produkt\/ems-trainingswaes-max\/#breadcrumb"},"inLanguage":"fr-FR","potentialAction":[{"@type":"ReadAction","target":["https:\/\/online-ems-training.de\/fr\/produkt\/ems-trainingswaes-max\/"]}]},{"@type":"ImageObject","inLanguage":"fr-FR","@id":"https:\/\/online-ems-training.de\/fr\/produkt\/ems-trainingswaes-max\/#primaryimage","url":"https:\/\/online-ems-training.de\/wp-content\/uploads\/2021\/02\/EMS_Waesche.png","contentUrl":"https:\/\/online-ems-training.de\/wp-content\/uploads\/2021\/02\/EMS_Waesche.png","width":802,"height":1004,"caption":"EMS W\u00e4ssche fonctionnel MAX"},{"@type":"BreadcrumbList","@id":"https:\/\/online-ems-training.de\/fr\/produkt\/ems-trainingswaes-max\/#breadcrumb","itemListElement":[{"@type":"ListItem","position":1,"name":"Startseite","item":"https:\/\/online-ems-training.de\/fr\/"},{"@type":"ListItem","position":2,"name":"Linge d&#8217;entra\u00eenement EMS MAX"}]},{"@type":"WebSite","@id":"https:\/\/online-ems-training.de\/fr\/#website","url":"https:\/\/online-ems-training.de\/fr\/","name":"EMS Reparaturen + EMS Zubeh\u00f6r","description":"Reparaturen und Service f\u00fcr EMS Ger\u00e4te und EMS Elektroden","potentialAction":[{"@type":"SearchAction","target":{"@type":"EntryPoint","urlTemplate":"https:\/\/online-ems-training.de\/fr\/?s={search_term_string}"},"query-input":{"@type":"PropertyValueSpecification","valueRequired":true,"valueName":"search_term_string"}}],"inLanguage":"fr-FR"}]}},"_links":{"self":[{"href":"https:\/\/online-ems-training.de\/fr\/wp-json\/wp\/v2\/product\/2938","targetHints":{"allow":["GET"]}}],"collection":[{"href":"https:\/\/online-ems-training.de\/fr\/wp-json\/wp\/v2\/product"}],"about":[{"href":"https:\/\/online-ems-training.de\/fr\/wp-json\/wp\/v2\/types\/product"}],"wp:featuredmedia":[{"embeddable":true,"href":"https:\/\/online-ems-training.de\/fr\/wp-json\/wp\/v2\/media\/2956"}],"wp:attachment":[{"href":"https:\/\/online-ems-training.de\/fr\/wp-json\/wp\/v2\/media?parent=2938"}],"wp:term":[{"taxonomy":"product_brand","embeddable":true,"href":"https:\/\/online-ems-training.de\/fr\/wp-json\/wp\/v2\/product_brand?post=2938"},{"taxonomy":"product_cat","embeddable":true,"href":"https:\/\/online-ems-training.de\/fr\/wp-json\/wp\/v2\/product_cat?post=2938"},{"taxonomy":"product_tag","embeddable":true,"href":"https:\/\/online-ems-training.de\/fr\/wp-json\/wp\/v2\/product_tag?post=2938"}],"curies":[{"name":"wp","href":"https:\/\/api.w.org\/{rel}","templated":true}]}}