{"id":2939,"date":"2022-02-12T14:17:47","date_gmt":"2022-02-12T13:17:47","guid":{"rendered":"https:\/\/online-ems-training.de\/produkt\/electrodes-pour-bras-ems\/"},"modified":"2024-05-01T08:05:53","modified_gmt":"2024-05-01T06:05:53","slug":"electrodes-de-bras-ems","status":"publish","type":"product","link":"https:\/\/online-ems-training.de\/fr\/produkt\/electrodes-de-bras-ems\/","title":{"rendered":"Electrodes pour bras EMS"},"content":{"rendered":"<p>Les \u00e9lectrodes pour bras se caract\u00e9risent par un excellent ajustement et une manipulation parfaite. Ils doivent \u00eatre mis en place et tendus d&#8217;une seule main. De plus, ils poss\u00e8dent un guide de sangle simple et efficace. Ils se composent d&#8217;une paire d&#8217;\u00e9lectrodes qui peuvent transmettre un stimulus d&#8217;entra\u00eenement optimal aux muscles du bras. Gr\u00e2ce au guidage de la ceinture, les \u00e9lectrodes se pressent automatiquement sur la surface optimale et garantissent une assise parfaite, m\u00eame lors d&#8217;un entra\u00eenement actif.<\/p>\n<p>Les \u00e9lectrodes pour bras sont compos\u00e9es d&#8217;un mat\u00e9riau de support stable, d&#8217;\u00e9l\u00e9ments de fixation durables de qualit\u00e9 industrielle, de r\u00e9servoirs d&#8217;eau tr\u00e8s absorbants et d&#8217;\u00e9lectrodes parfaites. Le mat\u00e9riau des \u00e9lectrodes est pratiquement indestructible et b\u00e9n\u00e9ficie d&#8217;une garantie \u00e0 vie.<\/p>\n<p>Les \u00e9lectrodes sont faciles et efficaces \u00e0 nettoyer en machine avec un d\u00e9tergent doux.<\/p>\n<p>Veuillez mesurer les dimensions indiqu\u00e9es pour choisir les \u00e9lectrodes et d\u00e9terminer ensuite la bonne taille.<\/p>\n","protected":false},"excerpt":{"rendered":"<p>Paire d&#8217;\u00e9lectrodes de bras MAXSPEED pour l&#8217;entra\u00eenement EMS avec les appareils MAXSPEED 6, MAXSPEED 8, MAXSPEED 8.1 et les appareils EMS comparables.<\/p>\n","protected":false},"featured_media":2946,"template":"","meta":[],"product_brand":[],"product_cat":[408],"product_tag":[412,410,425],"class_list":{"0":"post-2939","1":"product","2":"type-product","3":"status-publish","4":"has-post-thumbnail","6":"product_cat-electrodes-ems","7":"product_tag-electrodes-ems","8":"product_tag-ems-fr","9":"product_tag-ems-pads-fr","10":"product_shipping_class-paquet-dhl-2kg","12":"first","13":"instock","14":"taxable","15":"shipping-taxable","16":"purchasable","17":"product-type-variable"},"yoast_head":"<!-- This site is optimized with the Yoast SEO plugin v27.4 - https:\/\/yoast.com\/product\/yoast-seo-wordpress\/ -->\n<title>Electrodes pour bras EMS | MAXSPEED \u00e9lectrodes d&#039;entra\u00eenement EMS pour les bras<\/title>\n<meta name=\"description\" content=\"Electrodes EMS pour bras de MAXSPEED pour un entra\u00eenement EMS professionnel. Achetez des \u00e9lectrodes de bras pour les appareils EMS de MAXSPEED et des mod\u00e8les comparables.\" \/>\n<meta name=\"robots\" content=\"index, follow, max-snippet:-1, max-image-preview:large, max-video-preview:-1\" \/>\n<link rel=\"canonical\" href=\"https:\/\/online-ems-training.de\/fr\/produkt\/electrodes-de-bras-ems\/\" \/>\n<meta property=\"og:locale\" content=\"fr_FR\" \/>\n<meta property=\"og:type\" content=\"article\" \/>\n<meta property=\"og:title\" content=\"Electrodes pour bras EMS | MAXSPEED \u00e9lectrodes d&#039;entra\u00eenement EMS pour les bras\" \/>\n<meta property=\"og:description\" content=\"Electrodes EMS pour bras de MAXSPEED pour un entra\u00eenement EMS professionnel. Achetez des \u00e9lectrodes de bras pour les appareils EMS de MAXSPEED et des mod\u00e8les comparables.\" \/>\n<meta property=\"og:url\" content=\"https:\/\/online-ems-training.de\/fr\/produkt\/electrodes-de-bras-ems\/\" \/>\n<meta property=\"og:site_name\" content=\"EMS Reparaturen + EMS Zubeh\u00f6r\" \/>\n<meta property=\"article:publisher\" content=\"https:\/\/www.facebook.com\/OnlineEMSTrainingShop\" \/>\n<meta property=\"article:modified_time\" content=\"2024-05-01T06:05:53+00:00\" \/>\n<meta property=\"og:image\" content=\"https:\/\/i0.wp.com\/online-ems-training.de\/wp-content\/uploads\/2022\/02\/MAXSPEED_Beinelektroden_WP_Bild01-1.jpg?fit=1280%2C853&ssl=1\" \/>\n\t<meta property=\"og:image:width\" content=\"1280\" \/>\n\t<meta property=\"og:image:height\" content=\"853\" \/>\n\t<meta property=\"og:image:type\" content=\"image\/jpeg\" \/>\n<meta name=\"twitter:card\" content=\"summary_large_image\" \/>\n<meta name=\"twitter:label1\" content=\"Dur\u00e9e de lecture estim\u00e9e\" \/>\n\t<meta name=\"twitter:data1\" content=\"1 minute\" \/>\n<script type=\"application\/ld+json\" class=\"yoast-schema-graph\">{\"@context\":\"https:\\\/\\\/schema.org\",\"@graph\":[{\"@type\":\"WebPage\",\"@id\":\"https:\\\/\\\/online-ems-training.de\\\/fr\\\/produkt\\\/electrodes-de-bras-ems\\\/\",\"url\":\"https:\\\/\\\/online-ems-training.de\\\/fr\\\/produkt\\\/electrodes-de-bras-ems\\\/\",\"name\":\"Electrodes pour bras EMS | MAXSPEED \u00e9lectrodes d'entra\u00eenement EMS pour les bras\",\"isPartOf\":{\"@id\":\"https:\\\/\\\/online-ems-training.de\\\/fr\\\/#website\"},\"primaryImageOfPage\":{\"@id\":\"https:\\\/\\\/online-ems-training.de\\\/fr\\\/produkt\\\/electrodes-de-bras-ems\\\/#primaryimage\"},\"image\":{\"@id\":\"https:\\\/\\\/online-ems-training.de\\\/fr\\\/produkt\\\/electrodes-de-bras-ems\\\/#primaryimage\"},\"thumbnailUrl\":\"https:\\\/\\\/online-ems-training.de\\\/wp-content\\\/uploads\\\/2022\\\/02\\\/MAXSPEED_Beinelektroden_WP_Bild01-1.jpg\",\"datePublished\":\"2022-02-12T13:17:47+00:00\",\"dateModified\":\"2024-05-01T06:05:53+00:00\",\"description\":\"Electrodes EMS pour bras de MAXSPEED pour un entra\u00eenement EMS professionnel. Achetez des \u00e9lectrodes de bras pour les appareils EMS de MAXSPEED et des mod\u00e8les comparables.\",\"breadcrumb\":{\"@id\":\"https:\\\/\\\/online-ems-training.de\\\/fr\\\/produkt\\\/electrodes-de-bras-ems\\\/#breadcrumb\"},\"inLanguage\":\"fr-FR\",\"potentialAction\":[{\"@type\":\"ReadAction\",\"target\":[\"https:\\\/\\\/online-ems-training.de\\\/fr\\\/produkt\\\/electrodes-de-bras-ems\\\/\"]}]},{\"@type\":\"ImageObject\",\"inLanguage\":\"fr-FR\",\"@id\":\"https:\\\/\\\/online-ems-training.de\\\/fr\\\/produkt\\\/electrodes-de-bras-ems\\\/#primaryimage\",\"url\":\"https:\\\/\\\/online-ems-training.de\\\/wp-content\\\/uploads\\\/2022\\\/02\\\/MAXSPEED_Beinelektroden_WP_Bild01-1.jpg\",\"contentUrl\":\"https:\\\/\\\/online-ems-training.de\\\/wp-content\\\/uploads\\\/2022\\\/02\\\/MAXSPEED_Beinelektroden_WP_Bild01-1.jpg\",\"width\":1280,\"height\":853},{\"@type\":\"BreadcrumbList\",\"@id\":\"https:\\\/\\\/online-ems-training.de\\\/fr\\\/produkt\\\/electrodes-de-bras-ems\\\/#breadcrumb\",\"itemListElement\":[{\"@type\":\"ListItem\",\"position\":1,\"name\":\"Startseite\",\"item\":\"https:\\\/\\\/online-ems-training.de\\\/fr\\\/\"},{\"@type\":\"ListItem\",\"position\":2,\"name\":\"Electrodes pour bras EMS\"}]},{\"@type\":\"WebSite\",\"@id\":\"https:\\\/\\\/online-ems-training.de\\\/fr\\\/#website\",\"url\":\"https:\\\/\\\/online-ems-training.de\\\/fr\\\/\",\"name\":\"EMS Reparaturen + EMS Zubeh\u00f6r\",\"description\":\"Reparaturen und Service f\u00fcr EMS Ger\u00e4te und EMS Elektroden\",\"potentialAction\":[{\"@type\":\"SearchAction\",\"target\":{\"@type\":\"EntryPoint\",\"urlTemplate\":\"https:\\\/\\\/online-ems-training.de\\\/fr\\\/?s={search_term_string}\"},\"query-input\":{\"@type\":\"PropertyValueSpecification\",\"valueRequired\":true,\"valueName\":\"search_term_string\"}}],\"inLanguage\":\"fr-FR\"}]}<\/script>\n<!-- \/ Yoast SEO plugin. -->","yoast_head_json":{"title":"Electrodes pour bras EMS | MAXSPEED \u00e9lectrodes d'entra\u00eenement EMS pour les bras","description":"Electrodes EMS pour bras de MAXSPEED pour un entra\u00eenement EMS professionnel. Achetez des \u00e9lectrodes de bras pour les appareils EMS de MAXSPEED et des mod\u00e8les comparables.","robots":{"index":"index","follow":"follow","max-snippet":"max-snippet:-1","max-image-preview":"max-image-preview:large","max-video-preview":"max-video-preview:-1"},"canonical":"https:\/\/online-ems-training.de\/fr\/produkt\/electrodes-de-bras-ems\/","og_locale":"fr_FR","og_type":"article","og_title":"Electrodes pour bras EMS | MAXSPEED \u00e9lectrodes d'entra\u00eenement EMS pour les bras","og_description":"Electrodes EMS pour bras de MAXSPEED pour un entra\u00eenement EMS professionnel. Achetez des \u00e9lectrodes de bras pour les appareils EMS de MAXSPEED et des mod\u00e8les comparables.","og_url":"https:\/\/online-ems-training.de\/fr\/produkt\/electrodes-de-bras-ems\/","og_site_name":"EMS Reparaturen + EMS Zubeh\u00f6r","article_publisher":"https:\/\/www.facebook.com\/OnlineEMSTrainingShop","article_modified_time":"2024-05-01T06:05:53+00:00","og_image":[{"width":1280,"height":853,"url":"https:\/\/i0.wp.com\/online-ems-training.de\/wp-content\/uploads\/2022\/02\/MAXSPEED_Beinelektroden_WP_Bild01-1.jpg?fit=1280%2C853&ssl=1","type":"image\/jpeg"}],"twitter_card":"summary_large_image","twitter_misc":{"Dur\u00e9e de lecture estim\u00e9e":"1 minute"},"schema":{"@context":"https:\/\/schema.org","@graph":[{"@type":"WebPage","@id":"https:\/\/online-ems-training.de\/fr\/produkt\/electrodes-de-bras-ems\/","url":"https:\/\/online-ems-training.de\/fr\/produkt\/electrodes-de-bras-ems\/","name":"Electrodes pour bras EMS | MAXSPEED \u00e9lectrodes d'entra\u00eenement EMS pour les bras","isPartOf":{"@id":"https:\/\/online-ems-training.de\/fr\/#website"},"primaryImageOfPage":{"@id":"https:\/\/online-ems-training.de\/fr\/produkt\/electrodes-de-bras-ems\/#primaryimage"},"image":{"@id":"https:\/\/online-ems-training.de\/fr\/produkt\/electrodes-de-bras-ems\/#primaryimage"},"thumbnailUrl":"https:\/\/online-ems-training.de\/wp-content\/uploads\/2022\/02\/MAXSPEED_Beinelektroden_WP_Bild01-1.jpg","datePublished":"2022-02-12T13:17:47+00:00","dateModified":"2024-05-01T06:05:53+00:00","description":"Electrodes EMS pour bras de MAXSPEED pour un entra\u00eenement EMS professionnel. Achetez des \u00e9lectrodes de bras pour les appareils EMS de MAXSPEED et des mod\u00e8les comparables.","breadcrumb":{"@id":"https:\/\/online-ems-training.de\/fr\/produkt\/electrodes-de-bras-ems\/#breadcrumb"},"inLanguage":"fr-FR","potentialAction":[{"@type":"ReadAction","target":["https:\/\/online-ems-training.de\/fr\/produkt\/electrodes-de-bras-ems\/"]}]},{"@type":"ImageObject","inLanguage":"fr-FR","@id":"https:\/\/online-ems-training.de\/fr\/produkt\/electrodes-de-bras-ems\/#primaryimage","url":"https:\/\/online-ems-training.de\/wp-content\/uploads\/2022\/02\/MAXSPEED_Beinelektroden_WP_Bild01-1.jpg","contentUrl":"https:\/\/online-ems-training.de\/wp-content\/uploads\/2022\/02\/MAXSPEED_Beinelektroden_WP_Bild01-1.jpg","width":1280,"height":853},{"@type":"BreadcrumbList","@id":"https:\/\/online-ems-training.de\/fr\/produkt\/electrodes-de-bras-ems\/#breadcrumb","itemListElement":[{"@type":"ListItem","position":1,"name":"Startseite","item":"https:\/\/online-ems-training.de\/fr\/"},{"@type":"ListItem","position":2,"name":"Electrodes pour bras EMS"}]},{"@type":"WebSite","@id":"https:\/\/online-ems-training.de\/fr\/#website","url":"https:\/\/online-ems-training.de\/fr\/","name":"EMS Reparaturen + EMS Zubeh\u00f6r","description":"Reparaturen und Service f\u00fcr EMS Ger\u00e4te und EMS Elektroden","potentialAction":[{"@type":"SearchAction","target":{"@type":"EntryPoint","urlTemplate":"https:\/\/online-ems-training.de\/fr\/?s={search_term_string}"},"query-input":{"@type":"PropertyValueSpecification","valueRequired":true,"valueName":"search_term_string"}}],"inLanguage":"fr-FR"}]}},"_links":{"self":[{"href":"https:\/\/online-ems-training.de\/fr\/wp-json\/wp\/v2\/product\/2939","targetHints":{"allow":["GET"]}}],"collection":[{"href":"https:\/\/online-ems-training.de\/fr\/wp-json\/wp\/v2\/product"}],"about":[{"href":"https:\/\/online-ems-training.de\/fr\/wp-json\/wp\/v2\/types\/product"}],"wp:featuredmedia":[{"embeddable":true,"href":"https:\/\/online-ems-training.de\/fr\/wp-json\/wp\/v2\/media\/2946"}],"wp:attachment":[{"href":"https:\/\/online-ems-training.de\/fr\/wp-json\/wp\/v2\/media?parent=2939"}],"wp:term":[{"taxonomy":"product_brand","embeddable":true,"href":"https:\/\/online-ems-training.de\/fr\/wp-json\/wp\/v2\/product_brand?post=2939"},{"taxonomy":"product_cat","embeddable":true,"href":"https:\/\/online-ems-training.de\/fr\/wp-json\/wp\/v2\/product_cat?post=2939"},{"taxonomy":"product_tag","embeddable":true,"href":"https:\/\/online-ems-training.de\/fr\/wp-json\/wp\/v2\/product_tag?post=2939"}],"curies":[{"name":"wp","href":"https:\/\/api.w.org\/{rel}","templated":true}]}}