{"id":2953,"date":"2022-02-12T14:17:44","date_gmt":"2022-02-12T13:17:44","guid":{"rendered":"https:\/\/online-ems-training.de\/produkt\/cable-de-raccordement\/"},"modified":"2024-05-01T08:06:17","modified_gmt":"2024-05-01T06:06:17","slug":"cable-de-raccordement","status":"publish","type":"product","link":"https:\/\/online-ems-training.de\/fr\/produkt\/cable-de-raccordement\/","title":{"rendered":"C\u00e2ble de raccordement"},"content":{"rendered":"<p align=\"justify\"><span style=\"font-family: Arial, sans-serif;\">Un c\u00e2ble de raccordement permet de relier le jeu d&#8217;\u00e9lectrodes \u00e0 l&#8217;appareil EMS. Cela permet de transmettre des impulsions. Le c\u00e2ble de raccordement est reli\u00e9 par un syst\u00e8me de vis de mani\u00e8re \u00e0 ce que la connexion ne puisse pas se d\u00e9faire. Cela est particuli\u00e8rement avantageux pour les entra\u00eenements EMS con\u00e7us de mani\u00e8re dynamique. Notre c\u00e2ble de connexion est une solution simple, tr\u00e8s fiable et \u00e9prouv\u00e9e.<\/span><\/p>\n","protected":false},"excerpt":{"rendered":"<p><span style=\"font-family: Arial, sans-serif;\">MAX<\/span><span style=\"font-family: Arial, sans-serif;\">C\u00e2ble de connexion SPEED pour le raccordement \u00e0 tous les appareils MAXSPEED. Ainsi adapt\u00e9 \u00e0 MAXSPEED<\/span> <span style=\"font-family: Arial, sans-serif;\"> Accueil<\/span><span style=\"font-family: Arial, sans-serif;\">MAXSPEED 6, MAXSPEED 8 et les appareils EMS comparables. <\/span> <\/p>\n","protected":false},"featured_media":2954,"template":"","meta":[],"product_brand":[],"product_cat":[401],"product_tag":[429,427,428,410],"class_list":{"0":"post-2953","1":"product","2":"type-product","3":"status-publish","4":"has-post-thumbnail","6":"product_cat-accessoires","7":"product_tag-cable-de-connexion","8":"product_tag-cable-de-raccordement","9":"product_tag-cable-de-raccordement-ems","10":"product_tag-ems-fr","11":"product_shipping_class-paquet-dhl-2kg","13":"first","14":"instock","15":"taxable","16":"shipping-taxable","17":"purchasable","18":"product-type-simple"},"yoast_head":"<!-- This site is optimized with the Yoast SEO plugin v27.4 - https:\/\/yoast.com\/product\/yoast-seo-wordpress\/ -->\n<title>C\u00e2ble de raccordement \/ c\u00e2ble de connexion pour l&#039;appareil EMS MAXSPEED<\/title>\n<meta name=\"description\" content=\"Choisissez ici votre c\u00e2ble de raccordement pour l&#039;appareil EMS. Le c\u00e2ble de connexion permet d&#039;\u00e9tablir un contact s\u00fbr entre l&#039;appareil &amp; les \u00e9lectrodes.\" \/>\n<meta name=\"robots\" content=\"index, follow, max-snippet:-1, max-image-preview:large, max-video-preview:-1\" \/>\n<link rel=\"canonical\" href=\"https:\/\/online-ems-training.de\/fr\/produkt\/cable-de-raccordement\/\" \/>\n<meta property=\"og:locale\" content=\"fr_FR\" \/>\n<meta property=\"og:type\" content=\"article\" \/>\n<meta property=\"og:title\" content=\"C\u00e2ble de raccordement \/ c\u00e2ble de connexion pour l&#039;appareil EMS MAXSPEED\" \/>\n<meta property=\"og:description\" content=\"Choisissez ici votre c\u00e2ble de raccordement pour l&#039;appareil EMS. Le c\u00e2ble de connexion permet d&#039;\u00e9tablir un contact s\u00fbr entre l&#039;appareil &amp; les \u00e9lectrodes.\" \/>\n<meta property=\"og:url\" content=\"https:\/\/online-ems-training.de\/fr\/produkt\/cable-de-raccordement\/\" \/>\n<meta property=\"og:site_name\" content=\"EMS Reparaturen + EMS Zubeh\u00f6r\" \/>\n<meta property=\"article:publisher\" content=\"https:\/\/www.facebook.com\/OnlineEMSTrainingShop\" \/>\n<meta property=\"article:modified_time\" content=\"2024-05-01T06:06:17+00:00\" \/>\n<meta property=\"og:image\" content=\"https:\/\/i0.wp.com\/online-ems-training.de\/wp-content\/uploads\/2022\/02\/655A5471-scaled.jpg?fit=2560%2C1707&ssl=1\" \/>\n\t<meta property=\"og:image:width\" content=\"2560\" \/>\n\t<meta property=\"og:image:height\" content=\"1707\" \/>\n\t<meta property=\"og:image:type\" content=\"image\/jpeg\" \/>\n<meta name=\"twitter:card\" content=\"summary_large_image\" \/>\n<script type=\"application\/ld+json\" class=\"yoast-schema-graph\">{\"@context\":\"https:\\\/\\\/schema.org\",\"@graph\":[{\"@type\":\"WebPage\",\"@id\":\"https:\\\/\\\/online-ems-training.de\\\/fr\\\/produkt\\\/cable-de-raccordement\\\/\",\"url\":\"https:\\\/\\\/online-ems-training.de\\\/fr\\\/produkt\\\/cable-de-raccordement\\\/\",\"name\":\"C\u00e2ble de raccordement \\\/ c\u00e2ble de connexion pour l'appareil EMS MAXSPEED\",\"isPartOf\":{\"@id\":\"https:\\\/\\\/online-ems-training.de\\\/fr\\\/#website\"},\"primaryImageOfPage\":{\"@id\":\"https:\\\/\\\/online-ems-training.de\\\/fr\\\/produkt\\\/cable-de-raccordement\\\/#primaryimage\"},\"image\":{\"@id\":\"https:\\\/\\\/online-ems-training.de\\\/fr\\\/produkt\\\/cable-de-raccordement\\\/#primaryimage\"},\"thumbnailUrl\":\"https:\\\/\\\/online-ems-training.de\\\/wp-content\\\/uploads\\\/2022\\\/02\\\/655A5471-scaled.jpg\",\"datePublished\":\"2022-02-12T13:17:44+00:00\",\"dateModified\":\"2024-05-01T06:06:17+00:00\",\"description\":\"Choisissez ici votre c\u00e2ble de raccordement pour l'appareil EMS. Le c\u00e2ble de connexion permet d'\u00e9tablir un contact s\u00fbr entre l'appareil & les \u00e9lectrodes.\",\"breadcrumb\":{\"@id\":\"https:\\\/\\\/online-ems-training.de\\\/fr\\\/produkt\\\/cable-de-raccordement\\\/#breadcrumb\"},\"inLanguage\":\"fr-FR\",\"potentialAction\":[{\"@type\":\"ReadAction\",\"target\":[\"https:\\\/\\\/online-ems-training.de\\\/fr\\\/produkt\\\/cable-de-raccordement\\\/\"]}]},{\"@type\":\"ImageObject\",\"inLanguage\":\"fr-FR\",\"@id\":\"https:\\\/\\\/online-ems-training.de\\\/fr\\\/produkt\\\/cable-de-raccordement\\\/#primaryimage\",\"url\":\"https:\\\/\\\/online-ems-training.de\\\/wp-content\\\/uploads\\\/2022\\\/02\\\/655A5471-scaled.jpg\",\"contentUrl\":\"https:\\\/\\\/online-ems-training.de\\\/wp-content\\\/uploads\\\/2022\\\/02\\\/655A5471-scaled.jpg\",\"width\":2560,\"height\":1707},{\"@type\":\"BreadcrumbList\",\"@id\":\"https:\\\/\\\/online-ems-training.de\\\/fr\\\/produkt\\\/cable-de-raccordement\\\/#breadcrumb\",\"itemListElement\":[{\"@type\":\"ListItem\",\"position\":1,\"name\":\"Startseite\",\"item\":\"https:\\\/\\\/online-ems-training.de\\\/fr\\\/\"},{\"@type\":\"ListItem\",\"position\":2,\"name\":\"C\u00e2ble de raccordement\"}]},{\"@type\":\"WebSite\",\"@id\":\"https:\\\/\\\/online-ems-training.de\\\/fr\\\/#website\",\"url\":\"https:\\\/\\\/online-ems-training.de\\\/fr\\\/\",\"name\":\"EMS Reparaturen + EMS Zubeh\u00f6r\",\"description\":\"Reparaturen und Service f\u00fcr EMS Ger\u00e4te und EMS Elektroden\",\"potentialAction\":[{\"@type\":\"SearchAction\",\"target\":{\"@type\":\"EntryPoint\",\"urlTemplate\":\"https:\\\/\\\/online-ems-training.de\\\/fr\\\/?s={search_term_string}\"},\"query-input\":{\"@type\":\"PropertyValueSpecification\",\"valueRequired\":true,\"valueName\":\"search_term_string\"}}],\"inLanguage\":\"fr-FR\"}]}<\/script>\n<!-- \/ Yoast SEO plugin. -->","yoast_head_json":{"title":"C\u00e2ble de raccordement \/ c\u00e2ble de connexion pour l'appareil EMS MAXSPEED","description":"Choisissez ici votre c\u00e2ble de raccordement pour l'appareil EMS. Le c\u00e2ble de connexion permet d'\u00e9tablir un contact s\u00fbr entre l'appareil & les \u00e9lectrodes.","robots":{"index":"index","follow":"follow","max-snippet":"max-snippet:-1","max-image-preview":"max-image-preview:large","max-video-preview":"max-video-preview:-1"},"canonical":"https:\/\/online-ems-training.de\/fr\/produkt\/cable-de-raccordement\/","og_locale":"fr_FR","og_type":"article","og_title":"C\u00e2ble de raccordement \/ c\u00e2ble de connexion pour l'appareil EMS MAXSPEED","og_description":"Choisissez ici votre c\u00e2ble de raccordement pour l'appareil EMS. Le c\u00e2ble de connexion permet d'\u00e9tablir un contact s\u00fbr entre l'appareil & les \u00e9lectrodes.","og_url":"https:\/\/online-ems-training.de\/fr\/produkt\/cable-de-raccordement\/","og_site_name":"EMS Reparaturen + EMS Zubeh\u00f6r","article_publisher":"https:\/\/www.facebook.com\/OnlineEMSTrainingShop","article_modified_time":"2024-05-01T06:06:17+00:00","og_image":[{"width":2560,"height":1707,"url":"https:\/\/i0.wp.com\/online-ems-training.de\/wp-content\/uploads\/2022\/02\/655A5471-scaled.jpg?fit=2560%2C1707&ssl=1","type":"image\/jpeg"}],"twitter_card":"summary_large_image","schema":{"@context":"https:\/\/schema.org","@graph":[{"@type":"WebPage","@id":"https:\/\/online-ems-training.de\/fr\/produkt\/cable-de-raccordement\/","url":"https:\/\/online-ems-training.de\/fr\/produkt\/cable-de-raccordement\/","name":"C\u00e2ble de raccordement \/ c\u00e2ble de connexion pour l'appareil EMS MAXSPEED","isPartOf":{"@id":"https:\/\/online-ems-training.de\/fr\/#website"},"primaryImageOfPage":{"@id":"https:\/\/online-ems-training.de\/fr\/produkt\/cable-de-raccordement\/#primaryimage"},"image":{"@id":"https:\/\/online-ems-training.de\/fr\/produkt\/cable-de-raccordement\/#primaryimage"},"thumbnailUrl":"https:\/\/online-ems-training.de\/wp-content\/uploads\/2022\/02\/655A5471-scaled.jpg","datePublished":"2022-02-12T13:17:44+00:00","dateModified":"2024-05-01T06:06:17+00:00","description":"Choisissez ici votre c\u00e2ble de raccordement pour l'appareil EMS. Le c\u00e2ble de connexion permet d'\u00e9tablir un contact s\u00fbr entre l'appareil & les \u00e9lectrodes.","breadcrumb":{"@id":"https:\/\/online-ems-training.de\/fr\/produkt\/cable-de-raccordement\/#breadcrumb"},"inLanguage":"fr-FR","potentialAction":[{"@type":"ReadAction","target":["https:\/\/online-ems-training.de\/fr\/produkt\/cable-de-raccordement\/"]}]},{"@type":"ImageObject","inLanguage":"fr-FR","@id":"https:\/\/online-ems-training.de\/fr\/produkt\/cable-de-raccordement\/#primaryimage","url":"https:\/\/online-ems-training.de\/wp-content\/uploads\/2022\/02\/655A5471-scaled.jpg","contentUrl":"https:\/\/online-ems-training.de\/wp-content\/uploads\/2022\/02\/655A5471-scaled.jpg","width":2560,"height":1707},{"@type":"BreadcrumbList","@id":"https:\/\/online-ems-training.de\/fr\/produkt\/cable-de-raccordement\/#breadcrumb","itemListElement":[{"@type":"ListItem","position":1,"name":"Startseite","item":"https:\/\/online-ems-training.de\/fr\/"},{"@type":"ListItem","position":2,"name":"C\u00e2ble de raccordement"}]},{"@type":"WebSite","@id":"https:\/\/online-ems-training.de\/fr\/#website","url":"https:\/\/online-ems-training.de\/fr\/","name":"EMS Reparaturen + EMS Zubeh\u00f6r","description":"Reparaturen und Service f\u00fcr EMS Ger\u00e4te und EMS Elektroden","potentialAction":[{"@type":"SearchAction","target":{"@type":"EntryPoint","urlTemplate":"https:\/\/online-ems-training.de\/fr\/?s={search_term_string}"},"query-input":{"@type":"PropertyValueSpecification","valueRequired":true,"valueName":"search_term_string"}}],"inLanguage":"fr-FR"}]}},"_links":{"self":[{"href":"https:\/\/online-ems-training.de\/fr\/wp-json\/wp\/v2\/product\/2953","targetHints":{"allow":["GET"]}}],"collection":[{"href":"https:\/\/online-ems-training.de\/fr\/wp-json\/wp\/v2\/product"}],"about":[{"href":"https:\/\/online-ems-training.de\/fr\/wp-json\/wp\/v2\/types\/product"}],"wp:featuredmedia":[{"embeddable":true,"href":"https:\/\/online-ems-training.de\/fr\/wp-json\/wp\/v2\/media\/2954"}],"wp:attachment":[{"href":"https:\/\/online-ems-training.de\/fr\/wp-json\/wp\/v2\/media?parent=2953"}],"wp:term":[{"taxonomy":"product_brand","embeddable":true,"href":"https:\/\/online-ems-training.de\/fr\/wp-json\/wp\/v2\/product_brand?post=2953"},{"taxonomy":"product_cat","embeddable":true,"href":"https:\/\/online-ems-training.de\/fr\/wp-json\/wp\/v2\/product_cat?post=2953"},{"taxonomy":"product_tag","embeddable":true,"href":"https:\/\/online-ems-training.de\/fr\/wp-json\/wp\/v2\/product_tag?post=2953"}],"curies":[{"name":"wp","href":"https:\/\/api.w.org\/{rel}","templated":true}]}}