{"id":2955,"date":"2022-02-12T14:17:44","date_gmt":"2022-02-12T13:17:44","guid":{"rendered":"https:\/\/online-ems-training.de\/produkt\/kit-complet-delectrodes-ems-8-canaux\/"},"modified":"2024-05-02T10:18:39","modified_gmt":"2024-05-02T08:18:39","slug":"kit-complet-delectrodes-ems-a-8-canaux","status":"publish","type":"product","link":"https:\/\/online-ems-training.de\/fr\/produkt\/kit-complet-delectrodes-ems-a-8-canaux\/","title":{"rendered":"Kit complet d&#8217;\u00e9lectrodes EMS 8 canaux"},"content":{"rendered":"<p>Le set complet d&#8217;\u00e9lectrodes 8 canaux se caract\u00e9rise par un excellent ajustement et une manipulation parfaite. Ils conviennent parfaitement \u00e0 un entra\u00eenement actif et dynamique. Vous poss\u00e9dez une paire d&#8217;\u00e9lectrodes pour la poitrine, une pour le ventre, une pour le haut du dos, une pour le bas du dos, une pour le c\u00f4t\u00e9 du dos, une pour les bras, une pour les fesses et une paire d&#8217;\u00e9lectrodes pour les jambes. Ainsi, le stimulus d&#8217;entra\u00eenement est transmis au groupe musculaire concern\u00e9. Les \u00e9lectrodes sont faciles et rapides \u00e0 mettre en place. De plus, ils poss\u00e8dent un guidage optimal et efficace de la ceinture. Gr\u00e2ce \u00e0 ce guide de ceinture, les \u00e9lectrodes s&#8217;appuient automatiquement sur la surface optimale et garantissent une assise parfaite m\u00eame lors d&#8217;un entra\u00eenement actif.<\/p>\n<p>Le kit complet d&#8217;\u00e9lectrodes \u00e0 8 canaux se compose d&#8217;un mat\u00e9riau de support stable, d&#8217;\u00e9l\u00e9ments de fixation durables de qualit\u00e9 industrielle, de r\u00e9servoirs d&#8217;eau tr\u00e8s absorbants et d&#8217;\u00e9lectrodes parfaites.<\/p>\n<p>Les \u00e9lectrodes sont faciles et efficaces \u00e0 nettoyer en machine avec un d\u00e9tergent doux.<\/p>\n<p>Veuillez mesurer les dimensions indiqu\u00e9es pour choisir les \u00e9lectrodes et d\u00e9terminer ensuite la bonne taille.<\/p>\n<p>Le set d&#8217;\u00e9lectrodes comprend<\/p>\n<ul>\n<li>1 x gilet<\/li>\n<li>1 x pantalon \u00e0 \u00e9lectrodes<\/li>\n<li>1 x \u00e9lectrodes pour bras (paire d&#8217;\u00e9lectrodes)<\/li>\n<li>Faisceau de c\u00e2bles<\/li>\n<\/ul>\n","protected":false},"excerpt":{"rendered":"<p>Un set d&#8217;\u00e9lectrodes complet pour un entra\u00eenement EMS professionnel. Syst\u00e8me \u00e0 8 canaux adapt\u00e9 au MAXSPEED 8 et aux appareils EMS comparables.<\/p>\n","protected":false},"featured_media":2855,"template":"","meta":[],"product_brand":[],"product_cat":[408],"product_tag":[412,410,413,411],"class_list":{"0":"post-2955","1":"product","2":"type-product","3":"status-publish","4":"has-post-thumbnail","6":"product_cat-electrodes-ems","7":"product_tag-electrodes-ems","8":"product_tag-ems-fr","9":"product_tag-gilet-ems","10":"product_tag-set-delectrodes","11":"product_shipping_class-paquet-dhl-5kg","13":"first","14":"instock","15":"featured","16":"taxable","17":"shipping-taxable","18":"purchasable","19":"product-type-variable"},"yoast_head":"<!-- This site is optimized with the Yoast SEO plugin v27.4 - https:\/\/yoast.com\/product\/yoast-seo-wordpress\/ -->\n<title>Kit complet d&#039;\u00e9lectrodes EMS 8 canaux %%page% &#187; Ensemble de gilets EMS MAXSPEED<\/title>\n<meta name=\"description\" content=\"Commandez ici les \u00e9lectrodes originales MAXSPEED pour l&#039;entra\u00eenement EMS dans notre boutique en ligne. Livraison rapide et paiement s\u00e9curis\u00e9.\" \/>\n<meta name=\"robots\" content=\"index, follow, max-snippet:-1, max-image-preview:large, max-video-preview:-1\" \/>\n<link rel=\"canonical\" href=\"https:\/\/online-ems-training.de\/fr\/produkt\/kit-complet-delectrodes-ems-a-8-canaux\/\" \/>\n<meta property=\"og:locale\" content=\"fr_FR\" \/>\n<meta property=\"og:type\" content=\"article\" \/>\n<meta property=\"og:title\" content=\"Kit complet d&#039;\u00e9lectrodes EMS 8 canaux %%page% &#187; Ensemble de gilets EMS MAXSPEED\" \/>\n<meta property=\"og:description\" content=\"Commandez ici les \u00e9lectrodes originales MAXSPEED pour l&#039;entra\u00eenement EMS dans notre boutique en ligne. Livraison rapide et paiement s\u00e9curis\u00e9.\" \/>\n<meta property=\"og:url\" content=\"https:\/\/online-ems-training.de\/fr\/produkt\/kit-complet-delectrodes-ems-a-8-canaux\/\" \/>\n<meta property=\"og:site_name\" content=\"EMS Reparaturen + EMS Zubeh\u00f6r\" \/>\n<meta property=\"article:publisher\" content=\"https:\/\/www.facebook.com\/OnlineEMSTrainingShop\" \/>\n<meta property=\"article:modified_time\" content=\"2024-05-02T08:18:39+00:00\" \/>\n<meta property=\"og:image\" content=\"https:\/\/i0.wp.com\/online-ems-training.de\/wp-content\/uploads\/2022\/02\/wo_IMG_2017.jpg?fit=1280%2C1920&ssl=1\" \/>\n\t<meta property=\"og:image:width\" content=\"1280\" \/>\n\t<meta property=\"og:image:height\" content=\"1920\" \/>\n\t<meta property=\"og:image:type\" content=\"image\/jpeg\" \/>\n<meta name=\"twitter:card\" content=\"summary_large_image\" \/>\n<meta name=\"twitter:label1\" content=\"Dur\u00e9e de lecture estim\u00e9e\" \/>\n\t<meta name=\"twitter:data1\" content=\"1 minute\" \/>\n<script type=\"application\/ld+json\" class=\"yoast-schema-graph\">{\"@context\":\"https:\\\/\\\/schema.org\",\"@graph\":[{\"@type\":\"WebPage\",\"@id\":\"https:\\\/\\\/online-ems-training.de\\\/fr\\\/produkt\\\/kit-complet-delectrodes-ems-a-8-canaux\\\/\",\"url\":\"https:\\\/\\\/online-ems-training.de\\\/fr\\\/produkt\\\/kit-complet-delectrodes-ems-a-8-canaux\\\/\",\"name\":\"Kit complet d'\u00e9lectrodes EMS 8 canaux %%page% &#187; Ensemble de gilets EMS MAXSPEED\",\"isPartOf\":{\"@id\":\"https:\\\/\\\/online-ems-training.de\\\/fr\\\/#website\"},\"primaryImageOfPage\":{\"@id\":\"https:\\\/\\\/online-ems-training.de\\\/fr\\\/produkt\\\/kit-complet-delectrodes-ems-a-8-canaux\\\/#primaryimage\"},\"image\":{\"@id\":\"https:\\\/\\\/online-ems-training.de\\\/fr\\\/produkt\\\/kit-complet-delectrodes-ems-a-8-canaux\\\/#primaryimage\"},\"thumbnailUrl\":\"https:\\\/\\\/online-ems-training.de\\\/wp-content\\\/uploads\\\/2022\\\/02\\\/wo_IMG_2017.jpg\",\"datePublished\":\"2022-02-12T13:17:44+00:00\",\"dateModified\":\"2024-05-02T08:18:39+00:00\",\"description\":\"Commandez ici les \u00e9lectrodes originales MAXSPEED pour l'entra\u00eenement EMS dans notre boutique en ligne. Livraison rapide et paiement s\u00e9curis\u00e9.\",\"breadcrumb\":{\"@id\":\"https:\\\/\\\/online-ems-training.de\\\/fr\\\/produkt\\\/kit-complet-delectrodes-ems-a-8-canaux\\\/#breadcrumb\"},\"inLanguage\":\"fr-FR\",\"potentialAction\":[{\"@type\":\"ReadAction\",\"target\":[\"https:\\\/\\\/online-ems-training.de\\\/fr\\\/produkt\\\/kit-complet-delectrodes-ems-a-8-canaux\\\/\"]}]},{\"@type\":\"ImageObject\",\"inLanguage\":\"fr-FR\",\"@id\":\"https:\\\/\\\/online-ems-training.de\\\/fr\\\/produkt\\\/kit-complet-delectrodes-ems-a-8-canaux\\\/#primaryimage\",\"url\":\"https:\\\/\\\/online-ems-training.de\\\/wp-content\\\/uploads\\\/2022\\\/02\\\/wo_IMG_2017.jpg\",\"contentUrl\":\"https:\\\/\\\/online-ems-training.de\\\/wp-content\\\/uploads\\\/2022\\\/02\\\/wo_IMG_2017.jpg\",\"width\":1280,\"height\":1920,\"caption\":\"8 Jeu d'\u00e9lectrodes de canalisation\"},{\"@type\":\"BreadcrumbList\",\"@id\":\"https:\\\/\\\/online-ems-training.de\\\/fr\\\/produkt\\\/kit-complet-delectrodes-ems-a-8-canaux\\\/#breadcrumb\",\"itemListElement\":[{\"@type\":\"ListItem\",\"position\":1,\"name\":\"Startseite\",\"item\":\"https:\\\/\\\/online-ems-training.de\\\/fr\\\/\"},{\"@type\":\"ListItem\",\"position\":2,\"name\":\"Kit complet d&#8217;\u00e9lectrodes EMS 8 canaux\"}]},{\"@type\":\"WebSite\",\"@id\":\"https:\\\/\\\/online-ems-training.de\\\/fr\\\/#website\",\"url\":\"https:\\\/\\\/online-ems-training.de\\\/fr\\\/\",\"name\":\"EMS Reparaturen + EMS Zubeh\u00f6r\",\"description\":\"Reparaturen und Service f\u00fcr EMS Ger\u00e4te und EMS Elektroden\",\"potentialAction\":[{\"@type\":\"SearchAction\",\"target\":{\"@type\":\"EntryPoint\",\"urlTemplate\":\"https:\\\/\\\/online-ems-training.de\\\/fr\\\/?s={search_term_string}\"},\"query-input\":{\"@type\":\"PropertyValueSpecification\",\"valueRequired\":true,\"valueName\":\"search_term_string\"}}],\"inLanguage\":\"fr-FR\"}]}<\/script>\n<!-- \/ Yoast SEO plugin. -->","yoast_head_json":{"title":"Kit complet d'\u00e9lectrodes EMS 8 canaux %%page% &#187; Ensemble de gilets EMS MAXSPEED","description":"Commandez ici les \u00e9lectrodes originales MAXSPEED pour l'entra\u00eenement EMS dans notre boutique en ligne. Livraison rapide et paiement s\u00e9curis\u00e9.","robots":{"index":"index","follow":"follow","max-snippet":"max-snippet:-1","max-image-preview":"max-image-preview:large","max-video-preview":"max-video-preview:-1"},"canonical":"https:\/\/online-ems-training.de\/fr\/produkt\/kit-complet-delectrodes-ems-a-8-canaux\/","og_locale":"fr_FR","og_type":"article","og_title":"Kit complet d'\u00e9lectrodes EMS 8 canaux %%page% &#187; Ensemble de gilets EMS MAXSPEED","og_description":"Commandez ici les \u00e9lectrodes originales MAXSPEED pour l'entra\u00eenement EMS dans notre boutique en ligne. Livraison rapide et paiement s\u00e9curis\u00e9.","og_url":"https:\/\/online-ems-training.de\/fr\/produkt\/kit-complet-delectrodes-ems-a-8-canaux\/","og_site_name":"EMS Reparaturen + EMS Zubeh\u00f6r","article_publisher":"https:\/\/www.facebook.com\/OnlineEMSTrainingShop","article_modified_time":"2024-05-02T08:18:39+00:00","og_image":[{"width":1280,"height":1920,"url":"https:\/\/i0.wp.com\/online-ems-training.de\/wp-content\/uploads\/2022\/02\/wo_IMG_2017.jpg?fit=1280%2C1920&ssl=1","type":"image\/jpeg"}],"twitter_card":"summary_large_image","twitter_misc":{"Dur\u00e9e de lecture estim\u00e9e":"1 minute"},"schema":{"@context":"https:\/\/schema.org","@graph":[{"@type":"WebPage","@id":"https:\/\/online-ems-training.de\/fr\/produkt\/kit-complet-delectrodes-ems-a-8-canaux\/","url":"https:\/\/online-ems-training.de\/fr\/produkt\/kit-complet-delectrodes-ems-a-8-canaux\/","name":"Kit complet d'\u00e9lectrodes EMS 8 canaux %%page% &#187; Ensemble de gilets EMS MAXSPEED","isPartOf":{"@id":"https:\/\/online-ems-training.de\/fr\/#website"},"primaryImageOfPage":{"@id":"https:\/\/online-ems-training.de\/fr\/produkt\/kit-complet-delectrodes-ems-a-8-canaux\/#primaryimage"},"image":{"@id":"https:\/\/online-ems-training.de\/fr\/produkt\/kit-complet-delectrodes-ems-a-8-canaux\/#primaryimage"},"thumbnailUrl":"https:\/\/online-ems-training.de\/wp-content\/uploads\/2022\/02\/wo_IMG_2017.jpg","datePublished":"2022-02-12T13:17:44+00:00","dateModified":"2024-05-02T08:18:39+00:00","description":"Commandez ici les \u00e9lectrodes originales MAXSPEED pour l'entra\u00eenement EMS dans notre boutique en ligne. Livraison rapide et paiement s\u00e9curis\u00e9.","breadcrumb":{"@id":"https:\/\/online-ems-training.de\/fr\/produkt\/kit-complet-delectrodes-ems-a-8-canaux\/#breadcrumb"},"inLanguage":"fr-FR","potentialAction":[{"@type":"ReadAction","target":["https:\/\/online-ems-training.de\/fr\/produkt\/kit-complet-delectrodes-ems-a-8-canaux\/"]}]},{"@type":"ImageObject","inLanguage":"fr-FR","@id":"https:\/\/online-ems-training.de\/fr\/produkt\/kit-complet-delectrodes-ems-a-8-canaux\/#primaryimage","url":"https:\/\/online-ems-training.de\/wp-content\/uploads\/2022\/02\/wo_IMG_2017.jpg","contentUrl":"https:\/\/online-ems-training.de\/wp-content\/uploads\/2022\/02\/wo_IMG_2017.jpg","width":1280,"height":1920,"caption":"8 Jeu d'\u00e9lectrodes de canalisation"},{"@type":"BreadcrumbList","@id":"https:\/\/online-ems-training.de\/fr\/produkt\/kit-complet-delectrodes-ems-a-8-canaux\/#breadcrumb","itemListElement":[{"@type":"ListItem","position":1,"name":"Startseite","item":"https:\/\/online-ems-training.de\/fr\/"},{"@type":"ListItem","position":2,"name":"Kit complet d&#8217;\u00e9lectrodes EMS 8 canaux"}]},{"@type":"WebSite","@id":"https:\/\/online-ems-training.de\/fr\/#website","url":"https:\/\/online-ems-training.de\/fr\/","name":"EMS Reparaturen + EMS Zubeh\u00f6r","description":"Reparaturen und Service f\u00fcr EMS Ger\u00e4te und EMS Elektroden","potentialAction":[{"@type":"SearchAction","target":{"@type":"EntryPoint","urlTemplate":"https:\/\/online-ems-training.de\/fr\/?s={search_term_string}"},"query-input":{"@type":"PropertyValueSpecification","valueRequired":true,"valueName":"search_term_string"}}],"inLanguage":"fr-FR"}]}},"_links":{"self":[{"href":"https:\/\/online-ems-training.de\/fr\/wp-json\/wp\/v2\/product\/2955","targetHints":{"allow":["GET"]}}],"collection":[{"href":"https:\/\/online-ems-training.de\/fr\/wp-json\/wp\/v2\/product"}],"about":[{"href":"https:\/\/online-ems-training.de\/fr\/wp-json\/wp\/v2\/types\/product"}],"wp:featuredmedia":[{"embeddable":true,"href":"https:\/\/online-ems-training.de\/fr\/wp-json\/wp\/v2\/media\/2855"}],"wp:attachment":[{"href":"https:\/\/online-ems-training.de\/fr\/wp-json\/wp\/v2\/media?parent=2955"}],"wp:term":[{"taxonomy":"product_brand","embeddable":true,"href":"https:\/\/online-ems-training.de\/fr\/wp-json\/wp\/v2\/product_brand?post=2955"},{"taxonomy":"product_cat","embeddable":true,"href":"https:\/\/online-ems-training.de\/fr\/wp-json\/wp\/v2\/product_cat?post=2955"},{"taxonomy":"product_tag","embeddable":true,"href":"https:\/\/online-ems-training.de\/fr\/wp-json\/wp\/v2\/product_tag?post=2955"}],"curies":[{"name":"wp","href":"https:\/\/api.w.org\/{rel}","templated":true}]}}