{"id":2970,"date":"2022-05-23T17:04:34","date_gmt":"2022-05-23T15:04:34","guid":{"rendered":"https:\/\/online-ems-training.de\/produkt\/electrodes-ems-pour-la-nuque-classic-mi-bo\/"},"modified":"2024-04-30T23:22:32","modified_gmt":"2024-04-30T21:22:32","slug":"electrodes-pour-nuque-ems-classic-mi-bo","status":"publish","type":"product","link":"https:\/\/online-ems-training.de\/fr\/produkt\/electrodes-pour-nuque-ems-classic-mi-bo\/","title":{"rendered":"Electrodes EMS pour la nuque Classic (Mi-Bo)"},"content":{"rendered":"<p>Les \u00e9lectrodes pour le cou peuvent \u00eatre utilis\u00e9es avec un faisceau de c\u00e2bles \u00e0 10 canaux et un appareil EMS \u00e0 10 canaux pour une stimulation suppl\u00e9mentaire des muscles du cou. Pour cela, il suffit de placer les \u00e9lectrodes sous le gilet \u00e0 \u00e9lectrodes et de les positionner ainsi. Les dimensions sont de 9&#215;12 cm.<\/p>\n","protected":false},"excerpt":{"rendered":"<p>Electrodes pour le cou de dimensions 12x9xm<\/p>\n","protected":false},"featured_media":3076,"template":"","meta":[],"product_brand":[],"product_cat":[408],"product_tag":[412,410,425],"class_list":{"0":"post-2970","1":"product","2":"type-product","3":"status-publish","4":"has-post-thumbnail","6":"product_cat-electrodes-ems","7":"product_tag-electrodes-ems","8":"product_tag-ems-fr","9":"product_tag-ems-pads-fr","10":"product_shipping_class-paquet-dhl-2kg","12":"first","13":"instock","14":"taxable","15":"shipping-taxable","16":"purchasable","17":"product-type-simple"},"yoast_head":"<!-- This site is optimized with the Yoast SEO plugin v27.4 - https:\/\/yoast.com\/product\/yoast-seo-wordpress\/ -->\n<title>Electrodes EMS pour la nuque Classic (Mi-Bo) %%page% &#187; %<\/title>\n<meta name=\"description\" content=\"Electrodes EMS pour le cou de dimensions 12x9xm\" \/>\n<meta name=\"robots\" content=\"index, follow, max-snippet:-1, max-image-preview:large, max-video-preview:-1\" \/>\n<link rel=\"canonical\" href=\"https:\/\/online-ems-training.de\/fr\/produkt\/electrodes-pour-nuque-ems-classic-mi-bo\/\" \/>\n<meta property=\"og:locale\" content=\"fr_FR\" \/>\n<meta property=\"og:type\" content=\"article\" \/>\n<meta property=\"og:title\" content=\"Electrodes EMS pour la nuque Classic (Mi-Bo) %%page% &#187; %\" \/>\n<meta property=\"og:description\" content=\"Electrodes EMS pour le cou de dimensions 12x9xm\" \/>\n<meta property=\"og:url\" content=\"https:\/\/online-ems-training.de\/fr\/produkt\/electrodes-pour-nuque-ems-classic-mi-bo\/\" \/>\n<meta property=\"og:site_name\" content=\"EMS Reparaturen + EMS Zubeh\u00f6r\" \/>\n<meta property=\"article:publisher\" content=\"https:\/\/www.facebook.com\/OnlineEMSTrainingShop\" \/>\n<meta property=\"article:modified_time\" content=\"2024-04-30T21:22:32+00:00\" \/>\n<meta property=\"og:image\" content=\"https:\/\/i0.wp.com\/online-ems-training.de\/wp-content\/uploads\/2022\/05\/Nackenpads.png?fit=972%2C935&ssl=1\" \/>\n\t<meta property=\"og:image:width\" content=\"972\" \/>\n\t<meta property=\"og:image:height\" content=\"935\" \/>\n\t<meta property=\"og:image:type\" content=\"image\/png\" \/>\n<meta name=\"twitter:card\" content=\"summary_large_image\" \/>\n<script type=\"application\/ld+json\" class=\"yoast-schema-graph\">{\"@context\":\"https:\\\/\\\/schema.org\",\"@graph\":[{\"@type\":\"WebPage\",\"@id\":\"https:\\\/\\\/online-ems-training.de\\\/fr\\\/produkt\\\/electrodes-pour-nuque-ems-classic-mi-bo\\\/\",\"url\":\"https:\\\/\\\/online-ems-training.de\\\/fr\\\/produkt\\\/electrodes-pour-nuque-ems-classic-mi-bo\\\/\",\"name\":\"Electrodes EMS pour la nuque Classic (Mi-Bo) %%page% &#187; %\",\"isPartOf\":{\"@id\":\"https:\\\/\\\/online-ems-training.de\\\/fr\\\/#website\"},\"primaryImageOfPage\":{\"@id\":\"https:\\\/\\\/online-ems-training.de\\\/fr\\\/produkt\\\/electrodes-pour-nuque-ems-classic-mi-bo\\\/#primaryimage\"},\"image\":{\"@id\":\"https:\\\/\\\/online-ems-training.de\\\/fr\\\/produkt\\\/electrodes-pour-nuque-ems-classic-mi-bo\\\/#primaryimage\"},\"thumbnailUrl\":\"https:\\\/\\\/online-ems-training.de\\\/wp-content\\\/uploads\\\/2022\\\/05\\\/Nackenpads.png\",\"datePublished\":\"2022-05-23T15:04:34+00:00\",\"dateModified\":\"2024-04-30T21:22:32+00:00\",\"description\":\"Electrodes EMS pour le cou de dimensions 12x9xm\",\"breadcrumb\":{\"@id\":\"https:\\\/\\\/online-ems-training.de\\\/fr\\\/produkt\\\/electrodes-pour-nuque-ems-classic-mi-bo\\\/#breadcrumb\"},\"inLanguage\":\"fr-FR\",\"potentialAction\":[{\"@type\":\"ReadAction\",\"target\":[\"https:\\\/\\\/online-ems-training.de\\\/fr\\\/produkt\\\/electrodes-pour-nuque-ems-classic-mi-bo\\\/\"]}]},{\"@type\":\"ImageObject\",\"inLanguage\":\"fr-FR\",\"@id\":\"https:\\\/\\\/online-ems-training.de\\\/fr\\\/produkt\\\/electrodes-pour-nuque-ems-classic-mi-bo\\\/#primaryimage\",\"url\":\"https:\\\/\\\/online-ems-training.de\\\/wp-content\\\/uploads\\\/2022\\\/05\\\/Nackenpads.png\",\"contentUrl\":\"https:\\\/\\\/online-ems-training.de\\\/wp-content\\\/uploads\\\/2022\\\/05\\\/Nackenpads.png\",\"width\":972,\"height\":935,\"caption\":\"EMS coussinets pour la nuque\"},{\"@type\":\"BreadcrumbList\",\"@id\":\"https:\\\/\\\/online-ems-training.de\\\/fr\\\/produkt\\\/electrodes-pour-nuque-ems-classic-mi-bo\\\/#breadcrumb\",\"itemListElement\":[{\"@type\":\"ListItem\",\"position\":1,\"name\":\"Startseite\",\"item\":\"https:\\\/\\\/online-ems-training.de\\\/fr\\\/\"},{\"@type\":\"ListItem\",\"position\":2,\"name\":\"Electrodes EMS pour la nuque Classic (Mi-Bo)\"}]},{\"@type\":\"WebSite\",\"@id\":\"https:\\\/\\\/online-ems-training.de\\\/fr\\\/#website\",\"url\":\"https:\\\/\\\/online-ems-training.de\\\/fr\\\/\",\"name\":\"EMS Reparaturen + EMS Zubeh\u00f6r\",\"description\":\"Reparaturen und Service f\u00fcr EMS Ger\u00e4te und EMS Elektroden\",\"potentialAction\":[{\"@type\":\"SearchAction\",\"target\":{\"@type\":\"EntryPoint\",\"urlTemplate\":\"https:\\\/\\\/online-ems-training.de\\\/fr\\\/?s={search_term_string}\"},\"query-input\":{\"@type\":\"PropertyValueSpecification\",\"valueRequired\":true,\"valueName\":\"search_term_string\"}}],\"inLanguage\":\"fr-FR\"}]}<\/script>\n<!-- \/ Yoast SEO plugin. -->","yoast_head_json":{"title":"Electrodes EMS pour la nuque Classic (Mi-Bo) %%page% &#187; %","description":"Electrodes EMS pour le cou de dimensions 12x9xm","robots":{"index":"index","follow":"follow","max-snippet":"max-snippet:-1","max-image-preview":"max-image-preview:large","max-video-preview":"max-video-preview:-1"},"canonical":"https:\/\/online-ems-training.de\/fr\/produkt\/electrodes-pour-nuque-ems-classic-mi-bo\/","og_locale":"fr_FR","og_type":"article","og_title":"Electrodes EMS pour la nuque Classic (Mi-Bo) %%page% &#187; %","og_description":"Electrodes EMS pour le cou de dimensions 12x9xm","og_url":"https:\/\/online-ems-training.de\/fr\/produkt\/electrodes-pour-nuque-ems-classic-mi-bo\/","og_site_name":"EMS Reparaturen + EMS Zubeh\u00f6r","article_publisher":"https:\/\/www.facebook.com\/OnlineEMSTrainingShop","article_modified_time":"2024-04-30T21:22:32+00:00","og_image":[{"width":972,"height":935,"url":"https:\/\/i0.wp.com\/online-ems-training.de\/wp-content\/uploads\/2022\/05\/Nackenpads.png?fit=972%2C935&ssl=1","type":"image\/png"}],"twitter_card":"summary_large_image","schema":{"@context":"https:\/\/schema.org","@graph":[{"@type":"WebPage","@id":"https:\/\/online-ems-training.de\/fr\/produkt\/electrodes-pour-nuque-ems-classic-mi-bo\/","url":"https:\/\/online-ems-training.de\/fr\/produkt\/electrodes-pour-nuque-ems-classic-mi-bo\/","name":"Electrodes EMS pour la nuque Classic (Mi-Bo) %%page% &#187; %","isPartOf":{"@id":"https:\/\/online-ems-training.de\/fr\/#website"},"primaryImageOfPage":{"@id":"https:\/\/online-ems-training.de\/fr\/produkt\/electrodes-pour-nuque-ems-classic-mi-bo\/#primaryimage"},"image":{"@id":"https:\/\/online-ems-training.de\/fr\/produkt\/electrodes-pour-nuque-ems-classic-mi-bo\/#primaryimage"},"thumbnailUrl":"https:\/\/online-ems-training.de\/wp-content\/uploads\/2022\/05\/Nackenpads.png","datePublished":"2022-05-23T15:04:34+00:00","dateModified":"2024-04-30T21:22:32+00:00","description":"Electrodes EMS pour le cou de dimensions 12x9xm","breadcrumb":{"@id":"https:\/\/online-ems-training.de\/fr\/produkt\/electrodes-pour-nuque-ems-classic-mi-bo\/#breadcrumb"},"inLanguage":"fr-FR","potentialAction":[{"@type":"ReadAction","target":["https:\/\/online-ems-training.de\/fr\/produkt\/electrodes-pour-nuque-ems-classic-mi-bo\/"]}]},{"@type":"ImageObject","inLanguage":"fr-FR","@id":"https:\/\/online-ems-training.de\/fr\/produkt\/electrodes-pour-nuque-ems-classic-mi-bo\/#primaryimage","url":"https:\/\/online-ems-training.de\/wp-content\/uploads\/2022\/05\/Nackenpads.png","contentUrl":"https:\/\/online-ems-training.de\/wp-content\/uploads\/2022\/05\/Nackenpads.png","width":972,"height":935,"caption":"EMS coussinets pour la nuque"},{"@type":"BreadcrumbList","@id":"https:\/\/online-ems-training.de\/fr\/produkt\/electrodes-pour-nuque-ems-classic-mi-bo\/#breadcrumb","itemListElement":[{"@type":"ListItem","position":1,"name":"Startseite","item":"https:\/\/online-ems-training.de\/fr\/"},{"@type":"ListItem","position":2,"name":"Electrodes EMS pour la nuque Classic (Mi-Bo)"}]},{"@type":"WebSite","@id":"https:\/\/online-ems-training.de\/fr\/#website","url":"https:\/\/online-ems-training.de\/fr\/","name":"EMS Reparaturen + EMS Zubeh\u00f6r","description":"Reparaturen und Service f\u00fcr EMS Ger\u00e4te und EMS Elektroden","potentialAction":[{"@type":"SearchAction","target":{"@type":"EntryPoint","urlTemplate":"https:\/\/online-ems-training.de\/fr\/?s={search_term_string}"},"query-input":{"@type":"PropertyValueSpecification","valueRequired":true,"valueName":"search_term_string"}}],"inLanguage":"fr-FR"}]}},"_links":{"self":[{"href":"https:\/\/online-ems-training.de\/fr\/wp-json\/wp\/v2\/product\/2970","targetHints":{"allow":["GET"]}}],"collection":[{"href":"https:\/\/online-ems-training.de\/fr\/wp-json\/wp\/v2\/product"}],"about":[{"href":"https:\/\/online-ems-training.de\/fr\/wp-json\/wp\/v2\/types\/product"}],"wp:featuredmedia":[{"embeddable":true,"href":"https:\/\/online-ems-training.de\/fr\/wp-json\/wp\/v2\/media\/3076"}],"wp:attachment":[{"href":"https:\/\/online-ems-training.de\/fr\/wp-json\/wp\/v2\/media?parent=2970"}],"wp:term":[{"taxonomy":"product_brand","embeddable":true,"href":"https:\/\/online-ems-training.de\/fr\/wp-json\/wp\/v2\/product_brand?post=2970"},{"taxonomy":"product_cat","embeddable":true,"href":"https:\/\/online-ems-training.de\/fr\/wp-json\/wp\/v2\/product_cat?post=2970"},{"taxonomy":"product_tag","embeddable":true,"href":"https:\/\/online-ems-training.de\/fr\/wp-json\/wp\/v2\/product_tag?post=2970"}],"curies":[{"name":"wp","href":"https:\/\/api.w.org\/{rel}","templated":true}]}}