{"id":2973,"date":"2022-02-12T14:17:44","date_gmt":"2022-02-12T13:17:44","guid":{"rendered":"https:\/\/online-ems-training.de\/produkt\/faisceau-de-cables\/"},"modified":"2024-05-01T00:07:36","modified_gmt":"2024-04-30T22:07:36","slug":"faisceau-de-cables","status":"publish","type":"product","link":"https:\/\/online-ems-training.de\/fr\/produkt\/faisceau-de-cables\/","title":{"rendered":"Faisceau de c\u00e2bles"},"content":{"rendered":"<p>Le faisceau de c\u00e2bles relie le c\u00e2ble de connexion aux \u00e9lectrodes. Le faisceau de c\u00e2bles se trouve dans le gilet \u00e0 \u00e9lectrodes. Toutes les \u00e9lectrodes, telles que les \u00e9lectrodes pour les bras et les \u00e9lectrodes pour les jambes, sont connect\u00e9es \u00e0 partir d&#8217;ici.<\/p>\n<p>Le faisceau de c\u00e2bles est reli\u00e9 au c\u00e2ble de connexion par un syst\u00e8me de vis, de sorte que la connexion ne puisse pas se d\u00e9faire. Cela est particuli\u00e8rement avantageux pour les entra\u00eenements EMS con\u00e7us de mani\u00e8re dynamique. Une solution simple, mais tr\u00e8s fiable et \u00e9prouv\u00e9e.<\/p>\n<p>Avant de passer commande, veuillez noter qu&#8217;il existe des faisceaux de c\u00e2bles \u00e0 6 canaux et \u00e0 8 canaux.<\/p>\n<p>Pour MAXSPEED 8, un faisceau de c\u00e2bles \u00e0 8 canaux est n\u00e9cessaire.<\/p>\n<p>Pour MAXSPEED 6, un faisceau de c\u00e2bles \u00e0 6 canaux est n\u00e9cessaire.<\/p>\n<p>Pour MAXSPEED Home, un faisceau de c\u00e2bles \u00e0 6 canaux est n\u00e9cessaire.<\/p>\n<p>Pour un set d&#8217;\u00e9lectrodes \u00e0 8 canaux avec culotte d&#8217;\u00e9lectrodes, il faut un faisceau de c\u00e2bles culotte en haut et un faisceau de c\u00e2bles culotte en bas.<\/p>\n","protected":false},"excerpt":{"rendered":"<p>Le faisceau de c\u00e2bles est n\u00e9cessaire pour relier le syst\u00e8me d&#8217;\u00e9lectrodes EMS \u00e0 l&#8217;appareil EMS. Le <a href=\"https:\/\/max-speed.de\/shop\/anschlusskabel\/\">c\u00e2ble de raccordement<\/a> permet de relier le set d&#8217;\u00e9lectrodes \u00e0 l&#8217;appareil et de transmettre les impulsions.<\/p>\n<p>&nbsp;<\/p>\n","protected":false},"featured_media":2975,"template":"","meta":[],"product_brand":[],"product_cat":[401],"product_tag":[],"class_list":{"0":"post-2973","1":"product","2":"type-product","3":"status-publish","4":"has-post-thumbnail","6":"product_cat-accessoires","7":"product_shipping_class-paquet-dhl-2kg","9":"first","10":"instock","11":"taxable","12":"shipping-taxable","13":"purchasable","14":"product-type-variable"},"yoast_head":"<!-- This site is optimized with the Yoast SEO plugin v27.4 - https:\/\/yoast.com\/product\/yoast-seo-wordpress\/ -->\n<title>Faisceau de c\u00e2bles &#187; EMS Reparaturen + EMS Zubeh\u00f6r<\/title>\n<meta name=\"description\" content=\"Faisceau de c\u00e2bles pour appareils d&#039;entra\u00eenement EMS et \u00e9lectrodes EMS. Achetez un faisceau de c\u00e2bles MAXSPEED pour gilets et syst\u00e8mes de ceinture EMS \u00e0 utiliser avec des appareils EMS.\" \/>\n<meta name=\"robots\" content=\"index, follow, max-snippet:-1, max-image-preview:large, max-video-preview:-1\" \/>\n<link rel=\"canonical\" href=\"https:\/\/online-ems-training.de\/fr\/produkt\/faisceau-de-cables\/\" \/>\n<meta property=\"og:locale\" content=\"fr_FR\" \/>\n<meta property=\"og:type\" content=\"article\" \/>\n<meta property=\"og:title\" content=\"Faisceau de c\u00e2bles &#187; EMS Reparaturen + EMS Zubeh\u00f6r\" \/>\n<meta property=\"og:description\" content=\"Faisceau de c\u00e2bles pour appareils d&#039;entra\u00eenement EMS et \u00e9lectrodes EMS. Achetez un faisceau de c\u00e2bles MAXSPEED pour gilets et syst\u00e8mes de ceinture EMS \u00e0 utiliser avec des appareils EMS.\" \/>\n<meta property=\"og:url\" content=\"https:\/\/online-ems-training.de\/fr\/produkt\/faisceau-de-cables\/\" \/>\n<meta property=\"og:site_name\" content=\"EMS Reparaturen + EMS Zubeh\u00f6r\" \/>\n<meta property=\"article:publisher\" content=\"https:\/\/www.facebook.com\/OnlineEMSTrainingShop\" \/>\n<meta property=\"article:modified_time\" content=\"2024-04-30T22:07:36+00:00\" \/>\n<meta property=\"og:image\" content=\"https:\/\/i0.wp.com\/online-ems-training.de\/wp-content\/uploads\/2022\/02\/EMS-Training-Kabelbaum.jpg?fit=1980%2C1320&ssl=1\" \/>\n\t<meta property=\"og:image:width\" content=\"1980\" \/>\n\t<meta property=\"og:image:height\" content=\"1320\" \/>\n\t<meta property=\"og:image:type\" content=\"image\/jpeg\" \/>\n<meta name=\"twitter:card\" content=\"summary_large_image\" \/>\n<meta name=\"twitter:label1\" content=\"Dur\u00e9e de lecture estim\u00e9e\" \/>\n\t<meta name=\"twitter:data1\" content=\"1 minute\" \/>\n<script type=\"application\/ld+json\" class=\"yoast-schema-graph\">{\"@context\":\"https:\\\/\\\/schema.org\",\"@graph\":[{\"@type\":\"WebPage\",\"@id\":\"https:\\\/\\\/online-ems-training.de\\\/fr\\\/produkt\\\/faisceau-de-cables\\\/\",\"url\":\"https:\\\/\\\/online-ems-training.de\\\/fr\\\/produkt\\\/faisceau-de-cables\\\/\",\"name\":\"Faisceau de c\u00e2bles &#187; EMS Reparaturen + EMS Zubeh\u00f6r\",\"isPartOf\":{\"@id\":\"https:\\\/\\\/online-ems-training.de\\\/fr\\\/#website\"},\"primaryImageOfPage\":{\"@id\":\"https:\\\/\\\/online-ems-training.de\\\/fr\\\/produkt\\\/faisceau-de-cables\\\/#primaryimage\"},\"image\":{\"@id\":\"https:\\\/\\\/online-ems-training.de\\\/fr\\\/produkt\\\/faisceau-de-cables\\\/#primaryimage\"},\"thumbnailUrl\":\"https:\\\/\\\/online-ems-training.de\\\/wp-content\\\/uploads\\\/2022\\\/02\\\/EMS-Training-Kabelbaum.jpg\",\"datePublished\":\"2022-02-12T13:17:44+00:00\",\"dateModified\":\"2024-04-30T22:07:36+00:00\",\"description\":\"Faisceau de c\u00e2bles pour appareils d'entra\u00eenement EMS et \u00e9lectrodes EMS. Achetez un faisceau de c\u00e2bles MAXSPEED pour gilets et syst\u00e8mes de ceinture EMS \u00e0 utiliser avec des appareils EMS.\",\"breadcrumb\":{\"@id\":\"https:\\\/\\\/online-ems-training.de\\\/fr\\\/produkt\\\/faisceau-de-cables\\\/#breadcrumb\"},\"inLanguage\":\"fr-FR\",\"potentialAction\":[{\"@type\":\"ReadAction\",\"target\":[\"https:\\\/\\\/online-ems-training.de\\\/fr\\\/produkt\\\/faisceau-de-cables\\\/\"]}]},{\"@type\":\"ImageObject\",\"inLanguage\":\"fr-FR\",\"@id\":\"https:\\\/\\\/online-ems-training.de\\\/fr\\\/produkt\\\/faisceau-de-cables\\\/#primaryimage\",\"url\":\"https:\\\/\\\/online-ems-training.de\\\/wp-content\\\/uploads\\\/2022\\\/02\\\/EMS-Training-Kabelbaum.jpg\",\"contentUrl\":\"https:\\\/\\\/online-ems-training.de\\\/wp-content\\\/uploads\\\/2022\\\/02\\\/EMS-Training-Kabelbaum.jpg\",\"width\":1980,\"height\":1320},{\"@type\":\"BreadcrumbList\",\"@id\":\"https:\\\/\\\/online-ems-training.de\\\/fr\\\/produkt\\\/faisceau-de-cables\\\/#breadcrumb\",\"itemListElement\":[{\"@type\":\"ListItem\",\"position\":1,\"name\":\"Startseite\",\"item\":\"https:\\\/\\\/online-ems-training.de\\\/fr\\\/\"},{\"@type\":\"ListItem\",\"position\":2,\"name\":\"Faisceau de c\u00e2bles\"}]},{\"@type\":\"WebSite\",\"@id\":\"https:\\\/\\\/online-ems-training.de\\\/fr\\\/#website\",\"url\":\"https:\\\/\\\/online-ems-training.de\\\/fr\\\/\",\"name\":\"EMS Reparaturen + EMS Zubeh\u00f6r\",\"description\":\"Reparaturen und Service f\u00fcr EMS Ger\u00e4te und EMS Elektroden\",\"potentialAction\":[{\"@type\":\"SearchAction\",\"target\":{\"@type\":\"EntryPoint\",\"urlTemplate\":\"https:\\\/\\\/online-ems-training.de\\\/fr\\\/?s={search_term_string}\"},\"query-input\":{\"@type\":\"PropertyValueSpecification\",\"valueRequired\":true,\"valueName\":\"search_term_string\"}}],\"inLanguage\":\"fr-FR\"}]}<\/script>\n<!-- \/ Yoast SEO plugin. -->","yoast_head_json":{"title":"Faisceau de c\u00e2bles &#187; EMS Reparaturen + EMS Zubeh\u00f6r","description":"Faisceau de c\u00e2bles pour appareils d'entra\u00eenement EMS et \u00e9lectrodes EMS. Achetez un faisceau de c\u00e2bles MAXSPEED pour gilets et syst\u00e8mes de ceinture EMS \u00e0 utiliser avec des appareils EMS.","robots":{"index":"index","follow":"follow","max-snippet":"max-snippet:-1","max-image-preview":"max-image-preview:large","max-video-preview":"max-video-preview:-1"},"canonical":"https:\/\/online-ems-training.de\/fr\/produkt\/faisceau-de-cables\/","og_locale":"fr_FR","og_type":"article","og_title":"Faisceau de c\u00e2bles &#187; EMS Reparaturen + EMS Zubeh\u00f6r","og_description":"Faisceau de c\u00e2bles pour appareils d'entra\u00eenement EMS et \u00e9lectrodes EMS. Achetez un faisceau de c\u00e2bles MAXSPEED pour gilets et syst\u00e8mes de ceinture EMS \u00e0 utiliser avec des appareils EMS.","og_url":"https:\/\/online-ems-training.de\/fr\/produkt\/faisceau-de-cables\/","og_site_name":"EMS Reparaturen + EMS Zubeh\u00f6r","article_publisher":"https:\/\/www.facebook.com\/OnlineEMSTrainingShop","article_modified_time":"2024-04-30T22:07:36+00:00","og_image":[{"width":1980,"height":1320,"url":"https:\/\/i0.wp.com\/online-ems-training.de\/wp-content\/uploads\/2022\/02\/EMS-Training-Kabelbaum.jpg?fit=1980%2C1320&ssl=1","type":"image\/jpeg"}],"twitter_card":"summary_large_image","twitter_misc":{"Dur\u00e9e de lecture estim\u00e9e":"1 minute"},"schema":{"@context":"https:\/\/schema.org","@graph":[{"@type":"WebPage","@id":"https:\/\/online-ems-training.de\/fr\/produkt\/faisceau-de-cables\/","url":"https:\/\/online-ems-training.de\/fr\/produkt\/faisceau-de-cables\/","name":"Faisceau de c\u00e2bles &#187; EMS Reparaturen + EMS Zubeh\u00f6r","isPartOf":{"@id":"https:\/\/online-ems-training.de\/fr\/#website"},"primaryImageOfPage":{"@id":"https:\/\/online-ems-training.de\/fr\/produkt\/faisceau-de-cables\/#primaryimage"},"image":{"@id":"https:\/\/online-ems-training.de\/fr\/produkt\/faisceau-de-cables\/#primaryimage"},"thumbnailUrl":"https:\/\/online-ems-training.de\/wp-content\/uploads\/2022\/02\/EMS-Training-Kabelbaum.jpg","datePublished":"2022-02-12T13:17:44+00:00","dateModified":"2024-04-30T22:07:36+00:00","description":"Faisceau de c\u00e2bles pour appareils d'entra\u00eenement EMS et \u00e9lectrodes EMS. Achetez un faisceau de c\u00e2bles MAXSPEED pour gilets et syst\u00e8mes de ceinture EMS \u00e0 utiliser avec des appareils EMS.","breadcrumb":{"@id":"https:\/\/online-ems-training.de\/fr\/produkt\/faisceau-de-cables\/#breadcrumb"},"inLanguage":"fr-FR","potentialAction":[{"@type":"ReadAction","target":["https:\/\/online-ems-training.de\/fr\/produkt\/faisceau-de-cables\/"]}]},{"@type":"ImageObject","inLanguage":"fr-FR","@id":"https:\/\/online-ems-training.de\/fr\/produkt\/faisceau-de-cables\/#primaryimage","url":"https:\/\/online-ems-training.de\/wp-content\/uploads\/2022\/02\/EMS-Training-Kabelbaum.jpg","contentUrl":"https:\/\/online-ems-training.de\/wp-content\/uploads\/2022\/02\/EMS-Training-Kabelbaum.jpg","width":1980,"height":1320},{"@type":"BreadcrumbList","@id":"https:\/\/online-ems-training.de\/fr\/produkt\/faisceau-de-cables\/#breadcrumb","itemListElement":[{"@type":"ListItem","position":1,"name":"Startseite","item":"https:\/\/online-ems-training.de\/fr\/"},{"@type":"ListItem","position":2,"name":"Faisceau de c\u00e2bles"}]},{"@type":"WebSite","@id":"https:\/\/online-ems-training.de\/fr\/#website","url":"https:\/\/online-ems-training.de\/fr\/","name":"EMS Reparaturen + EMS Zubeh\u00f6r","description":"Reparaturen und Service f\u00fcr EMS Ger\u00e4te und EMS Elektroden","potentialAction":[{"@type":"SearchAction","target":{"@type":"EntryPoint","urlTemplate":"https:\/\/online-ems-training.de\/fr\/?s={search_term_string}"},"query-input":{"@type":"PropertyValueSpecification","valueRequired":true,"valueName":"search_term_string"}}],"inLanguage":"fr-FR"}]}},"_links":{"self":[{"href":"https:\/\/online-ems-training.de\/fr\/wp-json\/wp\/v2\/product\/2973","targetHints":{"allow":["GET"]}}],"collection":[{"href":"https:\/\/online-ems-training.de\/fr\/wp-json\/wp\/v2\/product"}],"about":[{"href":"https:\/\/online-ems-training.de\/fr\/wp-json\/wp\/v2\/types\/product"}],"wp:featuredmedia":[{"embeddable":true,"href":"https:\/\/online-ems-training.de\/fr\/wp-json\/wp\/v2\/media\/2975"}],"wp:attachment":[{"href":"https:\/\/online-ems-training.de\/fr\/wp-json\/wp\/v2\/media?parent=2973"}],"wp:term":[{"taxonomy":"product_brand","embeddable":true,"href":"https:\/\/online-ems-training.de\/fr\/wp-json\/wp\/v2\/product_brand?post=2973"},{"taxonomy":"product_cat","embeddable":true,"href":"https:\/\/online-ems-training.de\/fr\/wp-json\/wp\/v2\/product_cat?post=2973"},{"taxonomy":"product_tag","embeddable":true,"href":"https:\/\/online-ems-training.de\/fr\/wp-json\/wp\/v2\/product_tag?post=2973"}],"curies":[{"name":"wp","href":"https:\/\/api.w.org\/{rel}","templated":true}]}}