{"id":2988,"date":"2022-02-12T14:19:24","date_gmt":"2022-02-12T13:19:24","guid":{"rendered":"https:\/\/online-ems-training.de\/produkt\/gilet-a-electrodes-ems-8-canaux\/"},"modified":"2026-03-03T23:28:53","modified_gmt":"2026-03-03T22:28:53","slug":"gilet-a-electrodes-maxspeed-8-canaux","status":"publish","type":"product","link":"https:\/\/online-ems-training.de\/fr\/produkt\/gilet-a-electrodes-maxspeed-8-canaux\/","title":{"rendered":"Gilet \u00e0 \u00e9lectrodes EMS 8 canaux"},"content":{"rendered":"<p>Les gilets \u00e0 \u00e9lectrodes 8 canaux se distinguent par un excellent ajustement et une manipulation parfaite. Ils conviennent parfaitement \u00e0 un entra\u00eenement actif et dynamique. Vous poss\u00e9dez une paire d&#8217;\u00e9lectrodes pour la poitrine, une pour l&#8217;abdomen, une pour le haut du dos, une pour le bas du dos et une pour le c\u00f4t\u00e9 du dos. Ainsi, le stimulus d&#8217;entra\u00eenement est transmis au groupe musculaire concern\u00e9. Le gilet est facile et rapide \u00e0 mettre en place. De plus, elle poss\u00e8de un guidage optimal et efficace de la ceinture. Gr\u00e2ce au guidage de la ceinture, les \u00e9lectrodes se pressent automatiquement sur la surface optimale et garantissent une assise parfaite, m\u00eame lors d&#8217;un entra\u00eenement actif.<\/p>\n<p>Le gilet \u00e0 \u00e9lectrodes 8 canaux est compos\u00e9 d&#8217;un mat\u00e9riau de support solide, d&#8217;\u00e9l\u00e9ments de fixation durables de qualit\u00e9 industrielle, de r\u00e9servoirs d&#8217;eau tr\u00e8s absorbants et d&#8217;\u00e9lectrodes parfaites. Le mat\u00e9riau des \u00e9lectrodes est pratiquement indestructible et b\u00e9n\u00e9ficie d&#8217;une garantie \u00e0 vie.<\/p>\n<p>Les \u00e9lectrodes sont faciles et efficaces \u00e0 nettoyer en machine avec un d\u00e9tergent doux.<\/p>\n<p>Veuillez mesurer les dimensions indiqu\u00e9es pour choisir les \u00e9lectrodes et d\u00e9terminer ensuite la bonne taille.<\/p>\n","protected":false},"excerpt":{"rendered":"<p>Gilet \u00e0 \u00e9lectrodes MAXSPEED 8 canaux pour l&#8217;entra\u00eenement EMS avec les appareils MAXSPEED 8, Mi-Bo et les appareils EMS comparables.<\/p>\n","protected":false},"featured_media":2986,"template":"","meta":[],"product_brand":[],"product_cat":[408],"product_tag":[],"class_list":{"0":"post-2988","1":"product","2":"type-product","3":"status-publish","4":"has-post-thumbnail","6":"product_cat-electrodes-ems","7":"product_shipping_class-paquet-dhl-2kg","9":"first","10":"instock","11":"taxable","12":"shipping-taxable","13":"purchasable","14":"product-type-variable"},"yoast_head":"<!-- This site is optimized with the Yoast SEO plugin v27.4 - https:\/\/yoast.com\/product\/yoast-seo-wordpress\/ -->\n<title>Gilet \u00e0 \u00e9lectrodes EMS 8 canaux &#187; EMS Reparaturen + EMS Zubeh\u00f6r<\/title>\n<meta name=\"robots\" content=\"index, follow, max-snippet:-1, max-image-preview:large, max-video-preview:-1\" \/>\n<link rel=\"canonical\" href=\"https:\/\/online-ems-training.de\/fr\/produkt\/gilet-a-electrodes-maxspeed-8-canaux\/\" \/>\n<meta property=\"og:locale\" content=\"fr_FR\" \/>\n<meta property=\"og:type\" content=\"article\" \/>\n<meta property=\"og:title\" content=\"Gilet \u00e0 \u00e9lectrodes EMS 8 canaux &#187; EMS Reparaturen + EMS Zubeh\u00f6r\" \/>\n<meta property=\"og:description\" content=\"Gilet \u00e0 \u00e9lectrodes MAXSPEED 8 canaux pour l&#039;entra\u00eenement EMS avec les appareils MAXSPEED 8, Mi-Bo et les appareils EMS comparables.\" \/>\n<meta property=\"og:url\" content=\"https:\/\/online-ems-training.de\/fr\/produkt\/gilet-a-electrodes-maxspeed-8-canaux\/\" \/>\n<meta property=\"og:site_name\" content=\"EMS Reparaturen + EMS Zubeh\u00f6r\" \/>\n<meta property=\"article:publisher\" content=\"https:\/\/www.facebook.com\/OnlineEMSTrainingShop\" \/>\n<meta property=\"article:modified_time\" content=\"2026-03-03T22:28:53+00:00\" \/>\n<meta property=\"og:image\" content=\"https:\/\/online-ems-training.de\/wp-content\/uploads\/2022\/02\/wo_IMG_2011.jpg\" \/>\n\t<meta property=\"og:image:width\" content=\"1280\" \/>\n\t<meta property=\"og:image:height\" content=\"1920\" \/>\n\t<meta property=\"og:image:type\" content=\"image\/jpeg\" \/>\n<meta name=\"twitter:card\" content=\"summary_large_image\" \/>\n<meta name=\"twitter:label1\" content=\"Dur\u00e9e de lecture estim\u00e9e\" \/>\n\t<meta name=\"twitter:data1\" content=\"1 minute\" \/>\n<script type=\"application\/ld+json\" class=\"yoast-schema-graph\">{\"@context\":\"https:\\\/\\\/schema.org\",\"@graph\":[{\"@type\":\"WebPage\",\"@id\":\"https:\\\/\\\/online-ems-training.de\\\/fr\\\/produkt\\\/gilet-a-electrodes-maxspeed-8-canaux\\\/\",\"url\":\"https:\\\/\\\/online-ems-training.de\\\/fr\\\/produkt\\\/gilet-a-electrodes-maxspeed-8-canaux\\\/\",\"name\":\"Gilet \u00e0 \u00e9lectrodes EMS 8 canaux &#187; EMS Reparaturen + EMS Zubeh\u00f6r\",\"isPartOf\":{\"@id\":\"https:\\\/\\\/online-ems-training.de\\\/fr\\\/#website\"},\"primaryImageOfPage\":{\"@id\":\"https:\\\/\\\/online-ems-training.de\\\/fr\\\/produkt\\\/gilet-a-electrodes-maxspeed-8-canaux\\\/#primaryimage\"},\"image\":{\"@id\":\"https:\\\/\\\/online-ems-training.de\\\/fr\\\/produkt\\\/gilet-a-electrodes-maxspeed-8-canaux\\\/#primaryimage\"},\"thumbnailUrl\":\"https:\\\/\\\/online-ems-training.de\\\/wp-content\\\/uploads\\\/2022\\\/02\\\/wo_IMG_2011.jpg\",\"datePublished\":\"2022-02-12T13:19:24+00:00\",\"dateModified\":\"2026-03-03T22:28:53+00:00\",\"breadcrumb\":{\"@id\":\"https:\\\/\\\/online-ems-training.de\\\/fr\\\/produkt\\\/gilet-a-electrodes-maxspeed-8-canaux\\\/#breadcrumb\"},\"inLanguage\":\"fr-FR\",\"potentialAction\":[{\"@type\":\"ReadAction\",\"target\":[\"https:\\\/\\\/online-ems-training.de\\\/fr\\\/produkt\\\/gilet-a-electrodes-maxspeed-8-canaux\\\/\"]}]},{\"@type\":\"ImageObject\",\"inLanguage\":\"fr-FR\",\"@id\":\"https:\\\/\\\/online-ems-training.de\\\/fr\\\/produkt\\\/gilet-a-electrodes-maxspeed-8-canaux\\\/#primaryimage\",\"url\":\"https:\\\/\\\/online-ems-training.de\\\/wp-content\\\/uploads\\\/2022\\\/02\\\/wo_IMG_2011.jpg\",\"contentUrl\":\"https:\\\/\\\/online-ems-training.de\\\/wp-content\\\/uploads\\\/2022\\\/02\\\/wo_IMG_2011.jpg\",\"width\":1280,\"height\":1920,\"caption\":\"8 Gilet de canal\"},{\"@type\":\"BreadcrumbList\",\"@id\":\"https:\\\/\\\/online-ems-training.de\\\/fr\\\/produkt\\\/gilet-a-electrodes-maxspeed-8-canaux\\\/#breadcrumb\",\"itemListElement\":[{\"@type\":\"ListItem\",\"position\":1,\"name\":\"Startseite\",\"item\":\"https:\\\/\\\/online-ems-training.de\\\/fr\\\/\"},{\"@type\":\"ListItem\",\"position\":2,\"name\":\"Gilet \u00e0 \u00e9lectrodes EMS 8 canaux\"}]},{\"@type\":\"WebSite\",\"@id\":\"https:\\\/\\\/online-ems-training.de\\\/fr\\\/#website\",\"url\":\"https:\\\/\\\/online-ems-training.de\\\/fr\\\/\",\"name\":\"EMS Reparaturen + EMS Zubeh\u00f6r\",\"description\":\"Reparaturen und Service f\u00fcr EMS Ger\u00e4te und EMS Elektroden\",\"potentialAction\":[{\"@type\":\"SearchAction\",\"target\":{\"@type\":\"EntryPoint\",\"urlTemplate\":\"https:\\\/\\\/online-ems-training.de\\\/fr\\\/?s={search_term_string}\"},\"query-input\":{\"@type\":\"PropertyValueSpecification\",\"valueRequired\":true,\"valueName\":\"search_term_string\"}}],\"inLanguage\":\"fr-FR\"}]}<\/script>\n<!-- \/ Yoast SEO plugin. -->","yoast_head_json":{"title":"Gilet \u00e0 \u00e9lectrodes EMS 8 canaux &#187; EMS Reparaturen + EMS Zubeh\u00f6r","robots":{"index":"index","follow":"follow","max-snippet":"max-snippet:-1","max-image-preview":"max-image-preview:large","max-video-preview":"max-video-preview:-1"},"canonical":"https:\/\/online-ems-training.de\/fr\/produkt\/gilet-a-electrodes-maxspeed-8-canaux\/","og_locale":"fr_FR","og_type":"article","og_title":"Gilet \u00e0 \u00e9lectrodes EMS 8 canaux &#187; EMS Reparaturen + EMS Zubeh\u00f6r","og_description":"Gilet \u00e0 \u00e9lectrodes MAXSPEED 8 canaux pour l'entra\u00eenement EMS avec les appareils MAXSPEED 8, Mi-Bo et les appareils EMS comparables.","og_url":"https:\/\/online-ems-training.de\/fr\/produkt\/gilet-a-electrodes-maxspeed-8-canaux\/","og_site_name":"EMS Reparaturen + EMS Zubeh\u00f6r","article_publisher":"https:\/\/www.facebook.com\/OnlineEMSTrainingShop","article_modified_time":"2026-03-03T22:28:53+00:00","og_image":[{"width":1280,"height":1920,"url":"https:\/\/online-ems-training.de\/wp-content\/uploads\/2022\/02\/wo_IMG_2011.jpg","type":"image\/jpeg"}],"twitter_card":"summary_large_image","twitter_misc":{"Dur\u00e9e de lecture estim\u00e9e":"1 minute"},"schema":{"@context":"https:\/\/schema.org","@graph":[{"@type":"WebPage","@id":"https:\/\/online-ems-training.de\/fr\/produkt\/gilet-a-electrodes-maxspeed-8-canaux\/","url":"https:\/\/online-ems-training.de\/fr\/produkt\/gilet-a-electrodes-maxspeed-8-canaux\/","name":"Gilet \u00e0 \u00e9lectrodes EMS 8 canaux &#187; EMS Reparaturen + EMS Zubeh\u00f6r","isPartOf":{"@id":"https:\/\/online-ems-training.de\/fr\/#website"},"primaryImageOfPage":{"@id":"https:\/\/online-ems-training.de\/fr\/produkt\/gilet-a-electrodes-maxspeed-8-canaux\/#primaryimage"},"image":{"@id":"https:\/\/online-ems-training.de\/fr\/produkt\/gilet-a-electrodes-maxspeed-8-canaux\/#primaryimage"},"thumbnailUrl":"https:\/\/online-ems-training.de\/wp-content\/uploads\/2022\/02\/wo_IMG_2011.jpg","datePublished":"2022-02-12T13:19:24+00:00","dateModified":"2026-03-03T22:28:53+00:00","breadcrumb":{"@id":"https:\/\/online-ems-training.de\/fr\/produkt\/gilet-a-electrodes-maxspeed-8-canaux\/#breadcrumb"},"inLanguage":"fr-FR","potentialAction":[{"@type":"ReadAction","target":["https:\/\/online-ems-training.de\/fr\/produkt\/gilet-a-electrodes-maxspeed-8-canaux\/"]}]},{"@type":"ImageObject","inLanguage":"fr-FR","@id":"https:\/\/online-ems-training.de\/fr\/produkt\/gilet-a-electrodes-maxspeed-8-canaux\/#primaryimage","url":"https:\/\/online-ems-training.de\/wp-content\/uploads\/2022\/02\/wo_IMG_2011.jpg","contentUrl":"https:\/\/online-ems-training.de\/wp-content\/uploads\/2022\/02\/wo_IMG_2011.jpg","width":1280,"height":1920,"caption":"8 Gilet de canal"},{"@type":"BreadcrumbList","@id":"https:\/\/online-ems-training.de\/fr\/produkt\/gilet-a-electrodes-maxspeed-8-canaux\/#breadcrumb","itemListElement":[{"@type":"ListItem","position":1,"name":"Startseite","item":"https:\/\/online-ems-training.de\/fr\/"},{"@type":"ListItem","position":2,"name":"Gilet \u00e0 \u00e9lectrodes EMS 8 canaux"}]},{"@type":"WebSite","@id":"https:\/\/online-ems-training.de\/fr\/#website","url":"https:\/\/online-ems-training.de\/fr\/","name":"EMS Reparaturen + EMS Zubeh\u00f6r","description":"Reparaturen und Service f\u00fcr EMS Ger\u00e4te und EMS Elektroden","potentialAction":[{"@type":"SearchAction","target":{"@type":"EntryPoint","urlTemplate":"https:\/\/online-ems-training.de\/fr\/?s={search_term_string}"},"query-input":{"@type":"PropertyValueSpecification","valueRequired":true,"valueName":"search_term_string"}}],"inLanguage":"fr-FR"}]}},"_links":{"self":[{"href":"https:\/\/online-ems-training.de\/fr\/wp-json\/wp\/v2\/product\/2988","targetHints":{"allow":["GET"]}}],"collection":[{"href":"https:\/\/online-ems-training.de\/fr\/wp-json\/wp\/v2\/product"}],"about":[{"href":"https:\/\/online-ems-training.de\/fr\/wp-json\/wp\/v2\/types\/product"}],"wp:featuredmedia":[{"embeddable":true,"href":"https:\/\/online-ems-training.de\/fr\/wp-json\/wp\/v2\/media\/2986"}],"wp:attachment":[{"href":"https:\/\/online-ems-training.de\/fr\/wp-json\/wp\/v2\/media?parent=2988"}],"wp:term":[{"taxonomy":"product_brand","embeddable":true,"href":"https:\/\/online-ems-training.de\/fr\/wp-json\/wp\/v2\/product_brand?post=2988"},{"taxonomy":"product_cat","embeddable":true,"href":"https:\/\/online-ems-training.de\/fr\/wp-json\/wp\/v2\/product_cat?post=2988"},{"taxonomy":"product_tag","embeddable":true,"href":"https:\/\/online-ems-training.de\/fr\/wp-json\/wp\/v2\/product_tag?post=2988"}],"curies":[{"name":"wp","href":"https:\/\/api.w.org\/{rel}","templated":true}]}}