{"id":3008,"date":"2022-05-02T19:00:23","date_gmt":"2022-05-02T17:00:23","guid":{"rendered":"https:\/\/online-ems-training.de\/produkt\/cable-de-raccordement-classic-10-canaux-systeme-de-clips-mi-bo\/"},"modified":"2024-05-01T00:07:10","modified_gmt":"2024-04-30T22:07:10","slug":"cable-de-raccordement-classic-10-canaux-systeme-de-clips","status":"publish","type":"product","link":"https:\/\/online-ems-training.de\/fr\/produkt\/cable-de-raccordement-classic-10-canaux-systeme-de-clips\/","title":{"rendered":"C\u00e2ble de raccordement Classic 10 canaux (syst\u00e8me de clips Mi-Bo)"},"content":{"rendered":"<p align=\"justify\"><span style=\"font-family: Arial, sans-serif;\">Ce c\u00e2ble de raccordement \u00e0 10 canaux permet de relier le set d&#8217;\u00e9lectrodes \u00e0 l&#8217;appareil EMS. Cela permet de transmettre des impulsions. Le c\u00e2ble de raccordement est reli\u00e9 \u00e0 l&#8217;aide de clips de mani\u00e8re \u00e0 ce que la connexion ne puisse pas se d\u00e9faire. Cela est particuli\u00e8rement avantageux pour les entra\u00eenements EMS con\u00e7us de mani\u00e8re dynamique. Le c\u00e2ble de connexion s&#8217;adapte \u00e0 tous les appareils dot\u00e9s d&#8217;une connexion \u00e0 clip.<\/span><\/p>\n","protected":false},"excerpt":{"rendered":"<p><span style=\"font-family: Arial, sans-serif;\">C\u00e2ble de connexion classique &#8211; Le c\u00e2ble de connexion convient \u00e0 tous les appareils EMS avec connexion par clip.<\/span><\/p>\n","protected":false},"featured_media":2963,"template":"","meta":[],"product_brand":[],"product_cat":[401],"product_tag":[429,427,428,410],"class_list":{"0":"post-3008","1":"product","2":"type-product","3":"status-publish","4":"has-post-thumbnail","6":"product_cat-accessoires","7":"product_tag-cable-de-connexion","8":"product_tag-cable-de-raccordement","9":"product_tag-cable-de-raccordement-ems","10":"product_tag-ems-fr","11":"product_shipping_class-paquet-dhl-2kg","13":"first","14":"instock","15":"taxable","16":"shipping-taxable","17":"purchasable","18":"product-type-simple"},"yoast_head":"<!-- This site is optimized with the Yoast SEO plugin v27.4 - https:\/\/yoast.com\/product\/yoast-seo-wordpress\/ -->\n<title>C\u00e2ble de raccordement \/ c\u00e2ble de connexion pour l&#039;appareil EMS MAXSPEED<\/title>\n<meta name=\"description\" content=\"Choisissez ici votre c\u00e2ble de raccordement pour l&#039;appareil EMS. Le c\u00e2ble de connexion permet d&#039;\u00e9tablir un contact s\u00fbr entre l&#039;appareil &amp; les \u00e9lectrodes.\" \/>\n<meta name=\"robots\" content=\"index, follow, max-snippet:-1, max-image-preview:large, max-video-preview:-1\" \/>\n<link rel=\"canonical\" href=\"https:\/\/online-ems-training.de\/fr\/produkt\/cable-de-raccordement-classic-10-canaux-systeme-de-clips\/\" \/>\n<meta property=\"og:locale\" content=\"fr_FR\" \/>\n<meta property=\"og:type\" content=\"article\" \/>\n<meta property=\"og:title\" content=\"C\u00e2ble de raccordement \/ c\u00e2ble de connexion pour l&#039;appareil EMS MAXSPEED\" \/>\n<meta property=\"og:description\" content=\"Choisissez ici votre c\u00e2ble de raccordement pour l&#039;appareil EMS. Le c\u00e2ble de connexion permet d&#039;\u00e9tablir un contact s\u00fbr entre l&#039;appareil &amp; les \u00e9lectrodes.\" \/>\n<meta property=\"og:url\" content=\"https:\/\/online-ems-training.de\/fr\/produkt\/cable-de-raccordement-classic-10-canaux-systeme-de-clips\/\" \/>\n<meta property=\"og:site_name\" content=\"EMS Reparaturen + EMS Zubeh\u00f6r\" \/>\n<meta property=\"article:publisher\" content=\"https:\/\/www.facebook.com\/OnlineEMSTrainingShop\" \/>\n<meta property=\"article:modified_time\" content=\"2024-04-30T22:07:10+00:00\" \/>\n<meta property=\"og:image\" content=\"https:\/\/i0.wp.com\/online-ems-training.de\/wp-content\/uploads\/2022\/03\/Anschlusskabel_Classic_1.png?fit=760%2C575&ssl=1\" \/>\n\t<meta property=\"og:image:width\" content=\"760\" \/>\n\t<meta property=\"og:image:height\" content=\"575\" \/>\n\t<meta property=\"og:image:type\" content=\"image\/png\" \/>\n<meta name=\"twitter:card\" content=\"summary_large_image\" \/>\n<script type=\"application\/ld+json\" class=\"yoast-schema-graph\">{\"@context\":\"https:\\\/\\\/schema.org\",\"@graph\":[{\"@type\":\"WebPage\",\"@id\":\"https:\\\/\\\/online-ems-training.de\\\/fr\\\/produkt\\\/cable-de-raccordement-classic-10-canaux-systeme-de-clips\\\/\",\"url\":\"https:\\\/\\\/online-ems-training.de\\\/fr\\\/produkt\\\/cable-de-raccordement-classic-10-canaux-systeme-de-clips\\\/\",\"name\":\"C\u00e2ble de raccordement \\\/ c\u00e2ble de connexion pour l'appareil EMS MAXSPEED\",\"isPartOf\":{\"@id\":\"https:\\\/\\\/online-ems-training.de\\\/fr\\\/#website\"},\"primaryImageOfPage\":{\"@id\":\"https:\\\/\\\/online-ems-training.de\\\/fr\\\/produkt\\\/cable-de-raccordement-classic-10-canaux-systeme-de-clips\\\/#primaryimage\"},\"image\":{\"@id\":\"https:\\\/\\\/online-ems-training.de\\\/fr\\\/produkt\\\/cable-de-raccordement-classic-10-canaux-systeme-de-clips\\\/#primaryimage\"},\"thumbnailUrl\":\"https:\\\/\\\/online-ems-training.de\\\/wp-content\\\/uploads\\\/2022\\\/03\\\/Anschlusskabel_Classic_1.png\",\"datePublished\":\"2022-05-02T17:00:23+00:00\",\"dateModified\":\"2024-04-30T22:07:10+00:00\",\"description\":\"Choisissez ici votre c\u00e2ble de raccordement pour l'appareil EMS. Le c\u00e2ble de connexion permet d'\u00e9tablir un contact s\u00fbr entre l'appareil & les \u00e9lectrodes.\",\"breadcrumb\":{\"@id\":\"https:\\\/\\\/online-ems-training.de\\\/fr\\\/produkt\\\/cable-de-raccordement-classic-10-canaux-systeme-de-clips\\\/#breadcrumb\"},\"inLanguage\":\"fr-FR\",\"potentialAction\":[{\"@type\":\"ReadAction\",\"target\":[\"https:\\\/\\\/online-ems-training.de\\\/fr\\\/produkt\\\/cable-de-raccordement-classic-10-canaux-systeme-de-clips\\\/\"]}]},{\"@type\":\"ImageObject\",\"inLanguage\":\"fr-FR\",\"@id\":\"https:\\\/\\\/online-ems-training.de\\\/fr\\\/produkt\\\/cable-de-raccordement-classic-10-canaux-systeme-de-clips\\\/#primaryimage\",\"url\":\"https:\\\/\\\/online-ems-training.de\\\/wp-content\\\/uploads\\\/2022\\\/03\\\/Anschlusskabel_Classic_1.png\",\"contentUrl\":\"https:\\\/\\\/online-ems-training.de\\\/wp-content\\\/uploads\\\/2022\\\/03\\\/Anschlusskabel_Classic_1.png\",\"width\":760,\"height\":575,\"caption\":\"C\u00e2ble de raccordement Classic\"},{\"@type\":\"BreadcrumbList\",\"@id\":\"https:\\\/\\\/online-ems-training.de\\\/fr\\\/produkt\\\/cable-de-raccordement-classic-10-canaux-systeme-de-clips\\\/#breadcrumb\",\"itemListElement\":[{\"@type\":\"ListItem\",\"position\":1,\"name\":\"Startseite\",\"item\":\"https:\\\/\\\/online-ems-training.de\\\/fr\\\/\"},{\"@type\":\"ListItem\",\"position\":2,\"name\":\"C\u00e2ble de raccordement Classic 10 canaux (syst\u00e8me de clips Mi-Bo)\"}]},{\"@type\":\"WebSite\",\"@id\":\"https:\\\/\\\/online-ems-training.de\\\/fr\\\/#website\",\"url\":\"https:\\\/\\\/online-ems-training.de\\\/fr\\\/\",\"name\":\"EMS Reparaturen + EMS Zubeh\u00f6r\",\"description\":\"Reparaturen und Service f\u00fcr EMS Ger\u00e4te und EMS Elektroden\",\"potentialAction\":[{\"@type\":\"SearchAction\",\"target\":{\"@type\":\"EntryPoint\",\"urlTemplate\":\"https:\\\/\\\/online-ems-training.de\\\/fr\\\/?s={search_term_string}\"},\"query-input\":{\"@type\":\"PropertyValueSpecification\",\"valueRequired\":true,\"valueName\":\"search_term_string\"}}],\"inLanguage\":\"fr-FR\"}]}<\/script>\n<!-- \/ Yoast SEO plugin. -->","yoast_head_json":{"title":"C\u00e2ble de raccordement \/ c\u00e2ble de connexion pour l'appareil EMS MAXSPEED","description":"Choisissez ici votre c\u00e2ble de raccordement pour l'appareil EMS. Le c\u00e2ble de connexion permet d'\u00e9tablir un contact s\u00fbr entre l'appareil & les \u00e9lectrodes.","robots":{"index":"index","follow":"follow","max-snippet":"max-snippet:-1","max-image-preview":"max-image-preview:large","max-video-preview":"max-video-preview:-1"},"canonical":"https:\/\/online-ems-training.de\/fr\/produkt\/cable-de-raccordement-classic-10-canaux-systeme-de-clips\/","og_locale":"fr_FR","og_type":"article","og_title":"C\u00e2ble de raccordement \/ c\u00e2ble de connexion pour l'appareil EMS MAXSPEED","og_description":"Choisissez ici votre c\u00e2ble de raccordement pour l'appareil EMS. Le c\u00e2ble de connexion permet d'\u00e9tablir un contact s\u00fbr entre l'appareil & les \u00e9lectrodes.","og_url":"https:\/\/online-ems-training.de\/fr\/produkt\/cable-de-raccordement-classic-10-canaux-systeme-de-clips\/","og_site_name":"EMS Reparaturen + EMS Zubeh\u00f6r","article_publisher":"https:\/\/www.facebook.com\/OnlineEMSTrainingShop","article_modified_time":"2024-04-30T22:07:10+00:00","og_image":[{"width":760,"height":575,"url":"https:\/\/i0.wp.com\/online-ems-training.de\/wp-content\/uploads\/2022\/03\/Anschlusskabel_Classic_1.png?fit=760%2C575&ssl=1","type":"image\/png"}],"twitter_card":"summary_large_image","schema":{"@context":"https:\/\/schema.org","@graph":[{"@type":"WebPage","@id":"https:\/\/online-ems-training.de\/fr\/produkt\/cable-de-raccordement-classic-10-canaux-systeme-de-clips\/","url":"https:\/\/online-ems-training.de\/fr\/produkt\/cable-de-raccordement-classic-10-canaux-systeme-de-clips\/","name":"C\u00e2ble de raccordement \/ c\u00e2ble de connexion pour l'appareil EMS MAXSPEED","isPartOf":{"@id":"https:\/\/online-ems-training.de\/fr\/#website"},"primaryImageOfPage":{"@id":"https:\/\/online-ems-training.de\/fr\/produkt\/cable-de-raccordement-classic-10-canaux-systeme-de-clips\/#primaryimage"},"image":{"@id":"https:\/\/online-ems-training.de\/fr\/produkt\/cable-de-raccordement-classic-10-canaux-systeme-de-clips\/#primaryimage"},"thumbnailUrl":"https:\/\/online-ems-training.de\/wp-content\/uploads\/2022\/03\/Anschlusskabel_Classic_1.png","datePublished":"2022-05-02T17:00:23+00:00","dateModified":"2024-04-30T22:07:10+00:00","description":"Choisissez ici votre c\u00e2ble de raccordement pour l'appareil EMS. Le c\u00e2ble de connexion permet d'\u00e9tablir un contact s\u00fbr entre l'appareil & les \u00e9lectrodes.","breadcrumb":{"@id":"https:\/\/online-ems-training.de\/fr\/produkt\/cable-de-raccordement-classic-10-canaux-systeme-de-clips\/#breadcrumb"},"inLanguage":"fr-FR","potentialAction":[{"@type":"ReadAction","target":["https:\/\/online-ems-training.de\/fr\/produkt\/cable-de-raccordement-classic-10-canaux-systeme-de-clips\/"]}]},{"@type":"ImageObject","inLanguage":"fr-FR","@id":"https:\/\/online-ems-training.de\/fr\/produkt\/cable-de-raccordement-classic-10-canaux-systeme-de-clips\/#primaryimage","url":"https:\/\/online-ems-training.de\/wp-content\/uploads\/2022\/03\/Anschlusskabel_Classic_1.png","contentUrl":"https:\/\/online-ems-training.de\/wp-content\/uploads\/2022\/03\/Anschlusskabel_Classic_1.png","width":760,"height":575,"caption":"C\u00e2ble de raccordement Classic"},{"@type":"BreadcrumbList","@id":"https:\/\/online-ems-training.de\/fr\/produkt\/cable-de-raccordement-classic-10-canaux-systeme-de-clips\/#breadcrumb","itemListElement":[{"@type":"ListItem","position":1,"name":"Startseite","item":"https:\/\/online-ems-training.de\/fr\/"},{"@type":"ListItem","position":2,"name":"C\u00e2ble de raccordement Classic 10 canaux (syst\u00e8me de clips Mi-Bo)"}]},{"@type":"WebSite","@id":"https:\/\/online-ems-training.de\/fr\/#website","url":"https:\/\/online-ems-training.de\/fr\/","name":"EMS Reparaturen + EMS Zubeh\u00f6r","description":"Reparaturen und Service f\u00fcr EMS Ger\u00e4te und EMS Elektroden","potentialAction":[{"@type":"SearchAction","target":{"@type":"EntryPoint","urlTemplate":"https:\/\/online-ems-training.de\/fr\/?s={search_term_string}"},"query-input":{"@type":"PropertyValueSpecification","valueRequired":true,"valueName":"search_term_string"}}],"inLanguage":"fr-FR"}]}},"_links":{"self":[{"href":"https:\/\/online-ems-training.de\/fr\/wp-json\/wp\/v2\/product\/3008","targetHints":{"allow":["GET"]}}],"collection":[{"href":"https:\/\/online-ems-training.de\/fr\/wp-json\/wp\/v2\/product"}],"about":[{"href":"https:\/\/online-ems-training.de\/fr\/wp-json\/wp\/v2\/types\/product"}],"wp:featuredmedia":[{"embeddable":true,"href":"https:\/\/online-ems-training.de\/fr\/wp-json\/wp\/v2\/media\/2963"}],"wp:attachment":[{"href":"https:\/\/online-ems-training.de\/fr\/wp-json\/wp\/v2\/media?parent=3008"}],"wp:term":[{"taxonomy":"product_brand","embeddable":true,"href":"https:\/\/online-ems-training.de\/fr\/wp-json\/wp\/v2\/product_brand?post=3008"},{"taxonomy":"product_cat","embeddable":true,"href":"https:\/\/online-ems-training.de\/fr\/wp-json\/wp\/v2\/product_cat?post=3008"},{"taxonomy":"product_tag","embeddable":true,"href":"https:\/\/online-ems-training.de\/fr\/wp-json\/wp\/v2\/product_tag?post=3008"}],"curies":[{"name":"wp","href":"https:\/\/api.w.org\/{rel}","templated":true}]}}