{"id":3010,"date":"2022-05-02T19:30:24","date_gmt":"2022-05-02T17:30:24","guid":{"rendered":"https:\/\/online-ems-training.de\/produkt\/1-changer-lencodeur\/"},"modified":"2024-05-01T08:05:58","modified_gmt":"2024-05-01T06:05:58","slug":"encoder-echanger","status":"publish","type":"product","link":"https:\/\/online-ems-training.de\/fr\/produkt\/encoder-echanger\/","title":{"rendered":"1. changer l&#8217;encodeur"},"content":{"rendered":"<p>Remplacement du 1er r\u00e9gulateur rotatif<\/p>\n<p>Sympt\u00f4mes :<\/p>\n<ul>\n<li>Sauter les valeurs d&#8217;affichage<\/li>\n<li>Sauter les intensit\u00e9s<\/li>\n<\/ul>\n<p>L&#8217;encodeur est remplac\u00e9 par un nouvel encodeur. Si d&#8217;autres r\u00e9gulateurs rotatifs sont \u00e9chang\u00e9s, une remise correspondante est accord\u00e9e.<\/p>\n","protected":false},"excerpt":{"rendered":"<p>Remplacement d&#8217;un encodeur<\/p>\n<p>Sympt\u00f4mes :<\/p>\n<ul>\n<li>Sauter les valeurs d&#8217;affichage<\/li>\n<li>Sauter les intensit\u00e9s<\/li>\n<\/ul>\n<p>Le codeur est remplac\u00e9 par un nouveau codeur. Si d&#8217;autres encodeurs sont \u00e9chang\u00e9s, une remise correspondante est accord\u00e9e.<\/p>\n","protected":false},"featured_media":2806,"template":"","meta":[],"product_brand":[],"product_cat":[421],"product_tag":[],"class_list":{"0":"post-3010","1":"product","2":"type-product","3":"status-publish","4":"has-post-thumbnail","6":"product_cat-service-et-reparations","8":"first","9":"instock","10":"taxable","11":"shipping-taxable","12":"purchasable","13":"product-type-simple"},"yoast_head":"<!-- This site is optimized with the Yoast SEO plugin v27.4 - https:\/\/yoast.com\/product\/yoast-seo-wordpress\/ -->\n<title>1. changer l&#039;encodeur &#187; EMS Reparaturen + EMS Zubeh\u00f6r<\/title>\n<meta name=\"robots\" content=\"index, follow, max-snippet:-1, max-image-preview:large, max-video-preview:-1\" \/>\n<link rel=\"canonical\" href=\"https:\/\/online-ems-training.de\/fr\/produkt\/encoder-echanger\/\" \/>\n<meta property=\"og:locale\" content=\"fr_FR\" \/>\n<meta property=\"og:type\" content=\"article\" \/>\n<meta property=\"og:title\" content=\"1. changer l&#039;encodeur &#187; EMS Reparaturen + EMS Zubeh\u00f6r\" \/>\n<meta property=\"og:description\" content=\"Remplacement d&#039;un encodeur Sympt\u00f4mes :  Sauter les valeurs d&#039;affichage  Sauter les intensit\u00e9s Le codeur est remplac\u00e9 par un nouveau codeur. Si d&#039;autres encodeurs sont \u00e9chang\u00e9s, une remise correspondante est accord\u00e9e.\" \/>\n<meta property=\"og:url\" content=\"https:\/\/online-ems-training.de\/fr\/produkt\/encoder-echanger\/\" \/>\n<meta property=\"og:site_name\" content=\"EMS Reparaturen + EMS Zubeh\u00f6r\" \/>\n<meta property=\"article:publisher\" content=\"https:\/\/www.facebook.com\/OnlineEMSTrainingShop\" \/>\n<meta property=\"article:modified_time\" content=\"2024-05-01T06:05:58+00:00\" \/>\n<meta property=\"og:image\" content=\"https:\/\/i0.wp.com\/online-ems-training.de\/wp-content\/uploads\/2022\/02\/Miha_defekt_2.jpg?fit=526%2C935&ssl=1\" \/>\n\t<meta property=\"og:image:width\" content=\"526\" \/>\n\t<meta property=\"og:image:height\" content=\"935\" \/>\n\t<meta property=\"og:image:type\" content=\"image\/jpeg\" \/>\n<meta name=\"twitter:card\" content=\"summary_large_image\" \/>\n<script type=\"application\/ld+json\" class=\"yoast-schema-graph\">{\"@context\":\"https:\\\/\\\/schema.org\",\"@graph\":[{\"@type\":\"WebPage\",\"@id\":\"https:\\\/\\\/online-ems-training.de\\\/fr\\\/produkt\\\/encoder-echanger\\\/\",\"url\":\"https:\\\/\\\/online-ems-training.de\\\/fr\\\/produkt\\\/encoder-echanger\\\/\",\"name\":\"1. changer l'encodeur &#187; EMS Reparaturen + EMS Zubeh\u00f6r\",\"isPartOf\":{\"@id\":\"https:\\\/\\\/online-ems-training.de\\\/fr\\\/#website\"},\"primaryImageOfPage\":{\"@id\":\"https:\\\/\\\/online-ems-training.de\\\/fr\\\/produkt\\\/encoder-echanger\\\/#primaryimage\"},\"image\":{\"@id\":\"https:\\\/\\\/online-ems-training.de\\\/fr\\\/produkt\\\/encoder-echanger\\\/#primaryimage\"},\"thumbnailUrl\":\"https:\\\/\\\/online-ems-training.de\\\/wp-content\\\/uploads\\\/2022\\\/02\\\/Miha_defekt_2.jpg\",\"datePublished\":\"2022-05-02T17:30:24+00:00\",\"dateModified\":\"2024-05-01T06:05:58+00:00\",\"breadcrumb\":{\"@id\":\"https:\\\/\\\/online-ems-training.de\\\/fr\\\/produkt\\\/encoder-echanger\\\/#breadcrumb\"},\"inLanguage\":\"fr-FR\",\"potentialAction\":[{\"@type\":\"ReadAction\",\"target\":[\"https:\\\/\\\/online-ems-training.de\\\/fr\\\/produkt\\\/encoder-echanger\\\/\"]}]},{\"@type\":\"ImageObject\",\"inLanguage\":\"fr-FR\",\"@id\":\"https:\\\/\\\/online-ems-training.de\\\/fr\\\/produkt\\\/encoder-echanger\\\/#primaryimage\",\"url\":\"https:\\\/\\\/online-ems-training.de\\\/wp-content\\\/uploads\\\/2022\\\/02\\\/Miha_defekt_2.jpg\",\"contentUrl\":\"https:\\\/\\\/online-ems-training.de\\\/wp-content\\\/uploads\\\/2022\\\/02\\\/Miha_defekt_2.jpg\",\"width\":526,\"height\":935,\"caption\":\"Commutateur rotatif d\u00e9fectueux\"},{\"@type\":\"BreadcrumbList\",\"@id\":\"https:\\\/\\\/online-ems-training.de\\\/fr\\\/produkt\\\/encoder-echanger\\\/#breadcrumb\",\"itemListElement\":[{\"@type\":\"ListItem\",\"position\":1,\"name\":\"Startseite\",\"item\":\"https:\\\/\\\/online-ems-training.de\\\/fr\\\/\"},{\"@type\":\"ListItem\",\"position\":2,\"name\":\"1. changer l&#8217;encodeur\"}]},{\"@type\":\"WebSite\",\"@id\":\"https:\\\/\\\/online-ems-training.de\\\/fr\\\/#website\",\"url\":\"https:\\\/\\\/online-ems-training.de\\\/fr\\\/\",\"name\":\"EMS Reparaturen + EMS Zubeh\u00f6r\",\"description\":\"Reparaturen und Service f\u00fcr EMS Ger\u00e4te und EMS Elektroden\",\"potentialAction\":[{\"@type\":\"SearchAction\",\"target\":{\"@type\":\"EntryPoint\",\"urlTemplate\":\"https:\\\/\\\/online-ems-training.de\\\/fr\\\/?s={search_term_string}\"},\"query-input\":{\"@type\":\"PropertyValueSpecification\",\"valueRequired\":true,\"valueName\":\"search_term_string\"}}],\"inLanguage\":\"fr-FR\"}]}<\/script>\n<!-- \/ Yoast SEO plugin. -->","yoast_head_json":{"title":"1. changer l'encodeur &#187; EMS Reparaturen + EMS Zubeh\u00f6r","robots":{"index":"index","follow":"follow","max-snippet":"max-snippet:-1","max-image-preview":"max-image-preview:large","max-video-preview":"max-video-preview:-1"},"canonical":"https:\/\/online-ems-training.de\/fr\/produkt\/encoder-echanger\/","og_locale":"fr_FR","og_type":"article","og_title":"1. changer l'encodeur &#187; EMS Reparaturen + EMS Zubeh\u00f6r","og_description":"Remplacement d'un encodeur Sympt\u00f4mes :  Sauter les valeurs d'affichage  Sauter les intensit\u00e9s Le codeur est remplac\u00e9 par un nouveau codeur. Si d'autres encodeurs sont \u00e9chang\u00e9s, une remise correspondante est accord\u00e9e.","og_url":"https:\/\/online-ems-training.de\/fr\/produkt\/encoder-echanger\/","og_site_name":"EMS Reparaturen + EMS Zubeh\u00f6r","article_publisher":"https:\/\/www.facebook.com\/OnlineEMSTrainingShop","article_modified_time":"2024-05-01T06:05:58+00:00","og_image":[{"width":526,"height":935,"url":"https:\/\/i0.wp.com\/online-ems-training.de\/wp-content\/uploads\/2022\/02\/Miha_defekt_2.jpg?fit=526%2C935&ssl=1","type":"image\/jpeg"}],"twitter_card":"summary_large_image","schema":{"@context":"https:\/\/schema.org","@graph":[{"@type":"WebPage","@id":"https:\/\/online-ems-training.de\/fr\/produkt\/encoder-echanger\/","url":"https:\/\/online-ems-training.de\/fr\/produkt\/encoder-echanger\/","name":"1. changer l'encodeur &#187; EMS Reparaturen + EMS Zubeh\u00f6r","isPartOf":{"@id":"https:\/\/online-ems-training.de\/fr\/#website"},"primaryImageOfPage":{"@id":"https:\/\/online-ems-training.de\/fr\/produkt\/encoder-echanger\/#primaryimage"},"image":{"@id":"https:\/\/online-ems-training.de\/fr\/produkt\/encoder-echanger\/#primaryimage"},"thumbnailUrl":"https:\/\/online-ems-training.de\/wp-content\/uploads\/2022\/02\/Miha_defekt_2.jpg","datePublished":"2022-05-02T17:30:24+00:00","dateModified":"2024-05-01T06:05:58+00:00","breadcrumb":{"@id":"https:\/\/online-ems-training.de\/fr\/produkt\/encoder-echanger\/#breadcrumb"},"inLanguage":"fr-FR","potentialAction":[{"@type":"ReadAction","target":["https:\/\/online-ems-training.de\/fr\/produkt\/encoder-echanger\/"]}]},{"@type":"ImageObject","inLanguage":"fr-FR","@id":"https:\/\/online-ems-training.de\/fr\/produkt\/encoder-echanger\/#primaryimage","url":"https:\/\/online-ems-training.de\/wp-content\/uploads\/2022\/02\/Miha_defekt_2.jpg","contentUrl":"https:\/\/online-ems-training.de\/wp-content\/uploads\/2022\/02\/Miha_defekt_2.jpg","width":526,"height":935,"caption":"Commutateur rotatif d\u00e9fectueux"},{"@type":"BreadcrumbList","@id":"https:\/\/online-ems-training.de\/fr\/produkt\/encoder-echanger\/#breadcrumb","itemListElement":[{"@type":"ListItem","position":1,"name":"Startseite","item":"https:\/\/online-ems-training.de\/fr\/"},{"@type":"ListItem","position":2,"name":"1. changer l&#8217;encodeur"}]},{"@type":"WebSite","@id":"https:\/\/online-ems-training.de\/fr\/#website","url":"https:\/\/online-ems-training.de\/fr\/","name":"EMS Reparaturen + EMS Zubeh\u00f6r","description":"Reparaturen und Service f\u00fcr EMS Ger\u00e4te und EMS Elektroden","potentialAction":[{"@type":"SearchAction","target":{"@type":"EntryPoint","urlTemplate":"https:\/\/online-ems-training.de\/fr\/?s={search_term_string}"},"query-input":{"@type":"PropertyValueSpecification","valueRequired":true,"valueName":"search_term_string"}}],"inLanguage":"fr-FR"}]}},"_links":{"self":[{"href":"https:\/\/online-ems-training.de\/fr\/wp-json\/wp\/v2\/product\/3010","targetHints":{"allow":["GET"]}}],"collection":[{"href":"https:\/\/online-ems-training.de\/fr\/wp-json\/wp\/v2\/product"}],"about":[{"href":"https:\/\/online-ems-training.de\/fr\/wp-json\/wp\/v2\/types\/product"}],"wp:featuredmedia":[{"embeddable":true,"href":"https:\/\/online-ems-training.de\/fr\/wp-json\/wp\/v2\/media\/2806"}],"wp:attachment":[{"href":"https:\/\/online-ems-training.de\/fr\/wp-json\/wp\/v2\/media?parent=3010"}],"wp:term":[{"taxonomy":"product_brand","embeddable":true,"href":"https:\/\/online-ems-training.de\/fr\/wp-json\/wp\/v2\/product_brand?post=3010"},{"taxonomy":"product_cat","embeddable":true,"href":"https:\/\/online-ems-training.de\/fr\/wp-json\/wp\/v2\/product_cat?post=3010"},{"taxonomy":"product_tag","embeddable":true,"href":"https:\/\/online-ems-training.de\/fr\/wp-json\/wp\/v2\/product_tag?post=3010"}],"curies":[{"name":"wp","href":"https:\/\/api.w.org\/{rel}","templated":true}]}}