{"id":3056,"date":"2022-02-12T14:17:44","date_gmt":"2022-02-12T13:17:44","guid":{"rendered":"https:\/\/online-ems-training.de\/produkt\/kit-delectrodes-ems-6-canaux\/"},"modified":"2024-05-01T00:07:57","modified_gmt":"2024-04-30T22:07:57","slug":"kit-complet-delectrodes-ems-a-6-canaux","status":"publish","type":"product","link":"https:\/\/online-ems-training.de\/fr\/produkt\/kit-complet-delectrodes-ems-a-6-canaux\/","title":{"rendered":"Kit d&#8217;\u00e9lectrodes EMS 6 canaux"},"content":{"rendered":"<p>Le set complet d&#8217;\u00e9lectrodes \u00e0 6 canaux se caract\u00e9rise par un excellent ajustement et une manipulation parfaite. Ils conviennent parfaitement \u00e0 un entra\u00eenement actif et dynamique. Vous poss\u00e9dez une paire d&#8217;\u00e9lectrodes pour la poitrine, une pour le ventre, une pour le dos, une pour les bras, une pour les fesses et une pour les jambes. Ainsi, le stimulus d&#8217;entra\u00eenement est transmis au groupe musculaire concern\u00e9. Les \u00e9lectrodes sont faciles et rapides \u00e0 mettre en place. De plus, ils poss\u00e8dent un guidage optimal et efficace de la ceinture. Gr\u00e2ce \u00e0 ce guide de ceinture, les \u00e9lectrodes s&#8217;appuient automatiquement sur la surface optimale et garantissent une assise parfaite m\u00eame lors d&#8217;un entra\u00eenement actif.<\/p>\n<p>Le kit complet d&#8217;\u00e9lectrodes 6 canaux se compose d&#8217;un mat\u00e9riau de support stable, d&#8217;\u00e9l\u00e9ments de fixation durables de qualit\u00e9 industrielle, de r\u00e9servoirs d&#8217;eau tr\u00e8s absorbants et d&#8217;\u00e9lectrodes parfaites. Le mat\u00e9riau des \u00e9lectrodes est pratiquement indestructible et b\u00e9n\u00e9ficie d&#8217;une garantie \u00e0 vie.<\/p>\n<p>Les \u00e9lectrodes sont faciles et efficaces \u00e0 nettoyer en machine avec un d\u00e9tergent doux.<\/p>\n<p>Veuillez mesurer les dimensions indiqu\u00e9es pour choisir les \u00e9lectrodes et d\u00e9terminer ensuite la bonne taille.<\/p>\n<p>Le set d&#8217;\u00e9lectrodes comprend<\/p>\n<ul>\n<li>1 x gilet \u00e0 \u00e9lectrodes 6 canaux<\/li>\n<li>1 x ceinture de poelectrodes<\/li>\n<li>1 x paire d&#8217;\u00e9lectrodes pour bras<\/li>\n<li>1x paire d&#8217;\u00e9lectrodes pour les jambes<\/li>\n<li>1 x faisceau de c\u00e2bles<\/li>\n<\/ul>\n","protected":false},"excerpt":{"rendered":"<p>Set complet d&#8217;\u00e9lectrodes MAXSPEED 6 canaux pour l&#8217;entra\u00eenement EMS avec les appareils MAXSPEED 6, MAXSPEED Home et les appareils EMS comparables.<\/p>\n","protected":false},"featured_media":3057,"template":"","meta":[],"product_brand":[],"product_cat":[420],"product_tag":[412,410,411],"class_list":{"0":"post-3056","1":"product","2":"type-product","3":"status-publish","4":"has-post-thumbnail","6":"product_cat-sous-vetements-fonctionnels-ems","7":"product_tag-electrodes-ems","8":"product_tag-ems-fr","9":"product_tag-set-delectrodes","10":"product_shipping_class-paquet-dhl-2kg","12":"first","13":"instock","14":"taxable","15":"shipping-taxable","16":"purchasable","17":"product-type-variable"},"yoast_head":"<!-- This site is optimized with the Yoast SEO plugin v27.4 - https:\/\/yoast.com\/product\/yoast-seo-wordpress\/ -->\n<title>Kit d&#039;\u00e9lectrodes EMS 6 canaux %%page% &#187; MAXSPEED<\/title>\n<meta name=\"description\" content=\"Kit d&#039;\u00e9lectrodes pour \u00e9lectrodes 6 canaux de la marque MAXSPEED pour l&#039;entra\u00eenement EMS avec des appareils EMS. \u00c9lectrodes certifi\u00e9es pour EMS\" \/>\n<meta name=\"robots\" content=\"index, follow, max-snippet:-1, max-image-preview:large, max-video-preview:-1\" \/>\n<link rel=\"canonical\" href=\"https:\/\/online-ems-training.de\/fr\/produkt\/kit-complet-delectrodes-ems-a-6-canaux\/\" \/>\n<meta property=\"og:locale\" content=\"fr_FR\" \/>\n<meta property=\"og:type\" content=\"article\" \/>\n<meta property=\"og:title\" content=\"Kit d&#039;\u00e9lectrodes EMS 6 canaux %%page% &#187; MAXSPEED\" \/>\n<meta property=\"og:description\" content=\"Kit d&#039;\u00e9lectrodes pour \u00e9lectrodes 6 canaux de la marque MAXSPEED pour l&#039;entra\u00eenement EMS avec des appareils EMS. \u00c9lectrodes certifi\u00e9es pour EMS\" \/>\n<meta property=\"og:url\" content=\"https:\/\/online-ems-training.de\/fr\/produkt\/kit-complet-delectrodes-ems-a-6-canaux\/\" \/>\n<meta property=\"og:site_name\" content=\"EMS Reparaturen + EMS Zubeh\u00f6r\" \/>\n<meta property=\"article:publisher\" content=\"https:\/\/www.facebook.com\/OnlineEMSTrainingShop\" \/>\n<meta property=\"article:modified_time\" content=\"2024-04-30T22:07:57+00:00\" \/>\n<meta property=\"og:image\" content=\"https:\/\/i0.wp.com\/online-ems-training.de\/wp-content\/uploads\/2022\/02\/MAXSPEED8-EMS-Geraete.jpg?fit=960%2C960&ssl=1\" \/>\n\t<meta property=\"og:image:width\" content=\"960\" \/>\n\t<meta property=\"og:image:height\" content=\"960\" \/>\n\t<meta property=\"og:image:type\" content=\"image\/jpeg\" \/>\n<meta name=\"twitter:card\" content=\"summary_large_image\" \/>\n<meta name=\"twitter:label1\" content=\"Dur\u00e9e de lecture estim\u00e9e\" \/>\n\t<meta name=\"twitter:data1\" content=\"1 minute\" \/>\n<script type=\"application\/ld+json\" class=\"yoast-schema-graph\">{\"@context\":\"https:\\\/\\\/schema.org\",\"@graph\":[{\"@type\":\"WebPage\",\"@id\":\"https:\\\/\\\/online-ems-training.de\\\/fr\\\/produkt\\\/kit-complet-delectrodes-ems-a-6-canaux\\\/\",\"url\":\"https:\\\/\\\/online-ems-training.de\\\/fr\\\/produkt\\\/kit-complet-delectrodes-ems-a-6-canaux\\\/\",\"name\":\"Kit d'\u00e9lectrodes EMS 6 canaux %%page% &#187; MAXSPEED\",\"isPartOf\":{\"@id\":\"https:\\\/\\\/online-ems-training.de\\\/fr\\\/#website\"},\"primaryImageOfPage\":{\"@id\":\"https:\\\/\\\/online-ems-training.de\\\/fr\\\/produkt\\\/kit-complet-delectrodes-ems-a-6-canaux\\\/#primaryimage\"},\"image\":{\"@id\":\"https:\\\/\\\/online-ems-training.de\\\/fr\\\/produkt\\\/kit-complet-delectrodes-ems-a-6-canaux\\\/#primaryimage\"},\"thumbnailUrl\":\"https:\\\/\\\/online-ems-training.de\\\/wp-content\\\/uploads\\\/2022\\\/02\\\/MAXSPEED8-EMS-Geraete.jpg\",\"datePublished\":\"2022-02-12T13:17:44+00:00\",\"dateModified\":\"2024-04-30T22:07:57+00:00\",\"description\":\"Kit d'\u00e9lectrodes pour \u00e9lectrodes 6 canaux de la marque MAXSPEED pour l'entra\u00eenement EMS avec des appareils EMS. \u00c9lectrodes certifi\u00e9es pour EMS\",\"breadcrumb\":{\"@id\":\"https:\\\/\\\/online-ems-training.de\\\/fr\\\/produkt\\\/kit-complet-delectrodes-ems-a-6-canaux\\\/#breadcrumb\"},\"inLanguage\":\"fr-FR\",\"potentialAction\":[{\"@type\":\"ReadAction\",\"target\":[\"https:\\\/\\\/online-ems-training.de\\\/fr\\\/produkt\\\/kit-complet-delectrodes-ems-a-6-canaux\\\/\"]}]},{\"@type\":\"ImageObject\",\"inLanguage\":\"fr-FR\",\"@id\":\"https:\\\/\\\/online-ems-training.de\\\/fr\\\/produkt\\\/kit-complet-delectrodes-ems-a-6-canaux\\\/#primaryimage\",\"url\":\"https:\\\/\\\/online-ems-training.de\\\/wp-content\\\/uploads\\\/2022\\\/02\\\/MAXSPEED8-EMS-Geraete.jpg\",\"contentUrl\":\"https:\\\/\\\/online-ems-training.de\\\/wp-content\\\/uploads\\\/2022\\\/02\\\/MAXSPEED8-EMS-Geraete.jpg\",\"width\":960,\"height\":960},{\"@type\":\"BreadcrumbList\",\"@id\":\"https:\\\/\\\/online-ems-training.de\\\/fr\\\/produkt\\\/kit-complet-delectrodes-ems-a-6-canaux\\\/#breadcrumb\",\"itemListElement\":[{\"@type\":\"ListItem\",\"position\":1,\"name\":\"Startseite\",\"item\":\"https:\\\/\\\/online-ems-training.de\\\/fr\\\/\"},{\"@type\":\"ListItem\",\"position\":2,\"name\":\"Kit d&#8217;\u00e9lectrodes EMS 6 canaux\"}]},{\"@type\":\"WebSite\",\"@id\":\"https:\\\/\\\/online-ems-training.de\\\/fr\\\/#website\",\"url\":\"https:\\\/\\\/online-ems-training.de\\\/fr\\\/\",\"name\":\"EMS Reparaturen + EMS Zubeh\u00f6r\",\"description\":\"Reparaturen und Service f\u00fcr EMS Ger\u00e4te und EMS Elektroden\",\"potentialAction\":[{\"@type\":\"SearchAction\",\"target\":{\"@type\":\"EntryPoint\",\"urlTemplate\":\"https:\\\/\\\/online-ems-training.de\\\/fr\\\/?s={search_term_string}\"},\"query-input\":{\"@type\":\"PropertyValueSpecification\",\"valueRequired\":true,\"valueName\":\"search_term_string\"}}],\"inLanguage\":\"fr-FR\"}]}<\/script>\n<!-- \/ Yoast SEO plugin. -->","yoast_head_json":{"title":"Kit d'\u00e9lectrodes EMS 6 canaux %%page% &#187; MAXSPEED","description":"Kit d'\u00e9lectrodes pour \u00e9lectrodes 6 canaux de la marque MAXSPEED pour l'entra\u00eenement EMS avec des appareils EMS. \u00c9lectrodes certifi\u00e9es pour EMS","robots":{"index":"index","follow":"follow","max-snippet":"max-snippet:-1","max-image-preview":"max-image-preview:large","max-video-preview":"max-video-preview:-1"},"canonical":"https:\/\/online-ems-training.de\/fr\/produkt\/kit-complet-delectrodes-ems-a-6-canaux\/","og_locale":"fr_FR","og_type":"article","og_title":"Kit d'\u00e9lectrodes EMS 6 canaux %%page% &#187; MAXSPEED","og_description":"Kit d'\u00e9lectrodes pour \u00e9lectrodes 6 canaux de la marque MAXSPEED pour l'entra\u00eenement EMS avec des appareils EMS. \u00c9lectrodes certifi\u00e9es pour EMS","og_url":"https:\/\/online-ems-training.de\/fr\/produkt\/kit-complet-delectrodes-ems-a-6-canaux\/","og_site_name":"EMS Reparaturen + EMS Zubeh\u00f6r","article_publisher":"https:\/\/www.facebook.com\/OnlineEMSTrainingShop","article_modified_time":"2024-04-30T22:07:57+00:00","og_image":[{"width":960,"height":960,"url":"https:\/\/i0.wp.com\/online-ems-training.de\/wp-content\/uploads\/2022\/02\/MAXSPEED8-EMS-Geraete.jpg?fit=960%2C960&ssl=1","type":"image\/jpeg"}],"twitter_card":"summary_large_image","twitter_misc":{"Dur\u00e9e de lecture estim\u00e9e":"1 minute"},"schema":{"@context":"https:\/\/schema.org","@graph":[{"@type":"WebPage","@id":"https:\/\/online-ems-training.de\/fr\/produkt\/kit-complet-delectrodes-ems-a-6-canaux\/","url":"https:\/\/online-ems-training.de\/fr\/produkt\/kit-complet-delectrodes-ems-a-6-canaux\/","name":"Kit d'\u00e9lectrodes EMS 6 canaux %%page% &#187; MAXSPEED","isPartOf":{"@id":"https:\/\/online-ems-training.de\/fr\/#website"},"primaryImageOfPage":{"@id":"https:\/\/online-ems-training.de\/fr\/produkt\/kit-complet-delectrodes-ems-a-6-canaux\/#primaryimage"},"image":{"@id":"https:\/\/online-ems-training.de\/fr\/produkt\/kit-complet-delectrodes-ems-a-6-canaux\/#primaryimage"},"thumbnailUrl":"https:\/\/online-ems-training.de\/wp-content\/uploads\/2022\/02\/MAXSPEED8-EMS-Geraete.jpg","datePublished":"2022-02-12T13:17:44+00:00","dateModified":"2024-04-30T22:07:57+00:00","description":"Kit d'\u00e9lectrodes pour \u00e9lectrodes 6 canaux de la marque MAXSPEED pour l'entra\u00eenement EMS avec des appareils EMS. \u00c9lectrodes certifi\u00e9es pour EMS","breadcrumb":{"@id":"https:\/\/online-ems-training.de\/fr\/produkt\/kit-complet-delectrodes-ems-a-6-canaux\/#breadcrumb"},"inLanguage":"fr-FR","potentialAction":[{"@type":"ReadAction","target":["https:\/\/online-ems-training.de\/fr\/produkt\/kit-complet-delectrodes-ems-a-6-canaux\/"]}]},{"@type":"ImageObject","inLanguage":"fr-FR","@id":"https:\/\/online-ems-training.de\/fr\/produkt\/kit-complet-delectrodes-ems-a-6-canaux\/#primaryimage","url":"https:\/\/online-ems-training.de\/wp-content\/uploads\/2022\/02\/MAXSPEED8-EMS-Geraete.jpg","contentUrl":"https:\/\/online-ems-training.de\/wp-content\/uploads\/2022\/02\/MAXSPEED8-EMS-Geraete.jpg","width":960,"height":960},{"@type":"BreadcrumbList","@id":"https:\/\/online-ems-training.de\/fr\/produkt\/kit-complet-delectrodes-ems-a-6-canaux\/#breadcrumb","itemListElement":[{"@type":"ListItem","position":1,"name":"Startseite","item":"https:\/\/online-ems-training.de\/fr\/"},{"@type":"ListItem","position":2,"name":"Kit d&#8217;\u00e9lectrodes EMS 6 canaux"}]},{"@type":"WebSite","@id":"https:\/\/online-ems-training.de\/fr\/#website","url":"https:\/\/online-ems-training.de\/fr\/","name":"EMS Reparaturen + EMS Zubeh\u00f6r","description":"Reparaturen und Service f\u00fcr EMS Ger\u00e4te und EMS Elektroden","potentialAction":[{"@type":"SearchAction","target":{"@type":"EntryPoint","urlTemplate":"https:\/\/online-ems-training.de\/fr\/?s={search_term_string}"},"query-input":{"@type":"PropertyValueSpecification","valueRequired":true,"valueName":"search_term_string"}}],"inLanguage":"fr-FR"}]}},"_links":{"self":[{"href":"https:\/\/online-ems-training.de\/fr\/wp-json\/wp\/v2\/product\/3056","targetHints":{"allow":["GET"]}}],"collection":[{"href":"https:\/\/online-ems-training.de\/fr\/wp-json\/wp\/v2\/product"}],"about":[{"href":"https:\/\/online-ems-training.de\/fr\/wp-json\/wp\/v2\/types\/product"}],"wp:featuredmedia":[{"embeddable":true,"href":"https:\/\/online-ems-training.de\/fr\/wp-json\/wp\/v2\/media\/3057"}],"wp:attachment":[{"href":"https:\/\/online-ems-training.de\/fr\/wp-json\/wp\/v2\/media?parent=3056"}],"wp:term":[{"taxonomy":"product_brand","embeddable":true,"href":"https:\/\/online-ems-training.de\/fr\/wp-json\/wp\/v2\/product_brand?post=3056"},{"taxonomy":"product_cat","embeddable":true,"href":"https:\/\/online-ems-training.de\/fr\/wp-json\/wp\/v2\/product_cat?post=3056"},{"taxonomy":"product_tag","embeddable":true,"href":"https:\/\/online-ems-training.de\/fr\/wp-json\/wp\/v2\/product_tag?post=3056"}],"curies":[{"name":"wp","href":"https:\/\/api.w.org\/{rel}","templated":true}]}}