{"id":3084,"date":"2022-03-18T13:16:50","date_gmt":"2022-03-18T12:16:50","guid":{"rendered":"https:\/\/online-ems-training.de\/produkt\/maxspeed-8-1\/"},"modified":"2022-03-18T13:16:50","modified_gmt":"2022-03-18T12:16:50","slug":"maxspeed-8-1","status":"publish","type":"product","link":"https:\/\/online-ems-training.de\/fr\/produkt\/maxspeed-8-1\/","title":{"rendered":"MAXSPEED 8.1"},"content":{"rendered":"<p><span style=\"font-family: Arial, sans-serif;\">Le MAXSPEED 8.1 est un bo\u00eetier sans fil pour des ensembles d&#8217;\u00e9lectrodes \u00e0 8 canaux et donc une extension pour le MAXSPEED 8.  <\/span><\/p>\n<p><strong><span style=\"font-family: Arial, sans-serif;\">2 MAXSPEED 8.1 peuvent \u00eatre t\u00e9l\u00e9command\u00e9s par un MAXSPEED 8.<\/span><\/strong><\/p>\n<p><span style=\"font-family: Arial, sans-serif;\">Ainsi, vous transformez facilement votre MAXSPEED 8 en un appareil sans fil et doublez en m\u00eame temps sa capacit\u00e9. Avec 2 MAXSPEED 8.1, vous pouvez entra\u00eener deux personnes ensemble sur un MAXSPEED 8. Les programmes et le moment de d\u00e9marrage peuvent \u00eatre diff\u00e9rents. Tous les r\u00e9glages peuvent \u00eatre effectu\u00e9s de mani\u00e8re autonome pour tous les participants \u00e0 l&#8217;entra\u00eenement.  <\/span><\/p>\n<h3><span style=\"font-family: Arial, sans-serif;\">15<\/span><span style=\"font-family: Arial, sans-serif;\"> Programmes<\/span><\/h3>\n<p><span style=\"font-family: Arial, sans-serif;\">3<\/span><span style=\"font-family: Arial, sans-serif;\">x D\u00e9veloppement musculaire<\/span><\/p>\n<p><span style=\"font-family: Arial, sans-serif;\">2x raffermissement des muscles<\/span><\/p>\n<p><span style=\"font-family: Arial, sans-serif;\">3<\/span><span style=\"font-family: Arial, sans-serif;\">x Endurance de force<\/span><\/p>\n<p><span style=\"font-family: Arial, sans-serif;\">2<\/span><span style=\"font-family: Arial, sans-serif;\">x Force maximale<\/span><\/p>\n<p><span style=\"font-family: Arial, sans-serif;\">1x raffermissement de la peau<\/span><\/p>\n<p><span style=\"font-family: Arial, sans-serif;\">2<\/span><span style=\"font-family: Arial, sans-serif;\">x Relax<\/span><\/p>\n<p><span style=\"font-family: Arial, sans-serif;\">2<\/span><span style=\"font-family: Arial, sans-serif;\">x Cardio<\/span><\/p>\n<h3><span style=\"font-family: Arial, sans-serif;\">Bloc d&#8217;alimentation<\/span><\/h3>\n<p><span style=\"font-family: Arial, sans-serif;\">Fonctionnement sur batterie<\/span><\/p>\n<h3><span style=\"font-family: Arial, sans-serif;\">Intensit\u00e9 effective du courant<\/span><\/h3>\n<p><span style=\"font-family: Arial, sans-serif;\">28 mA RMS<\/span><\/p>\n<h3><span style=\"font-family: Arial, sans-serif;\">Tension effective<\/span><\/h3>\n<p><span style=\"font-family: Arial, sans-serif;\">12,8 V RMS<\/span><\/p>\n<h3><span style=\"font-family: Arial, sans-serif;\">Degr\u00e9 de protection<\/span><\/h3>\n<p><span style=\"font-family: Arial, sans-serif;\">IP 52<\/span><\/p>\n<h3><span style=\"font-family: Arial, sans-serif;\">\u00c9cran<\/span><\/h3>\n<p><span style=\"font-family: Arial, sans-serif;\">Affichage du livre blanc 2,3&#8243; (le contenu de l&#8217;\u00e9cran reste pr\u00e9sent m\u00eame lorsque l&#8217;appareil est \u00e9teint)<br \/>\n<\/span><\/p>\n<h3><span style=\"font-family: Arial, sans-serif;\">Canaux<\/span><\/h3>\n<p><span style=\"font-family: Arial, sans-serif;\">8<\/span><span style=\"font-family: Arial, sans-serif;\"> zones contr\u00f4lables simultan\u00e9ment &amp; s\u00e9par\u00e9ment (1<\/span><span style=\"font-family: Arial, sans-serif;\">6<\/span><span style=\"font-family: Arial, sans-serif;\"> \u00e9lectrode)<\/span><\/p>\n<h3><span style=\"font-family: Arial, sans-serif;\">Poids<\/span><\/h3>\n<p><span style=\"font-family: Arial, sans-serif;\">0,3 kg<\/span><\/p>\n<h3><span style=\"font-family: Arial, sans-serif;\">Installation<\/span><\/h3>\n<p><span style=\"font-family: Arial, sans-serif;\">toutes les \u00e9lectrodes \u00e0 8 canaux sont pr\u00e9par\u00e9es pour recevoir le MAXSPEED 8.1.<\/span><\/p>\n<p>Un c\u00e2ble de connexion est fourni.<\/p>\n<h3><span style=\"font-family: Arial, sans-serif;\">Langues <\/span>(le contr\u00f4le est assur\u00e9 par MAXSPEED 8)<\/h3>\n<p><span style=\"font-family: Arial, sans-serif;\">Allemand<\/span><\/p>\n<p><span style=\"font-family: Arial, sans-serif;\">Anglais<\/span><\/p>\n<p><span style=\"font-family: Arial, sans-serif;\">Fran\u00e7ais<\/span><\/p>\n<p><span style=\"font-family: Arial, sans-serif;\">Italien<\/span><\/p>\n<p><span style=\"font-family: Arial, sans-serif;\">Polonais<\/span><\/p>\n<p><span style=\"font-family: Arial, sans-serif;\">Russe<\/span><\/p>\n<h3><span style=\"font-family: Arial, sans-serif;\">Communication<\/span><\/h3>\n<p><span style=\"font-family: Arial, sans-serif;\">Communication sans fil avec MAXSPEED 8<\/span><\/p>\n","protected":false},"excerpt":{"rendered":"<p><span style=\"font-family: Arial, sans-serif;\">Le MAXSPEED <\/span><span style=\"font-family: Arial, sans-serif;\">8.1 <\/span><span style=\"font-family: Arial, sans-serif;\">est le compl\u00e9ment du MAXSPEED 8 l&#8217;EMS <\/span><span style=\"font-family: Arial, sans-serif;\">pour un entra\u00eenement EMS complet. <\/span> <span style=\"font-family: Arial, sans-serif;\">On peut s&#8217;entra\u00eener de mani\u00e8re classique avec un c\u00e2ble ou de mani\u00e8re moderne sans fil. La capacit\u00e9 d&#8217;un studio peut \u00eatre facilement doubl\u00e9e en permettant \u00e0 deux personnes de s&#8217;entra\u00eener avec un MAXSPEED 8.  <\/span><span style=\"font-family: Arial, sans-serif;\">Tous les appareils sont \u00e9quip\u00e9s de <\/span><span style=\"font-family: Arial, sans-serif;\">15<\/span><span style=\"font-family: Arial, sans-serif;\"> programmes d&#8217;entra\u00eenement. <\/span> <\/p>\n","protected":false},"featured_media":3085,"template":"","meta":[],"product_brand":[],"product_cat":[414],"product_tag":[418,416,417,419],"class_list":{"0":"post-3084","1":"product","2":"type-product","3":"status-publish","4":"has-post-thumbnail","6":"product_cat-appareils-dentrainement-ems","7":"product_tag-appareil-ems","8":"product_tag-dispositif-ems","9":"product_tag-maxspeed-fr","10":"product_tag-maxspeed-8-fr","11":"product_shipping_class-appareils-ems","13":"first","14":"instock","15":"taxable","16":"shipping-taxable","17":"purchasable","18":"product-type-simple"},"yoast_head":"<!-- This site is optimized with the Yoast SEO plugin v27.4 - https:\/\/yoast.com\/product\/yoast-seo-wordpress\/ -->\n<title>Appareil EMS MAXSPEED 8 | Appareil de fitness pour l&#039;entra\u00eenement EMS<\/title>\n<meta name=\"description\" content=\"Acheter MAXSPEED 8. Entra\u00eenement EMS de haute qualit\u00e9 &amp; professionnel pour les centres de fitness. L&#039;appareil d&#039;entra\u00eenement EMS - Made in Germ any.\" \/>\n<meta name=\"robots\" content=\"index, follow, max-snippet:-1, max-image-preview:large, max-video-preview:-1\" \/>\n<link rel=\"canonical\" href=\"https:\/\/online-ems-training.de\/fr\/produkt\/maxspeed-8-1\/\" \/>\n<meta property=\"og:locale\" content=\"fr_FR\" \/>\n<meta property=\"og:type\" content=\"article\" \/>\n<meta property=\"og:title\" content=\"Appareil EMS MAXSPEED 8 | Appareil de fitness pour l&#039;entra\u00eenement EMS\" \/>\n<meta property=\"og:description\" content=\"Acheter MAXSPEED 8. Entra\u00eenement EMS de haute qualit\u00e9 &amp; professionnel pour les centres de fitness. L&#039;appareil d&#039;entra\u00eenement EMS - Made in Germ any.\" \/>\n<meta property=\"og:url\" content=\"https:\/\/online-ems-training.de\/fr\/produkt\/maxspeed-8-1\/\" \/>\n<meta property=\"og:site_name\" content=\"EMS Reparaturen + EMS Zubeh\u00f6r\" \/>\n<meta property=\"article:publisher\" content=\"https:\/\/www.facebook.com\/OnlineEMSTrainingShop\" \/>\n<meta property=\"og:image\" content=\"https:\/\/i0.wp.com\/online-ems-training.de\/wp-content\/uploads\/2022\/03\/MS8.1_1.jpg?fit=774%2C619&ssl=1\" \/>\n\t<meta property=\"og:image:width\" content=\"774\" \/>\n\t<meta property=\"og:image:height\" content=\"619\" \/>\n\t<meta property=\"og:image:type\" content=\"image\/jpeg\" \/>\n<meta name=\"twitter:card\" content=\"summary_large_image\" \/>\n<meta name=\"twitter:label1\" content=\"Dur\u00e9e de lecture estim\u00e9e\" \/>\n\t<meta name=\"twitter:data1\" content=\"1 minute\" \/>\n<script type=\"application\/ld+json\" class=\"yoast-schema-graph\">{\"@context\":\"https:\\\/\\\/schema.org\",\"@graph\":[{\"@type\":\"WebPage\",\"@id\":\"https:\\\/\\\/online-ems-training.de\\\/fr\\\/produkt\\\/maxspeed-8-1\\\/\",\"url\":\"https:\\\/\\\/online-ems-training.de\\\/fr\\\/produkt\\\/maxspeed-8-1\\\/\",\"name\":\"Appareil EMS MAXSPEED 8 | Appareil de fitness pour l'entra\u00eenement EMS\",\"isPartOf\":{\"@id\":\"https:\\\/\\\/online-ems-training.de\\\/fr\\\/#website\"},\"primaryImageOfPage\":{\"@id\":\"https:\\\/\\\/online-ems-training.de\\\/fr\\\/produkt\\\/maxspeed-8-1\\\/#primaryimage\"},\"image\":{\"@id\":\"https:\\\/\\\/online-ems-training.de\\\/fr\\\/produkt\\\/maxspeed-8-1\\\/#primaryimage\"},\"thumbnailUrl\":\"https:\\\/\\\/online-ems-training.de\\\/wp-content\\\/uploads\\\/2022\\\/03\\\/MS8.1_1.jpg\",\"datePublished\":\"2022-03-18T12:16:50+00:00\",\"description\":\"Acheter MAXSPEED 8. Entra\u00eenement EMS de haute qualit\u00e9 & professionnel pour les centres de fitness. L'appareil d'entra\u00eenement EMS - Made in Germ any.\",\"breadcrumb\":{\"@id\":\"https:\\\/\\\/online-ems-training.de\\\/fr\\\/produkt\\\/maxspeed-8-1\\\/#breadcrumb\"},\"inLanguage\":\"fr-FR\",\"potentialAction\":[{\"@type\":\"ReadAction\",\"target\":[\"https:\\\/\\\/online-ems-training.de\\\/fr\\\/produkt\\\/maxspeed-8-1\\\/\"]}]},{\"@type\":\"ImageObject\",\"inLanguage\":\"fr-FR\",\"@id\":\"https:\\\/\\\/online-ems-training.de\\\/fr\\\/produkt\\\/maxspeed-8-1\\\/#primaryimage\",\"url\":\"https:\\\/\\\/online-ems-training.de\\\/wp-content\\\/uploads\\\/2022\\\/03\\\/MS8.1_1.jpg\",\"contentUrl\":\"https:\\\/\\\/online-ems-training.de\\\/wp-content\\\/uploads\\\/2022\\\/03\\\/MS8.1_1.jpg\",\"width\":774,\"height\":619,\"caption\":\"MAXSPEED 8.1\"},{\"@type\":\"BreadcrumbList\",\"@id\":\"https:\\\/\\\/online-ems-training.de\\\/fr\\\/produkt\\\/maxspeed-8-1\\\/#breadcrumb\",\"itemListElement\":[{\"@type\":\"ListItem\",\"position\":1,\"name\":\"Startseite\",\"item\":\"https:\\\/\\\/online-ems-training.de\\\/fr\\\/\"},{\"@type\":\"ListItem\",\"position\":2,\"name\":\"MAXSPEED 8.1\"}]},{\"@type\":\"WebSite\",\"@id\":\"https:\\\/\\\/online-ems-training.de\\\/fr\\\/#website\",\"url\":\"https:\\\/\\\/online-ems-training.de\\\/fr\\\/\",\"name\":\"EMS Reparaturen + EMS Zubeh\u00f6r\",\"description\":\"Reparaturen und Service f\u00fcr EMS Ger\u00e4te und EMS Elektroden\",\"potentialAction\":[{\"@type\":\"SearchAction\",\"target\":{\"@type\":\"EntryPoint\",\"urlTemplate\":\"https:\\\/\\\/online-ems-training.de\\\/fr\\\/?s={search_term_string}\"},\"query-input\":{\"@type\":\"PropertyValueSpecification\",\"valueRequired\":true,\"valueName\":\"search_term_string\"}}],\"inLanguage\":\"fr-FR\"}]}<\/script>\n<!-- \/ Yoast SEO plugin. -->","yoast_head_json":{"title":"Appareil EMS MAXSPEED 8 | Appareil de fitness pour l'entra\u00eenement EMS","description":"Acheter MAXSPEED 8. Entra\u00eenement EMS de haute qualit\u00e9 & professionnel pour les centres de fitness. L'appareil d'entra\u00eenement EMS - Made in Germ any.","robots":{"index":"index","follow":"follow","max-snippet":"max-snippet:-1","max-image-preview":"max-image-preview:large","max-video-preview":"max-video-preview:-1"},"canonical":"https:\/\/online-ems-training.de\/fr\/produkt\/maxspeed-8-1\/","og_locale":"fr_FR","og_type":"article","og_title":"Appareil EMS MAXSPEED 8 | Appareil de fitness pour l'entra\u00eenement EMS","og_description":"Acheter MAXSPEED 8. Entra\u00eenement EMS de haute qualit\u00e9 & professionnel pour les centres de fitness. L'appareil d'entra\u00eenement EMS - Made in Germ any.","og_url":"https:\/\/online-ems-training.de\/fr\/produkt\/maxspeed-8-1\/","og_site_name":"EMS Reparaturen + EMS Zubeh\u00f6r","article_publisher":"https:\/\/www.facebook.com\/OnlineEMSTrainingShop","og_image":[{"width":774,"height":619,"url":"https:\/\/i0.wp.com\/online-ems-training.de\/wp-content\/uploads\/2022\/03\/MS8.1_1.jpg?fit=774%2C619&ssl=1","type":"image\/jpeg"}],"twitter_card":"summary_large_image","twitter_misc":{"Dur\u00e9e de lecture estim\u00e9e":"1 minute"},"schema":{"@context":"https:\/\/schema.org","@graph":[{"@type":"WebPage","@id":"https:\/\/online-ems-training.de\/fr\/produkt\/maxspeed-8-1\/","url":"https:\/\/online-ems-training.de\/fr\/produkt\/maxspeed-8-1\/","name":"Appareil EMS MAXSPEED 8 | Appareil de fitness pour l'entra\u00eenement EMS","isPartOf":{"@id":"https:\/\/online-ems-training.de\/fr\/#website"},"primaryImageOfPage":{"@id":"https:\/\/online-ems-training.de\/fr\/produkt\/maxspeed-8-1\/#primaryimage"},"image":{"@id":"https:\/\/online-ems-training.de\/fr\/produkt\/maxspeed-8-1\/#primaryimage"},"thumbnailUrl":"https:\/\/online-ems-training.de\/wp-content\/uploads\/2022\/03\/MS8.1_1.jpg","datePublished":"2022-03-18T12:16:50+00:00","description":"Acheter MAXSPEED 8. Entra\u00eenement EMS de haute qualit\u00e9 & professionnel pour les centres de fitness. L'appareil d'entra\u00eenement EMS - Made in Germ any.","breadcrumb":{"@id":"https:\/\/online-ems-training.de\/fr\/produkt\/maxspeed-8-1\/#breadcrumb"},"inLanguage":"fr-FR","potentialAction":[{"@type":"ReadAction","target":["https:\/\/online-ems-training.de\/fr\/produkt\/maxspeed-8-1\/"]}]},{"@type":"ImageObject","inLanguage":"fr-FR","@id":"https:\/\/online-ems-training.de\/fr\/produkt\/maxspeed-8-1\/#primaryimage","url":"https:\/\/online-ems-training.de\/wp-content\/uploads\/2022\/03\/MS8.1_1.jpg","contentUrl":"https:\/\/online-ems-training.de\/wp-content\/uploads\/2022\/03\/MS8.1_1.jpg","width":774,"height":619,"caption":"MAXSPEED 8.1"},{"@type":"BreadcrumbList","@id":"https:\/\/online-ems-training.de\/fr\/produkt\/maxspeed-8-1\/#breadcrumb","itemListElement":[{"@type":"ListItem","position":1,"name":"Startseite","item":"https:\/\/online-ems-training.de\/fr\/"},{"@type":"ListItem","position":2,"name":"MAXSPEED 8.1"}]},{"@type":"WebSite","@id":"https:\/\/online-ems-training.de\/fr\/#website","url":"https:\/\/online-ems-training.de\/fr\/","name":"EMS Reparaturen + EMS Zubeh\u00f6r","description":"Reparaturen und Service f\u00fcr EMS Ger\u00e4te und EMS Elektroden","potentialAction":[{"@type":"SearchAction","target":{"@type":"EntryPoint","urlTemplate":"https:\/\/online-ems-training.de\/fr\/?s={search_term_string}"},"query-input":{"@type":"PropertyValueSpecification","valueRequired":true,"valueName":"search_term_string"}}],"inLanguage":"fr-FR"}]}},"_links":{"self":[{"href":"https:\/\/online-ems-training.de\/fr\/wp-json\/wp\/v2\/product\/3084","targetHints":{"allow":["GET"]}}],"collection":[{"href":"https:\/\/online-ems-training.de\/fr\/wp-json\/wp\/v2\/product"}],"about":[{"href":"https:\/\/online-ems-training.de\/fr\/wp-json\/wp\/v2\/types\/product"}],"wp:featuredmedia":[{"embeddable":true,"href":"https:\/\/online-ems-training.de\/fr\/wp-json\/wp\/v2\/media\/3085"}],"wp:attachment":[{"href":"https:\/\/online-ems-training.de\/fr\/wp-json\/wp\/v2\/media?parent=3084"}],"wp:term":[{"taxonomy":"product_brand","embeddable":true,"href":"https:\/\/online-ems-training.de\/fr\/wp-json\/wp\/v2\/product_brand?post=3084"},{"taxonomy":"product_cat","embeddable":true,"href":"https:\/\/online-ems-training.de\/fr\/wp-json\/wp\/v2\/product_cat?post=3084"},{"taxonomy":"product_tag","embeddable":true,"href":"https:\/\/online-ems-training.de\/fr\/wp-json\/wp\/v2\/product_tag?post=3084"}],"curies":[{"name":"wp","href":"https:\/\/api.w.org\/{rel}","templated":true}]}}