{"id":3096,"date":"2022-05-02T20:14:35","date_gmt":"2022-05-02T18:14:35","guid":{"rendered":"https:\/\/online-ems-training.de\/produkt\/echanger-dautres-encodeurs\/"},"modified":"2026-03-03T23:25:10","modified_gmt":"2026-03-03T22:25:10","slug":"autre-echange-de-rotatives","status":"publish","type":"product","link":"https:\/\/online-ems-training.de\/fr\/produkt\/autre-echange-de-rotatives\/","title":{"rendered":"2. changer d&#8217;autres encodeurs"},"content":{"rendered":"<p>Remplacement d&#8217;autres boutons rotatifs<\/p>\n<p>Sympt\u00f4mes :<\/p>\n<ul>\n<li>Sauter les valeurs d&#8217;affichage<\/li>\n<li>Sauter les intensit\u00e9s<\/li>\n<\/ul>\n<p>L&#8217;encodeur est remplac\u00e9 par un nouvel encodeur.<\/p>\n","protected":false},"excerpt":{"rendered":"<p>Remplacement d&#8217;une autre molette<\/p>\n<p>Sympt\u00f4mes :<\/p>\n<ul>\n<li>Sauter les valeurs d&#8217;affichage<\/li>\n<li>Sauter les intensit\u00e9s<\/li>\n<\/ul>\n<p>L&#8217;encodeur rotatif est remplac\u00e9 par un nouvel encodeur rotatif.<\/p>\n","protected":false},"featured_media":2806,"template":"","meta":[],"product_brand":[],"product_cat":[421],"product_tag":[],"class_list":{"0":"post-3096","1":"product","2":"type-product","3":"status-publish","4":"has-post-thumbnail","6":"product_cat-service-et-reparations","8":"first","9":"instock","10":"taxable","11":"shipping-taxable","12":"purchasable","13":"product-type-simple"},"yoast_head":"<!-- This site is optimized with the Yoast SEO plugin v27.4 - https:\/\/yoast.com\/product\/yoast-seo-wordpress\/ -->\n<title>2. changer d&#039;autres encodeurs &#187; EMS Reparaturen + EMS Zubeh\u00f6r<\/title>\n<meta name=\"robots\" content=\"index, follow, max-snippet:-1, max-image-preview:large, max-video-preview:-1\" \/>\n<link rel=\"canonical\" href=\"https:\/\/online-ems-training.de\/fr\/produkt\/autre-echange-de-rotatives\/\" \/>\n<meta property=\"og:locale\" content=\"fr_FR\" \/>\n<meta property=\"og:type\" content=\"article\" \/>\n<meta property=\"og:title\" content=\"2. changer d&#039;autres encodeurs &#187; EMS Reparaturen + EMS Zubeh\u00f6r\" \/>\n<meta property=\"og:description\" content=\"Remplacement d&#039;une autre molette Sympt\u00f4mes :  Sauter les valeurs d&#039;affichage  Sauter les intensit\u00e9s L&#039;encodeur rotatif est remplac\u00e9 par un nouvel encodeur rotatif.\" \/>\n<meta property=\"og:url\" content=\"https:\/\/online-ems-training.de\/fr\/produkt\/autre-echange-de-rotatives\/\" \/>\n<meta property=\"og:site_name\" content=\"EMS Reparaturen + EMS Zubeh\u00f6r\" \/>\n<meta property=\"article:publisher\" content=\"https:\/\/www.facebook.com\/OnlineEMSTrainingShop\" \/>\n<meta property=\"article:modified_time\" content=\"2026-03-03T22:25:10+00:00\" \/>\n<meta property=\"og:image\" content=\"https:\/\/online-ems-training.de\/wp-content\/uploads\/2022\/02\/Miha_defekt_2.jpg\" \/>\n\t<meta property=\"og:image:width\" content=\"526\" \/>\n\t<meta property=\"og:image:height\" content=\"935\" \/>\n\t<meta property=\"og:image:type\" content=\"image\/jpeg\" \/>\n<meta name=\"twitter:card\" content=\"summary_large_image\" \/>\n<script type=\"application\/ld+json\" class=\"yoast-schema-graph\">{\"@context\":\"https:\\\/\\\/schema.org\",\"@graph\":[{\"@type\":\"WebPage\",\"@id\":\"https:\\\/\\\/online-ems-training.de\\\/fr\\\/produkt\\\/autre-echange-de-rotatives\\\/\",\"url\":\"https:\\\/\\\/online-ems-training.de\\\/fr\\\/produkt\\\/autre-echange-de-rotatives\\\/\",\"name\":\"2. changer d'autres encodeurs &#187; EMS Reparaturen + EMS Zubeh\u00f6r\",\"isPartOf\":{\"@id\":\"https:\\\/\\\/online-ems-training.de\\\/fr\\\/#website\"},\"primaryImageOfPage\":{\"@id\":\"https:\\\/\\\/online-ems-training.de\\\/fr\\\/produkt\\\/autre-echange-de-rotatives\\\/#primaryimage\"},\"image\":{\"@id\":\"https:\\\/\\\/online-ems-training.de\\\/fr\\\/produkt\\\/autre-echange-de-rotatives\\\/#primaryimage\"},\"thumbnailUrl\":\"https:\\\/\\\/online-ems-training.de\\\/wp-content\\\/uploads\\\/2022\\\/02\\\/Miha_defekt_2.jpg\",\"datePublished\":\"2022-05-02T18:14:35+00:00\",\"dateModified\":\"2026-03-03T22:25:10+00:00\",\"breadcrumb\":{\"@id\":\"https:\\\/\\\/online-ems-training.de\\\/fr\\\/produkt\\\/autre-echange-de-rotatives\\\/#breadcrumb\"},\"inLanguage\":\"fr-FR\",\"potentialAction\":[{\"@type\":\"ReadAction\",\"target\":[\"https:\\\/\\\/online-ems-training.de\\\/fr\\\/produkt\\\/autre-echange-de-rotatives\\\/\"]}]},{\"@type\":\"ImageObject\",\"inLanguage\":\"fr-FR\",\"@id\":\"https:\\\/\\\/online-ems-training.de\\\/fr\\\/produkt\\\/autre-echange-de-rotatives\\\/#primaryimage\",\"url\":\"https:\\\/\\\/online-ems-training.de\\\/wp-content\\\/uploads\\\/2022\\\/02\\\/Miha_defekt_2.jpg\",\"contentUrl\":\"https:\\\/\\\/online-ems-training.de\\\/wp-content\\\/uploads\\\/2022\\\/02\\\/Miha_defekt_2.jpg\",\"width\":526,\"height\":935,\"caption\":\"Commutateur rotatif d\u00e9fectueux\"},{\"@type\":\"BreadcrumbList\",\"@id\":\"https:\\\/\\\/online-ems-training.de\\\/fr\\\/produkt\\\/autre-echange-de-rotatives\\\/#breadcrumb\",\"itemListElement\":[{\"@type\":\"ListItem\",\"position\":1,\"name\":\"Startseite\",\"item\":\"https:\\\/\\\/online-ems-training.de\\\/fr\\\/\"},{\"@type\":\"ListItem\",\"position\":2,\"name\":\"2. changer d&#8217;autres encodeurs\"}]},{\"@type\":\"WebSite\",\"@id\":\"https:\\\/\\\/online-ems-training.de\\\/fr\\\/#website\",\"url\":\"https:\\\/\\\/online-ems-training.de\\\/fr\\\/\",\"name\":\"EMS Reparaturen + EMS Zubeh\u00f6r\",\"description\":\"Reparaturen und Service f\u00fcr EMS Ger\u00e4te und EMS Elektroden\",\"potentialAction\":[{\"@type\":\"SearchAction\",\"target\":{\"@type\":\"EntryPoint\",\"urlTemplate\":\"https:\\\/\\\/online-ems-training.de\\\/fr\\\/?s={search_term_string}\"},\"query-input\":{\"@type\":\"PropertyValueSpecification\",\"valueRequired\":true,\"valueName\":\"search_term_string\"}}],\"inLanguage\":\"fr-FR\"}]}<\/script>\n<!-- \/ Yoast SEO plugin. -->","yoast_head_json":{"title":"2. changer d'autres encodeurs &#187; EMS Reparaturen + EMS Zubeh\u00f6r","robots":{"index":"index","follow":"follow","max-snippet":"max-snippet:-1","max-image-preview":"max-image-preview:large","max-video-preview":"max-video-preview:-1"},"canonical":"https:\/\/online-ems-training.de\/fr\/produkt\/autre-echange-de-rotatives\/","og_locale":"fr_FR","og_type":"article","og_title":"2. changer d'autres encodeurs &#187; EMS Reparaturen + EMS Zubeh\u00f6r","og_description":"Remplacement d'une autre molette Sympt\u00f4mes :  Sauter les valeurs d'affichage  Sauter les intensit\u00e9s L'encodeur rotatif est remplac\u00e9 par un nouvel encodeur rotatif.","og_url":"https:\/\/online-ems-training.de\/fr\/produkt\/autre-echange-de-rotatives\/","og_site_name":"EMS Reparaturen + EMS Zubeh\u00f6r","article_publisher":"https:\/\/www.facebook.com\/OnlineEMSTrainingShop","article_modified_time":"2026-03-03T22:25:10+00:00","og_image":[{"width":526,"height":935,"url":"https:\/\/online-ems-training.de\/wp-content\/uploads\/2022\/02\/Miha_defekt_2.jpg","type":"image\/jpeg"}],"twitter_card":"summary_large_image","schema":{"@context":"https:\/\/schema.org","@graph":[{"@type":"WebPage","@id":"https:\/\/online-ems-training.de\/fr\/produkt\/autre-echange-de-rotatives\/","url":"https:\/\/online-ems-training.de\/fr\/produkt\/autre-echange-de-rotatives\/","name":"2. changer d'autres encodeurs &#187; EMS Reparaturen + EMS Zubeh\u00f6r","isPartOf":{"@id":"https:\/\/online-ems-training.de\/fr\/#website"},"primaryImageOfPage":{"@id":"https:\/\/online-ems-training.de\/fr\/produkt\/autre-echange-de-rotatives\/#primaryimage"},"image":{"@id":"https:\/\/online-ems-training.de\/fr\/produkt\/autre-echange-de-rotatives\/#primaryimage"},"thumbnailUrl":"https:\/\/online-ems-training.de\/wp-content\/uploads\/2022\/02\/Miha_defekt_2.jpg","datePublished":"2022-05-02T18:14:35+00:00","dateModified":"2026-03-03T22:25:10+00:00","breadcrumb":{"@id":"https:\/\/online-ems-training.de\/fr\/produkt\/autre-echange-de-rotatives\/#breadcrumb"},"inLanguage":"fr-FR","potentialAction":[{"@type":"ReadAction","target":["https:\/\/online-ems-training.de\/fr\/produkt\/autre-echange-de-rotatives\/"]}]},{"@type":"ImageObject","inLanguage":"fr-FR","@id":"https:\/\/online-ems-training.de\/fr\/produkt\/autre-echange-de-rotatives\/#primaryimage","url":"https:\/\/online-ems-training.de\/wp-content\/uploads\/2022\/02\/Miha_defekt_2.jpg","contentUrl":"https:\/\/online-ems-training.de\/wp-content\/uploads\/2022\/02\/Miha_defekt_2.jpg","width":526,"height":935,"caption":"Commutateur rotatif d\u00e9fectueux"},{"@type":"BreadcrumbList","@id":"https:\/\/online-ems-training.de\/fr\/produkt\/autre-echange-de-rotatives\/#breadcrumb","itemListElement":[{"@type":"ListItem","position":1,"name":"Startseite","item":"https:\/\/online-ems-training.de\/fr\/"},{"@type":"ListItem","position":2,"name":"2. changer d&#8217;autres encodeurs"}]},{"@type":"WebSite","@id":"https:\/\/online-ems-training.de\/fr\/#website","url":"https:\/\/online-ems-training.de\/fr\/","name":"EMS Reparaturen + EMS Zubeh\u00f6r","description":"Reparaturen und Service f\u00fcr EMS Ger\u00e4te und EMS Elektroden","potentialAction":[{"@type":"SearchAction","target":{"@type":"EntryPoint","urlTemplate":"https:\/\/online-ems-training.de\/fr\/?s={search_term_string}"},"query-input":{"@type":"PropertyValueSpecification","valueRequired":true,"valueName":"search_term_string"}}],"inLanguage":"fr-FR"}]}},"_links":{"self":[{"href":"https:\/\/online-ems-training.de\/fr\/wp-json\/wp\/v2\/product\/3096","targetHints":{"allow":["GET"]}}],"collection":[{"href":"https:\/\/online-ems-training.de\/fr\/wp-json\/wp\/v2\/product"}],"about":[{"href":"https:\/\/online-ems-training.de\/fr\/wp-json\/wp\/v2\/types\/product"}],"wp:featuredmedia":[{"embeddable":true,"href":"https:\/\/online-ems-training.de\/fr\/wp-json\/wp\/v2\/media\/2806"}],"wp:attachment":[{"href":"https:\/\/online-ems-training.de\/fr\/wp-json\/wp\/v2\/media?parent=3096"}],"wp:term":[{"taxonomy":"product_brand","embeddable":true,"href":"https:\/\/online-ems-training.de\/fr\/wp-json\/wp\/v2\/product_brand?post=3096"},{"taxonomy":"product_cat","embeddable":true,"href":"https:\/\/online-ems-training.de\/fr\/wp-json\/wp\/v2\/product_cat?post=3096"},{"taxonomy":"product_tag","embeddable":true,"href":"https:\/\/online-ems-training.de\/fr\/wp-json\/wp\/v2\/product_tag?post=3096"}],"curies":[{"name":"wp","href":"https:\/\/api.w.org\/{rel}","templated":true}]}}