{"id":3121,"date":"2023-10-02T17:28:16","date_gmt":"2023-10-02T15:28:16","guid":{"rendered":"https:\/\/online-ems-training.de\/produkt\/cable-magnetique-mi-bo\/"},"modified":"2024-04-30T23:23:46","modified_gmt":"2024-04-30T21:23:46","slug":"cable-magnetique-mi-bo","status":"publish","type":"product","link":"https:\/\/online-ems-training.de\/fr\/produkt\/cable-magnetique-mi-bo\/","title":{"rendered":"Paire de c\u00e2bles magn\u00e9tiques (Mi-Bo)"},"content":{"rendered":"<p>Le set de c\u00e2bles magn\u00e9tiques sert \u00e0 raccorder l&#8217;\u00e9lectrode de bras, l&#8217;\u00e9lectrode de jambe ou l&#8217;\u00e9lectrode de poe.<\/p>\n","protected":false},"excerpt":{"rendered":"<p>Le jeu de c\u00e2bles assure la liaison entre les points de connexion magn\u00e9tiques sur le gilet \u00e0 \u00e9lectrodes et les boutons-pression sur les \u00e9lectrodes de bras, les \u00e9lectrodes de jambes et les po-\u00e9lectrodes.<\/p>\n","protected":false},"featured_media":3116,"template":"","meta":[],"product_brand":[],"product_cat":[401],"product_tag":[446,447],"class_list":{"0":"post-3121","1":"product","2":"type-product","3":"status-publish","4":"has-post-thumbnail","6":"product_cat-accessoires","7":"product_tag-cable-magnetique","8":"product_tag-i-cable-de-corps","9":"product_shipping_class-paquet-dhl-2kg","11":"first","12":"instock","13":"taxable","14":"shipping-taxable","15":"purchasable","16":"product-type-variable"},"yoast_head":"<!-- This site is optimized with the Yoast SEO plugin v27.4 - https:\/\/yoast.com\/product\/yoast-seo-wordpress\/ -->\n<title>Paire de c\u00e2bles magn\u00e9tiques (Mi-Bo) &#187; EMS Reparaturen + EMS Zubeh\u00f6r<\/title>\n<meta name=\"robots\" content=\"index, follow, max-snippet:-1, max-image-preview:large, max-video-preview:-1\" \/>\n<link rel=\"canonical\" href=\"https:\/\/online-ems-training.de\/fr\/produkt\/cable-magnetique-mi-bo\/\" \/>\n<meta property=\"og:locale\" content=\"fr_FR\" \/>\n<meta property=\"og:type\" content=\"article\" \/>\n<meta property=\"og:title\" content=\"Paire de c\u00e2bles magn\u00e9tiques (Mi-Bo) &#187; EMS Reparaturen + EMS Zubeh\u00f6r\" \/>\n<meta property=\"og:description\" content=\"Le jeu de c\u00e2bles assure la liaison entre les points de connexion magn\u00e9tiques sur le gilet \u00e0 \u00e9lectrodes et les boutons-pression sur les \u00e9lectrodes de bras, les \u00e9lectrodes de jambes et les po-\u00e9lectrodes.\" \/>\n<meta property=\"og:url\" content=\"https:\/\/online-ems-training.de\/fr\/produkt\/cable-magnetique-mi-bo\/\" \/>\n<meta property=\"og:site_name\" content=\"EMS Reparaturen + EMS Zubeh\u00f6r\" \/>\n<meta property=\"article:publisher\" content=\"https:\/\/www.facebook.com\/OnlineEMSTrainingShop\" \/>\n<meta property=\"article:modified_time\" content=\"2024-04-30T21:23:46+00:00\" \/>\n<meta property=\"og:image\" content=\"https:\/\/i0.wp.com\/online-ems-training.de\/wp-content\/uploads\/2023\/10\/Magnet_cable_03.jpg?fit=2000%2C1500&ssl=1\" \/>\n\t<meta property=\"og:image:width\" content=\"2000\" \/>\n\t<meta property=\"og:image:height\" content=\"1500\" \/>\n\t<meta property=\"og:image:type\" content=\"image\/jpeg\" \/>\n<meta name=\"twitter:card\" content=\"summary_large_image\" \/>\n<script type=\"application\/ld+json\" class=\"yoast-schema-graph\">{\"@context\":\"https:\\\/\\\/schema.org\",\"@graph\":[{\"@type\":\"WebPage\",\"@id\":\"https:\\\/\\\/online-ems-training.de\\\/fr\\\/produkt\\\/cable-magnetique-mi-bo\\\/\",\"url\":\"https:\\\/\\\/online-ems-training.de\\\/fr\\\/produkt\\\/cable-magnetique-mi-bo\\\/\",\"name\":\"Paire de c\u00e2bles magn\u00e9tiques (Mi-Bo) &#187; EMS Reparaturen + EMS Zubeh\u00f6r\",\"isPartOf\":{\"@id\":\"https:\\\/\\\/online-ems-training.de\\\/fr\\\/#website\"},\"primaryImageOfPage\":{\"@id\":\"https:\\\/\\\/online-ems-training.de\\\/fr\\\/produkt\\\/cable-magnetique-mi-bo\\\/#primaryimage\"},\"image\":{\"@id\":\"https:\\\/\\\/online-ems-training.de\\\/fr\\\/produkt\\\/cable-magnetique-mi-bo\\\/#primaryimage\"},\"thumbnailUrl\":\"https:\\\/\\\/online-ems-training.de\\\/wp-content\\\/uploads\\\/2023\\\/10\\\/Magnet_cable_03.jpg\",\"datePublished\":\"2023-10-02T15:28:16+00:00\",\"dateModified\":\"2024-04-30T21:23:46+00:00\",\"breadcrumb\":{\"@id\":\"https:\\\/\\\/online-ems-training.de\\\/fr\\\/produkt\\\/cable-magnetique-mi-bo\\\/#breadcrumb\"},\"inLanguage\":\"fr-FR\",\"potentialAction\":[{\"@type\":\"ReadAction\",\"target\":[\"https:\\\/\\\/online-ems-training.de\\\/fr\\\/produkt\\\/cable-magnetique-mi-bo\\\/\"]}]},{\"@type\":\"ImageObject\",\"inLanguage\":\"fr-FR\",\"@id\":\"https:\\\/\\\/online-ems-training.de\\\/fr\\\/produkt\\\/cable-magnetique-mi-bo\\\/#primaryimage\",\"url\":\"https:\\\/\\\/online-ems-training.de\\\/wp-content\\\/uploads\\\/2023\\\/10\\\/Magnet_cable_03.jpg\",\"contentUrl\":\"https:\\\/\\\/online-ems-training.de\\\/wp-content\\\/uploads\\\/2023\\\/10\\\/Magnet_cable_03.jpg\",\"width\":2000,\"height\":1500,\"caption\":\"C\u00e2ble magn\u00e9tique avec inscription\"},{\"@type\":\"BreadcrumbList\",\"@id\":\"https:\\\/\\\/online-ems-training.de\\\/fr\\\/produkt\\\/cable-magnetique-mi-bo\\\/#breadcrumb\",\"itemListElement\":[{\"@type\":\"ListItem\",\"position\":1,\"name\":\"Startseite\",\"item\":\"https:\\\/\\\/online-ems-training.de\\\/fr\\\/\"},{\"@type\":\"ListItem\",\"position\":2,\"name\":\"Paire de c\u00e2bles magn\u00e9tiques (Mi-Bo)\"}]},{\"@type\":\"WebSite\",\"@id\":\"https:\\\/\\\/online-ems-training.de\\\/fr\\\/#website\",\"url\":\"https:\\\/\\\/online-ems-training.de\\\/fr\\\/\",\"name\":\"EMS Reparaturen + EMS Zubeh\u00f6r\",\"description\":\"Reparaturen und Service f\u00fcr EMS Ger\u00e4te und EMS Elektroden\",\"potentialAction\":[{\"@type\":\"SearchAction\",\"target\":{\"@type\":\"EntryPoint\",\"urlTemplate\":\"https:\\\/\\\/online-ems-training.de\\\/fr\\\/?s={search_term_string}\"},\"query-input\":{\"@type\":\"PropertyValueSpecification\",\"valueRequired\":true,\"valueName\":\"search_term_string\"}}],\"inLanguage\":\"fr-FR\"}]}<\/script>\n<!-- \/ Yoast SEO plugin. -->","yoast_head_json":{"title":"Paire de c\u00e2bles magn\u00e9tiques (Mi-Bo) &#187; EMS Reparaturen + EMS Zubeh\u00f6r","robots":{"index":"index","follow":"follow","max-snippet":"max-snippet:-1","max-image-preview":"max-image-preview:large","max-video-preview":"max-video-preview:-1"},"canonical":"https:\/\/online-ems-training.de\/fr\/produkt\/cable-magnetique-mi-bo\/","og_locale":"fr_FR","og_type":"article","og_title":"Paire de c\u00e2bles magn\u00e9tiques (Mi-Bo) &#187; EMS Reparaturen + EMS Zubeh\u00f6r","og_description":"Le jeu de c\u00e2bles assure la liaison entre les points de connexion magn\u00e9tiques sur le gilet \u00e0 \u00e9lectrodes et les boutons-pression sur les \u00e9lectrodes de bras, les \u00e9lectrodes de jambes et les po-\u00e9lectrodes.","og_url":"https:\/\/online-ems-training.de\/fr\/produkt\/cable-magnetique-mi-bo\/","og_site_name":"EMS Reparaturen + EMS Zubeh\u00f6r","article_publisher":"https:\/\/www.facebook.com\/OnlineEMSTrainingShop","article_modified_time":"2024-04-30T21:23:46+00:00","og_image":[{"width":2000,"height":1500,"url":"https:\/\/i0.wp.com\/online-ems-training.de\/wp-content\/uploads\/2023\/10\/Magnet_cable_03.jpg?fit=2000%2C1500&ssl=1","type":"image\/jpeg"}],"twitter_card":"summary_large_image","schema":{"@context":"https:\/\/schema.org","@graph":[{"@type":"WebPage","@id":"https:\/\/online-ems-training.de\/fr\/produkt\/cable-magnetique-mi-bo\/","url":"https:\/\/online-ems-training.de\/fr\/produkt\/cable-magnetique-mi-bo\/","name":"Paire de c\u00e2bles magn\u00e9tiques (Mi-Bo) &#187; EMS Reparaturen + EMS Zubeh\u00f6r","isPartOf":{"@id":"https:\/\/online-ems-training.de\/fr\/#website"},"primaryImageOfPage":{"@id":"https:\/\/online-ems-training.de\/fr\/produkt\/cable-magnetique-mi-bo\/#primaryimage"},"image":{"@id":"https:\/\/online-ems-training.de\/fr\/produkt\/cable-magnetique-mi-bo\/#primaryimage"},"thumbnailUrl":"https:\/\/online-ems-training.de\/wp-content\/uploads\/2023\/10\/Magnet_cable_03.jpg","datePublished":"2023-10-02T15:28:16+00:00","dateModified":"2024-04-30T21:23:46+00:00","breadcrumb":{"@id":"https:\/\/online-ems-training.de\/fr\/produkt\/cable-magnetique-mi-bo\/#breadcrumb"},"inLanguage":"fr-FR","potentialAction":[{"@type":"ReadAction","target":["https:\/\/online-ems-training.de\/fr\/produkt\/cable-magnetique-mi-bo\/"]}]},{"@type":"ImageObject","inLanguage":"fr-FR","@id":"https:\/\/online-ems-training.de\/fr\/produkt\/cable-magnetique-mi-bo\/#primaryimage","url":"https:\/\/online-ems-training.de\/wp-content\/uploads\/2023\/10\/Magnet_cable_03.jpg","contentUrl":"https:\/\/online-ems-training.de\/wp-content\/uploads\/2023\/10\/Magnet_cable_03.jpg","width":2000,"height":1500,"caption":"C\u00e2ble magn\u00e9tique avec inscription"},{"@type":"BreadcrumbList","@id":"https:\/\/online-ems-training.de\/fr\/produkt\/cable-magnetique-mi-bo\/#breadcrumb","itemListElement":[{"@type":"ListItem","position":1,"name":"Startseite","item":"https:\/\/online-ems-training.de\/fr\/"},{"@type":"ListItem","position":2,"name":"Paire de c\u00e2bles magn\u00e9tiques (Mi-Bo)"}]},{"@type":"WebSite","@id":"https:\/\/online-ems-training.de\/fr\/#website","url":"https:\/\/online-ems-training.de\/fr\/","name":"EMS Reparaturen + EMS Zubeh\u00f6r","description":"Reparaturen und Service f\u00fcr EMS Ger\u00e4te und EMS Elektroden","potentialAction":[{"@type":"SearchAction","target":{"@type":"EntryPoint","urlTemplate":"https:\/\/online-ems-training.de\/fr\/?s={search_term_string}"},"query-input":{"@type":"PropertyValueSpecification","valueRequired":true,"valueName":"search_term_string"}}],"inLanguage":"fr-FR"}]}},"_links":{"self":[{"href":"https:\/\/online-ems-training.de\/fr\/wp-json\/wp\/v2\/product\/3121","targetHints":{"allow":["GET"]}}],"collection":[{"href":"https:\/\/online-ems-training.de\/fr\/wp-json\/wp\/v2\/product"}],"about":[{"href":"https:\/\/online-ems-training.de\/fr\/wp-json\/wp\/v2\/types\/product"}],"wp:featuredmedia":[{"embeddable":true,"href":"https:\/\/online-ems-training.de\/fr\/wp-json\/wp\/v2\/media\/3116"}],"wp:attachment":[{"href":"https:\/\/online-ems-training.de\/fr\/wp-json\/wp\/v2\/media?parent=3121"}],"wp:term":[{"taxonomy":"product_brand","embeddable":true,"href":"https:\/\/online-ems-training.de\/fr\/wp-json\/wp\/v2\/product_brand?post=3121"},{"taxonomy":"product_cat","embeddable":true,"href":"https:\/\/online-ems-training.de\/fr\/wp-json\/wp\/v2\/product_cat?post=3121"},{"taxonomy":"product_tag","embeddable":true,"href":"https:\/\/online-ems-training.de\/fr\/wp-json\/wp\/v2\/product_tag?post=3121"}],"curies":[{"name":"wp","href":"https:\/\/api.w.org\/{rel}","templated":true}]}}