{"id":3648,"date":"2025-03-31T13:52:25","date_gmt":"2025-03-31T11:52:25","guid":{"rendered":"https:\/\/online-ems-training.de\/produkt\/roton-star-appareil-dentrainement-ems\/"},"modified":"2025-03-31T13:52:25","modified_gmt":"2025-03-31T11:52:25","slug":"roton-star-appareil-dentrainement-ems","status":"publish","type":"product","link":"https:\/\/online-ems-training.de\/fr\/produkt\/roton-star-appareil-dentrainement-ems\/","title":{"rendered":"ROTON STAR Appareil d&#8217;entra\u00eenement EMS"},"content":{"rendered":"<p>Le ROTON Star EMS Home Trainer permet <strong>un entra\u00eenement EMS de qualit\u00e9 studio<\/strong> \u00e0 domicile. Cet appareil haut de gamme est maintenant disponible pour <g id=\"gid_1\">899,00 \u20ac<\/g> au lieu des 1.859,00 \u20ac habituels ! <\/p>\n<p>&nbsp;<\/p>\n<ul>\n<li>Gagnez en <strong>force, en forme et en minceur<\/strong> depuis chez vous !<\/li>\n<\/ul>\n<ul>\n<li>Seulement 3 fois par semaine  <strong>15 min. d&#8217;entra\u00eenement <\/strong>  m\u00e8nent au succ\u00e8s !<\/li>\n<\/ul>\n<ul>\n<li>Une technique professionnelle pour <strong>des r\u00e9sultats professionnels<\/strong><\/li>\n<\/ul>\n<ul>\n<li><strong>Simplicit\u00e9 d&#8217;utilisation<\/strong> et <strong>instructions d&#8217;exercices professionnelles<\/strong> incluses !<\/li>\n<\/ul>\n<p>&nbsp;<\/p>\n<p>M\u00eame \u00e0 l&#8217;ancien prix, le ROTON Star \u00e9tait l&#8217;appareil d&#8217;entra\u00eenement EMS offrant le <strong>meilleur rapport qualit\u00e9\/prix<\/strong> &#8211; cette offre limit\u00e9e dans le temps vous offre maintenant la chance de <strong>faire une bonne affaire qui ne se reproduira plus jamais !<\/strong><\/p>\n<p>&nbsp;<\/p>\n<p>Le pack complet <strong>ROTON Star pour les d\u00e9butants et les utilisateurs avanc\u00e9s<\/strong> comprend l&#8217;entra\u00eeneur EMS \u00e0 domicile Star, le jeu d&#8217;\u00e9lectrodes EMS avec le gilet et le c\u00e2ble de connexion. Ensemble, ils vous permettent de r\u00e9aliser un entra\u00eenement EMS de qualit\u00e9 professionnelle, que ce soit en d\u00e9placement, en voyage ou \u00e0 domicile.  <\/p>\n<p>Les diff\u00e9rentes paires d&#8217;\u00e9lectrodes vous permettent de travailler de mani\u00e8re cibl\u00e9e tous les grands groupes musculaires, m\u00eame dans les couches les plus profondes. Il suffit d&#8217;humidifier les \u00e9lectrodes, d&#8217;enfiler le gilet et de commencer. <\/p>\n<p>&nbsp;<\/p>\n<p>L&#8217;entra\u00eeneur EMS ROTON Star, associ\u00e9 au jeu d&#8217;\u00e9lectrodes EMS ROTON, permet un entra\u00eenement tr\u00e8s efficace et rapide <strong>en seulement 15 minutes<\/strong> pour tous les passionn\u00e9s d&#8217;EMS \u00e0 domicile.<\/p>\n<div>\n<h3 class=\"cch3black\"><\/h3>\n<h3 class=\"cch3black\">VOTRE TAILLE PARFAITE<\/h3>\n<div>\n<p>&nbsp;<\/p>\n<p>Le set complet d&#8217;\u00e9lectrodes, compos\u00e9 d&#8217;un gilet, d&#8217;\u00e9lectrodes pour les bras, les jambes et les fesses, a \u00e9t\u00e9 con\u00e7u pour les appareils EMS ROTON. Le kit complet est disponible en diff\u00e9rentes tailles afin que chaque silhouette puisse trouver les \u00e9lectrodes qui lui conviennent. Le faisceau de c\u00e2bles est \u00e9galement inclus dans ce pack.  <\/p>\n<\/div>\n<\/div>\n","protected":false},"excerpt":{"rendered":"<p>L&#8217;appareil d&#8217;entra\u00eenement EMS \u00e0 domicile ROTON Star vous permet de faire des exercices EMS de qualit\u00e9 studio chez vous. Il suffit d&#8217;allumer le ROTON Star, d&#8217;enfiler le set d&#8217;\u00e9lectrodes et de gilets EMS ROTON Star et l&#8217;entra\u00eenement peut commencer. Avec la mise en place et l&#8217;humidification faciles des \u00e9lectrodes, vous r\u00e9duisez en outre le temps de pr\u00e9paration de votre entra\u00eenement EMS \u00e0 un minimum. Le ROTON Star vous permet de vous entra\u00eener de mani\u00e8re tr\u00e8s efficace et de gagner du temps en seulement 15 minutes, o\u00f9 que vous soyez.   <\/p>\n","protected":false},"featured_media":3264,"template":"","meta":[],"product_brand":[],"product_cat":[414],"product_tag":[418,410,411],"class_list":{"0":"post-3648","1":"product","2":"type-product","3":"status-publish","4":"has-post-thumbnail","6":"product_cat-appareils-dentrainement-ems","7":"product_tag-appareil-ems","8":"product_tag-ems-fr","9":"product_tag-set-delectrodes","11":"first","12":"instock","13":"sale","14":"taxable","15":"shipping-taxable","16":"purchasable","17":"product-type-variable"},"yoast_head":"<!-- This site is optimized with the Yoast SEO plugin v27.4 - https:\/\/yoast.com\/product\/yoast-seo-wordpress\/ -->\n<title>ROTON STAR Appareil d&#039;entra\u00eenement EMS &#187; EMS Reparaturen + EMS Zubeh\u00f6r<\/title>\n<meta name=\"robots\" content=\"index, follow, max-snippet:-1, max-image-preview:large, max-video-preview:-1\" \/>\n<link rel=\"canonical\" href=\"https:\/\/online-ems-training.de\/fr\/produkt\/roton-star-appareil-dentrainement-ems\/\" \/>\n<meta property=\"og:locale\" content=\"fr_FR\" \/>\n<meta property=\"og:type\" content=\"article\" \/>\n<meta property=\"og:title\" content=\"ROTON STAR Appareil d&#039;entra\u00eenement EMS &#187; EMS Reparaturen + EMS Zubeh\u00f6r\" \/>\n<meta property=\"og:description\" content=\"L&#039;appareil d&#039;entra\u00eenement EMS \u00e0 domicile ROTON Star vous permet de faire des exercices EMS de qualit\u00e9 studio chez vous. Il suffit d&#039;allumer le ROTON Star, d&#039;enfiler le set d&#039;\u00e9lectrodes et de gilets EMS ROTON Star et l&#039;entra\u00eenement peut commencer. Avec la mise en place et l&#039;humidification faciles des \u00e9lectrodes, vous r\u00e9duisez en outre le temps de pr\u00e9paration de votre entra\u00eenement EMS \u00e0 un minimum. Le ROTON Star vous permet de vous entra\u00eener de mani\u00e8re tr\u00e8s efficace et de gagner du temps en seulement 15 minutes, o\u00f9 que vous soyez.\" \/>\n<meta property=\"og:url\" content=\"https:\/\/online-ems-training.de\/fr\/produkt\/roton-star-appareil-dentrainement-ems\/\" \/>\n<meta property=\"og:site_name\" content=\"EMS Reparaturen + EMS Zubeh\u00f6r\" \/>\n<meta property=\"article:publisher\" content=\"https:\/\/www.facebook.com\/OnlineEMSTrainingShop\" \/>\n<meta property=\"og:image\" content=\"https:\/\/online-ems-training.de\/wp-content\/uploads\/2025\/03\/ems-roton-star-komplettset-groesse.jpg\" \/>\n\t<meta property=\"og:image:width\" content=\"600\" \/>\n\t<meta property=\"og:image:height\" content=\"600\" \/>\n\t<meta property=\"og:image:type\" content=\"image\/jpeg\" \/>\n<meta name=\"twitter:card\" content=\"summary_large_image\" \/>\n<meta name=\"twitter:label1\" content=\"Dur\u00e9e de lecture estim\u00e9e\" \/>\n\t<meta name=\"twitter:data1\" content=\"2 minutes\" \/>\n<script type=\"application\/ld+json\" class=\"yoast-schema-graph\">{\"@context\":\"https:\\\/\\\/schema.org\",\"@graph\":[{\"@type\":\"WebPage\",\"@id\":\"https:\\\/\\\/online-ems-training.de\\\/fr\\\/produkt\\\/roton-star-appareil-dentrainement-ems\\\/\",\"url\":\"https:\\\/\\\/online-ems-training.de\\\/fr\\\/produkt\\\/roton-star-appareil-dentrainement-ems\\\/\",\"name\":\"ROTON STAR Appareil d'entra\u00eenement EMS &#187; EMS Reparaturen + EMS Zubeh\u00f6r\",\"isPartOf\":{\"@id\":\"https:\\\/\\\/online-ems-training.de\\\/fr\\\/#website\"},\"primaryImageOfPage\":{\"@id\":\"https:\\\/\\\/online-ems-training.de\\\/fr\\\/produkt\\\/roton-star-appareil-dentrainement-ems\\\/#primaryimage\"},\"image\":{\"@id\":\"https:\\\/\\\/online-ems-training.de\\\/fr\\\/produkt\\\/roton-star-appareil-dentrainement-ems\\\/#primaryimage\"},\"thumbnailUrl\":\"https:\\\/\\\/online-ems-training.de\\\/wp-content\\\/uploads\\\/2025\\\/03\\\/ems-roton-star-komplettset-groesse.jpg\",\"datePublished\":\"2025-03-31T11:52:25+00:00\",\"breadcrumb\":{\"@id\":\"https:\\\/\\\/online-ems-training.de\\\/fr\\\/produkt\\\/roton-star-appareil-dentrainement-ems\\\/#breadcrumb\"},\"inLanguage\":\"fr-FR\",\"potentialAction\":[{\"@type\":\"ReadAction\",\"target\":[\"https:\\\/\\\/online-ems-training.de\\\/fr\\\/produkt\\\/roton-star-appareil-dentrainement-ems\\\/\"]}]},{\"@type\":\"ImageObject\",\"inLanguage\":\"fr-FR\",\"@id\":\"https:\\\/\\\/online-ems-training.de\\\/fr\\\/produkt\\\/roton-star-appareil-dentrainement-ems\\\/#primaryimage\",\"url\":\"https:\\\/\\\/online-ems-training.de\\\/wp-content\\\/uploads\\\/2025\\\/03\\\/ems-roton-star-komplettset-groesse.jpg\",\"contentUrl\":\"https:\\\/\\\/online-ems-training.de\\\/wp-content\\\/uploads\\\/2025\\\/03\\\/ems-roton-star-komplettset-groesse.jpg\",\"width\":600,\"height\":600,\"caption\":\"ROTON Star Kit complet\"},{\"@type\":\"BreadcrumbList\",\"@id\":\"https:\\\/\\\/online-ems-training.de\\\/fr\\\/produkt\\\/roton-star-appareil-dentrainement-ems\\\/#breadcrumb\",\"itemListElement\":[{\"@type\":\"ListItem\",\"position\":1,\"name\":\"Startseite\",\"item\":\"https:\\\/\\\/online-ems-training.de\\\/fr\\\/\"},{\"@type\":\"ListItem\",\"position\":2,\"name\":\"ROTON STAR Appareil d&#8217;entra\u00eenement EMS\"}]},{\"@type\":\"WebSite\",\"@id\":\"https:\\\/\\\/online-ems-training.de\\\/fr\\\/#website\",\"url\":\"https:\\\/\\\/online-ems-training.de\\\/fr\\\/\",\"name\":\"EMS Reparaturen + EMS Zubeh\u00f6r\",\"description\":\"Reparaturen und Service f\u00fcr EMS Ger\u00e4te und EMS Elektroden\",\"potentialAction\":[{\"@type\":\"SearchAction\",\"target\":{\"@type\":\"EntryPoint\",\"urlTemplate\":\"https:\\\/\\\/online-ems-training.de\\\/fr\\\/?s={search_term_string}\"},\"query-input\":{\"@type\":\"PropertyValueSpecification\",\"valueRequired\":true,\"valueName\":\"search_term_string\"}}],\"inLanguage\":\"fr-FR\"}]}<\/script>\n<!-- \/ Yoast SEO plugin. -->","yoast_head_json":{"title":"ROTON STAR Appareil d'entra\u00eenement EMS &#187; EMS Reparaturen + EMS Zubeh\u00f6r","robots":{"index":"index","follow":"follow","max-snippet":"max-snippet:-1","max-image-preview":"max-image-preview:large","max-video-preview":"max-video-preview:-1"},"canonical":"https:\/\/online-ems-training.de\/fr\/produkt\/roton-star-appareil-dentrainement-ems\/","og_locale":"fr_FR","og_type":"article","og_title":"ROTON STAR Appareil d'entra\u00eenement EMS &#187; EMS Reparaturen + EMS Zubeh\u00f6r","og_description":"L'appareil d'entra\u00eenement EMS \u00e0 domicile ROTON Star vous permet de faire des exercices EMS de qualit\u00e9 studio chez vous. Il suffit d'allumer le ROTON Star, d'enfiler le set d'\u00e9lectrodes et de gilets EMS ROTON Star et l'entra\u00eenement peut commencer. Avec la mise en place et l'humidification faciles des \u00e9lectrodes, vous r\u00e9duisez en outre le temps de pr\u00e9paration de votre entra\u00eenement EMS \u00e0 un minimum. Le ROTON Star vous permet de vous entra\u00eener de mani\u00e8re tr\u00e8s efficace et de gagner du temps en seulement 15 minutes, o\u00f9 que vous soyez.","og_url":"https:\/\/online-ems-training.de\/fr\/produkt\/roton-star-appareil-dentrainement-ems\/","og_site_name":"EMS Reparaturen + EMS Zubeh\u00f6r","article_publisher":"https:\/\/www.facebook.com\/OnlineEMSTrainingShop","og_image":[{"width":600,"height":600,"url":"https:\/\/online-ems-training.de\/wp-content\/uploads\/2025\/03\/ems-roton-star-komplettset-groesse.jpg","type":"image\/jpeg"}],"twitter_card":"summary_large_image","twitter_misc":{"Dur\u00e9e de lecture estim\u00e9e":"2 minutes"},"schema":{"@context":"https:\/\/schema.org","@graph":[{"@type":"WebPage","@id":"https:\/\/online-ems-training.de\/fr\/produkt\/roton-star-appareil-dentrainement-ems\/","url":"https:\/\/online-ems-training.de\/fr\/produkt\/roton-star-appareil-dentrainement-ems\/","name":"ROTON STAR Appareil d'entra\u00eenement EMS &#187; EMS Reparaturen + EMS Zubeh\u00f6r","isPartOf":{"@id":"https:\/\/online-ems-training.de\/fr\/#website"},"primaryImageOfPage":{"@id":"https:\/\/online-ems-training.de\/fr\/produkt\/roton-star-appareil-dentrainement-ems\/#primaryimage"},"image":{"@id":"https:\/\/online-ems-training.de\/fr\/produkt\/roton-star-appareil-dentrainement-ems\/#primaryimage"},"thumbnailUrl":"https:\/\/online-ems-training.de\/wp-content\/uploads\/2025\/03\/ems-roton-star-komplettset-groesse.jpg","datePublished":"2025-03-31T11:52:25+00:00","breadcrumb":{"@id":"https:\/\/online-ems-training.de\/fr\/produkt\/roton-star-appareil-dentrainement-ems\/#breadcrumb"},"inLanguage":"fr-FR","potentialAction":[{"@type":"ReadAction","target":["https:\/\/online-ems-training.de\/fr\/produkt\/roton-star-appareil-dentrainement-ems\/"]}]},{"@type":"ImageObject","inLanguage":"fr-FR","@id":"https:\/\/online-ems-training.de\/fr\/produkt\/roton-star-appareil-dentrainement-ems\/#primaryimage","url":"https:\/\/online-ems-training.de\/wp-content\/uploads\/2025\/03\/ems-roton-star-komplettset-groesse.jpg","contentUrl":"https:\/\/online-ems-training.de\/wp-content\/uploads\/2025\/03\/ems-roton-star-komplettset-groesse.jpg","width":600,"height":600,"caption":"ROTON Star Kit complet"},{"@type":"BreadcrumbList","@id":"https:\/\/online-ems-training.de\/fr\/produkt\/roton-star-appareil-dentrainement-ems\/#breadcrumb","itemListElement":[{"@type":"ListItem","position":1,"name":"Startseite","item":"https:\/\/online-ems-training.de\/fr\/"},{"@type":"ListItem","position":2,"name":"ROTON STAR Appareil d&#8217;entra\u00eenement EMS"}]},{"@type":"WebSite","@id":"https:\/\/online-ems-training.de\/fr\/#website","url":"https:\/\/online-ems-training.de\/fr\/","name":"EMS Reparaturen + EMS Zubeh\u00f6r","description":"Reparaturen und Service f\u00fcr EMS Ger\u00e4te und EMS Elektroden","potentialAction":[{"@type":"SearchAction","target":{"@type":"EntryPoint","urlTemplate":"https:\/\/online-ems-training.de\/fr\/?s={search_term_string}"},"query-input":{"@type":"PropertyValueSpecification","valueRequired":true,"valueName":"search_term_string"}}],"inLanguage":"fr-FR"}]}},"_links":{"self":[{"href":"https:\/\/online-ems-training.de\/fr\/wp-json\/wp\/v2\/product\/3648","targetHints":{"allow":["GET"]}}],"collection":[{"href":"https:\/\/online-ems-training.de\/fr\/wp-json\/wp\/v2\/product"}],"about":[{"href":"https:\/\/online-ems-training.de\/fr\/wp-json\/wp\/v2\/types\/product"}],"wp:featuredmedia":[{"embeddable":true,"href":"https:\/\/online-ems-training.de\/fr\/wp-json\/wp\/v2\/media\/3264"}],"wp:attachment":[{"href":"https:\/\/online-ems-training.de\/fr\/wp-json\/wp\/v2\/media?parent=3648"}],"wp:term":[{"taxonomy":"product_brand","embeddable":true,"href":"https:\/\/online-ems-training.de\/fr\/wp-json\/wp\/v2\/product_brand?post=3648"},{"taxonomy":"product_cat","embeddable":true,"href":"https:\/\/online-ems-training.de\/fr\/wp-json\/wp\/v2\/product_cat?post=3648"},{"taxonomy":"product_tag","embeddable":true,"href":"https:\/\/online-ems-training.de\/fr\/wp-json\/wp\/v2\/product_tag?post=3648"}],"curies":[{"name":"wp","href":"https:\/\/api.w.org\/{rel}","templated":true}]}}