{"id":3660,"date":"2025-07-18T09:26:16","date_gmt":"2025-07-18T07:26:16","guid":{"rendered":"https:\/\/online-ems-training.de\/produkt\/remise-a-neuf-aimant-cable-bras-jambes\/"},"modified":"2025-07-18T09:26:16","modified_gmt":"2025-07-18T07:26:16","slug":"remise-a-neuf-aimant-cable-bras-jambes","status":"publish","type":"product","link":"https:\/\/online-ems-training.de\/fr\/produkt\/remise-a-neuf-aimant-cable-bras-jambes\/","title":{"rendered":"Remise \u00e0 neuf &#8220;aimant&#8221; c\u00e2ble bras\/ jambes"},"content":{"rendered":"<p>Le remplacement du c\u00e2ble, du bouton-poussoir, de nouvelles broches \u00e0 ressort et le collage de la t\u00eate magn\u00e9tique.<\/p>\n","protected":false},"excerpt":{"rendered":"<p>Le remplacement du c\u00e2ble, du bouton-poussoir, de nouvelles broches \u00e0 ressort et le collage de la t\u00eate magn\u00e9tique.<\/p>\n","protected":false},"featured_media":3422,"template":"","meta":[],"product_brand":[],"product_cat":[421],"product_tag":[],"class_list":{"0":"post-3660","1":"product","2":"type-product","3":"status-publish","4":"has-post-thumbnail","6":"product_cat-service-et-reparations","8":"first","9":"instock","10":"taxable","11":"shipping-taxable","12":"purchasable","13":"product-type-simple"},"yoast_head":"<!-- This site is optimized with the Yoast SEO plugin v27.4 - https:\/\/yoast.com\/product\/yoast-seo-wordpress\/ -->\n<title>Remise \u00e0 neuf &quot;aimant&quot; c\u00e2ble bras\/ jambes &#187; EMS Reparaturen + EMS Zubeh\u00f6r<\/title>\n<meta name=\"description\" content=\"Le remplacement du c\u00e2ble, du bouton-poussoir, de nouvelles broches \u00e0 ressort et le collage de la t\u00eate magn\u00e9tique.\" \/>\n<meta name=\"robots\" content=\"index, follow, max-snippet:-1, max-image-preview:large, max-video-preview:-1\" \/>\n<link rel=\"canonical\" href=\"https:\/\/online-ems-training.de\/fr\/produkt\/remise-a-neuf-aimant-cable-bras-jambes\/\" \/>\n<meta property=\"og:locale\" content=\"fr_FR\" \/>\n<meta property=\"og:type\" content=\"article\" \/>\n<meta property=\"og:title\" content=\"Remise \u00e0 neuf &quot;aimant&quot; c\u00e2ble bras\/ jambes &#187; EMS Reparaturen + EMS Zubeh\u00f6r\" \/>\n<meta property=\"og:description\" content=\"Le remplacement du c\u00e2ble, du bouton-poussoir, de nouvelles broches \u00e0 ressort et le collage de la t\u00eate magn\u00e9tique.\" \/>\n<meta property=\"og:url\" content=\"https:\/\/online-ems-training.de\/fr\/produkt\/remise-a-neuf-aimant-cable-bras-jambes\/\" \/>\n<meta property=\"og:site_name\" content=\"EMS Reparaturen + EMS Zubeh\u00f6r\" \/>\n<meta property=\"article:publisher\" content=\"https:\/\/www.facebook.com\/OnlineEMSTrainingShop\" \/>\n<meta property=\"og:image\" content=\"https:\/\/online-ems-training.de\/wp-content\/uploads\/2025\/07\/WhatsApp-Bild-2025-07-15-um-15.44.36_667a40df.jpg\" \/>\n\t<meta property=\"og:image:width\" content=\"1536\" \/>\n\t<meta property=\"og:image:height\" content=\"2048\" \/>\n\t<meta property=\"og:image:type\" content=\"image\/jpeg\" \/>\n<meta name=\"twitter:card\" content=\"summary_large_image\" \/>\n<script type=\"application\/ld+json\" class=\"yoast-schema-graph\">{\"@context\":\"https:\\\/\\\/schema.org\",\"@graph\":[{\"@type\":\"WebPage\",\"@id\":\"https:\\\/\\\/online-ems-training.de\\\/fr\\\/produkt\\\/remise-a-neuf-aimant-cable-bras-jambes\\\/\",\"url\":\"https:\\\/\\\/online-ems-training.de\\\/fr\\\/produkt\\\/remise-a-neuf-aimant-cable-bras-jambes\\\/\",\"name\":\"Remise \u00e0 neuf \\\"aimant\\\" c\u00e2ble bras\\\/ jambes &#187; EMS Reparaturen + EMS Zubeh\u00f6r\",\"isPartOf\":{\"@id\":\"https:\\\/\\\/online-ems-training.de\\\/fr\\\/#website\"},\"primaryImageOfPage\":{\"@id\":\"https:\\\/\\\/online-ems-training.de\\\/fr\\\/produkt\\\/remise-a-neuf-aimant-cable-bras-jambes\\\/#primaryimage\"},\"image\":{\"@id\":\"https:\\\/\\\/online-ems-training.de\\\/fr\\\/produkt\\\/remise-a-neuf-aimant-cable-bras-jambes\\\/#primaryimage\"},\"thumbnailUrl\":\"https:\\\/\\\/online-ems-training.de\\\/wp-content\\\/uploads\\\/2025\\\/07\\\/WhatsApp-Bild-2025-07-15-um-15.44.36_667a40df.jpg\",\"datePublished\":\"2025-07-18T07:26:16+00:00\",\"description\":\"Le remplacement du c\u00e2ble, du bouton-poussoir, de nouvelles broches \u00e0 ressort et le collage de la t\u00eate magn\u00e9tique.\",\"breadcrumb\":{\"@id\":\"https:\\\/\\\/online-ems-training.de\\\/fr\\\/produkt\\\/remise-a-neuf-aimant-cable-bras-jambes\\\/#breadcrumb\"},\"inLanguage\":\"fr-FR\",\"potentialAction\":[{\"@type\":\"ReadAction\",\"target\":[\"https:\\\/\\\/online-ems-training.de\\\/fr\\\/produkt\\\/remise-a-neuf-aimant-cable-bras-jambes\\\/\"]}]},{\"@type\":\"ImageObject\",\"inLanguage\":\"fr-FR\",\"@id\":\"https:\\\/\\\/online-ems-training.de\\\/fr\\\/produkt\\\/remise-a-neuf-aimant-cable-bras-jambes\\\/#primaryimage\",\"url\":\"https:\\\/\\\/online-ems-training.de\\\/wp-content\\\/uploads\\\/2025\\\/07\\\/WhatsApp-Bild-2025-07-15-um-15.44.36_667a40df.jpg\",\"contentUrl\":\"https:\\\/\\\/online-ems-training.de\\\/wp-content\\\/uploads\\\/2025\\\/07\\\/WhatsApp-Bild-2025-07-15-um-15.44.36_667a40df.jpg\",\"width\":1536,\"height\":2048},{\"@type\":\"BreadcrumbList\",\"@id\":\"https:\\\/\\\/online-ems-training.de\\\/fr\\\/produkt\\\/remise-a-neuf-aimant-cable-bras-jambes\\\/#breadcrumb\",\"itemListElement\":[{\"@type\":\"ListItem\",\"position\":1,\"name\":\"Startseite\",\"item\":\"https:\\\/\\\/online-ems-training.de\\\/fr\\\/\"},{\"@type\":\"ListItem\",\"position\":2,\"name\":\"Remise \u00e0 neuf &#8220;aimant&#8221; c\u00e2ble bras\\\/ jambes\"}]},{\"@type\":\"WebSite\",\"@id\":\"https:\\\/\\\/online-ems-training.de\\\/fr\\\/#website\",\"url\":\"https:\\\/\\\/online-ems-training.de\\\/fr\\\/\",\"name\":\"EMS Reparaturen + EMS Zubeh\u00f6r\",\"description\":\"Reparaturen und Service f\u00fcr EMS Ger\u00e4te und EMS Elektroden\",\"potentialAction\":[{\"@type\":\"SearchAction\",\"target\":{\"@type\":\"EntryPoint\",\"urlTemplate\":\"https:\\\/\\\/online-ems-training.de\\\/fr\\\/?s={search_term_string}\"},\"query-input\":{\"@type\":\"PropertyValueSpecification\",\"valueRequired\":true,\"valueName\":\"search_term_string\"}}],\"inLanguage\":\"fr-FR\"}]}<\/script>\n<!-- \/ Yoast SEO plugin. -->","yoast_head_json":{"title":"Remise \u00e0 neuf \"aimant\" c\u00e2ble bras\/ jambes &#187; EMS Reparaturen + EMS Zubeh\u00f6r","description":"Le remplacement du c\u00e2ble, du bouton-poussoir, de nouvelles broches \u00e0 ressort et le collage de la t\u00eate magn\u00e9tique.","robots":{"index":"index","follow":"follow","max-snippet":"max-snippet:-1","max-image-preview":"max-image-preview:large","max-video-preview":"max-video-preview:-1"},"canonical":"https:\/\/online-ems-training.de\/fr\/produkt\/remise-a-neuf-aimant-cable-bras-jambes\/","og_locale":"fr_FR","og_type":"article","og_title":"Remise \u00e0 neuf \"aimant\" c\u00e2ble bras\/ jambes &#187; EMS Reparaturen + EMS Zubeh\u00f6r","og_description":"Le remplacement du c\u00e2ble, du bouton-poussoir, de nouvelles broches \u00e0 ressort et le collage de la t\u00eate magn\u00e9tique.","og_url":"https:\/\/online-ems-training.de\/fr\/produkt\/remise-a-neuf-aimant-cable-bras-jambes\/","og_site_name":"EMS Reparaturen + EMS Zubeh\u00f6r","article_publisher":"https:\/\/www.facebook.com\/OnlineEMSTrainingShop","og_image":[{"width":1536,"height":2048,"url":"https:\/\/online-ems-training.de\/wp-content\/uploads\/2025\/07\/WhatsApp-Bild-2025-07-15-um-15.44.36_667a40df.jpg","type":"image\/jpeg"}],"twitter_card":"summary_large_image","schema":{"@context":"https:\/\/schema.org","@graph":[{"@type":"WebPage","@id":"https:\/\/online-ems-training.de\/fr\/produkt\/remise-a-neuf-aimant-cable-bras-jambes\/","url":"https:\/\/online-ems-training.de\/fr\/produkt\/remise-a-neuf-aimant-cable-bras-jambes\/","name":"Remise \u00e0 neuf \"aimant\" c\u00e2ble bras\/ jambes &#187; EMS Reparaturen + EMS Zubeh\u00f6r","isPartOf":{"@id":"https:\/\/online-ems-training.de\/fr\/#website"},"primaryImageOfPage":{"@id":"https:\/\/online-ems-training.de\/fr\/produkt\/remise-a-neuf-aimant-cable-bras-jambes\/#primaryimage"},"image":{"@id":"https:\/\/online-ems-training.de\/fr\/produkt\/remise-a-neuf-aimant-cable-bras-jambes\/#primaryimage"},"thumbnailUrl":"https:\/\/online-ems-training.de\/wp-content\/uploads\/2025\/07\/WhatsApp-Bild-2025-07-15-um-15.44.36_667a40df.jpg","datePublished":"2025-07-18T07:26:16+00:00","description":"Le remplacement du c\u00e2ble, du bouton-poussoir, de nouvelles broches \u00e0 ressort et le collage de la t\u00eate magn\u00e9tique.","breadcrumb":{"@id":"https:\/\/online-ems-training.de\/fr\/produkt\/remise-a-neuf-aimant-cable-bras-jambes\/#breadcrumb"},"inLanguage":"fr-FR","potentialAction":[{"@type":"ReadAction","target":["https:\/\/online-ems-training.de\/fr\/produkt\/remise-a-neuf-aimant-cable-bras-jambes\/"]}]},{"@type":"ImageObject","inLanguage":"fr-FR","@id":"https:\/\/online-ems-training.de\/fr\/produkt\/remise-a-neuf-aimant-cable-bras-jambes\/#primaryimage","url":"https:\/\/online-ems-training.de\/wp-content\/uploads\/2025\/07\/WhatsApp-Bild-2025-07-15-um-15.44.36_667a40df.jpg","contentUrl":"https:\/\/online-ems-training.de\/wp-content\/uploads\/2025\/07\/WhatsApp-Bild-2025-07-15-um-15.44.36_667a40df.jpg","width":1536,"height":2048},{"@type":"BreadcrumbList","@id":"https:\/\/online-ems-training.de\/fr\/produkt\/remise-a-neuf-aimant-cable-bras-jambes\/#breadcrumb","itemListElement":[{"@type":"ListItem","position":1,"name":"Startseite","item":"https:\/\/online-ems-training.de\/fr\/"},{"@type":"ListItem","position":2,"name":"Remise \u00e0 neuf &#8220;aimant&#8221; c\u00e2ble bras\/ jambes"}]},{"@type":"WebSite","@id":"https:\/\/online-ems-training.de\/fr\/#website","url":"https:\/\/online-ems-training.de\/fr\/","name":"EMS Reparaturen + EMS Zubeh\u00f6r","description":"Reparaturen und Service f\u00fcr EMS Ger\u00e4te und EMS Elektroden","potentialAction":[{"@type":"SearchAction","target":{"@type":"EntryPoint","urlTemplate":"https:\/\/online-ems-training.de\/fr\/?s={search_term_string}"},"query-input":{"@type":"PropertyValueSpecification","valueRequired":true,"valueName":"search_term_string"}}],"inLanguage":"fr-FR"}]}},"_links":{"self":[{"href":"https:\/\/online-ems-training.de\/fr\/wp-json\/wp\/v2\/product\/3660","targetHints":{"allow":["GET"]}}],"collection":[{"href":"https:\/\/online-ems-training.de\/fr\/wp-json\/wp\/v2\/product"}],"about":[{"href":"https:\/\/online-ems-training.de\/fr\/wp-json\/wp\/v2\/types\/product"}],"wp:featuredmedia":[{"embeddable":true,"href":"https:\/\/online-ems-training.de\/fr\/wp-json\/wp\/v2\/media\/3422"}],"wp:attachment":[{"href":"https:\/\/online-ems-training.de\/fr\/wp-json\/wp\/v2\/media?parent=3660"}],"wp:term":[{"taxonomy":"product_brand","embeddable":true,"href":"https:\/\/online-ems-training.de\/fr\/wp-json\/wp\/v2\/product_brand?post=3660"},{"taxonomy":"product_cat","embeddable":true,"href":"https:\/\/online-ems-training.de\/fr\/wp-json\/wp\/v2\/product_cat?post=3660"},{"taxonomy":"product_tag","embeddable":true,"href":"https:\/\/online-ems-training.de\/fr\/wp-json\/wp\/v2\/product_tag?post=3660"}],"curies":[{"name":"wp","href":"https:\/\/api.w.org\/{rel}","templated":true}]}}