{"id":3666,"date":"2025-07-17T15:57:32","date_gmt":"2025-07-17T13:57:32","guid":{"rendered":"https:\/\/online-ems-training.de\/produkt\/electrodes-pour-le-cou\/"},"modified":"2025-07-17T15:57:32","modified_gmt":"2025-07-17T13:57:32","slug":"electrodes-pour-le-cou","status":"publish","type":"product","link":"https:\/\/online-ems-training.de\/fr\/produkt\/electrodes-pour-le-cou\/","title":{"rendered":"Electrodes pour le cou"},"content":{"rendered":"<p>une paire d&#8217;\u00e9lectrodes suppl\u00e9mentaires pour le cou (\u00e9lectrodes pour le cou).<\/p>\n<p>Aide \u00e0 soulager les douleurs cervicales, la circulation sanguine et le m\u00e9tabolisme. En faisant mieux travailler le muscle trap\u00e8ze sup\u00e9rieur. <\/p>\n<p>de dimensions 13,5 x 5,5cm.<\/p>\n<p>Pour la connexion aux canaux 9 et 10<\/p>\n","protected":false},"excerpt":{"rendered":"<p>une paire d&#8217;\u00e9lectrodes suppl\u00e9mentaires pour le cou.<\/p>\n","protected":false},"featured_media":3456,"template":"","meta":[],"product_brand":[],"product_cat":[408],"product_tag":[],"class_list":{"0":"post-3666","1":"product","2":"type-product","3":"status-publish","4":"has-post-thumbnail","6":"product_cat-electrodes-ems","8":"first","9":"instock","10":"taxable","11":"shipping-taxable","12":"purchasable","13":"product-type-simple"},"yoast_head":"<!-- This site is optimized with the Yoast SEO plugin v27.4 - https:\/\/yoast.com\/product\/yoast-seo-wordpress\/ -->\n<title>Electrodes pour le cou &#187; EMS Reparaturen + EMS Zubeh\u00f6r<\/title>\n<meta name=\"description\" content=\"une paire d&#039;\u00e9lectrodes suppl\u00e9mentaires pour la nuque (\u00e9lectrodes pour la nuque), pour aider \u00e0 soulager les douleurs cervicales, la circulation sanguine et le m\u00e9tabolisme. En faisant mieux travailler le muscle trap\u00e8ze sup\u00e9rieur.\" \/>\n<meta name=\"robots\" content=\"index, follow, max-snippet:-1, max-image-preview:large, max-video-preview:-1\" \/>\n<link rel=\"canonical\" href=\"https:\/\/online-ems-training.de\/fr\/produkt\/electrodes-pour-le-cou\/\" \/>\n<meta property=\"og:locale\" content=\"fr_FR\" \/>\n<meta property=\"og:type\" content=\"article\" \/>\n<meta property=\"og:title\" content=\"Electrodes pour le cou &#187; EMS Reparaturen + EMS Zubeh\u00f6r\" \/>\n<meta property=\"og:description\" content=\"une paire d&#039;\u00e9lectrodes suppl\u00e9mentaires pour la nuque (\u00e9lectrodes pour la nuque), pour aider \u00e0 soulager les douleurs cervicales, la circulation sanguine et le m\u00e9tabolisme. En faisant mieux travailler le muscle trap\u00e8ze sup\u00e9rieur.\" \/>\n<meta property=\"og:url\" content=\"https:\/\/online-ems-training.de\/fr\/produkt\/electrodes-pour-le-cou\/\" \/>\n<meta property=\"og:site_name\" content=\"EMS Reparaturen + EMS Zubeh\u00f6r\" \/>\n<meta property=\"article:publisher\" content=\"https:\/\/www.facebook.com\/OnlineEMSTrainingShop\" \/>\n<meta property=\"og:image\" content=\"https:\/\/online-ems-training.de\/wp-content\/uploads\/2025\/07\/WhatsApp-Bild-2025-07-16-um-15.01.39_0bafb545.jpg\" \/>\n\t<meta property=\"og:image:width\" content=\"1536\" \/>\n\t<meta property=\"og:image:height\" content=\"2048\" \/>\n\t<meta property=\"og:image:type\" content=\"image\/jpeg\" \/>\n<meta name=\"twitter:card\" content=\"summary_large_image\" \/>\n<script type=\"application\/ld+json\" class=\"yoast-schema-graph\">{\"@context\":\"https:\\\/\\\/schema.org\",\"@graph\":[{\"@type\":\"WebPage\",\"@id\":\"https:\\\/\\\/online-ems-training.de\\\/fr\\\/produkt\\\/electrodes-pour-le-cou\\\/\",\"url\":\"https:\\\/\\\/online-ems-training.de\\\/fr\\\/produkt\\\/electrodes-pour-le-cou\\\/\",\"name\":\"Electrodes pour le cou &#187; EMS Reparaturen + EMS Zubeh\u00f6r\",\"isPartOf\":{\"@id\":\"https:\\\/\\\/online-ems-training.de\\\/fr\\\/#website\"},\"primaryImageOfPage\":{\"@id\":\"https:\\\/\\\/online-ems-training.de\\\/fr\\\/produkt\\\/electrodes-pour-le-cou\\\/#primaryimage\"},\"image\":{\"@id\":\"https:\\\/\\\/online-ems-training.de\\\/fr\\\/produkt\\\/electrodes-pour-le-cou\\\/#primaryimage\"},\"thumbnailUrl\":\"https:\\\/\\\/online-ems-training.de\\\/wp-content\\\/uploads\\\/2025\\\/07\\\/WhatsApp-Bild-2025-07-16-um-15.01.39_0bafb545.jpg\",\"datePublished\":\"2025-07-17T13:57:32+00:00\",\"description\":\"une paire d'\u00e9lectrodes suppl\u00e9mentaires pour la nuque (\u00e9lectrodes pour la nuque), pour aider \u00e0 soulager les douleurs cervicales, la circulation sanguine et le m\u00e9tabolisme. En faisant mieux travailler le muscle trap\u00e8ze sup\u00e9rieur.\",\"breadcrumb\":{\"@id\":\"https:\\\/\\\/online-ems-training.de\\\/fr\\\/produkt\\\/electrodes-pour-le-cou\\\/#breadcrumb\"},\"inLanguage\":\"fr-FR\",\"potentialAction\":[{\"@type\":\"ReadAction\",\"target\":[\"https:\\\/\\\/online-ems-training.de\\\/fr\\\/produkt\\\/electrodes-pour-le-cou\\\/\"]}]},{\"@type\":\"ImageObject\",\"inLanguage\":\"fr-FR\",\"@id\":\"https:\\\/\\\/online-ems-training.de\\\/fr\\\/produkt\\\/electrodes-pour-le-cou\\\/#primaryimage\",\"url\":\"https:\\\/\\\/online-ems-training.de\\\/wp-content\\\/uploads\\\/2025\\\/07\\\/WhatsApp-Bild-2025-07-16-um-15.01.39_0bafb545.jpg\",\"contentUrl\":\"https:\\\/\\\/online-ems-training.de\\\/wp-content\\\/uploads\\\/2025\\\/07\\\/WhatsApp-Bild-2025-07-16-um-15.01.39_0bafb545.jpg\",\"width\":1536,\"height\":2048},{\"@type\":\"BreadcrumbList\",\"@id\":\"https:\\\/\\\/online-ems-training.de\\\/fr\\\/produkt\\\/electrodes-pour-le-cou\\\/#breadcrumb\",\"itemListElement\":[{\"@type\":\"ListItem\",\"position\":1,\"name\":\"Startseite\",\"item\":\"https:\\\/\\\/online-ems-training.de\\\/fr\\\/\"},{\"@type\":\"ListItem\",\"position\":2,\"name\":\"Electrodes pour le cou\"}]},{\"@type\":\"WebSite\",\"@id\":\"https:\\\/\\\/online-ems-training.de\\\/fr\\\/#website\",\"url\":\"https:\\\/\\\/online-ems-training.de\\\/fr\\\/\",\"name\":\"EMS Reparaturen + EMS Zubeh\u00f6r\",\"description\":\"Reparaturen und Service f\u00fcr EMS Ger\u00e4te und EMS Elektroden\",\"potentialAction\":[{\"@type\":\"SearchAction\",\"target\":{\"@type\":\"EntryPoint\",\"urlTemplate\":\"https:\\\/\\\/online-ems-training.de\\\/fr\\\/?s={search_term_string}\"},\"query-input\":{\"@type\":\"PropertyValueSpecification\",\"valueRequired\":true,\"valueName\":\"search_term_string\"}}],\"inLanguage\":\"fr-FR\"}]}<\/script>\n<!-- \/ Yoast SEO plugin. -->","yoast_head_json":{"title":"Electrodes pour le cou &#187; EMS Reparaturen + EMS Zubeh\u00f6r","description":"une paire d'\u00e9lectrodes suppl\u00e9mentaires pour la nuque (\u00e9lectrodes pour la nuque), pour aider \u00e0 soulager les douleurs cervicales, la circulation sanguine et le m\u00e9tabolisme. En faisant mieux travailler le muscle trap\u00e8ze sup\u00e9rieur.","robots":{"index":"index","follow":"follow","max-snippet":"max-snippet:-1","max-image-preview":"max-image-preview:large","max-video-preview":"max-video-preview:-1"},"canonical":"https:\/\/online-ems-training.de\/fr\/produkt\/electrodes-pour-le-cou\/","og_locale":"fr_FR","og_type":"article","og_title":"Electrodes pour le cou &#187; EMS Reparaturen + EMS Zubeh\u00f6r","og_description":"une paire d'\u00e9lectrodes suppl\u00e9mentaires pour la nuque (\u00e9lectrodes pour la nuque), pour aider \u00e0 soulager les douleurs cervicales, la circulation sanguine et le m\u00e9tabolisme. En faisant mieux travailler le muscle trap\u00e8ze sup\u00e9rieur.","og_url":"https:\/\/online-ems-training.de\/fr\/produkt\/electrodes-pour-le-cou\/","og_site_name":"EMS Reparaturen + EMS Zubeh\u00f6r","article_publisher":"https:\/\/www.facebook.com\/OnlineEMSTrainingShop","og_image":[{"width":1536,"height":2048,"url":"https:\/\/online-ems-training.de\/wp-content\/uploads\/2025\/07\/WhatsApp-Bild-2025-07-16-um-15.01.39_0bafb545.jpg","type":"image\/jpeg"}],"twitter_card":"summary_large_image","schema":{"@context":"https:\/\/schema.org","@graph":[{"@type":"WebPage","@id":"https:\/\/online-ems-training.de\/fr\/produkt\/electrodes-pour-le-cou\/","url":"https:\/\/online-ems-training.de\/fr\/produkt\/electrodes-pour-le-cou\/","name":"Electrodes pour le cou &#187; EMS Reparaturen + EMS Zubeh\u00f6r","isPartOf":{"@id":"https:\/\/online-ems-training.de\/fr\/#website"},"primaryImageOfPage":{"@id":"https:\/\/online-ems-training.de\/fr\/produkt\/electrodes-pour-le-cou\/#primaryimage"},"image":{"@id":"https:\/\/online-ems-training.de\/fr\/produkt\/electrodes-pour-le-cou\/#primaryimage"},"thumbnailUrl":"https:\/\/online-ems-training.de\/wp-content\/uploads\/2025\/07\/WhatsApp-Bild-2025-07-16-um-15.01.39_0bafb545.jpg","datePublished":"2025-07-17T13:57:32+00:00","description":"une paire d'\u00e9lectrodes suppl\u00e9mentaires pour la nuque (\u00e9lectrodes pour la nuque), pour aider \u00e0 soulager les douleurs cervicales, la circulation sanguine et le m\u00e9tabolisme. En faisant mieux travailler le muscle trap\u00e8ze sup\u00e9rieur.","breadcrumb":{"@id":"https:\/\/online-ems-training.de\/fr\/produkt\/electrodes-pour-le-cou\/#breadcrumb"},"inLanguage":"fr-FR","potentialAction":[{"@type":"ReadAction","target":["https:\/\/online-ems-training.de\/fr\/produkt\/electrodes-pour-le-cou\/"]}]},{"@type":"ImageObject","inLanguage":"fr-FR","@id":"https:\/\/online-ems-training.de\/fr\/produkt\/electrodes-pour-le-cou\/#primaryimage","url":"https:\/\/online-ems-training.de\/wp-content\/uploads\/2025\/07\/WhatsApp-Bild-2025-07-16-um-15.01.39_0bafb545.jpg","contentUrl":"https:\/\/online-ems-training.de\/wp-content\/uploads\/2025\/07\/WhatsApp-Bild-2025-07-16-um-15.01.39_0bafb545.jpg","width":1536,"height":2048},{"@type":"BreadcrumbList","@id":"https:\/\/online-ems-training.de\/fr\/produkt\/electrodes-pour-le-cou\/#breadcrumb","itemListElement":[{"@type":"ListItem","position":1,"name":"Startseite","item":"https:\/\/online-ems-training.de\/fr\/"},{"@type":"ListItem","position":2,"name":"Electrodes pour le cou"}]},{"@type":"WebSite","@id":"https:\/\/online-ems-training.de\/fr\/#website","url":"https:\/\/online-ems-training.de\/fr\/","name":"EMS Reparaturen + EMS Zubeh\u00f6r","description":"Reparaturen und Service f\u00fcr EMS Ger\u00e4te und EMS Elektroden","potentialAction":[{"@type":"SearchAction","target":{"@type":"EntryPoint","urlTemplate":"https:\/\/online-ems-training.de\/fr\/?s={search_term_string}"},"query-input":{"@type":"PropertyValueSpecification","valueRequired":true,"valueName":"search_term_string"}}],"inLanguage":"fr-FR"}]}},"_links":{"self":[{"href":"https:\/\/online-ems-training.de\/fr\/wp-json\/wp\/v2\/product\/3666","targetHints":{"allow":["GET"]}}],"collection":[{"href":"https:\/\/online-ems-training.de\/fr\/wp-json\/wp\/v2\/product"}],"about":[{"href":"https:\/\/online-ems-training.de\/fr\/wp-json\/wp\/v2\/types\/product"}],"wp:featuredmedia":[{"embeddable":true,"href":"https:\/\/online-ems-training.de\/fr\/wp-json\/wp\/v2\/media\/3456"}],"wp:attachment":[{"href":"https:\/\/online-ems-training.de\/fr\/wp-json\/wp\/v2\/media?parent=3666"}],"wp:term":[{"taxonomy":"product_brand","embeddable":true,"href":"https:\/\/online-ems-training.de\/fr\/wp-json\/wp\/v2\/product_brand?post=3666"},{"taxonomy":"product_cat","embeddable":true,"href":"https:\/\/online-ems-training.de\/fr\/wp-json\/wp\/v2\/product_cat?post=3666"},{"taxonomy":"product_tag","embeddable":true,"href":"https:\/\/online-ems-training.de\/fr\/wp-json\/wp\/v2\/product_tag?post=3666"}],"curies":[{"name":"wp","href":"https:\/\/api.w.org\/{rel}","templated":true}]}}