{"id":3677,"date":"2025-07-16T10:45:55","date_gmt":"2025-07-16T08:45:55","guid":{"rendered":"https:\/\/online-ems-training.de\/produkt\/ouverture-et-fermeture-dun-gilet-magent\/"},"modified":"2025-07-16T10:45:55","modified_gmt":"2025-07-16T08:45:55","slug":"ouverture-et-fermeture-dun-gilet-magent","status":"publish","type":"product","link":"https:\/\/online-ems-training.de\/fr\/produkt\/ouverture-et-fermeture-dun-gilet-magent\/","title":{"rendered":"Ouverture et fermeture d&#8217;un gilet &#8220;Magent&#8221;."},"content":{"rendered":"<p>L&#8217;ouverture et la fermeture d&#8217;un gilet pour pouvoir effectuer une r\u00e9paration sur un ou plusieurs points de connexion ou \u00e9lectrodes. Il est toujours n\u00e9cessaire pour la r\u00e9paration d&#8217;un gilet. Pour cet article, un ou plusieurs &#8220;<a href=\"https:\/\/online-ems-training.de\/produkt\/erneuern-anschlu%E2%80%A6nkt-magent-weste\/\" target=\"_blank\" rel=\"noopener\"><strong>Remplacer le point de connexion &#8220;aimant&#8221; du gilet. <\/strong><\/a>est n\u00e9cessaire<strong>.<\/strong>  <\/p>\n","protected":false},"excerpt":{"rendered":"<p>L&#8217;ouverture et la fermeture d&#8217;un gilet pour pouvoir effectuer la r\u00e9paration sur un ou plusieurs points de connexion ou \u00e9lectrodes.<\/p>\n","protected":false},"featured_media":3426,"template":"","meta":[],"product_brand":[],"product_cat":[421],"product_tag":[],"class_list":{"0":"post-3677","1":"product","2":"type-product","3":"status-publish","4":"has-post-thumbnail","6":"product_cat-service-et-reparations","8":"first","9":"instock","10":"taxable","11":"shipping-taxable","12":"purchasable","13":"product-type-simple"},"yoast_head":"<!-- This site is optimized with the Yoast SEO plugin v27.4 - https:\/\/yoast.com\/product\/yoast-seo-wordpress\/ -->\n<title>Ouverture et fermeture d&#039;un gilet &quot;Magent&quot;. &#187; EMS Reparaturen + EMS Zubeh\u00f6r<\/title>\n<meta name=\"description\" content=\"L&#039;ouverture et la fermeture d&#039;un gilet pour pouvoir effectuer une r\u00e9paration sur un ou plusieurs points de connexion ou \u00e9lectrodes. Il est toujours n\u00e9cessaire pour r\u00e9parer un gilet. Pour cet article, un ou plusieurs gilets &quot;Renouveler le point de connexion&quot; &quot;Aimant&quot; sont n\u00e9cessaires.\" \/>\n<meta name=\"robots\" content=\"index, follow, max-snippet:-1, max-image-preview:large, max-video-preview:-1\" \/>\n<link rel=\"canonical\" href=\"https:\/\/online-ems-training.de\/fr\/produkt\/ouverture-et-fermeture-dun-gilet-magent\/\" \/>\n<meta property=\"og:locale\" content=\"fr_FR\" \/>\n<meta property=\"og:type\" content=\"article\" \/>\n<meta property=\"og:title\" content=\"Ouverture et fermeture d&#039;un gilet &quot;Magent&quot;. &#187; EMS Reparaturen + EMS Zubeh\u00f6r\" \/>\n<meta property=\"og:description\" content=\"L&#039;ouverture et la fermeture d&#039;un gilet pour pouvoir effectuer une r\u00e9paration sur un ou plusieurs points de connexion ou \u00e9lectrodes. Il est toujours n\u00e9cessaire pour r\u00e9parer un gilet. Pour cet article, un ou plusieurs gilets &quot;Renouveler le point de connexion&quot; &quot;Aimant&quot; sont n\u00e9cessaires.\" \/>\n<meta property=\"og:url\" content=\"https:\/\/online-ems-training.de\/fr\/produkt\/ouverture-et-fermeture-dun-gilet-magent\/\" \/>\n<meta property=\"og:site_name\" content=\"EMS Reparaturen + EMS Zubeh\u00f6r\" \/>\n<meta property=\"article:publisher\" content=\"https:\/\/www.facebook.com\/OnlineEMSTrainingShop\" \/>\n<meta property=\"og:image\" content=\"https:\/\/online-ems-training.de\/wp-content\/uploads\/2025\/07\/WhatsApp-Bild-2025-07-15-um-16.32.18_0f1f1532.jpg\" \/>\n\t<meta property=\"og:image:width\" content=\"1308\" \/>\n\t<meta property=\"og:image:height\" content=\"1600\" \/>\n\t<meta property=\"og:image:type\" content=\"image\/jpeg\" \/>\n<meta name=\"twitter:card\" content=\"summary_large_image\" \/>\n<script type=\"application\/ld+json\" class=\"yoast-schema-graph\">{\"@context\":\"https:\\\/\\\/schema.org\",\"@graph\":[{\"@type\":\"WebPage\",\"@id\":\"https:\\\/\\\/online-ems-training.de\\\/fr\\\/produkt\\\/ouverture-et-fermeture-dun-gilet-magent\\\/\",\"url\":\"https:\\\/\\\/online-ems-training.de\\\/fr\\\/produkt\\\/ouverture-et-fermeture-dun-gilet-magent\\\/\",\"name\":\"Ouverture et fermeture d'un gilet \\\"Magent\\\". &#187; EMS Reparaturen + EMS Zubeh\u00f6r\",\"isPartOf\":{\"@id\":\"https:\\\/\\\/online-ems-training.de\\\/fr\\\/#website\"},\"primaryImageOfPage\":{\"@id\":\"https:\\\/\\\/online-ems-training.de\\\/fr\\\/produkt\\\/ouverture-et-fermeture-dun-gilet-magent\\\/#primaryimage\"},\"image\":{\"@id\":\"https:\\\/\\\/online-ems-training.de\\\/fr\\\/produkt\\\/ouverture-et-fermeture-dun-gilet-magent\\\/#primaryimage\"},\"thumbnailUrl\":\"https:\\\/\\\/online-ems-training.de\\\/wp-content\\\/uploads\\\/2025\\\/07\\\/WhatsApp-Bild-2025-07-15-um-16.32.18_0f1f1532.jpg\",\"datePublished\":\"2025-07-16T08:45:55+00:00\",\"description\":\"L'ouverture et la fermeture d'un gilet pour pouvoir effectuer une r\u00e9paration sur un ou plusieurs points de connexion ou \u00e9lectrodes. Il est toujours n\u00e9cessaire pour r\u00e9parer un gilet. Pour cet article, un ou plusieurs gilets \\\"Renouveler le point de connexion\\\" \\\"Aimant\\\" sont n\u00e9cessaires.\",\"breadcrumb\":{\"@id\":\"https:\\\/\\\/online-ems-training.de\\\/fr\\\/produkt\\\/ouverture-et-fermeture-dun-gilet-magent\\\/#breadcrumb\"},\"inLanguage\":\"fr-FR\",\"potentialAction\":[{\"@type\":\"ReadAction\",\"target\":[\"https:\\\/\\\/online-ems-training.de\\\/fr\\\/produkt\\\/ouverture-et-fermeture-dun-gilet-magent\\\/\"]}]},{\"@type\":\"ImageObject\",\"inLanguage\":\"fr-FR\",\"@id\":\"https:\\\/\\\/online-ems-training.de\\\/fr\\\/produkt\\\/ouverture-et-fermeture-dun-gilet-magent\\\/#primaryimage\",\"url\":\"https:\\\/\\\/online-ems-training.de\\\/wp-content\\\/uploads\\\/2025\\\/07\\\/WhatsApp-Bild-2025-07-15-um-16.32.18_0f1f1532.jpg\",\"contentUrl\":\"https:\\\/\\\/online-ems-training.de\\\/wp-content\\\/uploads\\\/2025\\\/07\\\/WhatsApp-Bild-2025-07-15-um-16.32.18_0f1f1532.jpg\",\"width\":1308,\"height\":1600},{\"@type\":\"BreadcrumbList\",\"@id\":\"https:\\\/\\\/online-ems-training.de\\\/fr\\\/produkt\\\/ouverture-et-fermeture-dun-gilet-magent\\\/#breadcrumb\",\"itemListElement\":[{\"@type\":\"ListItem\",\"position\":1,\"name\":\"Startseite\",\"item\":\"https:\\\/\\\/online-ems-training.de\\\/fr\\\/\"},{\"@type\":\"ListItem\",\"position\":2,\"name\":\"Ouverture et fermeture d&#8217;un gilet &#8220;Magent&#8221;.\"}]},{\"@type\":\"WebSite\",\"@id\":\"https:\\\/\\\/online-ems-training.de\\\/fr\\\/#website\",\"url\":\"https:\\\/\\\/online-ems-training.de\\\/fr\\\/\",\"name\":\"EMS Reparaturen + EMS Zubeh\u00f6r\",\"description\":\"Reparaturen und Service f\u00fcr EMS Ger\u00e4te und EMS Elektroden\",\"potentialAction\":[{\"@type\":\"SearchAction\",\"target\":{\"@type\":\"EntryPoint\",\"urlTemplate\":\"https:\\\/\\\/online-ems-training.de\\\/fr\\\/?s={search_term_string}\"},\"query-input\":{\"@type\":\"PropertyValueSpecification\",\"valueRequired\":true,\"valueName\":\"search_term_string\"}}],\"inLanguage\":\"fr-FR\"}]}<\/script>\n<!-- \/ Yoast SEO plugin. -->","yoast_head_json":{"title":"Ouverture et fermeture d'un gilet \"Magent\". &#187; EMS Reparaturen + EMS Zubeh\u00f6r","description":"L'ouverture et la fermeture d'un gilet pour pouvoir effectuer une r\u00e9paration sur un ou plusieurs points de connexion ou \u00e9lectrodes. Il est toujours n\u00e9cessaire pour r\u00e9parer un gilet. Pour cet article, un ou plusieurs gilets \"Renouveler le point de connexion\" \"Aimant\" sont n\u00e9cessaires.","robots":{"index":"index","follow":"follow","max-snippet":"max-snippet:-1","max-image-preview":"max-image-preview:large","max-video-preview":"max-video-preview:-1"},"canonical":"https:\/\/online-ems-training.de\/fr\/produkt\/ouverture-et-fermeture-dun-gilet-magent\/","og_locale":"fr_FR","og_type":"article","og_title":"Ouverture et fermeture d'un gilet \"Magent\". &#187; EMS Reparaturen + EMS Zubeh\u00f6r","og_description":"L'ouverture et la fermeture d'un gilet pour pouvoir effectuer une r\u00e9paration sur un ou plusieurs points de connexion ou \u00e9lectrodes. Il est toujours n\u00e9cessaire pour r\u00e9parer un gilet. Pour cet article, un ou plusieurs gilets \"Renouveler le point de connexion\" \"Aimant\" sont n\u00e9cessaires.","og_url":"https:\/\/online-ems-training.de\/fr\/produkt\/ouverture-et-fermeture-dun-gilet-magent\/","og_site_name":"EMS Reparaturen + EMS Zubeh\u00f6r","article_publisher":"https:\/\/www.facebook.com\/OnlineEMSTrainingShop","og_image":[{"width":1308,"height":1600,"url":"https:\/\/online-ems-training.de\/wp-content\/uploads\/2025\/07\/WhatsApp-Bild-2025-07-15-um-16.32.18_0f1f1532.jpg","type":"image\/jpeg"}],"twitter_card":"summary_large_image","schema":{"@context":"https:\/\/schema.org","@graph":[{"@type":"WebPage","@id":"https:\/\/online-ems-training.de\/fr\/produkt\/ouverture-et-fermeture-dun-gilet-magent\/","url":"https:\/\/online-ems-training.de\/fr\/produkt\/ouverture-et-fermeture-dun-gilet-magent\/","name":"Ouverture et fermeture d'un gilet \"Magent\". &#187; EMS Reparaturen + EMS Zubeh\u00f6r","isPartOf":{"@id":"https:\/\/online-ems-training.de\/fr\/#website"},"primaryImageOfPage":{"@id":"https:\/\/online-ems-training.de\/fr\/produkt\/ouverture-et-fermeture-dun-gilet-magent\/#primaryimage"},"image":{"@id":"https:\/\/online-ems-training.de\/fr\/produkt\/ouverture-et-fermeture-dun-gilet-magent\/#primaryimage"},"thumbnailUrl":"https:\/\/online-ems-training.de\/wp-content\/uploads\/2025\/07\/WhatsApp-Bild-2025-07-15-um-16.32.18_0f1f1532.jpg","datePublished":"2025-07-16T08:45:55+00:00","description":"L'ouverture et la fermeture d'un gilet pour pouvoir effectuer une r\u00e9paration sur un ou plusieurs points de connexion ou \u00e9lectrodes. Il est toujours n\u00e9cessaire pour r\u00e9parer un gilet. Pour cet article, un ou plusieurs gilets \"Renouveler le point de connexion\" \"Aimant\" sont n\u00e9cessaires.","breadcrumb":{"@id":"https:\/\/online-ems-training.de\/fr\/produkt\/ouverture-et-fermeture-dun-gilet-magent\/#breadcrumb"},"inLanguage":"fr-FR","potentialAction":[{"@type":"ReadAction","target":["https:\/\/online-ems-training.de\/fr\/produkt\/ouverture-et-fermeture-dun-gilet-magent\/"]}]},{"@type":"ImageObject","inLanguage":"fr-FR","@id":"https:\/\/online-ems-training.de\/fr\/produkt\/ouverture-et-fermeture-dun-gilet-magent\/#primaryimage","url":"https:\/\/online-ems-training.de\/wp-content\/uploads\/2025\/07\/WhatsApp-Bild-2025-07-15-um-16.32.18_0f1f1532.jpg","contentUrl":"https:\/\/online-ems-training.de\/wp-content\/uploads\/2025\/07\/WhatsApp-Bild-2025-07-15-um-16.32.18_0f1f1532.jpg","width":1308,"height":1600},{"@type":"BreadcrumbList","@id":"https:\/\/online-ems-training.de\/fr\/produkt\/ouverture-et-fermeture-dun-gilet-magent\/#breadcrumb","itemListElement":[{"@type":"ListItem","position":1,"name":"Startseite","item":"https:\/\/online-ems-training.de\/fr\/"},{"@type":"ListItem","position":2,"name":"Ouverture et fermeture d&#8217;un gilet &#8220;Magent&#8221;."}]},{"@type":"WebSite","@id":"https:\/\/online-ems-training.de\/fr\/#website","url":"https:\/\/online-ems-training.de\/fr\/","name":"EMS Reparaturen + EMS Zubeh\u00f6r","description":"Reparaturen und Service f\u00fcr EMS Ger\u00e4te und EMS Elektroden","potentialAction":[{"@type":"SearchAction","target":{"@type":"EntryPoint","urlTemplate":"https:\/\/online-ems-training.de\/fr\/?s={search_term_string}"},"query-input":{"@type":"PropertyValueSpecification","valueRequired":true,"valueName":"search_term_string"}}],"inLanguage":"fr-FR"}]}},"_links":{"self":[{"href":"https:\/\/online-ems-training.de\/fr\/wp-json\/wp\/v2\/product\/3677","targetHints":{"allow":["GET"]}}],"collection":[{"href":"https:\/\/online-ems-training.de\/fr\/wp-json\/wp\/v2\/product"}],"about":[{"href":"https:\/\/online-ems-training.de\/fr\/wp-json\/wp\/v2\/types\/product"}],"wp:featuredmedia":[{"embeddable":true,"href":"https:\/\/online-ems-training.de\/fr\/wp-json\/wp\/v2\/media\/3426"}],"wp:attachment":[{"href":"https:\/\/online-ems-training.de\/fr\/wp-json\/wp\/v2\/media?parent=3677"}],"wp:term":[{"taxonomy":"product_brand","embeddable":true,"href":"https:\/\/online-ems-training.de\/fr\/wp-json\/wp\/v2\/product_brand?post=3677"},{"taxonomy":"product_cat","embeddable":true,"href":"https:\/\/online-ems-training.de\/fr\/wp-json\/wp\/v2\/product_cat?post=3677"},{"taxonomy":"product_tag","embeddable":true,"href":"https:\/\/online-ems-training.de\/fr\/wp-json\/wp\/v2\/product_tag?post=3677"}],"curies":[{"name":"wp","href":"https:\/\/api.w.org\/{rel}","templated":true}]}}