{"id":3681,"date":"2025-07-16T10:43:37","date_gmt":"2025-07-16T08:43:37","guid":{"rendered":"https:\/\/online-ems-training.de\/produkt\/renouveler-point-de-connexion-magent-gilet\/"},"modified":"2025-07-16T10:43:37","modified_gmt":"2025-07-16T08:43:37","slug":"renouveler-point-de-connexion-magent-gilet","status":"publish","type":"product","link":"https:\/\/online-ems-training.de\/fr\/produkt\/renouveler-point-de-connexion-magent-gilet\/","title":{"rendered":"Renouveler point de connexion &#8220;Magent&#8221; gilet"},"content":{"rendered":"<p>R\u00e9tablir la connexion \u00e9lectrique entre la borne principale et l&#8217;\u00e9lectrode ou le point de connexion. Remplacer le c\u00e2ble, le cas \u00e9ch\u00e9ant. Cet article est accompagn\u00e9 de &#8220;<a href=\"https:\/\/online-ems-training.de\/produkt\/oeffnen-und-schl%E2%80%A6ner-magent-weste\/\" target=\"_blank\" rel=\"noopener\"><strong>Ouverture et fermeture du gilet &#8220;Magnet <\/strong><\/a>est n\u00e9cessaire<strong>.<\/strong>  <\/p>\n","protected":false},"excerpt":{"rendered":"<p>R\u00e9tablissement de la connexion \u00e9lectrique entre la borne principale et l&#8217;\u00e9lectrode ou le point de connexion d&#8217;un gilet &#8220;Magnet&#8221;.<\/p>\n","protected":false},"featured_media":3436,"template":"","meta":[],"product_brand":[],"product_cat":[421],"product_tag":[],"class_list":{"0":"post-3681","1":"product","2":"type-product","3":"status-publish","4":"has-post-thumbnail","6":"product_cat-service-et-reparations","8":"first","9":"instock","10":"taxable","11":"shipping-taxable","12":"purchasable","13":"product-type-simple"},"yoast_head":"<!-- This site is optimized with the Yoast SEO plugin v27.4 - https:\/\/yoast.com\/product\/yoast-seo-wordpress\/ -->\n<title>Renouveler point de connexion &quot;Magent&quot; gilet &#187; EMS Reparaturen + EMS Zubeh\u00f6r<\/title>\n<meta name=\"description\" content=\"R\u00e9tablir la connexion \u00e9lectrique entre la borne principale et l&#039;\u00e9lectrode ou le point de connexion. Remplacer le c\u00e2ble si n\u00e9cessaire. Pour cet article, &quot;Ouverture et fermeture du gilet &quot;Magnet&quot;&quot; est n\u00e9cessaire.\" \/>\n<meta name=\"robots\" content=\"index, follow, max-snippet:-1, max-image-preview:large, max-video-preview:-1\" \/>\n<link rel=\"canonical\" href=\"https:\/\/online-ems-training.de\/fr\/produkt\/renouveler-point-de-connexion-magent-gilet\/\" \/>\n<meta property=\"og:locale\" content=\"fr_FR\" \/>\n<meta property=\"og:type\" content=\"article\" \/>\n<meta property=\"og:title\" content=\"Renouveler point de connexion &quot;Magent&quot; gilet &#187; EMS Reparaturen + EMS Zubeh\u00f6r\" \/>\n<meta property=\"og:description\" content=\"R\u00e9tablir la connexion \u00e9lectrique entre la borne principale et l&#039;\u00e9lectrode ou le point de connexion. Remplacer le c\u00e2ble si n\u00e9cessaire. Pour cet article, &quot;Ouverture et fermeture du gilet &quot;Magnet&quot;&quot; est n\u00e9cessaire.\" \/>\n<meta property=\"og:url\" content=\"https:\/\/online-ems-training.de\/fr\/produkt\/renouveler-point-de-connexion-magent-gilet\/\" \/>\n<meta property=\"og:site_name\" content=\"EMS Reparaturen + EMS Zubeh\u00f6r\" \/>\n<meta property=\"article:publisher\" content=\"https:\/\/www.facebook.com\/OnlineEMSTrainingShop\" \/>\n<meta property=\"og:image\" content=\"https:\/\/online-ems-training.de\/wp-content\/uploads\/2025\/07\/WhatsApp-Bild-2025-07-16-um-11.56.26_464c9b51.jpg\" \/>\n\t<meta property=\"og:image:width\" content=\"1200\" \/>\n\t<meta property=\"og:image:height\" content=\"1600\" \/>\n\t<meta property=\"og:image:type\" content=\"image\/jpeg\" \/>\n<meta name=\"twitter:card\" content=\"summary_large_image\" \/>\n<script type=\"application\/ld+json\" class=\"yoast-schema-graph\">{\"@context\":\"https:\\\/\\\/schema.org\",\"@graph\":[{\"@type\":\"WebPage\",\"@id\":\"https:\\\/\\\/online-ems-training.de\\\/fr\\\/produkt\\\/renouveler-point-de-connexion-magent-gilet\\\/\",\"url\":\"https:\\\/\\\/online-ems-training.de\\\/fr\\\/produkt\\\/renouveler-point-de-connexion-magent-gilet\\\/\",\"name\":\"Renouveler point de connexion \\\"Magent\\\" gilet &#187; EMS Reparaturen + EMS Zubeh\u00f6r\",\"isPartOf\":{\"@id\":\"https:\\\/\\\/online-ems-training.de\\\/fr\\\/#website\"},\"primaryImageOfPage\":{\"@id\":\"https:\\\/\\\/online-ems-training.de\\\/fr\\\/produkt\\\/renouveler-point-de-connexion-magent-gilet\\\/#primaryimage\"},\"image\":{\"@id\":\"https:\\\/\\\/online-ems-training.de\\\/fr\\\/produkt\\\/renouveler-point-de-connexion-magent-gilet\\\/#primaryimage\"},\"thumbnailUrl\":\"https:\\\/\\\/online-ems-training.de\\\/wp-content\\\/uploads\\\/2025\\\/07\\\/WhatsApp-Bild-2025-07-16-um-11.56.26_464c9b51.jpg\",\"datePublished\":\"2025-07-16T08:43:37+00:00\",\"description\":\"R\u00e9tablir la connexion \u00e9lectrique entre la borne principale et l'\u00e9lectrode ou le point de connexion. Remplacer le c\u00e2ble si n\u00e9cessaire. Pour cet article, \\\"Ouverture et fermeture du gilet \\\"Magnet\\\"\\\" est n\u00e9cessaire.\",\"breadcrumb\":{\"@id\":\"https:\\\/\\\/online-ems-training.de\\\/fr\\\/produkt\\\/renouveler-point-de-connexion-magent-gilet\\\/#breadcrumb\"},\"inLanguage\":\"fr-FR\",\"potentialAction\":[{\"@type\":\"ReadAction\",\"target\":[\"https:\\\/\\\/online-ems-training.de\\\/fr\\\/produkt\\\/renouveler-point-de-connexion-magent-gilet\\\/\"]}]},{\"@type\":\"ImageObject\",\"inLanguage\":\"fr-FR\",\"@id\":\"https:\\\/\\\/online-ems-training.de\\\/fr\\\/produkt\\\/renouveler-point-de-connexion-magent-gilet\\\/#primaryimage\",\"url\":\"https:\\\/\\\/online-ems-training.de\\\/wp-content\\\/uploads\\\/2025\\\/07\\\/WhatsApp-Bild-2025-07-16-um-11.56.26_464c9b51.jpg\",\"contentUrl\":\"https:\\\/\\\/online-ems-training.de\\\/wp-content\\\/uploads\\\/2025\\\/07\\\/WhatsApp-Bild-2025-07-16-um-11.56.26_464c9b51.jpg\",\"width\":1200,\"height\":1600},{\"@type\":\"BreadcrumbList\",\"@id\":\"https:\\\/\\\/online-ems-training.de\\\/fr\\\/produkt\\\/renouveler-point-de-connexion-magent-gilet\\\/#breadcrumb\",\"itemListElement\":[{\"@type\":\"ListItem\",\"position\":1,\"name\":\"Startseite\",\"item\":\"https:\\\/\\\/online-ems-training.de\\\/fr\\\/\"},{\"@type\":\"ListItem\",\"position\":2,\"name\":\"Renouveler point de connexion &#8220;Magent&#8221; gilet\"}]},{\"@type\":\"WebSite\",\"@id\":\"https:\\\/\\\/online-ems-training.de\\\/fr\\\/#website\",\"url\":\"https:\\\/\\\/online-ems-training.de\\\/fr\\\/\",\"name\":\"EMS Reparaturen + EMS Zubeh\u00f6r\",\"description\":\"Reparaturen und Service f\u00fcr EMS Ger\u00e4te und EMS Elektroden\",\"potentialAction\":[{\"@type\":\"SearchAction\",\"target\":{\"@type\":\"EntryPoint\",\"urlTemplate\":\"https:\\\/\\\/online-ems-training.de\\\/fr\\\/?s={search_term_string}\"},\"query-input\":{\"@type\":\"PropertyValueSpecification\",\"valueRequired\":true,\"valueName\":\"search_term_string\"}}],\"inLanguage\":\"fr-FR\"}]}<\/script>\n<!-- \/ Yoast SEO plugin. -->","yoast_head_json":{"title":"Renouveler point de connexion \"Magent\" gilet &#187; EMS Reparaturen + EMS Zubeh\u00f6r","description":"R\u00e9tablir la connexion \u00e9lectrique entre la borne principale et l'\u00e9lectrode ou le point de connexion. Remplacer le c\u00e2ble si n\u00e9cessaire. Pour cet article, \"Ouverture et fermeture du gilet \"Magnet\"\" est n\u00e9cessaire.","robots":{"index":"index","follow":"follow","max-snippet":"max-snippet:-1","max-image-preview":"max-image-preview:large","max-video-preview":"max-video-preview:-1"},"canonical":"https:\/\/online-ems-training.de\/fr\/produkt\/renouveler-point-de-connexion-magent-gilet\/","og_locale":"fr_FR","og_type":"article","og_title":"Renouveler point de connexion \"Magent\" gilet &#187; EMS Reparaturen + EMS Zubeh\u00f6r","og_description":"R\u00e9tablir la connexion \u00e9lectrique entre la borne principale et l'\u00e9lectrode ou le point de connexion. Remplacer le c\u00e2ble si n\u00e9cessaire. Pour cet article, \"Ouverture et fermeture du gilet \"Magnet\"\" est n\u00e9cessaire.","og_url":"https:\/\/online-ems-training.de\/fr\/produkt\/renouveler-point-de-connexion-magent-gilet\/","og_site_name":"EMS Reparaturen + EMS Zubeh\u00f6r","article_publisher":"https:\/\/www.facebook.com\/OnlineEMSTrainingShop","og_image":[{"width":1200,"height":1600,"url":"https:\/\/online-ems-training.de\/wp-content\/uploads\/2025\/07\/WhatsApp-Bild-2025-07-16-um-11.56.26_464c9b51.jpg","type":"image\/jpeg"}],"twitter_card":"summary_large_image","schema":{"@context":"https:\/\/schema.org","@graph":[{"@type":"WebPage","@id":"https:\/\/online-ems-training.de\/fr\/produkt\/renouveler-point-de-connexion-magent-gilet\/","url":"https:\/\/online-ems-training.de\/fr\/produkt\/renouveler-point-de-connexion-magent-gilet\/","name":"Renouveler point de connexion \"Magent\" gilet &#187; EMS Reparaturen + EMS Zubeh\u00f6r","isPartOf":{"@id":"https:\/\/online-ems-training.de\/fr\/#website"},"primaryImageOfPage":{"@id":"https:\/\/online-ems-training.de\/fr\/produkt\/renouveler-point-de-connexion-magent-gilet\/#primaryimage"},"image":{"@id":"https:\/\/online-ems-training.de\/fr\/produkt\/renouveler-point-de-connexion-magent-gilet\/#primaryimage"},"thumbnailUrl":"https:\/\/online-ems-training.de\/wp-content\/uploads\/2025\/07\/WhatsApp-Bild-2025-07-16-um-11.56.26_464c9b51.jpg","datePublished":"2025-07-16T08:43:37+00:00","description":"R\u00e9tablir la connexion \u00e9lectrique entre la borne principale et l'\u00e9lectrode ou le point de connexion. Remplacer le c\u00e2ble si n\u00e9cessaire. Pour cet article, \"Ouverture et fermeture du gilet \"Magnet\"\" est n\u00e9cessaire.","breadcrumb":{"@id":"https:\/\/online-ems-training.de\/fr\/produkt\/renouveler-point-de-connexion-magent-gilet\/#breadcrumb"},"inLanguage":"fr-FR","potentialAction":[{"@type":"ReadAction","target":["https:\/\/online-ems-training.de\/fr\/produkt\/renouveler-point-de-connexion-magent-gilet\/"]}]},{"@type":"ImageObject","inLanguage":"fr-FR","@id":"https:\/\/online-ems-training.de\/fr\/produkt\/renouveler-point-de-connexion-magent-gilet\/#primaryimage","url":"https:\/\/online-ems-training.de\/wp-content\/uploads\/2025\/07\/WhatsApp-Bild-2025-07-16-um-11.56.26_464c9b51.jpg","contentUrl":"https:\/\/online-ems-training.de\/wp-content\/uploads\/2025\/07\/WhatsApp-Bild-2025-07-16-um-11.56.26_464c9b51.jpg","width":1200,"height":1600},{"@type":"BreadcrumbList","@id":"https:\/\/online-ems-training.de\/fr\/produkt\/renouveler-point-de-connexion-magent-gilet\/#breadcrumb","itemListElement":[{"@type":"ListItem","position":1,"name":"Startseite","item":"https:\/\/online-ems-training.de\/fr\/"},{"@type":"ListItem","position":2,"name":"Renouveler point de connexion &#8220;Magent&#8221; gilet"}]},{"@type":"WebSite","@id":"https:\/\/online-ems-training.de\/fr\/#website","url":"https:\/\/online-ems-training.de\/fr\/","name":"EMS Reparaturen + EMS Zubeh\u00f6r","description":"Reparaturen und Service f\u00fcr EMS Ger\u00e4te und EMS Elektroden","potentialAction":[{"@type":"SearchAction","target":{"@type":"EntryPoint","urlTemplate":"https:\/\/online-ems-training.de\/fr\/?s={search_term_string}"},"query-input":{"@type":"PropertyValueSpecification","valueRequired":true,"valueName":"search_term_string"}}],"inLanguage":"fr-FR"}]}},"_links":{"self":[{"href":"https:\/\/online-ems-training.de\/fr\/wp-json\/wp\/v2\/product\/3681","targetHints":{"allow":["GET"]}}],"collection":[{"href":"https:\/\/online-ems-training.de\/fr\/wp-json\/wp\/v2\/product"}],"about":[{"href":"https:\/\/online-ems-training.de\/fr\/wp-json\/wp\/v2\/types\/product"}],"wp:featuredmedia":[{"embeddable":true,"href":"https:\/\/online-ems-training.de\/fr\/wp-json\/wp\/v2\/media\/3436"}],"wp:attachment":[{"href":"https:\/\/online-ems-training.de\/fr\/wp-json\/wp\/v2\/media?parent=3681"}],"wp:term":[{"taxonomy":"product_brand","embeddable":true,"href":"https:\/\/online-ems-training.de\/fr\/wp-json\/wp\/v2\/product_brand?post=3681"},{"taxonomy":"product_cat","embeddable":true,"href":"https:\/\/online-ems-training.de\/fr\/wp-json\/wp\/v2\/product_cat?post=3681"},{"taxonomy":"product_tag","embeddable":true,"href":"https:\/\/online-ems-training.de\/fr\/wp-json\/wp\/v2\/product_tag?post=3681"}],"curies":[{"name":"wp","href":"https:\/\/api.w.org\/{rel}","templated":true}]}}