{"id":2234,"date":"2022-02-27T23:02:13","date_gmt":"2022-02-27T22:02:13","guid":{"rendered":"https:\/\/online-ems-training.de\/polityka-anulowania\/"},"modified":"2022-09-09T10:10:16","modified_gmt":"2022-09-09T08:10:16","slug":"polityka-anulowania","status":"publish","type":"page","link":"https:\/\/online-ems-training.de\/pl\/polityka-anulowania\/","title":{"rendered":"Polityka anulowania"},"content":{"rendered":"\n<p>Prawo do odst\u0105pienia od umowy<\/p>\n\n<p>Maj\u0105 Pa\u0144stwo prawo do odst\u0105pienia od niniejszej umowy w ci\u0105gu czternastu dni bez podania przyczyny.<\/p>\n\n<p>Termin odst\u0105pienia od umowy wynosi czterna\u015bcie dni od daty,<\/p>\n\n<ul class=\"wp-block-list\"><li>W przypadku umowy sprzeda\u017cy: w dniu, w kt\u00f3rym Pa\u0144stwo lub wskazana przez Pa\u0144stwa osoba trzecia, kt\u00f3ra nie jest przewo\u017anikiem, obj\u0119\u0142a lub obj\u0119\u0142a w posiadanie ostatni towar.<\/li><li>W przypadku umowy dotycz\u0105cej kilku towar\u00f3w, kt\u00f3re konsument zam\u00f3wi\u0142 w ramach jednego zam\u00f3wienia i kt\u00f3re s\u0105 dostarczane osobno: w dniu, w kt\u00f3rym Pa\u0144stwo lub osoba trzecia wskazana przez Pa\u0144stwa, kt\u00f3ra nie jest przewo\u017anikiem, ma lub wesz\u0142a w posiadanie ostatnich towar\u00f3w.<\/li><li>W przypadku umowy o dostaw\u0119 towar\u00f3w w kilku przesy\u0142kach cz\u0119\u015bciowych lub sztukach: w dniu, w kt\u00f3rym Pa\u0144stwo lub wskazana przez Pa\u0144stwa osoba trzecia, kt\u00f3ra nie jest przewo\u017anikiem, weszli w posiadanie ostatniej przesy\u0142ki cz\u0119\u015bciowej lub ostatniej sztuki.<\/li><li>W przypadku umowy o regularn\u0105 dostaw\u0119 towar\u00f3w przez okre\u015blony czas: dzie\u0144, w kt\u00f3rym Pa\u0144stwo lub wskazana przez Pa\u0144stwa osoba trzecia, kt\u00f3ra nie jest przewo\u017anikiem, obj\u0119\u0142a lub obj\u0119\u0142a w posiadanie pierwszy towar.<\/li><\/ul>\n<p>Je\u017celi kilka wariant\u00f3w pokrywa si\u0119, decyduj\u0105cy jest ostatni punkt w czasie.<\/p>\n\n<p>Aby skorzysta\u0107 z prawa odst\u0105pienia od umowy, musz\u0105 Pa\u0144stwo poinformowa\u0107 nas o swojej decyzji o odst\u0105pieniu od niniejszej umowy w drodze jednoznacznego o\u015bwiadczenia (na przyk\u0142ad pismo, faks lub e-mail wys\u0142any poczt\u0105). W tym celu mo\u017cna skorzysta\u0107 z za\u0142\u0105czonego <a href=\"https:\/\/max-speed.de\/wp-content\/uploads\/2019\/09\/Widerrufsbelehrung-MAXSPEED.pdf\" target=\"_blank\" rel=\"noreferrer noopener\">formularza anulowania<\/a>, ale nale\u017cy go jeszcze wype\u0142ni\u0107, podaj\u0105c szczeg\u00f3\u0142y dotycz\u0105ce danego zam\u00f3wienia.<\/p>\n\n<p>Aby zachowa\u0107 termin do odst\u0105pienia od umowy, wystarczy, \u017ce wy\u015blesz powiadomienie o skorzystaniu z prawa do odst\u0105pienia od umowy przed up\u0142ywem terminu do odst\u0105pienia od umowy.<\/p>\n\n<p><strong>Skutki cofni\u0119cia<\/strong><\/p>\n\n<p>W przypadku odst\u0105pienia od niniejszej umowy musimy zwr\u00f3ci\u0107 wszystkie otrzymane od Pa\u0144stwa p\u0142atno\u015bci, w tym koszty dostawy (z wyj\u0105tkiem dodatkowych koszt\u00f3w wynikaj\u0105cych z faktu, \u017ce wybrali Pa\u0144stwo inny rodzaj dostawy ni\u017c oferowana przez nas niedroga dostawa standardowa), niezw\u0142ocznie, a najp\u00f3\u017aniej w terminie czternastu dni od dnia, w kt\u00f3rym otrzymali\u015bmy informacj\u0119 o Pa\u0144stwa odst\u0105pieniu od niniejszej umowy. W przypadku tego zwrotu u\u017cywamy tych samych \u015brodk\u00f3w p\u0142atniczych, kt\u00f3re zosta\u0142y u\u017cyte do pierwotnej transakcji, chyba \u017ce wyra\u017anie uzgodniono z Tob\u0105 inaczej; w \u017cadnym przypadku nie zostaniesz obci\u0105\u017cony kosztami tego zwrotu. Mo\u017cemy odm\u00f3wi\u0107 zwrotu pieni\u0119dzy do czasu otrzymania towar\u00f3w z powrotem lub do czasu dostarczenia przez Ciebie dowodu, \u017ce zwr\u00f3ci\u0142e\u015b towary, w zale\u017cno\u015bci od tego, co nast\u0105pi wcze\u015bniej.<\/p>\n\n<p>Musz\u0105 Pa\u0144stwo zwr\u00f3ci\u0107 lub przekaza\u0107 towar do MAXSPEED UG (haftungsbeschr\u00e4nkt), Storkower Str. 115a, 10407 Berlin, info@max-speed.de nas niezw\u0142ocznie, a w ka\u017cdym razie nie p\u00f3\u017aniej ni\u017c w terminie czternastu dni od dnia, w kt\u00f3rym poinformowali nas Pa\u0144stwo o odst\u0105pieniu od niniejszej umowy. Termin jest zachowany, je\u017celi wy\u015blesz towar przed up\u0142ywem terminu czternastu dni.<\/p>\n\n<p>Ponosisz bezpo\u015brednie koszty zwrotu towaru.<\/p>\n\n<p>Musisz zap\u0142aci\u0107 za utrat\u0119 warto\u015bci towaru tylko wtedy, gdy ta utrata warto\u015bci wynika z obchodzenia si\u0119 z towarem, kt\u00f3re nie jest konieczne do sprawdzenia jako\u015bci, cech i funkcjonowania towaru.<\/p>\n\n<p>Prosz\u0119 zwr\u00f3ci\u0107 uwag\u0119, \u017ce elektrody, kamizelki i przedmioty pokazane do wykonania treningu EMS s\u0105 artyku\u0142ami higienicznymi. Te przedmioty nie nadaj\u0105 si\u0119 do zwrotu, je\u015bli by\u0142y u\u017cywane, ze wzgl\u0119du na ochron\u0119 zdrowia i\/lub higien\u0119. Tym samym wykluczone jest uchylenie tych artyku\u0142\u00f3w na wniosek.<\/p>\n\n<p>Zako\u0144czenie polityki anulowania rezerwacji<\/p>\n\n<p><strong>Obs\u0142uga klienta<\/strong><\/p>\n\n<p>Z naszym biurem obs\u0142ugi klienta mo\u017cna si\u0119 skontaktowa\u0107 w nast\u0119puj\u0105cych godzinach:  <\/p>\n\n<p><strong>MAXSPEED UG (sp\u00f3\u0142ka z ograniczon\u0105 odpowiedzialno\u015bci\u0105)<\/strong><br\/>F\u00fcrstenwalder Damm 482<br\/>12587 Berlin<\/p>\n\n<p>Tel.: +49 30 65 48 95 22<br\/>E-mail: info@max-speed.de<br\/>Strona internetowa: www.max-speed.de<\/p>\n\n<p>Mo\u017cna do nas dotrze\u0107:<\/p>\n\n<p>Od poniedzia\u0142ku do czwartku 10-16:30<br\/>W pi\u0105tek od 10-14 h.<\/p>\n","protected":false},"excerpt":{"rendered":"<p>Prawo do odst\u0105pienia od umowy Maj\u0105 Pa\u0144stwo prawo do odst\u0105pienia od niniejszej umowy w ci\u0105gu czternastu dni bez podania przyczyny. Termin odst\u0105pienia od umowy wynosi czterna\u015bcie dni od daty, W przypadku umowy sprzeda\u017cy: w dniu, w kt\u00f3rym Pa\u0144stwo lub wskazana przez Pa\u0144stwa osoba trzecia, kt\u00f3ra nie jest przewo\u017anikiem, obj\u0119\u0142a lub obj\u0119\u0142a w posiadanie ostatni towar. [&hellip;]<\/p>\n","protected":false},"author":4,"featured_media":0,"parent":0,"menu_order":0,"comment_status":"closed","ping_status":"closed","template":"full-width.php","meta":{"footnotes":""},"class_list":["post-2234","page","type-page","status-publish","hentry"],"yoast_head":"<!-- This site is optimized with the Yoast SEO plugin v27.5 - https:\/\/yoast.com\/product\/yoast-seo-wordpress\/ -->\n<title>Polityka anulowania &#187; EMS Reparaturen + EMS Zubeh\u00f6r<\/title>\n<meta name=\"description\" content=\"Online EMS Training ist die Schnittstelle zwischen EMS-Fitnesstrainern und Trainierenden. Das Portal vermittelt Kunden an Trainer zur onlinebetreuten Trainingseinheit.\" \/>\n<meta name=\"robots\" content=\"index, follow, max-snippet:-1, max-image-preview:large, max-video-preview:-1\" \/>\n<link rel=\"canonical\" href=\"https:\/\/online-ems-training.de\/pl\/polityka-anulowania\/\" \/>\n<meta property=\"og:locale\" content=\"pl_PL\" \/>\n<meta property=\"og:type\" content=\"article\" \/>\n<meta property=\"og:title\" content=\"Polityka anulowania &#187; EMS Reparaturen + EMS Zubeh\u00f6r\" \/>\n<meta property=\"og:description\" content=\"Online EMS Training ist die Schnittstelle zwischen EMS-Fitnesstrainern und Trainierenden. Das Portal vermittelt Kunden an Trainer zur onlinebetreuten Trainingseinheit.\" \/>\n<meta property=\"og:url\" content=\"https:\/\/online-ems-training.de\/pl\/polityka-anulowania\/\" \/>\n<meta property=\"og:site_name\" content=\"EMS Reparaturen + EMS Zubeh\u00f6r\" \/>\n<meta property=\"article:publisher\" content=\"https:\/\/www.facebook.com\/OnlineEMSTrainingShop\" \/>\n<meta property=\"article:modified_time\" content=\"2022-09-09T08:10:16+00:00\" \/>\n<meta name=\"twitter:card\" content=\"summary_large_image\" \/>\n<meta name=\"twitter:label1\" content=\"Szacowany czas czytania\" \/>\n\t<meta name=\"twitter:data1\" content=\"3 minuty\" \/>\n<script type=\"application\/ld+json\" class=\"yoast-schema-graph\">{\"@context\":\"https:\\\/\\\/schema.org\",\"@graph\":[{\"@type\":\"WebPage\",\"@id\":\"https:\\\/\\\/online-ems-training.de\\\/pl\\\/polityka-anulowania\\\/\",\"url\":\"https:\\\/\\\/online-ems-training.de\\\/pl\\\/polityka-anulowania\\\/\",\"name\":\"Polityka anulowania &#187; EMS Reparaturen + EMS Zubeh\u00f6r\",\"isPartOf\":{\"@id\":\"https:\\\/\\\/online-ems-training.de\\\/pl\\\/#website\"},\"datePublished\":\"2022-02-27T22:02:13+00:00\",\"dateModified\":\"2022-09-09T08:10:16+00:00\",\"description\":\"Online EMS Training ist die Schnittstelle zwischen EMS-Fitnesstrainern und Trainierenden. Das Portal vermittelt Kunden an Trainer zur onlinebetreuten Trainingseinheit.\",\"breadcrumb\":{\"@id\":\"https:\\\/\\\/online-ems-training.de\\\/pl\\\/polityka-anulowania\\\/#breadcrumb\"},\"inLanguage\":\"pl-PL\",\"potentialAction\":[{\"@type\":\"ReadAction\",\"target\":[\"https:\\\/\\\/online-ems-training.de\\\/pl\\\/polityka-anulowania\\\/\"]}]},{\"@type\":\"BreadcrumbList\",\"@id\":\"https:\\\/\\\/online-ems-training.de\\\/pl\\\/polityka-anulowania\\\/#breadcrumb\",\"itemListElement\":[{\"@type\":\"ListItem\",\"position\":1,\"name\":\"Startseite\",\"item\":\"https:\\\/\\\/online-ems-training.de\\\/pl\\\/\"},{\"@type\":\"ListItem\",\"position\":2,\"name\":\"Polityka anulowania\"}]},{\"@type\":\"WebSite\",\"@id\":\"https:\\\/\\\/online-ems-training.de\\\/pl\\\/#website\",\"url\":\"https:\\\/\\\/online-ems-training.de\\\/pl\\\/\",\"name\":\"EMS Reparaturen + EMS Zubeh\u00f6r\",\"description\":\"Reparaturen und Service f\u00fcr EMS Ger\u00e4te und EMS Elektroden\",\"potentialAction\":[{\"@type\":\"SearchAction\",\"target\":{\"@type\":\"EntryPoint\",\"urlTemplate\":\"https:\\\/\\\/online-ems-training.de\\\/pl\\\/?s={search_term_string}\"},\"query-input\":{\"@type\":\"PropertyValueSpecification\",\"valueRequired\":true,\"valueName\":\"search_term_string\"}}],\"inLanguage\":\"pl-PL\"}]}<\/script>\n<!-- \/ Yoast SEO plugin. -->","yoast_head_json":{"title":"Polityka anulowania &#187; EMS Reparaturen + EMS Zubeh\u00f6r","description":"Online EMS Training ist die Schnittstelle zwischen EMS-Fitnesstrainern und Trainierenden. Das Portal vermittelt Kunden an Trainer zur onlinebetreuten Trainingseinheit.","robots":{"index":"index","follow":"follow","max-snippet":"max-snippet:-1","max-image-preview":"max-image-preview:large","max-video-preview":"max-video-preview:-1"},"canonical":"https:\/\/online-ems-training.de\/pl\/polityka-anulowania\/","og_locale":"pl_PL","og_type":"article","og_title":"Polityka anulowania &#187; EMS Reparaturen + EMS Zubeh\u00f6r","og_description":"Online EMS Training ist die Schnittstelle zwischen EMS-Fitnesstrainern und Trainierenden. Das Portal vermittelt Kunden an Trainer zur onlinebetreuten Trainingseinheit.","og_url":"https:\/\/online-ems-training.de\/pl\/polityka-anulowania\/","og_site_name":"EMS Reparaturen + EMS Zubeh\u00f6r","article_publisher":"https:\/\/www.facebook.com\/OnlineEMSTrainingShop","article_modified_time":"2022-09-09T08:10:16+00:00","twitter_card":"summary_large_image","twitter_misc":{"Szacowany czas czytania":"3 minuty"},"schema":{"@context":"https:\/\/schema.org","@graph":[{"@type":"WebPage","@id":"https:\/\/online-ems-training.de\/pl\/polityka-anulowania\/","url":"https:\/\/online-ems-training.de\/pl\/polityka-anulowania\/","name":"Polityka anulowania &#187; EMS Reparaturen + EMS Zubeh\u00f6r","isPartOf":{"@id":"https:\/\/online-ems-training.de\/pl\/#website"},"datePublished":"2022-02-27T22:02:13+00:00","dateModified":"2022-09-09T08:10:16+00:00","description":"Online EMS Training ist die Schnittstelle zwischen EMS-Fitnesstrainern und Trainierenden. Das Portal vermittelt Kunden an Trainer zur onlinebetreuten Trainingseinheit.","breadcrumb":{"@id":"https:\/\/online-ems-training.de\/pl\/polityka-anulowania\/#breadcrumb"},"inLanguage":"pl-PL","potentialAction":[{"@type":"ReadAction","target":["https:\/\/online-ems-training.de\/pl\/polityka-anulowania\/"]}]},{"@type":"BreadcrumbList","@id":"https:\/\/online-ems-training.de\/pl\/polityka-anulowania\/#breadcrumb","itemListElement":[{"@type":"ListItem","position":1,"name":"Startseite","item":"https:\/\/online-ems-training.de\/pl\/"},{"@type":"ListItem","position":2,"name":"Polityka anulowania"}]},{"@type":"WebSite","@id":"https:\/\/online-ems-training.de\/pl\/#website","url":"https:\/\/online-ems-training.de\/pl\/","name":"EMS Reparaturen + EMS Zubeh\u00f6r","description":"Reparaturen und Service f\u00fcr EMS Ger\u00e4te und EMS Elektroden","potentialAction":[{"@type":"SearchAction","target":{"@type":"EntryPoint","urlTemplate":"https:\/\/online-ems-training.de\/pl\/?s={search_term_string}"},"query-input":{"@type":"PropertyValueSpecification","valueRequired":true,"valueName":"search_term_string"}}],"inLanguage":"pl-PL"}]}},"_links":{"self":[{"href":"https:\/\/online-ems-training.de\/pl\/wp-json\/wp\/v2\/pages\/2234","targetHints":{"allow":["GET"]}}],"collection":[{"href":"https:\/\/online-ems-training.de\/pl\/wp-json\/wp\/v2\/pages"}],"about":[{"href":"https:\/\/online-ems-training.de\/pl\/wp-json\/wp\/v2\/types\/page"}],"author":[{"embeddable":true,"href":"https:\/\/online-ems-training.de\/pl\/wp-json\/wp\/v2\/users\/4"}],"replies":[{"embeddable":true,"href":"https:\/\/online-ems-training.de\/pl\/wp-json\/wp\/v2\/comments?post=2234"}],"version-history":[{"count":4,"href":"https:\/\/online-ems-training.de\/pl\/wp-json\/wp\/v2\/pages\/2234\/revisions"}],"predecessor-version":[{"id":2247,"href":"https:\/\/online-ems-training.de\/pl\/wp-json\/wp\/v2\/pages\/2234\/revisions\/2247"}],"wp:attachment":[{"href":"https:\/\/online-ems-training.de\/pl\/wp-json\/wp\/v2\/media?parent=2234"}],"curies":[{"name":"wp","href":"https:\/\/api.w.org\/{rel}","templated":true}]}}