{"id":2280,"date":"2022-06-05T00:16:40","date_gmt":"2022-06-04T22:16:40","guid":{"rendered":"https:\/\/online-ems-training.de\/newsletter\/"},"modified":"2026-03-03T23:19:34","modified_gmt":"2026-03-03T22:19:34","slug":"newsletter","status":"publish","type":"page","link":"https:\/\/online-ems-training.de\/pl\/","title":{"rendered":"Naprawa urz\u0105dze\u0144 EMS i akcesoria do elektrod do studi\u00f3w EMS"},"content":{"rendered":"\n\n\tWir unterst\u00fctzen EMS-Studios, Personal Trainer und ambitionierte Heimanwender dabei, ihre EMS-Ger\u00e4te wirtschaftlich und zuverl\u00e4ssig zu betreiben. Als Spezialist f\u00fcr EMS-Elektroden, Westen und Zubeh\u00f6r bieten wir sowohl <a href=\"https:\/\/online-ems-training.de\/produkt-kategorie\/service-und-reparaturen\/\" target=\"_blank\" rel=\"noopener\"><strong data-start=\"1024\" data-end=\"1039\">Reparaturen<\/strong> <\/a>als auch <a href=\"https:\/\/online-ems-training.de\/produkt-kategorie\/ems_elektroden\/\" target=\"_blank\" rel=\"noopener\"><strong data-start=\"1049\" data-end=\"1081\">kompatible Elektrodensysteme<\/strong><\/a> f\u00fcr g\u00e4ngige EMS-Ger\u00e4te an.\nStatt teure Originalteile komplett zu ersetzen, reparieren wir defekte Elektroden, tauschen Kabel, Anschl\u00fcsse und Gurte und verl\u00e4ngern so die Lebensdauer Ihrer Ausstattung. Erg\u00e4nzend dazu finden Sie in unserem Shop universelle 8-Kanal-Elektroden, EMS-Trainingszubeh\u00f6r sowie Fachwissen rund um das Thema EMS-Training.\nMit uns senken Sie Ihre laufenden Kosten, reduzieren Ausfallzeiten und bieten Ihren Kunden trotzdem ein professionelles EMS-Training auf hohem Niveau.\n<p><strong data-start=\"1707\" data-end=\"1741\">Ihre Vorteile auf einen Blick:<\/strong><\/p>\n<ul>\n<li>Spezialisiert auf EMS-Ger\u00e4te, Elektroden &amp; Zubeh\u00f6r<\/li>\n<li>Reparatur statt Neukauf: Kosten sparen, Ressourcen schonen<\/li>\n<li>Versandservice f\u00fcr Studios in ganz Deutschland \/ EU<\/li>\n<\/ul>\n<h2>\n\t\t\tZum Shop\t<\/h2>\n\t\t\t\t<a href=\"https:\/\/online-ems-training.de\/oet-shop-ems-trainings-equipment\/\"  target=\"_blank\" rel=\"noopener\"  itemprop=\"url\">\n\t\t\t\t<img decoding=\"async\" src=\"https:\/\/online-ems-training.de\/wp-content\/uploads\/2025\/06\/shop.png\" alt=\"shop\" itemprop=\"image\" height=\"310\" width=\"834\" title=\"shop\" onerror=\"this.style.display='none'\" loading=\"lazy\" \/>\n\t\t\t\t<\/a>\n<h2>\n\t\t\tHighlights\t<\/h2>\n<h3>\n\t\t<a href=\"https:\/\/online-ems-training.de\/produkt-kategorie\/ems_elektroden\/\" title=\"universelle 8 K Elektroden\"  target=\"_blank\"  rel=\"noopener\">\n\t\t\tuniverselle 8 K Elektroden\t\t<\/a>\n\t<\/h3>\n\t\t\t\t<a href=\"https:\/\/online-ems-training.de\/produkt-kategorie\/ems_elektroden\/\"  target=\"_blank\" rel=\"noopener\"  itemprop=\"url\">\n\t\t\t\t<img decoding=\"async\" src=\"https:\/\/online-ems-training.de\/wp-content\/uploads\/2022\/03\/IMG_2017.png\" alt=\"universelles EMS Elektrodensystem 8 Kan\u00e4le\" itemprop=\"image\" height=\"4752\" width=\"3168\" title=\"universelles EMS Elektrodensystem 8 Kan\u00e4le\" onerror=\"this.style.display='none'\" loading=\"lazy\" \/>\n\t\t\t\t<\/a>\n\t<p>Unser 8-Kanal-Elektrodensystem wurde urspr\u00fcnglich f\u00fcr unsere eigene EMS-Ger\u00e4te entwickelt, ist aber auch mit vielen anderen 8-Kanal-EMS-Systemen kompatibel. Die Elektroden lassen sich modular als Westen, Armgurte, Beingurte, Pogurte oder Hosen f\u00fcr dynamische Anwendungen einsetzen. So k\u00f6nnen EMS-Studios ihre vorhandenen Ger\u00e4te weiter nutzen, ohne auf teure Originalelektroden angewiesen zu sein.<\/p>\n<h3>\n\t\t<a href=\"https:\/\/online-ems-training.de\/produkt-kategorie\/service-und-reparaturen\/\" title=\"Reparaturen an allen Westen und Elektroden\"  target=\"_blank\"  rel=\"noopener\">\n\t\t\tReparaturen an allen Westen und Elektroden\t\t<\/a>\n\t<\/h3>\n\t\t\t\t<a href=\"https:\/\/online-ems-training.de\/produkt-kategorie\/service-und-reparaturen\/\"  target=\"_blank\" rel=\"noopener\"  itemprop=\"url\">\n\t\t\t\t<img decoding=\"async\" src=\"https:\/\/online-ems-training.de\/wp-content\/uploads\/2025\/06\/Magnetweste-1.png\" alt=\"Magnetweste\" itemprop=\"image\" height=\"1600\" width=\"1017\" title=\"Magnetweste\" onerror=\"this.style.display='none'\" loading=\"lazy\" \/>\n\t\t\t\t<\/a>\n\t<p>Wir reparieren defekte EMS-Elektroden und Westen fast aller g\u00e4ngigen Hersteller. F\u00fcr viele typische Defekte bieten wir feste Standardpreise &#8211; etwa bei gebrochenen Kabeln, defekten Silikoneinsetzen, besch\u00e4digten Rei\u00dfverschl\u00fcssen oder ausgeleierten Gurten. So k\u00f6nnen Sie Ihre vorhandenen Elektroden weiterverwenden, Ausfallzeiten im Studio reduzieren und gleichzeitig Ihre laufenden Kosten senken.<\/p>\n<p>Kontaktieren Sie uns &#8211; wir finden eine L\u00f6sung f\u00fcr fast jeden Schaden.<\/p>\n<h3>\n\t\t<a href=\"https:\/\/online-ems-training.de\/produkt\/ems-das-neue-krafttraining-ist-ein-fachbuch-ueber-die-neue-fitness-methode-ems-elektro-muskulaere-stimulation\/\" title=\"NEU bei uns: EMS Training Fachbuch\"  target=\"_blank\"  rel=\"noopener\">\n\t\t\tNEU bei uns: EMS Training Fachbuch\t\t<\/a>\n\t<\/h3>\n\t\t\t\t<a href=\"https:\/\/online-ems-training.de\/produkt\/ems-das-neue-krafttraining-ist-ein-fachbuch-ueber-die-neue-fitness-methode-ems-elektro-muskulaere-stimulation\/\/roton-star-ems-trainingsgeraet\/\"  target=\"_blank\" rel=\"noopener\"  itemprop=\"url\">\n\t\t\t\t<img decoding=\"async\" src=\"https:\/\/online-ems-training.de\/wp-content\/uploads\/2025\/09\/Buch1.jpg\" alt=\"Stefan T\u00fcrk\" itemprop=\"image\" height=\"1025\" width=\"1500\" title=\"Stefan T\u00fcrk\" onerror=\"this.style.display='none'\" loading=\"lazy\" \/>\n\t\t\t\t<\/a>\n\t<p>\u201eEMS &#8211; das neue Krafttraining&#8221; ist ein Fachbuch \u00fcber die Fitness-Methode der Elektro-Muskul\u00e4ren Stimulation. Es richtet sich an Trainer, Studioinhaber und interessierte Anwender, die die Hintergr\u00fcnde, Einsatzm\u00f6glichkeiten und Grenzen von EMS-Training besser verstehen wollen. Ideal als Nachschlagewerk f\u00fcr Schulungen und zur Qualit\u00e4tssicherung im EMS-Studio.<\/p>\n\n","protected":false},"excerpt":{"rendered":"<p>Wir unterst\u00fctzen EMS-Studios, Personal Trainer und ambitionierte Heimanwender dabei, ihre EMS-Ger\u00e4te wirtschaftlich und zuverl\u00e4ssig zu betreiben. Als Spezialist f\u00fcr EMS-Elektroden, Westen und Zubeh\u00f6r bieten wir sowohl Reparaturen als auch kompatible Elektrodensysteme f\u00fcr g\u00e4ngige EMS-Ger\u00e4te an. Statt teure Originalteile komplett zu ersetzen, reparieren wir defekte Elektroden, tauschen Kabel, Anschl\u00fcsse und Gurte und verl\u00e4ngern so die Lebensdauer [&hellip;]<\/p>\n","protected":false},"author":4,"featured_media":0,"parent":0,"menu_order":0,"comment_status":"closed","ping_status":"closed","template":"","meta":{"footnotes":""},"class_list":["post-2280","page","type-page","status-publish","hentry"],"yoast_head":"<!-- This site is optimized with the Yoast SEO plugin v27.3 - https:\/\/yoast.com\/product\/yoast-seo-wordpress\/ -->\n<title>Naprawa urz\u0105dze\u0144 EMS i akcesoria do elektrod do studi\u00f3w EMS &#187; EMS Reparaturen + EMS Zubeh\u00f6r<\/title>\n<meta name=\"description\" content=\"Online EMS Training ist die Schnittstelle zwischen EMS-Fitnesstrainern und Trainierenden. Das Portal vermittelt Kunden an Trainer zur onlinebetreuten Trainingseinheit.\" \/>\n<meta name=\"robots\" content=\"index, follow, max-snippet:-1, max-image-preview:large, max-video-preview:-1\" \/>\n<link rel=\"canonical\" href=\"https:\/\/online-ems-training.de\/pl\/\" \/>\n<meta property=\"og:locale\" content=\"pl_PL\" \/>\n<meta property=\"og:type\" content=\"article\" \/>\n<meta property=\"og:title\" content=\"Naprawa urz\u0105dze\u0144 EMS i akcesoria do elektrod do studi\u00f3w EMS &#187; EMS Reparaturen + EMS Zubeh\u00f6r\" \/>\n<meta property=\"og:description\" content=\"Online EMS Training ist die Schnittstelle zwischen EMS-Fitnesstrainern und Trainierenden. Das Portal vermittelt Kunden an Trainer zur onlinebetreuten Trainingseinheit.\" \/>\n<meta property=\"og:url\" content=\"https:\/\/online-ems-training.de\/pl\/\" \/>\n<meta property=\"og:site_name\" content=\"EMS Reparaturen + EMS Zubeh\u00f6r\" \/>\n<meta property=\"article:publisher\" content=\"https:\/\/www.facebook.com\/OnlineEMSTrainingShop\" \/>\n<meta property=\"article:modified_time\" content=\"2026-03-03T22:19:34+00:00\" \/>\n<meta property=\"og:image\" content=\"https:\/\/online-ems-training.de\/wp-content\/uploads\/2025\/06\/shop.png\" \/>\n<meta name=\"twitter:card\" content=\"summary_large_image\" \/>\n<meta name=\"twitter:label1\" content=\"Szacowany czas czytania\" \/>\n\t<meta name=\"twitter:data1\" content=\"2 minuty\" \/>\n<script type=\"application\/ld+json\" class=\"yoast-schema-graph\">{\"@context\":\"https:\\\/\\\/schema.org\",\"@graph\":[{\"@type\":\"WebPage\",\"@id\":\"https:\\\/\\\/online-ems-training.de\\\/pl\\\/\",\"url\":\"https:\\\/\\\/online-ems-training.de\\\/pl\\\/\",\"name\":\"Naprawa urz\u0105dze\u0144 EMS i akcesoria do elektrod do studi\u00f3w EMS &#187; EMS Reparaturen + EMS Zubeh\u00f6r\",\"isPartOf\":{\"@id\":\"https:\\\/\\\/online-ems-training.de\\\/pl\\\/#website\"},\"primaryImageOfPage\":{\"@id\":\"https:\\\/\\\/online-ems-training.de\\\/pl\\\/#primaryimage\"},\"image\":{\"@id\":\"https:\\\/\\\/online-ems-training.de\\\/pl\\\/#primaryimage\"},\"thumbnailUrl\":\"https:\\\/\\\/online-ems-training.de\\\/wp-content\\\/uploads\\\/2025\\\/06\\\/shop.png\",\"datePublished\":\"2022-06-04T22:16:40+00:00\",\"dateModified\":\"2026-03-03T22:19:34+00:00\",\"description\":\"Online EMS Training ist die Schnittstelle zwischen EMS-Fitnesstrainern und Trainierenden. Das Portal vermittelt Kunden an Trainer zur onlinebetreuten Trainingseinheit.\",\"breadcrumb\":{\"@id\":\"https:\\\/\\\/online-ems-training.de\\\/pl\\\/#breadcrumb\"},\"inLanguage\":\"pl-PL\",\"potentialAction\":[{\"@type\":\"ReadAction\",\"target\":[\"https:\\\/\\\/online-ems-training.de\\\/pl\\\/\"]}]},{\"@type\":\"ImageObject\",\"inLanguage\":\"pl-PL\",\"@id\":\"https:\\\/\\\/online-ems-training.de\\\/pl\\\/#primaryimage\",\"url\":\"https:\\\/\\\/online-ems-training.de\\\/wp-content\\\/uploads\\\/2025\\\/06\\\/shop.png\",\"contentUrl\":\"https:\\\/\\\/online-ems-training.de\\\/wp-content\\\/uploads\\\/2025\\\/06\\\/shop.png\"},{\"@type\":\"BreadcrumbList\",\"@id\":\"https:\\\/\\\/online-ems-training.de\\\/pl\\\/#breadcrumb\",\"itemListElement\":[{\"@type\":\"ListItem\",\"position\":1,\"name\":\"Startseite\",\"item\":\"https:\\\/\\\/online-ems-training.de\\\/pl\\\/\"},{\"@type\":\"ListItem\",\"position\":2,\"name\":\"Naprawa urz\u0105dze\u0144 EMS i akcesoria do elektrod do studi\u00f3w EMS\"}]},{\"@type\":\"WebSite\",\"@id\":\"https:\\\/\\\/online-ems-training.de\\\/pl\\\/#website\",\"url\":\"https:\\\/\\\/online-ems-training.de\\\/pl\\\/\",\"name\":\"EMS Reparaturen + EMS Zubeh\u00f6r\",\"description\":\"Reparaturen und Service f\u00fcr EMS Ger\u00e4te und EMS Elektroden\",\"potentialAction\":[{\"@type\":\"SearchAction\",\"target\":{\"@type\":\"EntryPoint\",\"urlTemplate\":\"https:\\\/\\\/online-ems-training.de\\\/pl\\\/?s={search_term_string}\"},\"query-input\":{\"@type\":\"PropertyValueSpecification\",\"valueRequired\":true,\"valueName\":\"search_term_string\"}}],\"inLanguage\":\"pl-PL\"}]}<\/script>\n<!-- \/ Yoast SEO plugin. -->","yoast_head_json":{"title":"Naprawa urz\u0105dze\u0144 EMS i akcesoria do elektrod do studi\u00f3w EMS &#187; EMS Reparaturen + EMS Zubeh\u00f6r","description":"Online EMS Training ist die Schnittstelle zwischen EMS-Fitnesstrainern und Trainierenden. Das Portal vermittelt Kunden an Trainer zur onlinebetreuten Trainingseinheit.","robots":{"index":"index","follow":"follow","max-snippet":"max-snippet:-1","max-image-preview":"max-image-preview:large","max-video-preview":"max-video-preview:-1"},"canonical":"https:\/\/online-ems-training.de\/pl\/","og_locale":"pl_PL","og_type":"article","og_title":"Naprawa urz\u0105dze\u0144 EMS i akcesoria do elektrod do studi\u00f3w EMS &#187; EMS Reparaturen + EMS Zubeh\u00f6r","og_description":"Online EMS Training ist die Schnittstelle zwischen EMS-Fitnesstrainern und Trainierenden. Das Portal vermittelt Kunden an Trainer zur onlinebetreuten Trainingseinheit.","og_url":"https:\/\/online-ems-training.de\/pl\/","og_site_name":"EMS Reparaturen + EMS Zubeh\u00f6r","article_publisher":"https:\/\/www.facebook.com\/OnlineEMSTrainingShop","article_modified_time":"2026-03-03T22:19:34+00:00","og_image":[{"url":"https:\/\/online-ems-training.de\/wp-content\/uploads\/2025\/06\/shop.png","type":"","width":"","height":""}],"twitter_card":"summary_large_image","twitter_misc":{"Szacowany czas czytania":"2 minuty"},"schema":{"@context":"https:\/\/schema.org","@graph":[{"@type":"WebPage","@id":"https:\/\/online-ems-training.de\/pl\/","url":"https:\/\/online-ems-training.de\/pl\/","name":"Naprawa urz\u0105dze\u0144 EMS i akcesoria do elektrod do studi\u00f3w EMS &#187; EMS Reparaturen + EMS Zubeh\u00f6r","isPartOf":{"@id":"https:\/\/online-ems-training.de\/pl\/#website"},"primaryImageOfPage":{"@id":"https:\/\/online-ems-training.de\/pl\/#primaryimage"},"image":{"@id":"https:\/\/online-ems-training.de\/pl\/#primaryimage"},"thumbnailUrl":"https:\/\/online-ems-training.de\/wp-content\/uploads\/2025\/06\/shop.png","datePublished":"2022-06-04T22:16:40+00:00","dateModified":"2026-03-03T22:19:34+00:00","description":"Online EMS Training ist die Schnittstelle zwischen EMS-Fitnesstrainern und Trainierenden. Das Portal vermittelt Kunden an Trainer zur onlinebetreuten Trainingseinheit.","breadcrumb":{"@id":"https:\/\/online-ems-training.de\/pl\/#breadcrumb"},"inLanguage":"pl-PL","potentialAction":[{"@type":"ReadAction","target":["https:\/\/online-ems-training.de\/pl\/"]}]},{"@type":"ImageObject","inLanguage":"pl-PL","@id":"https:\/\/online-ems-training.de\/pl\/#primaryimage","url":"https:\/\/online-ems-training.de\/wp-content\/uploads\/2025\/06\/shop.png","contentUrl":"https:\/\/online-ems-training.de\/wp-content\/uploads\/2025\/06\/shop.png"},{"@type":"BreadcrumbList","@id":"https:\/\/online-ems-training.de\/pl\/#breadcrumb","itemListElement":[{"@type":"ListItem","position":1,"name":"Startseite","item":"https:\/\/online-ems-training.de\/pl\/"},{"@type":"ListItem","position":2,"name":"Naprawa urz\u0105dze\u0144 EMS i akcesoria do elektrod do studi\u00f3w EMS"}]},{"@type":"WebSite","@id":"https:\/\/online-ems-training.de\/pl\/#website","url":"https:\/\/online-ems-training.de\/pl\/","name":"EMS Reparaturen + EMS Zubeh\u00f6r","description":"Reparaturen und Service f\u00fcr EMS Ger\u00e4te und EMS Elektroden","potentialAction":[{"@type":"SearchAction","target":{"@type":"EntryPoint","urlTemplate":"https:\/\/online-ems-training.de\/pl\/?s={search_term_string}"},"query-input":{"@type":"PropertyValueSpecification","valueRequired":true,"valueName":"search_term_string"}}],"inLanguage":"pl-PL"}]}},"_links":{"self":[{"href":"https:\/\/online-ems-training.de\/pl\/wp-json\/wp\/v2\/pages\/2280","targetHints":{"allow":["GET"]}}],"collection":[{"href":"https:\/\/online-ems-training.de\/pl\/wp-json\/wp\/v2\/pages"}],"about":[{"href":"https:\/\/online-ems-training.de\/pl\/wp-json\/wp\/v2\/types\/page"}],"author":[{"embeddable":true,"href":"https:\/\/online-ems-training.de\/pl\/wp-json\/wp\/v2\/users\/4"}],"replies":[{"embeddable":true,"href":"https:\/\/online-ems-training.de\/pl\/wp-json\/wp\/v2\/comments?post=2280"}],"version-history":[{"count":4,"href":"https:\/\/online-ems-training.de\/pl\/wp-json\/wp\/v2\/pages\/2280\/revisions"}],"predecessor-version":[{"id":3669,"href":"https:\/\/online-ems-training.de\/pl\/wp-json\/wp\/v2\/pages\/2280\/revisions\/3669"}],"wp:attachment":[{"href":"https:\/\/online-ems-training.de\/pl\/wp-json\/wp\/v2\/media?parent=2280"}],"curies":[{"name":"wp","href":"https:\/\/api.w.org\/{rel}","templated":true}]}}