{"id":2307,"date":"2021-02-06T14:22:57","date_gmt":"2021-02-06T13:22:57","guid":{"rendered":"https:\/\/online-ems-training.de\/produkt\/bielizna-treningowa-ems-max\/"},"modified":"2024-04-25T11:00:15","modified_gmt":"2024-04-25T09:00:15","slug":"bielizna-treningowa-ems-max","status":"publish","type":"product","link":"https:\/\/online-ems-training.de\/pl\/produkt\/bielizna-treningowa-ems-max\/","title":{"rendered":"Bielizna treningowa EMS MAX"},"content":{"rendered":"<div class=\"tab-body active\">\n<p><strong>Bielizna treningowa EMS MAX<br \/>\n<\/strong><\/p>\n<p>Jeszcze bardziej wytrzyma\u0142y w nowej wersji MAX. Odpowiednie i przetestowane dla wszystkich urz\u0105dze\u0144 EMS.<strong> <\/strong><\/p>\n<ul>\n<li>mi\u0119kka elastyczna talia<\/li>\n<li>Cienka, ale bardzo solidna jako\u015b\u0107<\/li>\n<li>Obszar krocza wzmocniony dla obci\u0105\u017ce\u0144 sportowych<\/li>\n<li>Wstawiony klin z elastycznym, okr\u0105g\u0142ym szwem w kroku.<\/li>\n<li>D\u0142ugo\u015b\u0107 spodni 3\/4<\/li>\n<li>kr\u00f3tka talia<\/li>\n<li>idealne dopasowanie<\/li>\n<\/ul>\n<p><strong>W\u0142a\u015bciwo\u015bci:<\/strong><\/p>\n<ul>\n<li>Materia\u0142: 95% Bawe\u0142na 5% <a href=\"http:\/\/de.wikipedia.org\/wiki\/Elasthan\">Spandex<\/a><\/li>\n<li>Nasze tekstylia posiadaj\u0105 piecz\u0119\u0107 \u00d6kotex Standard<\/li>\n<li>Mo\u017cna pra\u0107 w temperaturze 40<\/li>\n<li>prasowalny<\/li>\n<li>nie nadaje si\u0119 do suszenia w suszarce b\u0119bnowej<\/li>\n<\/ul>\n<\/div>\n","protected":false},"excerpt":{"rendered":"<p>Nowa wersja MAX jest znacznie bardziej wytrzyma\u0142a i naprawd\u0119 trwa\u0142a.<br \/>\nOdpowiednie i przetestowane dla wszystkich urz\u0105dze\u0144 EMS. Idealne dopasowanie dzi\u0119ki zoptymalizowanej rozci\u0105gliwo\u015bci.<strong><br \/>\n<\/strong><\/p>\n","protected":false},"featured_media":1964,"template":"","meta":[],"product_brand":[],"product_cat":[172],"product_tag":[],"class_list":{"0":"post-2307","1":"product","2":"type-product","3":"status-publish","4":"has-post-thumbnail","6":"product_cat-bielizna-funkcyjna-ems","7":"product_shipping_class-dhl-paczka-2kg","9":"first","10":"instock","11":"taxable","12":"shipping-taxable","13":"purchasable","14":"product-type-variable"},"yoast_head":"<!-- This site is optimized with the Yoast SEO plugin v27.4 - https:\/\/yoast.com\/product\/yoast-seo-wordpress\/ -->\n<title>Bielizna treningowa EMS MAX &#187; EMS Reparaturen + EMS Zubeh\u00f6r<\/title>\n<meta name=\"description\" content=\"Bielizna treningowa EMS MAX, solidna i wytrzyma\u0142a bielizna EMS. Doskonale nadaje si\u0119 do szkolenia EMS. Bielizna treningowa EMS MAX\" \/>\n<meta name=\"robots\" content=\"index, follow, max-snippet:-1, max-image-preview:large, max-video-preview:-1\" \/>\n<link rel=\"canonical\" href=\"https:\/\/online-ems-training.de\/pl\/produkt\/bielizna-treningowa-ems-max\/\" \/>\n<meta property=\"og:locale\" content=\"pl_PL\" \/>\n<meta property=\"og:type\" content=\"article\" \/>\n<meta property=\"og:title\" content=\"Bielizna treningowa EMS MAX &#187; EMS Reparaturen + EMS Zubeh\u00f6r\" \/>\n<meta property=\"og:description\" content=\"Bielizna treningowa EMS MAX, solidna i wytrzyma\u0142a bielizna EMS. Doskonale nadaje si\u0119 do szkolenia EMS. Bielizna treningowa EMS MAX\" \/>\n<meta property=\"og:url\" content=\"https:\/\/online-ems-training.de\/pl\/produkt\/bielizna-treningowa-ems-max\/\" \/>\n<meta property=\"og:site_name\" content=\"EMS Reparaturen + EMS Zubeh\u00f6r\" \/>\n<meta property=\"article:publisher\" content=\"https:\/\/www.facebook.com\/OnlineEMSTrainingShop\" \/>\n<meta property=\"article:modified_time\" content=\"2024-04-25T09:00:15+00:00\" \/>\n<meta property=\"og:image\" content=\"https:\/\/i0.wp.com\/online-ems-training.de\/wp-content\/uploads\/2021\/02\/EMS_Waesche.png?fit=802%2C1004&ssl=1\" \/>\n\t<meta property=\"og:image:width\" content=\"802\" \/>\n\t<meta property=\"og:image:height\" content=\"1004\" \/>\n\t<meta property=\"og:image:type\" content=\"image\/png\" \/>\n<meta name=\"twitter:card\" content=\"summary_large_image\" \/>\n<script type=\"application\/ld+json\" class=\"yoast-schema-graph\">{\"@context\":\"https:\\\/\\\/schema.org\",\"@graph\":[{\"@type\":\"WebPage\",\"@id\":\"https:\\\/\\\/online-ems-training.de\\\/pl\\\/produkt\\\/bielizna-treningowa-ems-max\\\/\",\"url\":\"https:\\\/\\\/online-ems-training.de\\\/pl\\\/produkt\\\/bielizna-treningowa-ems-max\\\/\",\"name\":\"Bielizna treningowa EMS MAX &#187; EMS Reparaturen + EMS Zubeh\u00f6r\",\"isPartOf\":{\"@id\":\"https:\\\/\\\/online-ems-training.de\\\/pl\\\/#website\"},\"primaryImageOfPage\":{\"@id\":\"https:\\\/\\\/online-ems-training.de\\\/pl\\\/produkt\\\/bielizna-treningowa-ems-max\\\/#primaryimage\"},\"image\":{\"@id\":\"https:\\\/\\\/online-ems-training.de\\\/pl\\\/produkt\\\/bielizna-treningowa-ems-max\\\/#primaryimage\"},\"thumbnailUrl\":\"https:\\\/\\\/online-ems-training.de\\\/wp-content\\\/uploads\\\/2021\\\/02\\\/EMS_Waesche.png\",\"datePublished\":\"2021-02-06T13:22:57+00:00\",\"dateModified\":\"2024-04-25T09:00:15+00:00\",\"description\":\"Bielizna treningowa EMS MAX, solidna i wytrzyma\u0142a bielizna EMS. Doskonale nadaje si\u0119 do szkolenia EMS. Bielizna treningowa EMS MAX\",\"breadcrumb\":{\"@id\":\"https:\\\/\\\/online-ems-training.de\\\/pl\\\/produkt\\\/bielizna-treningowa-ems-max\\\/#breadcrumb\"},\"inLanguage\":\"pl-PL\",\"potentialAction\":[{\"@type\":\"ReadAction\",\"target\":[\"https:\\\/\\\/online-ems-training.de\\\/pl\\\/produkt\\\/bielizna-treningowa-ems-max\\\/\"]}]},{\"@type\":\"ImageObject\",\"inLanguage\":\"pl-PL\",\"@id\":\"https:\\\/\\\/online-ems-training.de\\\/pl\\\/produkt\\\/bielizna-treningowa-ems-max\\\/#primaryimage\",\"url\":\"https:\\\/\\\/online-ems-training.de\\\/wp-content\\\/uploads\\\/2021\\\/02\\\/EMS_Waesche.png\",\"contentUrl\":\"https:\\\/\\\/online-ems-training.de\\\/wp-content\\\/uploads\\\/2021\\\/02\\\/EMS_Waesche.png\",\"width\":802,\"height\":1004,\"caption\":\"EMS Functional Caustic MAX\"},{\"@type\":\"BreadcrumbList\",\"@id\":\"https:\\\/\\\/online-ems-training.de\\\/pl\\\/produkt\\\/bielizna-treningowa-ems-max\\\/#breadcrumb\",\"itemListElement\":[{\"@type\":\"ListItem\",\"position\":1,\"name\":\"Startseite\",\"item\":\"https:\\\/\\\/online-ems-training.de\\\/pl\\\/\"},{\"@type\":\"ListItem\",\"position\":2,\"name\":\"Bielizna treningowa EMS MAX\"}]},{\"@type\":\"WebSite\",\"@id\":\"https:\\\/\\\/online-ems-training.de\\\/pl\\\/#website\",\"url\":\"https:\\\/\\\/online-ems-training.de\\\/pl\\\/\",\"name\":\"EMS Reparaturen + EMS Zubeh\u00f6r\",\"description\":\"Reparaturen und Service f\u00fcr EMS Ger\u00e4te und EMS Elektroden\",\"potentialAction\":[{\"@type\":\"SearchAction\",\"target\":{\"@type\":\"EntryPoint\",\"urlTemplate\":\"https:\\\/\\\/online-ems-training.de\\\/pl\\\/?s={search_term_string}\"},\"query-input\":{\"@type\":\"PropertyValueSpecification\",\"valueRequired\":true,\"valueName\":\"search_term_string\"}}],\"inLanguage\":\"pl-PL\"}]}<\/script>\n<!-- \/ Yoast SEO plugin. -->","yoast_head_json":{"title":"Bielizna treningowa EMS MAX &#187; EMS Reparaturen + EMS Zubeh\u00f6r","description":"Bielizna treningowa EMS MAX, solidna i wytrzyma\u0142a bielizna EMS. Doskonale nadaje si\u0119 do szkolenia EMS. Bielizna treningowa EMS MAX","robots":{"index":"index","follow":"follow","max-snippet":"max-snippet:-1","max-image-preview":"max-image-preview:large","max-video-preview":"max-video-preview:-1"},"canonical":"https:\/\/online-ems-training.de\/pl\/produkt\/bielizna-treningowa-ems-max\/","og_locale":"pl_PL","og_type":"article","og_title":"Bielizna treningowa EMS MAX &#187; EMS Reparaturen + EMS Zubeh\u00f6r","og_description":"Bielizna treningowa EMS MAX, solidna i wytrzyma\u0142a bielizna EMS. Doskonale nadaje si\u0119 do szkolenia EMS. Bielizna treningowa EMS MAX","og_url":"https:\/\/online-ems-training.de\/pl\/produkt\/bielizna-treningowa-ems-max\/","og_site_name":"EMS Reparaturen + EMS Zubeh\u00f6r","article_publisher":"https:\/\/www.facebook.com\/OnlineEMSTrainingShop","article_modified_time":"2024-04-25T09:00:15+00:00","og_image":[{"width":802,"height":1004,"url":"https:\/\/i0.wp.com\/online-ems-training.de\/wp-content\/uploads\/2021\/02\/EMS_Waesche.png?fit=802%2C1004&ssl=1","type":"image\/png"}],"twitter_card":"summary_large_image","schema":{"@context":"https:\/\/schema.org","@graph":[{"@type":"WebPage","@id":"https:\/\/online-ems-training.de\/pl\/produkt\/bielizna-treningowa-ems-max\/","url":"https:\/\/online-ems-training.de\/pl\/produkt\/bielizna-treningowa-ems-max\/","name":"Bielizna treningowa EMS MAX &#187; EMS Reparaturen + EMS Zubeh\u00f6r","isPartOf":{"@id":"https:\/\/online-ems-training.de\/pl\/#website"},"primaryImageOfPage":{"@id":"https:\/\/online-ems-training.de\/pl\/produkt\/bielizna-treningowa-ems-max\/#primaryimage"},"image":{"@id":"https:\/\/online-ems-training.de\/pl\/produkt\/bielizna-treningowa-ems-max\/#primaryimage"},"thumbnailUrl":"https:\/\/online-ems-training.de\/wp-content\/uploads\/2021\/02\/EMS_Waesche.png","datePublished":"2021-02-06T13:22:57+00:00","dateModified":"2024-04-25T09:00:15+00:00","description":"Bielizna treningowa EMS MAX, solidna i wytrzyma\u0142a bielizna EMS. Doskonale nadaje si\u0119 do szkolenia EMS. Bielizna treningowa EMS MAX","breadcrumb":{"@id":"https:\/\/online-ems-training.de\/pl\/produkt\/bielizna-treningowa-ems-max\/#breadcrumb"},"inLanguage":"pl-PL","potentialAction":[{"@type":"ReadAction","target":["https:\/\/online-ems-training.de\/pl\/produkt\/bielizna-treningowa-ems-max\/"]}]},{"@type":"ImageObject","inLanguage":"pl-PL","@id":"https:\/\/online-ems-training.de\/pl\/produkt\/bielizna-treningowa-ems-max\/#primaryimage","url":"https:\/\/online-ems-training.de\/wp-content\/uploads\/2021\/02\/EMS_Waesche.png","contentUrl":"https:\/\/online-ems-training.de\/wp-content\/uploads\/2021\/02\/EMS_Waesche.png","width":802,"height":1004,"caption":"EMS Functional Caustic MAX"},{"@type":"BreadcrumbList","@id":"https:\/\/online-ems-training.de\/pl\/produkt\/bielizna-treningowa-ems-max\/#breadcrumb","itemListElement":[{"@type":"ListItem","position":1,"name":"Startseite","item":"https:\/\/online-ems-training.de\/pl\/"},{"@type":"ListItem","position":2,"name":"Bielizna treningowa EMS MAX"}]},{"@type":"WebSite","@id":"https:\/\/online-ems-training.de\/pl\/#website","url":"https:\/\/online-ems-training.de\/pl\/","name":"EMS Reparaturen + EMS Zubeh\u00f6r","description":"Reparaturen und Service f\u00fcr EMS Ger\u00e4te und EMS Elektroden","potentialAction":[{"@type":"SearchAction","target":{"@type":"EntryPoint","urlTemplate":"https:\/\/online-ems-training.de\/pl\/?s={search_term_string}"},"query-input":{"@type":"PropertyValueSpecification","valueRequired":true,"valueName":"search_term_string"}}],"inLanguage":"pl-PL"}]}},"_links":{"self":[{"href":"https:\/\/online-ems-training.de\/pl\/wp-json\/wp\/v2\/product\/2307","targetHints":{"allow":["GET"]}}],"collection":[{"href":"https:\/\/online-ems-training.de\/pl\/wp-json\/wp\/v2\/product"}],"about":[{"href":"https:\/\/online-ems-training.de\/pl\/wp-json\/wp\/v2\/types\/product"}],"wp:featuredmedia":[{"embeddable":true,"href":"https:\/\/online-ems-training.de\/pl\/wp-json\/wp\/v2\/media\/1964"}],"wp:attachment":[{"href":"https:\/\/online-ems-training.de\/pl\/wp-json\/wp\/v2\/media?parent=2307"}],"wp:term":[{"taxonomy":"product_brand","embeddable":true,"href":"https:\/\/online-ems-training.de\/pl\/wp-json\/wp\/v2\/product_brand?post=2307"},{"taxonomy":"product_cat","embeddable":true,"href":"https:\/\/online-ems-training.de\/pl\/wp-json\/wp\/v2\/product_cat?post=2307"},{"taxonomy":"product_tag","embeddable":true,"href":"https:\/\/online-ems-training.de\/pl\/wp-json\/wp\/v2\/product_tag?post=2307"}],"curies":[{"name":"wp","href":"https:\/\/api.w.org\/{rel}","templated":true}]}}