{"id":2325,"date":"2021-02-06T16:01:21","date_gmt":"2021-02-06T15:01:21","guid":{"rendered":"https:\/\/online-ems-training.de\/produkt\/brezeasy-wash-4l-srodek-czyszczacy\/"},"modified":"2022-09-09T10:12:36","modified_gmt":"2022-09-09T08:12:36","slug":"brezeasy-wash-4l-srodek-czyszczacy","status":"publish","type":"product","link":"https:\/\/online-ems-training.de\/pl\/produkt\/brezeasy-wash-4l-srodek-czyszczacy\/","title":{"rendered":"brezeasy\u00ae WASH 4l \u015arodek czyszcz\u0105cy"},"content":{"rendered":"<section class=\"av_textblock_section \">\n<div class=\"avia_textblock \">\n<p>Przykre zapachy spowodowane przez bakterie, cz\u0105stki sk\u00f3ry i pot pozostaj\u0105ce na sprz\u0119cie EMS to absolutny niebyt. Brezeasy\u00ae WASH od\u015bwie\u017ca kamizelki i bielizn\u0119.<\/p>\n<p>brezeasy\u00ae WASH zosta\u0142 opracowany jako \u015brodek pior\u0105cy specjalnie do kamizelek EMS, bielizny i wszelkiego rodzaju tekstyli\u00f3w sportowych. R\u00f3\u017cnica w stosunku do konwencjonalnych detergent\u00f3w polega na skuteczno\u015bci (dzi\u0119ki enzymom) ju\u017c w niskich zakresach temperatur (od 30\u00b0).<\/p>\n<div class=\"flex_column av_one_half flex_column_table_cell av-equal-height-column av-align-middle av-zero-column-padding avia-builder-el-15 el_after_av_one_half el_before_av_hr anwendung \">\n<section class=\"av_textblock_section \">\n<div class=\"avia_textblock \">\n<h2 class=\"av-special-heading-tag \">Aplikacja<\/h2>\n<p>To proste: u\u017cywaj brezeasy\u00ae WASH jak zwyk\u0142ego detergentu. U\u017cyj programu delikatnego lub prania r\u0119cznego w niskiej temperaturze (oko\u0142o 30\u00b0).<\/p>\n<p><strong>Uwaga: <\/strong>Dzi\u0119ki brezeasy WASH uwalniasz kamizelki od pozosta\u0142o\u015bci i plam. Jednak w celu <strong>dezynfekcji <\/strong>sprz\u0119tu <strong>&#8211; <\/strong>czyli niezawodnego usuni\u0119cia bakterii, wirus\u00f3w, grzyb\u00f3w itp. nale\u017cy przy ka\u017cdym cyklu prania doda\u0107 50-100 ml brezeasy\u00ae SUPPORT do komory p\u0142ynu do p\u0142ukania tkanin w pralce.<\/p>\n<\/div>\n<\/section>\n<\/div>\n<\/div>\n<\/section>\n","protected":false},"excerpt":{"rendered":"<p>brezeasy\u00ae WASH to detergent przeznaczony specjalnie do kamizelek EMS, bielizny i wszelkiego rodzaju tekstyli\u00f3w sportowych. R\u00f3\u017cnica w stosunku do konwencjonalnych detergent\u00f3w polega na skuteczno\u015bci (dzi\u0119ki enzymom) ju\u017c w niskich zakresach temperatur (od 30\u00b0).<\/p>\n","protected":false},"featured_media":1966,"template":"","meta":[],"product_brand":[],"product_cat":[177],"product_tag":[],"class_list":{"0":"post-2325","1":"product","2":"type-product","3":"status-publish","4":"has-post-thumbnail","6":"product_cat-pielegnacja-elektrod-ems","7":"product_shipping_class-dhl-paczka-5kg","9":"first","10":"instock","11":"taxable","12":"shipping-taxable","13":"purchasable","14":"product-type-simple"},"yoast_head":"<!-- This site is optimized with the Yoast SEO plugin v27.4 - https:\/\/yoast.com\/product\/yoast-seo-wordpress\/ -->\n<title>brezeasy\u00ae WASH 4l \u015arodek czyszcz\u0105cy &#187; EMS Reparaturen + EMS Zubeh\u00f6r<\/title>\n<meta name=\"description\" content=\"brezeasy\u00ae WASH to \u015brodek przeznaczony specjalnie do prania kamizelek EMS, bielizny i wszelkiego rodzaju tekstyli\u00f3w sportowych.\" \/>\n<meta name=\"robots\" content=\"index, follow, max-snippet:-1, max-image-preview:large, max-video-preview:-1\" \/>\n<link rel=\"canonical\" href=\"https:\/\/online-ems-training.de\/pl\/produkt\/brezeasy-wash-4l-srodek-czyszczacy\/\" \/>\n<meta property=\"og:locale\" content=\"pl_PL\" \/>\n<meta property=\"og:type\" content=\"article\" \/>\n<meta property=\"og:title\" content=\"brezeasy\u00ae WASH 4l \u015arodek czyszcz\u0105cy &#187; EMS Reparaturen + EMS Zubeh\u00f6r\" \/>\n<meta property=\"og:description\" content=\"brezeasy\u00ae WASH to \u015brodek przeznaczony specjalnie do prania kamizelek EMS, bielizny i wszelkiego rodzaju tekstyli\u00f3w sportowych.\" \/>\n<meta property=\"og:url\" content=\"https:\/\/online-ems-training.de\/pl\/produkt\/brezeasy-wash-4l-srodek-czyszczacy\/\" \/>\n<meta property=\"og:site_name\" content=\"EMS Reparaturen + EMS Zubeh\u00f6r\" \/>\n<meta property=\"article:publisher\" content=\"https:\/\/www.facebook.com\/OnlineEMSTrainingShop\" \/>\n<meta property=\"article:modified_time\" content=\"2022-09-09T08:12:36+00:00\" \/>\n<meta property=\"og:image\" content=\"https:\/\/online-ems-training.de\/wp-content\/uploads\/2021\/02\/brezeasy_wash.png\" \/>\n\t<meta property=\"og:image:width\" content=\"1200\" \/>\n\t<meta property=\"og:image:height\" content=\"821\" \/>\n\t<meta property=\"og:image:type\" content=\"image\/png\" \/>\n<meta name=\"twitter:card\" content=\"summary_large_image\" \/>\n<meta name=\"twitter:label1\" content=\"Szacowany czas czytania\" \/>\n\t<meta name=\"twitter:data1\" content=\"1 minuta\" \/>\n<script type=\"application\/ld+json\" class=\"yoast-schema-graph\">{\"@context\":\"https:\\\/\\\/schema.org\",\"@graph\":[{\"@type\":\"WebPage\",\"@id\":\"https:\\\/\\\/online-ems-training.de\\\/pl\\\/produkt\\\/brezeasy-wash-4l-srodek-czyszczacy\\\/\",\"url\":\"https:\\\/\\\/online-ems-training.de\\\/pl\\\/produkt\\\/brezeasy-wash-4l-srodek-czyszczacy\\\/\",\"name\":\"brezeasy\u00ae WASH 4l \u015arodek czyszcz\u0105cy &#187; EMS Reparaturen + EMS Zubeh\u00f6r\",\"isPartOf\":{\"@id\":\"https:\\\/\\\/online-ems-training.de\\\/pl\\\/#website\"},\"primaryImageOfPage\":{\"@id\":\"https:\\\/\\\/online-ems-training.de\\\/pl\\\/produkt\\\/brezeasy-wash-4l-srodek-czyszczacy\\\/#primaryimage\"},\"image\":{\"@id\":\"https:\\\/\\\/online-ems-training.de\\\/pl\\\/produkt\\\/brezeasy-wash-4l-srodek-czyszczacy\\\/#primaryimage\"},\"thumbnailUrl\":\"https:\\\/\\\/online-ems-training.de\\\/wp-content\\\/uploads\\\/2021\\\/02\\\/brezeasy_wash.png\",\"datePublished\":\"2021-02-06T15:01:21+00:00\",\"dateModified\":\"2022-09-09T08:12:36+00:00\",\"description\":\"brezeasy\u00ae WASH to \u015brodek przeznaczony specjalnie do prania kamizelek EMS, bielizny i wszelkiego rodzaju tekstyli\u00f3w sportowych.\",\"breadcrumb\":{\"@id\":\"https:\\\/\\\/online-ems-training.de\\\/pl\\\/produkt\\\/brezeasy-wash-4l-srodek-czyszczacy\\\/#breadcrumb\"},\"inLanguage\":\"pl-PL\",\"potentialAction\":[{\"@type\":\"ReadAction\",\"target\":[\"https:\\\/\\\/online-ems-training.de\\\/pl\\\/produkt\\\/brezeasy-wash-4l-srodek-czyszczacy\\\/\"]}]},{\"@type\":\"ImageObject\",\"inLanguage\":\"pl-PL\",\"@id\":\"https:\\\/\\\/online-ems-training.de\\\/pl\\\/produkt\\\/brezeasy-wash-4l-srodek-czyszczacy\\\/#primaryimage\",\"url\":\"https:\\\/\\\/online-ems-training.de\\\/wp-content\\\/uploads\\\/2021\\\/02\\\/brezeasy_wash.png\",\"contentUrl\":\"https:\\\/\\\/online-ems-training.de\\\/wp-content\\\/uploads\\\/2021\\\/02\\\/brezeasy_wash.png\",\"width\":1200,\"height\":821,\"caption\":\"detergent brezeasy-wash\"},{\"@type\":\"BreadcrumbList\",\"@id\":\"https:\\\/\\\/online-ems-training.de\\\/pl\\\/produkt\\\/brezeasy-wash-4l-srodek-czyszczacy\\\/#breadcrumb\",\"itemListElement\":[{\"@type\":\"ListItem\",\"position\":1,\"name\":\"Startseite\",\"item\":\"https:\\\/\\\/online-ems-training.de\\\/pl\\\/\"},{\"@type\":\"ListItem\",\"position\":2,\"name\":\"brezeasy\u00ae WASH 4l \u015arodek czyszcz\u0105cy\"}]},{\"@type\":\"WebSite\",\"@id\":\"https:\\\/\\\/online-ems-training.de\\\/pl\\\/#website\",\"url\":\"https:\\\/\\\/online-ems-training.de\\\/pl\\\/\",\"name\":\"EMS Reparaturen + EMS Zubeh\u00f6r\",\"description\":\"Reparaturen und Service f\u00fcr EMS Ger\u00e4te und EMS Elektroden\",\"potentialAction\":[{\"@type\":\"SearchAction\",\"target\":{\"@type\":\"EntryPoint\",\"urlTemplate\":\"https:\\\/\\\/online-ems-training.de\\\/pl\\\/?s={search_term_string}\"},\"query-input\":{\"@type\":\"PropertyValueSpecification\",\"valueRequired\":true,\"valueName\":\"search_term_string\"}}],\"inLanguage\":\"pl-PL\"}]}<\/script>\n<!-- \/ Yoast SEO plugin. -->","yoast_head_json":{"title":"brezeasy\u00ae WASH 4l \u015arodek czyszcz\u0105cy &#187; EMS Reparaturen + EMS Zubeh\u00f6r","description":"brezeasy\u00ae WASH to \u015brodek przeznaczony specjalnie do prania kamizelek EMS, bielizny i wszelkiego rodzaju tekstyli\u00f3w sportowych.","robots":{"index":"index","follow":"follow","max-snippet":"max-snippet:-1","max-image-preview":"max-image-preview:large","max-video-preview":"max-video-preview:-1"},"canonical":"https:\/\/online-ems-training.de\/pl\/produkt\/brezeasy-wash-4l-srodek-czyszczacy\/","og_locale":"pl_PL","og_type":"article","og_title":"brezeasy\u00ae WASH 4l \u015arodek czyszcz\u0105cy &#187; EMS Reparaturen + EMS Zubeh\u00f6r","og_description":"brezeasy\u00ae WASH to \u015brodek przeznaczony specjalnie do prania kamizelek EMS, bielizny i wszelkiego rodzaju tekstyli\u00f3w sportowych.","og_url":"https:\/\/online-ems-training.de\/pl\/produkt\/brezeasy-wash-4l-srodek-czyszczacy\/","og_site_name":"EMS Reparaturen + EMS Zubeh\u00f6r","article_publisher":"https:\/\/www.facebook.com\/OnlineEMSTrainingShop","article_modified_time":"2022-09-09T08:12:36+00:00","og_image":[{"width":1200,"height":821,"url":"https:\/\/online-ems-training.de\/wp-content\/uploads\/2021\/02\/brezeasy_wash.png","type":"image\/png"}],"twitter_card":"summary_large_image","twitter_misc":{"Szacowany czas czytania":"1 minuta"},"schema":{"@context":"https:\/\/schema.org","@graph":[{"@type":"WebPage","@id":"https:\/\/online-ems-training.de\/pl\/produkt\/brezeasy-wash-4l-srodek-czyszczacy\/","url":"https:\/\/online-ems-training.de\/pl\/produkt\/brezeasy-wash-4l-srodek-czyszczacy\/","name":"brezeasy\u00ae WASH 4l \u015arodek czyszcz\u0105cy &#187; EMS Reparaturen + EMS Zubeh\u00f6r","isPartOf":{"@id":"https:\/\/online-ems-training.de\/pl\/#website"},"primaryImageOfPage":{"@id":"https:\/\/online-ems-training.de\/pl\/produkt\/brezeasy-wash-4l-srodek-czyszczacy\/#primaryimage"},"image":{"@id":"https:\/\/online-ems-training.de\/pl\/produkt\/brezeasy-wash-4l-srodek-czyszczacy\/#primaryimage"},"thumbnailUrl":"https:\/\/online-ems-training.de\/wp-content\/uploads\/2021\/02\/brezeasy_wash.png","datePublished":"2021-02-06T15:01:21+00:00","dateModified":"2022-09-09T08:12:36+00:00","description":"brezeasy\u00ae WASH to \u015brodek przeznaczony specjalnie do prania kamizelek EMS, bielizny i wszelkiego rodzaju tekstyli\u00f3w sportowych.","breadcrumb":{"@id":"https:\/\/online-ems-training.de\/pl\/produkt\/brezeasy-wash-4l-srodek-czyszczacy\/#breadcrumb"},"inLanguage":"pl-PL","potentialAction":[{"@type":"ReadAction","target":["https:\/\/online-ems-training.de\/pl\/produkt\/brezeasy-wash-4l-srodek-czyszczacy\/"]}]},{"@type":"ImageObject","inLanguage":"pl-PL","@id":"https:\/\/online-ems-training.de\/pl\/produkt\/brezeasy-wash-4l-srodek-czyszczacy\/#primaryimage","url":"https:\/\/online-ems-training.de\/wp-content\/uploads\/2021\/02\/brezeasy_wash.png","contentUrl":"https:\/\/online-ems-training.de\/wp-content\/uploads\/2021\/02\/brezeasy_wash.png","width":1200,"height":821,"caption":"detergent brezeasy-wash"},{"@type":"BreadcrumbList","@id":"https:\/\/online-ems-training.de\/pl\/produkt\/brezeasy-wash-4l-srodek-czyszczacy\/#breadcrumb","itemListElement":[{"@type":"ListItem","position":1,"name":"Startseite","item":"https:\/\/online-ems-training.de\/pl\/"},{"@type":"ListItem","position":2,"name":"brezeasy\u00ae WASH 4l \u015arodek czyszcz\u0105cy"}]},{"@type":"WebSite","@id":"https:\/\/online-ems-training.de\/pl\/#website","url":"https:\/\/online-ems-training.de\/pl\/","name":"EMS Reparaturen + EMS Zubeh\u00f6r","description":"Reparaturen und Service f\u00fcr EMS Ger\u00e4te und EMS Elektroden","potentialAction":[{"@type":"SearchAction","target":{"@type":"EntryPoint","urlTemplate":"https:\/\/online-ems-training.de\/pl\/?s={search_term_string}"},"query-input":{"@type":"PropertyValueSpecification","valueRequired":true,"valueName":"search_term_string"}}],"inLanguage":"pl-PL"}]}},"_links":{"self":[{"href":"https:\/\/online-ems-training.de\/pl\/wp-json\/wp\/v2\/product\/2325","targetHints":{"allow":["GET"]}}],"collection":[{"href":"https:\/\/online-ems-training.de\/pl\/wp-json\/wp\/v2\/product"}],"about":[{"href":"https:\/\/online-ems-training.de\/pl\/wp-json\/wp\/v2\/types\/product"}],"wp:featuredmedia":[{"embeddable":true,"href":"https:\/\/online-ems-training.de\/pl\/wp-json\/wp\/v2\/media\/1966"}],"wp:attachment":[{"href":"https:\/\/online-ems-training.de\/pl\/wp-json\/wp\/v2\/media?parent=2325"}],"wp:term":[{"taxonomy":"product_brand","embeddable":true,"href":"https:\/\/online-ems-training.de\/pl\/wp-json\/wp\/v2\/product_brand?post=2325"},{"taxonomy":"product_cat","embeddable":true,"href":"https:\/\/online-ems-training.de\/pl\/wp-json\/wp\/v2\/product_cat?post=2325"},{"taxonomy":"product_tag","embeddable":true,"href":"https:\/\/online-ems-training.de\/pl\/wp-json\/wp\/v2\/product_tag?post=2325"}],"curies":[{"name":"wp","href":"https:\/\/api.w.org\/{rel}","templated":true}]}}