{"id":2331,"date":"2021-02-06T22:04:02","date_gmt":"2021-02-06T21:04:02","guid":{"rendered":"https:\/\/online-ems-training.de\/produkt\/rozpylacz-wody\/"},"modified":"2023-06-26T15:41:00","modified_gmt":"2023-06-26T13:41:00","slug":"zraszacz","status":"publish","type":"product","link":"https:\/\/online-ems-training.de\/pl\/produkt\/zraszacz\/","title":{"rendered":"Rozpylacz wody"},"content":{"rendered":"<p>Solidna butelka ze spryskiwaczem do podlewania elektrod. Wystarczy nape\u0142ni\u0107 go ciep\u0142\u0105 wod\u0105, napompowa\u0107, a nast\u0119pnie spryska\u0107 elektrody.<\/p>\n<p>Cechy:<\/p>\n<ul>\n<li>Pojemno\u015b\u0107: 2 litry<\/li>\n<li>Ci\u015bnienie robocze: max. 3 bar<\/li>\n<li>Ustawienie: od delikatnego strumienia do strumienia wody<\/li>\n<li>Wska\u017anik poziomu: tak<\/li>\n<li>Zaw\u00f3r nadmiarowy ci\u015bnieniowy: tak<\/li>\n<li>Materia\u0142 pojemnika: tworzywo sztuczne<\/li>\n<li>Materia\u0142 dyszy: mosi\u0105dz<\/li>\n<li>Kolor: czerwony, bia\u0142y<\/li>\n<\/ul>\n","protected":false},"excerpt":{"rendered":"<p>Rozpylacz wody do spryskiwania elektrod.<\/p>\n","protected":false},"featured_media":2797,"template":"","meta":[],"product_brand":[],"product_cat":[223,177],"product_tag":[],"class_list":{"0":"post-2331","1":"product","2":"type-product","3":"status-publish","4":"has-post-thumbnail","6":"product_cat-akcesoria","7":"product_cat-pielegnacja-elektrod-ems","8":"product_shipping_class-dhl-paczka-2kg","10":"first","11":"instock","12":"taxable","13":"shipping-taxable","14":"purchasable","15":"product-type-simple"},"yoast_head":"<!-- This site is optimized with the Yoast SEO plugin v27.4 - https:\/\/yoast.com\/product\/yoast-seo-wordpress\/ -->\n<title>Rozpylacz wody &#187; EMS Reparaturen + EMS Zubeh\u00f6r<\/title>\n<meta name=\"description\" content=\"Rozpylacz wody do spryskiwania elektrod.\" \/>\n<meta name=\"robots\" content=\"index, follow, max-snippet:-1, max-image-preview:large, max-video-preview:-1\" \/>\n<link rel=\"canonical\" href=\"https:\/\/online-ems-training.de\/pl\/produkt\/zraszacz\/\" \/>\n<meta property=\"og:locale\" content=\"pl_PL\" \/>\n<meta property=\"og:type\" content=\"article\" \/>\n<meta property=\"og:title\" content=\"Rozpylacz wody &#187; EMS Reparaturen + EMS Zubeh\u00f6r\" \/>\n<meta property=\"og:description\" content=\"Rozpylacz wody do spryskiwania elektrod.\" \/>\n<meta property=\"og:url\" content=\"https:\/\/online-ems-training.de\/pl\/produkt\/zraszacz\/\" \/>\n<meta property=\"og:site_name\" content=\"EMS Reparaturen + EMS Zubeh\u00f6r\" \/>\n<meta property=\"article:publisher\" content=\"https:\/\/www.facebook.com\/OnlineEMSTrainingShop\" \/>\n<meta property=\"article:modified_time\" content=\"2023-06-26T13:41:00+00:00\" \/>\n<meta property=\"og:image\" content=\"https:\/\/i0.wp.com\/online-ems-training.de\/wp-content\/uploads\/2021\/02\/Sprayer.png?fit=460%2C722&ssl=1\" \/>\n\t<meta property=\"og:image:width\" content=\"460\" \/>\n\t<meta property=\"og:image:height\" content=\"722\" \/>\n\t<meta property=\"og:image:type\" content=\"image\/png\" \/>\n<meta name=\"twitter:card\" content=\"summary_large_image\" \/>\n<script type=\"application\/ld+json\" class=\"yoast-schema-graph\">{\"@context\":\"https:\\\/\\\/schema.org\",\"@graph\":[{\"@type\":\"WebPage\",\"@id\":\"https:\\\/\\\/online-ems-training.de\\\/pl\\\/produkt\\\/zraszacz\\\/\",\"url\":\"https:\\\/\\\/online-ems-training.de\\\/pl\\\/produkt\\\/zraszacz\\\/\",\"name\":\"Rozpylacz wody &#187; EMS Reparaturen + EMS Zubeh\u00f6r\",\"isPartOf\":{\"@id\":\"https:\\\/\\\/online-ems-training.de\\\/pl\\\/#website\"},\"primaryImageOfPage\":{\"@id\":\"https:\\\/\\\/online-ems-training.de\\\/pl\\\/produkt\\\/zraszacz\\\/#primaryimage\"},\"image\":{\"@id\":\"https:\\\/\\\/online-ems-training.de\\\/pl\\\/produkt\\\/zraszacz\\\/#primaryimage\"},\"thumbnailUrl\":\"https:\\\/\\\/online-ems-training.de\\\/wp-content\\\/uploads\\\/2023\\\/09\\\/Sprayer_07.jpg\",\"datePublished\":\"2021-02-06T21:04:02+00:00\",\"dateModified\":\"2023-06-26T13:41:00+00:00\",\"description\":\"Rozpylacz wody do spryskiwania elektrod.\",\"breadcrumb\":{\"@id\":\"https:\\\/\\\/online-ems-training.de\\\/pl\\\/produkt\\\/zraszacz\\\/#breadcrumb\"},\"inLanguage\":\"pl-PL\",\"potentialAction\":[{\"@type\":\"ReadAction\",\"target\":[\"https:\\\/\\\/online-ems-training.de\\\/pl\\\/produkt\\\/zraszacz\\\/\"]}]},{\"@type\":\"ImageObject\",\"inLanguage\":\"pl-PL\",\"@id\":\"https:\\\/\\\/online-ems-training.de\\\/pl\\\/produkt\\\/zraszacz\\\/#primaryimage\",\"url\":\"https:\\\/\\\/online-ems-training.de\\\/wp-content\\\/uploads\\\/2023\\\/09\\\/Sprayer_07.jpg\",\"contentUrl\":\"https:\\\/\\\/online-ems-training.de\\\/wp-content\\\/uploads\\\/2023\\\/09\\\/Sprayer_07.jpg\",\"width\":1500,\"height\":2000,\"caption\":\"2l EMS Sprayer\"},{\"@type\":\"BreadcrumbList\",\"@id\":\"https:\\\/\\\/online-ems-training.de\\\/pl\\\/produkt\\\/zraszacz\\\/#breadcrumb\",\"itemListElement\":[{\"@type\":\"ListItem\",\"position\":1,\"name\":\"Startseite\",\"item\":\"https:\\\/\\\/online-ems-training.de\\\/pl\\\/\"},{\"@type\":\"ListItem\",\"position\":2,\"name\":\"Rozpylacz wody\"}]},{\"@type\":\"WebSite\",\"@id\":\"https:\\\/\\\/online-ems-training.de\\\/pl\\\/#website\",\"url\":\"https:\\\/\\\/online-ems-training.de\\\/pl\\\/\",\"name\":\"EMS Reparaturen + EMS Zubeh\u00f6r\",\"description\":\"Reparaturen und Service f\u00fcr EMS Ger\u00e4te und EMS Elektroden\",\"potentialAction\":[{\"@type\":\"SearchAction\",\"target\":{\"@type\":\"EntryPoint\",\"urlTemplate\":\"https:\\\/\\\/online-ems-training.de\\\/pl\\\/?s={search_term_string}\"},\"query-input\":{\"@type\":\"PropertyValueSpecification\",\"valueRequired\":true,\"valueName\":\"search_term_string\"}}],\"inLanguage\":\"pl-PL\"}]}<\/script>\n<!-- \/ Yoast SEO plugin. -->","yoast_head_json":{"title":"Rozpylacz wody &#187; EMS Reparaturen + EMS Zubeh\u00f6r","description":"Rozpylacz wody do spryskiwania elektrod.","robots":{"index":"index","follow":"follow","max-snippet":"max-snippet:-1","max-image-preview":"max-image-preview:large","max-video-preview":"max-video-preview:-1"},"canonical":"https:\/\/online-ems-training.de\/pl\/produkt\/zraszacz\/","og_locale":"pl_PL","og_type":"article","og_title":"Rozpylacz wody &#187; EMS Reparaturen + EMS Zubeh\u00f6r","og_description":"Rozpylacz wody do spryskiwania elektrod.","og_url":"https:\/\/online-ems-training.de\/pl\/produkt\/zraszacz\/","og_site_name":"EMS Reparaturen + EMS Zubeh\u00f6r","article_publisher":"https:\/\/www.facebook.com\/OnlineEMSTrainingShop","article_modified_time":"2023-06-26T13:41:00+00:00","og_image":[{"width":460,"height":722,"url":"https:\/\/i0.wp.com\/online-ems-training.de\/wp-content\/uploads\/2021\/02\/Sprayer.png?fit=460%2C722&ssl=1","type":"image\/png"}],"twitter_card":"summary_large_image","schema":{"@context":"https:\/\/schema.org","@graph":[{"@type":"WebPage","@id":"https:\/\/online-ems-training.de\/pl\/produkt\/zraszacz\/","url":"https:\/\/online-ems-training.de\/pl\/produkt\/zraszacz\/","name":"Rozpylacz wody &#187; EMS Reparaturen + EMS Zubeh\u00f6r","isPartOf":{"@id":"https:\/\/online-ems-training.de\/pl\/#website"},"primaryImageOfPage":{"@id":"https:\/\/online-ems-training.de\/pl\/produkt\/zraszacz\/#primaryimage"},"image":{"@id":"https:\/\/online-ems-training.de\/pl\/produkt\/zraszacz\/#primaryimage"},"thumbnailUrl":"https:\/\/online-ems-training.de\/wp-content\/uploads\/2023\/09\/Sprayer_07.jpg","datePublished":"2021-02-06T21:04:02+00:00","dateModified":"2023-06-26T13:41:00+00:00","description":"Rozpylacz wody do spryskiwania elektrod.","breadcrumb":{"@id":"https:\/\/online-ems-training.de\/pl\/produkt\/zraszacz\/#breadcrumb"},"inLanguage":"pl-PL","potentialAction":[{"@type":"ReadAction","target":["https:\/\/online-ems-training.de\/pl\/produkt\/zraszacz\/"]}]},{"@type":"ImageObject","inLanguage":"pl-PL","@id":"https:\/\/online-ems-training.de\/pl\/produkt\/zraszacz\/#primaryimage","url":"https:\/\/online-ems-training.de\/wp-content\/uploads\/2023\/09\/Sprayer_07.jpg","contentUrl":"https:\/\/online-ems-training.de\/wp-content\/uploads\/2023\/09\/Sprayer_07.jpg","width":1500,"height":2000,"caption":"2l EMS Sprayer"},{"@type":"BreadcrumbList","@id":"https:\/\/online-ems-training.de\/pl\/produkt\/zraszacz\/#breadcrumb","itemListElement":[{"@type":"ListItem","position":1,"name":"Startseite","item":"https:\/\/online-ems-training.de\/pl\/"},{"@type":"ListItem","position":2,"name":"Rozpylacz wody"}]},{"@type":"WebSite","@id":"https:\/\/online-ems-training.de\/pl\/#website","url":"https:\/\/online-ems-training.de\/pl\/","name":"EMS Reparaturen + EMS Zubeh\u00f6r","description":"Reparaturen und Service f\u00fcr EMS Ger\u00e4te und EMS Elektroden","potentialAction":[{"@type":"SearchAction","target":{"@type":"EntryPoint","urlTemplate":"https:\/\/online-ems-training.de\/pl\/?s={search_term_string}"},"query-input":{"@type":"PropertyValueSpecification","valueRequired":true,"valueName":"search_term_string"}}],"inLanguage":"pl-PL"}]}},"_links":{"self":[{"href":"https:\/\/online-ems-training.de\/pl\/wp-json\/wp\/v2\/product\/2331","targetHints":{"allow":["GET"]}}],"collection":[{"href":"https:\/\/online-ems-training.de\/pl\/wp-json\/wp\/v2\/product"}],"about":[{"href":"https:\/\/online-ems-training.de\/pl\/wp-json\/wp\/v2\/types\/product"}],"wp:featuredmedia":[{"embeddable":true,"href":"https:\/\/online-ems-training.de\/pl\/wp-json\/wp\/v2\/media\/2797"}],"wp:attachment":[{"href":"https:\/\/online-ems-training.de\/pl\/wp-json\/wp\/v2\/media?parent=2331"}],"wp:term":[{"taxonomy":"product_brand","embeddable":true,"href":"https:\/\/online-ems-training.de\/pl\/wp-json\/wp\/v2\/product_brand?post=2331"},{"taxonomy":"product_cat","embeddable":true,"href":"https:\/\/online-ems-training.de\/pl\/wp-json\/wp\/v2\/product_cat?post=2331"},{"taxonomy":"product_tag","embeddable":true,"href":"https:\/\/online-ems-training.de\/pl\/wp-json\/wp\/v2\/product_tag?post=2331"}],"curies":[{"name":"wp","href":"https:\/\/api.w.org\/{rel}","templated":true}]}}