{"id":2334,"date":"2021-02-06T16:40:19","date_gmt":"2021-02-06T15:40:19","guid":{"rendered":"https:\/\/online-ems-training.de\/produkt\/brezeasy-support-1l\/"},"modified":"2022-09-09T10:12:38","modified_gmt":"2022-09-09T08:12:38","slug":"brezeasy-support-1l","status":"publish","type":"product","link":"https:\/\/online-ems-training.de\/pl\/produkt\/brezeasy-support-1l\/","title":{"rendered":"brezeasy\u00ae SUPPORT 1l"},"content":{"rendered":"<div class=\"flex_column av_three_fifth flex_column_table_cell av-equal-height-column av-align-middle av-zero-column-padding avia-builder-el-3 el_after_av_two_fifth el_before_av_hr \">\n<section class=\"av_textblock_section \">\n<div class=\"avia_textblock \">\n<p>Nasz koncentrat, z kt\u00f3rym mo\u017cna \u0142atwo zmiesza\u0107 \u015brodek dezynfekuj\u0105cy dla higieny tekstyli\u00f3w &amp; higieny EMS. Z jednego litra brezeasy\u00ae SUPPORT otrzymujemy &#8211; rozcie\u0144czony czyst\u0105 wod\u0105 &#8211; do 5 litr\u00f3w gotowego do u\u017cycia roztworu dezynfekcyjnego.<\/p>\n<p>Praktyczna butelka z klapk\u0105 jest optymalnym rozwi\u0105zaniem do regularnej dezynfekcji wszystkich tekstyli\u00f3w i Twojego sprz\u0119tu EMS oraz do neutralizacji nieprzyjemnych zapach\u00f3w. Nie daj wirusom, bakteriom, grzybom, zarodnikom i brzydkim zapachom wi\u0119cej szans! B\u0105d\u017a m\u0105dry i \u015bwiadomie unikaj szkodliwych substancji dzi\u0119ki brezeasy\u00ae.<\/p>\n<p><em>Uzupe\u0142nienie dla ochrony \u015brodowiska:<\/em><\/p>\n<p>Zalecamy od\u015bwie\u017canie przybor\u00f3w za pomoc\u0105 naszej<a href=\"https:\/\/brezeasy.de\/produkt\/brezeasy-1l-leerflasche\/\"> butelki ze spryskiwaczem do wielokrotnego nape\u0142niania<\/a>.<\/p>\n<div class=\"flex_column av_one_half flex_column_table_cell av-equal-height-column av-align-middle av-zero-column-padding avia-builder-el-15 el_after_av_one_half el_before_av_hr anwendung \">\n<section class=\"av_textblock_section \">\n<div class=\"avia_textblock \">\n<h2 class=\"av-special-heading-tag \"><strong>Aplikacja<\/strong><\/h2>\n<p>Mo\u017cesz u\u017cy\u0107 brezeasy  <em>WSPARCIE dla wszystkich obszar\u00f3w higieny tekstyli\u00f3w. Nawet dla ca\u0142ego studia EMS. Bo nasze produkty s\u0105 tu szczeg\u00f3lnie korzystne!  <\/em>Wystarczy spryska\u0107 u\u017cywane tekstylia i sprz\u0119t sportowy preparatem brezeasy <em>SUPPORT<\/em> i pozostawi\u0107 na kr\u00f3tki czas do zadzia\u0142ania. W razie potrzeby wytrze\u0107. Praktyczna rzecz: nie pozostawiaj\u0105 po sobie \u017cadnych dra\u017cni\u0105cych zapach\u00f3w ani zanieczyszcze\u0144, poniewa\u017c radzimy sobie bez nich!<\/p>\n<\/div>\n<\/section>\n<\/div>\n<\/div>\n<\/section>\n<\/div>\n","protected":false},"excerpt":{"rendered":"<p>brezeasy\u00ae SUPPORT rozcie\u0144czony czyst\u0105 wod\u0105 &#8211; do 5 litr\u00f3w gotowego do u\u017cycia roztworu dezynfekcyjnego.<\/p>\n","protected":false},"featured_media":1968,"template":"","meta":[],"product_brand":[],"product_cat":[177],"product_tag":[],"class_list":{"0":"post-2334","1":"product","2":"type-product","3":"status-publish","4":"has-post-thumbnail","6":"product_cat-pielegnacja-elektrod-ems","7":"product_shipping_class-dhl-paczka-2kg","9":"first","10":"instock","11":"taxable","12":"shipping-taxable","13":"purchasable","14":"product-type-simple"},"yoast_head":"<!-- This site is optimized with the Yoast SEO plugin v27.4 - https:\/\/yoast.com\/product\/yoast-seo-wordpress\/ -->\n<title>brezeasy\u00ae SUPPORT 1l &#187; EMS Reparaturen + EMS Zubeh\u00f6r<\/title>\n<meta name=\"description\" content=\"brezeasy\u00ae SUPPORT rozcie\u0144czony czyst\u0105 wod\u0105 - do 5 litr\u00f3w gotowego do u\u017cycia roztworu do dezynfekcji elektrod EMS.\" \/>\n<meta name=\"robots\" content=\"index, follow, max-snippet:-1, max-image-preview:large, max-video-preview:-1\" \/>\n<link rel=\"canonical\" href=\"https:\/\/online-ems-training.de\/pl\/produkt\/brezeasy-support-1l\/\" \/>\n<meta property=\"og:locale\" content=\"pl_PL\" \/>\n<meta property=\"og:type\" content=\"article\" \/>\n<meta property=\"og:title\" content=\"brezeasy\u00ae SUPPORT 1l &#187; EMS Reparaturen + EMS Zubeh\u00f6r\" \/>\n<meta property=\"og:description\" content=\"brezeasy\u00ae SUPPORT rozcie\u0144czony czyst\u0105 wod\u0105 - do 5 litr\u00f3w gotowego do u\u017cycia roztworu do dezynfekcji elektrod EMS.\" \/>\n<meta property=\"og:url\" content=\"https:\/\/online-ems-training.de\/pl\/produkt\/brezeasy-support-1l\/\" \/>\n<meta property=\"og:site_name\" content=\"EMS Reparaturen + EMS Zubeh\u00f6r\" \/>\n<meta property=\"article:publisher\" content=\"https:\/\/www.facebook.com\/OnlineEMSTrainingShop\" \/>\n<meta property=\"article:modified_time\" content=\"2022-09-09T08:12:38+00:00\" \/>\n<meta property=\"og:image\" content=\"https:\/\/online-ems-training.de\/wp-content\/uploads\/2021\/02\/brezeasy_support.png\" \/>\n\t<meta property=\"og:image:width\" content=\"600\" \/>\n\t<meta property=\"og:image:height\" content=\"1077\" \/>\n\t<meta property=\"og:image:type\" content=\"image\/png\" \/>\n<meta name=\"twitter:card\" content=\"summary_large_image\" \/>\n<meta name=\"twitter:label1\" content=\"Szacowany czas czytania\" \/>\n\t<meta name=\"twitter:data1\" content=\"1 minuta\" \/>\n<script type=\"application\/ld+json\" class=\"yoast-schema-graph\">{\"@context\":\"https:\\\/\\\/schema.org\",\"@graph\":[{\"@type\":\"WebPage\",\"@id\":\"https:\\\/\\\/online-ems-training.de\\\/pl\\\/produkt\\\/brezeasy-support-1l\\\/\",\"url\":\"https:\\\/\\\/online-ems-training.de\\\/pl\\\/produkt\\\/brezeasy-support-1l\\\/\",\"name\":\"brezeasy\u00ae SUPPORT 1l &#187; EMS Reparaturen + EMS Zubeh\u00f6r\",\"isPartOf\":{\"@id\":\"https:\\\/\\\/online-ems-training.de\\\/pl\\\/#website\"},\"primaryImageOfPage\":{\"@id\":\"https:\\\/\\\/online-ems-training.de\\\/pl\\\/produkt\\\/brezeasy-support-1l\\\/#primaryimage\"},\"image\":{\"@id\":\"https:\\\/\\\/online-ems-training.de\\\/pl\\\/produkt\\\/brezeasy-support-1l\\\/#primaryimage\"},\"thumbnailUrl\":\"https:\\\/\\\/online-ems-training.de\\\/wp-content\\\/uploads\\\/2021\\\/02\\\/brezeasy_support.png\",\"datePublished\":\"2021-02-06T15:40:19+00:00\",\"dateModified\":\"2022-09-09T08:12:38+00:00\",\"description\":\"brezeasy\u00ae SUPPORT rozcie\u0144czony czyst\u0105 wod\u0105 - do 5 litr\u00f3w gotowego do u\u017cycia roztworu do dezynfekcji elektrod EMS.\",\"breadcrumb\":{\"@id\":\"https:\\\/\\\/online-ems-training.de\\\/pl\\\/produkt\\\/brezeasy-support-1l\\\/#breadcrumb\"},\"inLanguage\":\"pl-PL\",\"potentialAction\":[{\"@type\":\"ReadAction\",\"target\":[\"https:\\\/\\\/online-ems-training.de\\\/pl\\\/produkt\\\/brezeasy-support-1l\\\/\"]}]},{\"@type\":\"ImageObject\",\"inLanguage\":\"pl-PL\",\"@id\":\"https:\\\/\\\/online-ems-training.de\\\/pl\\\/produkt\\\/brezeasy-support-1l\\\/#primaryimage\",\"url\":\"https:\\\/\\\/online-ems-training.de\\\/wp-content\\\/uploads\\\/2021\\\/02\\\/brezeasy_support.png\",\"contentUrl\":\"https:\\\/\\\/online-ems-training.de\\\/wp-content\\\/uploads\\\/2021\\\/02\\\/brezeasy_support.png\",\"width\":600,\"height\":1077,\"caption\":\"wk\u0142adka Brezeasy Support\"},{\"@type\":\"BreadcrumbList\",\"@id\":\"https:\\\/\\\/online-ems-training.de\\\/pl\\\/produkt\\\/brezeasy-support-1l\\\/#breadcrumb\",\"itemListElement\":[{\"@type\":\"ListItem\",\"position\":1,\"name\":\"Startseite\",\"item\":\"https:\\\/\\\/online-ems-training.de\\\/pl\\\/\"},{\"@type\":\"ListItem\",\"position\":2,\"name\":\"brezeasy\u00ae SUPPORT 1l\"}]},{\"@type\":\"WebSite\",\"@id\":\"https:\\\/\\\/online-ems-training.de\\\/pl\\\/#website\",\"url\":\"https:\\\/\\\/online-ems-training.de\\\/pl\\\/\",\"name\":\"EMS Reparaturen + EMS Zubeh\u00f6r\",\"description\":\"Reparaturen und Service f\u00fcr EMS Ger\u00e4te und EMS Elektroden\",\"potentialAction\":[{\"@type\":\"SearchAction\",\"target\":{\"@type\":\"EntryPoint\",\"urlTemplate\":\"https:\\\/\\\/online-ems-training.de\\\/pl\\\/?s={search_term_string}\"},\"query-input\":{\"@type\":\"PropertyValueSpecification\",\"valueRequired\":true,\"valueName\":\"search_term_string\"}}],\"inLanguage\":\"pl-PL\"}]}<\/script>\n<!-- \/ Yoast SEO plugin. -->","yoast_head_json":{"title":"brezeasy\u00ae SUPPORT 1l &#187; EMS Reparaturen + EMS Zubeh\u00f6r","description":"brezeasy\u00ae SUPPORT rozcie\u0144czony czyst\u0105 wod\u0105 - do 5 litr\u00f3w gotowego do u\u017cycia roztworu do dezynfekcji elektrod EMS.","robots":{"index":"index","follow":"follow","max-snippet":"max-snippet:-1","max-image-preview":"max-image-preview:large","max-video-preview":"max-video-preview:-1"},"canonical":"https:\/\/online-ems-training.de\/pl\/produkt\/brezeasy-support-1l\/","og_locale":"pl_PL","og_type":"article","og_title":"brezeasy\u00ae SUPPORT 1l &#187; EMS Reparaturen + EMS Zubeh\u00f6r","og_description":"brezeasy\u00ae SUPPORT rozcie\u0144czony czyst\u0105 wod\u0105 - do 5 litr\u00f3w gotowego do u\u017cycia roztworu do dezynfekcji elektrod EMS.","og_url":"https:\/\/online-ems-training.de\/pl\/produkt\/brezeasy-support-1l\/","og_site_name":"EMS Reparaturen + EMS Zubeh\u00f6r","article_publisher":"https:\/\/www.facebook.com\/OnlineEMSTrainingShop","article_modified_time":"2022-09-09T08:12:38+00:00","og_image":[{"width":600,"height":1077,"url":"https:\/\/online-ems-training.de\/wp-content\/uploads\/2021\/02\/brezeasy_support.png","type":"image\/png"}],"twitter_card":"summary_large_image","twitter_misc":{"Szacowany czas czytania":"1 minuta"},"schema":{"@context":"https:\/\/schema.org","@graph":[{"@type":"WebPage","@id":"https:\/\/online-ems-training.de\/pl\/produkt\/brezeasy-support-1l\/","url":"https:\/\/online-ems-training.de\/pl\/produkt\/brezeasy-support-1l\/","name":"brezeasy\u00ae SUPPORT 1l &#187; EMS Reparaturen + EMS Zubeh\u00f6r","isPartOf":{"@id":"https:\/\/online-ems-training.de\/pl\/#website"},"primaryImageOfPage":{"@id":"https:\/\/online-ems-training.de\/pl\/produkt\/brezeasy-support-1l\/#primaryimage"},"image":{"@id":"https:\/\/online-ems-training.de\/pl\/produkt\/brezeasy-support-1l\/#primaryimage"},"thumbnailUrl":"https:\/\/online-ems-training.de\/wp-content\/uploads\/2021\/02\/brezeasy_support.png","datePublished":"2021-02-06T15:40:19+00:00","dateModified":"2022-09-09T08:12:38+00:00","description":"brezeasy\u00ae SUPPORT rozcie\u0144czony czyst\u0105 wod\u0105 - do 5 litr\u00f3w gotowego do u\u017cycia roztworu do dezynfekcji elektrod EMS.","breadcrumb":{"@id":"https:\/\/online-ems-training.de\/pl\/produkt\/brezeasy-support-1l\/#breadcrumb"},"inLanguage":"pl-PL","potentialAction":[{"@type":"ReadAction","target":["https:\/\/online-ems-training.de\/pl\/produkt\/brezeasy-support-1l\/"]}]},{"@type":"ImageObject","inLanguage":"pl-PL","@id":"https:\/\/online-ems-training.de\/pl\/produkt\/brezeasy-support-1l\/#primaryimage","url":"https:\/\/online-ems-training.de\/wp-content\/uploads\/2021\/02\/brezeasy_support.png","contentUrl":"https:\/\/online-ems-training.de\/wp-content\/uploads\/2021\/02\/brezeasy_support.png","width":600,"height":1077,"caption":"wk\u0142adka Brezeasy Support"},{"@type":"BreadcrumbList","@id":"https:\/\/online-ems-training.de\/pl\/produkt\/brezeasy-support-1l\/#breadcrumb","itemListElement":[{"@type":"ListItem","position":1,"name":"Startseite","item":"https:\/\/online-ems-training.de\/pl\/"},{"@type":"ListItem","position":2,"name":"brezeasy\u00ae SUPPORT 1l"}]},{"@type":"WebSite","@id":"https:\/\/online-ems-training.de\/pl\/#website","url":"https:\/\/online-ems-training.de\/pl\/","name":"EMS Reparaturen + EMS Zubeh\u00f6r","description":"Reparaturen und Service f\u00fcr EMS Ger\u00e4te und EMS Elektroden","potentialAction":[{"@type":"SearchAction","target":{"@type":"EntryPoint","urlTemplate":"https:\/\/online-ems-training.de\/pl\/?s={search_term_string}"},"query-input":{"@type":"PropertyValueSpecification","valueRequired":true,"valueName":"search_term_string"}}],"inLanguage":"pl-PL"}]}},"_links":{"self":[{"href":"https:\/\/online-ems-training.de\/pl\/wp-json\/wp\/v2\/product\/2334","targetHints":{"allow":["GET"]}}],"collection":[{"href":"https:\/\/online-ems-training.de\/pl\/wp-json\/wp\/v2\/product"}],"about":[{"href":"https:\/\/online-ems-training.de\/pl\/wp-json\/wp\/v2\/types\/product"}],"wp:featuredmedia":[{"embeddable":true,"href":"https:\/\/online-ems-training.de\/pl\/wp-json\/wp\/v2\/media\/1968"}],"wp:attachment":[{"href":"https:\/\/online-ems-training.de\/pl\/wp-json\/wp\/v2\/media?parent=2334"}],"wp:term":[{"taxonomy":"product_brand","embeddable":true,"href":"https:\/\/online-ems-training.de\/pl\/wp-json\/wp\/v2\/product_brand?post=2334"},{"taxonomy":"product_cat","embeddable":true,"href":"https:\/\/online-ems-training.de\/pl\/wp-json\/wp\/v2\/product_cat?post=2334"},{"taxonomy":"product_tag","embeddable":true,"href":"https:\/\/online-ems-training.de\/pl\/wp-json\/wp\/v2\/product_tag?post=2334"}],"curies":[{"name":"wp","href":"https:\/\/api.w.org\/{rel}","templated":true}]}}