{"id":2336,"date":"2022-02-12T14:17:44","date_gmt":"2022-02-12T13:17:44","guid":{"rendered":"https:\/\/online-ems-training.de\/produkt\/maxspeed-8\/"},"modified":"2022-09-09T10:12:41","modified_gmt":"2022-09-09T08:12:41","slug":"maxspeed-8","status":"publish","type":"product","link":"https:\/\/online-ems-training.de\/pl\/produkt\/maxspeed-8\/","title":{"rendered":"MAXSPEED 8"},"content":{"rendered":"<p><span style=\"font-family: Arial, sans-serif;\">Z<\/span><span style=\"font-family: Arial, sans-serif;\"> MAXSPEED <\/span><span style=\"font-family: Arial, sans-serif;\">8<\/span> <span style=\"font-family: Arial, sans-serif;\">dostaniesz <\/span><span style=\"font-family: Arial, sans-serif;\">pe\u0142noletni <\/span><span style=\"font-family: Arial, sans-serif;\">EMS <\/span><span style=\"font-family: Arial, sans-serif;\">G<\/span><span style=\"font-family: Arial, sans-serif;\">erate.<\/span> <span style=\"font-family: Arial, sans-serif;\">Posiada wiele funkcji, kt\u00f3re upraszczaj\u0105 i usprawniaj\u0105 codzienn\u0105 prac\u0119 w studiach EMS. Funkcja blokady jednostki, automatyczne zwi\u0119kszanie warto\u015bci nat\u0119\u017cenia przy u\u017cyciu karty RFID klienta,&#8230;  <\/span><span style=\"font-family: Arial, sans-serif;\">Powi\u0105zanie urz\u0105dzenia z wymogami dokumentacji szkoleniowej zgodnej z NiSV (rozporz\u0105dzenie o ochronie radiologicznej) i wreszcie mo\u017cliwo\u015b\u0107 prowadzenia niezale\u017cnego szkolenia z 2 kursantami jednocze\u015bnie na jednym urz\u0105dzeniu MAXSPEED 8. W tym celu MAXSPEED 8 s\u0142u\u017cy jako stacja bazowa dla 2 MAXSPEED 8.1 Wireless Boxes.  <\/span><\/p>\n<p><span style=\"font-family: Arial, sans-serif;\">Ponadto.<\/span><span style=\"font-family: Arial, sans-serif;\"> intuicyjna obs\u0142uga <\/span><span style=\"font-family: Arial, sans-serif;\">oraz<\/span><span style=\"font-family: Arial, sans-serif;\"> jasne elementy operacyjne <\/span><span style=\"font-family: Arial, sans-serif;\">wspomnia\u0142<\/span><span style=\"font-family: Arial, sans-serif;\">. Obejmuje to wyposa\u017cenie w akumulator zapewniaj\u0105cy bezproblemow\u0105 prac\u0119 &#8211; wsz\u0119dzie, mo\u017cliwo\u015bci ustawienia od stopy sto\u0142u poprzez solidn\u0105 podstaw\u0119 do elastycznego pod\u0142\u0105czenia do wszystkich dost\u0119pnych uchwyt\u00f3w \u015bciennych z gniazdem VESA.  <\/span><\/p>\n<h3><\/h3>\n<h3><span style=\"font-family: Arial, sans-serif;\">15<\/span><span style=\"font-family: Arial, sans-serif;\"> Programy<\/span><\/h3>\n<p><span style=\"font-family: Arial, sans-serif;\">3<\/span><span style=\"font-family: Arial, sans-serif;\">x Budowa mi\u0119\u015bni<\/span><\/p>\n<p><span style=\"font-family: Arial, sans-serif;\">2x tonowanie mi\u0119\u015bni<\/span><\/p>\n<p><span style=\"font-family: Arial, sans-serif;\">3<\/span><span style=\"font-family: Arial, sans-serif;\">x Wytrzyma\u0142o\u015b\u0107 si\u0142owa<\/span><\/p>\n<p><span style=\"font-family: Arial, sans-serif;\">2<\/span><span style=\"font-family: Arial, sans-serif;\">x maksymalna wytrzyma\u0142o\u015b\u0107<\/span><\/p>\n<p><span style=\"font-family: Arial, sans-serif;\">1x napinanie sk\u00f3ry<\/span><\/p>\n<p><span style=\"font-family: Arial, sans-serif;\">2<\/span><span style=\"font-family: Arial, sans-serif;\">x Relaks<\/span><\/p>\n<p><span style=\"font-family: Arial, sans-serif;\">2<\/span><span style=\"font-family: Arial, sans-serif;\">x Cardio<\/span><\/p>\n<h3><span style=\"font-family: Arial, sans-serif;\">Zasilacz<\/span><\/h3>\n<p><span style=\"font-family: Arial, sans-serif;\">Napi\u0119cie sieciowe 230V i akumulator<\/span><\/p>\n<h3><span style=\"font-family: Arial, sans-serif;\">Efektywny pr\u0105d<\/span><\/h3>\n<p><span style=\"font-family: Arial, sans-serif;\">28 mA RMS<\/span><\/p>\n<h3><span style=\"font-family: Arial, sans-serif;\">Napi\u0119cie skuteczne<\/span><\/h3>\n<p><span style=\"font-family: Arial, sans-serif;\">12,8 V RMS<\/span><\/p>\n<h3><span style=\"font-family: Arial, sans-serif;\">Stopie\u0144 ochrony<\/span><\/h3>\n<p><span style=\"font-family: Arial, sans-serif;\">IP 52<\/span><\/p>\n<h3><span style=\"font-family: Arial, sans-serif;\">Ekran<\/span><\/h3>\n<p><span style=\"font-family: Arial, sans-serif;\">Kolorowy wy\u015bwietlacz TFT 7&#8243;<\/span><\/p>\n<h3><span style=\"font-family: Arial, sans-serif;\">Kana\u0142y<\/span><\/h3>\n<p><span style=\"font-family: Arial, sans-serif;\">8<\/span><span style=\"font-family: Arial, sans-serif;\"> Zakresy regulowane jednocze\u015bnie i oddzielnie (1<\/span><span style=\"font-family: Arial, sans-serif;\">6<\/span><span style=\"font-family: Arial, sans-serif;\"> elektroda)<\/span><\/p>\n<h3><span style=\"font-family: Arial, sans-serif;\">Waga<\/span><\/h3>\n<p><span style=\"font-family: Arial, sans-serif;\">4,0kg<\/span><\/p>\n<h3><span style=\"font-family: Arial, sans-serif;\">Instytucja<\/span><\/h3>\n<p><span style=\"font-family: Arial, sans-serif;\">Po\u0142\u0105czenie zgodne z VESA<\/span><\/p>\n<p><span style=\"font-family: Arial, sans-serif;\">Stojak na st\u00f3\u0142<\/span><\/p>\n<p><span style=\"font-family: Arial, sans-serif;\">Stojak na sprz\u0119t do u\u017cytku studyjnego<\/span><\/p>\n<h3><span style=\"font-family: Arial, sans-serif;\">J\u0119zyki<\/span><\/h3>\n<p><span style=\"font-family: Arial, sans-serif;\">Niemiecki<\/span><\/p>\n<p><span style=\"font-family: Arial, sans-serif;\">Angielski<\/span><\/p>\n<p><span style=\"font-family: Arial, sans-serif;\">Francuski<\/span><\/p>\n<p><span style=\"font-family: Arial, sans-serif;\">W\u0142oski<\/span><\/p>\n<p><span style=\"font-family: Arial, sans-serif;\">Polska<\/span><\/p>\n<p><span style=\"font-family: Arial, sans-serif;\">Rosyjski<\/span><\/p>\n<h3><span style=\"font-family: Arial, sans-serif;\">Komunikacja<\/span><\/h3>\n<p><span style=\"font-family: Arial, sans-serif;\">Karty RFID (karta klienta)<\/span><\/p>\n<p><span style=\"font-family: Arial, sans-serif;\">Bezprzewodowa komunikacja z MAXSPEED 8.1 (bezprzewodowa skrzynka treningowa)<\/span><\/p>\n<p><span style=\"font-family: Arial, sans-serif;\">Bezprzewodowa komunikacja z MAXSPEED 8.2 (bezprzewodowy ekran treningowy)<\/span><\/p>\n","protected":false},"excerpt":{"rendered":"<p><span style=\"font-family: Arial, sans-serif;\">MAXSPEED <\/span><span style=\"font-family: Arial, sans-serif;\">8<\/span><span style=\"font-family: Arial, sans-serif;\"> jest EMS <\/span> <span style=\"font-family: Arial, sans-serif;\">Urz\u0105dzenie do kompleksowego szkolenia EMS. Nie pozostawia nic do \u017cyczenia. Dzi\u0119ki MAXSPEED 8  <\/span><span style=\"font-family: Arial, sans-serif;\">zar\u00f3wno statyczne, jak i <\/span><span style=\"font-family: Arial, sans-serif;\">jak r\u00f3wnie\u017c wysoce dynamiczne <\/span><span style=\"font-family: Arial, sans-serif;\">Szkolenie<\/span><span style=\"font-family: Arial, sans-serif;\">mo\u017cliwe s\u0105 jednostki szkoleniowe<\/span><span style=\"font-family: Arial, sans-serif;\">. <\/span> <span style=\"font-family: Arial, sans-serif;\">Mo\u017cna trenowa\u0107 klasycznie z kablem, a tak\u017ce bezprzewodowo. Pojemno\u015b\u0107 studia mo\u017ce by\u0107 \u0142atwo podwojona dzi\u0119ki mo\u017cliwo\u015bci treningu 2 \u0107wicz\u0105cych z jednym MAXSPEED 8.  <\/span><\/p>\n<p><span style=\"font-family: Arial, sans-serif;\">Urz\u0105dzenie wyposa\u017cone jest w <\/span><span style=\"font-family: Arial, sans-serif;\">15<\/span><span style=\"font-family: Arial, sans-serif;\">  programy szkoleniowe. Urz\u0105dzenie mo\u017ce by\u0107 wykorzystywane do treningu zgodnie z aktualnie obowi\u0105zuj\u0105cymi normami DIN.<\/span><\/p>\n<p>&nbsp;<\/p>\n","protected":false},"featured_media":2140,"template":"","meta":[],"product_brand":[],"product_cat":[180],"product_tag":[186,199,198,183],"class_list":{"0":"post-2336","1":"product","2":"type-product","3":"status-publish","4":"has-post-thumbnail","6":"product_cat-urzadzenia-do-szkolenia-ems","7":"product_tag-maksymalna-predkosc","8":"product_tag-predkosc-maksymalna-8","9":"product_tag-urzadzenie-ems-pl","10":"product_tag-urzadzenie-ems","11":"product_shipping_class-urzadzenia-ems","13":"first","14":"instock","15":"taxable","16":"shipping-taxable","17":"purchasable","18":"product-type-simple"},"yoast_head":"<!-- This site is optimized with the Yoast SEO plugin v27.4 - https:\/\/yoast.com\/product\/yoast-seo-wordpress\/ -->\n<title>Urz\u0105dzenie EMS MAXSPEED 8 | Urz\u0105dzenie fitness do treningu EMS<\/title>\n<meta name=\"description\" content=\"Kup MAXSPEED 8. Wysokiej jako\u015bci &amp; profesjonalny trening EMS dla studi\u00f3w fitness. Urz\u0105dzenie do szkolenia EMS - Made in Germ any.\" \/>\n<meta name=\"robots\" content=\"index, follow, max-snippet:-1, max-image-preview:large, max-video-preview:-1\" \/>\n<link rel=\"canonical\" href=\"https:\/\/online-ems-training.de\/pl\/produkt\/maxspeed-8\/\" \/>\n<meta property=\"og:locale\" content=\"pl_PL\" \/>\n<meta property=\"og:type\" content=\"article\" \/>\n<meta property=\"og:title\" content=\"Urz\u0105dzenie EMS MAXSPEED 8 | Urz\u0105dzenie fitness do treningu EMS\" \/>\n<meta property=\"og:description\" content=\"Kup MAXSPEED 8. Wysokiej jako\u015bci &amp; profesjonalny trening EMS dla studi\u00f3w fitness. Urz\u0105dzenie do szkolenia EMS - Made in Germ any.\" \/>\n<meta property=\"og:url\" content=\"https:\/\/online-ems-training.de\/pl\/produkt\/maxspeed-8\/\" \/>\n<meta property=\"og:site_name\" content=\"EMS Reparaturen + EMS Zubeh\u00f6r\" \/>\n<meta property=\"article:publisher\" content=\"https:\/\/www.facebook.com\/OnlineEMSTrainingShop\" \/>\n<meta property=\"article:modified_time\" content=\"2022-09-09T08:12:41+00:00\" \/>\n<meta property=\"og:image\" content=\"https:\/\/online-ems-training.de\/wp-content\/uploads\/2022\/02\/Maxspeed_8.jpg\" \/>\n\t<meta property=\"og:image:width\" content=\"774\" \/>\n\t<meta property=\"og:image:height\" content=\"619\" \/>\n\t<meta property=\"og:image:type\" content=\"image\/jpeg\" \/>\n<meta name=\"twitter:card\" content=\"summary_large_image\" \/>\n<meta name=\"twitter:label1\" content=\"Szacowany czas czytania\" \/>\n\t<meta name=\"twitter:data1\" content=\"1 minuta\" \/>\n<script type=\"application\/ld+json\" class=\"yoast-schema-graph\">{\"@context\":\"https:\\\/\\\/schema.org\",\"@graph\":[{\"@type\":\"WebPage\",\"@id\":\"https:\\\/\\\/online-ems-training.de\\\/pl\\\/produkt\\\/maxspeed-8\\\/\",\"url\":\"https:\\\/\\\/online-ems-training.de\\\/pl\\\/produkt\\\/maxspeed-8\\\/\",\"name\":\"Urz\u0105dzenie EMS MAXSPEED 8 | Urz\u0105dzenie fitness do treningu EMS\",\"isPartOf\":{\"@id\":\"https:\\\/\\\/online-ems-training.de\\\/pl\\\/#website\"},\"primaryImageOfPage\":{\"@id\":\"https:\\\/\\\/online-ems-training.de\\\/pl\\\/produkt\\\/maxspeed-8\\\/#primaryimage\"},\"image\":{\"@id\":\"https:\\\/\\\/online-ems-training.de\\\/pl\\\/produkt\\\/maxspeed-8\\\/#primaryimage\"},\"thumbnailUrl\":\"https:\\\/\\\/online-ems-training.de\\\/wp-content\\\/uploads\\\/2022\\\/02\\\/Maxspeed_8.jpg\",\"datePublished\":\"2022-02-12T13:17:44+00:00\",\"dateModified\":\"2022-09-09T08:12:41+00:00\",\"description\":\"Kup MAXSPEED 8. Wysokiej jako\u015bci & profesjonalny trening EMS dla studi\u00f3w fitness. Urz\u0105dzenie do szkolenia EMS - Made in Germ any.\",\"breadcrumb\":{\"@id\":\"https:\\\/\\\/online-ems-training.de\\\/pl\\\/produkt\\\/maxspeed-8\\\/#breadcrumb\"},\"inLanguage\":\"pl-PL\",\"potentialAction\":[{\"@type\":\"ReadAction\",\"target\":[\"https:\\\/\\\/online-ems-training.de\\\/pl\\\/produkt\\\/maxspeed-8\\\/\"]}]},{\"@type\":\"ImageObject\",\"inLanguage\":\"pl-PL\",\"@id\":\"https:\\\/\\\/online-ems-training.de\\\/pl\\\/produkt\\\/maxspeed-8\\\/#primaryimage\",\"url\":\"https:\\\/\\\/online-ems-training.de\\\/wp-content\\\/uploads\\\/2022\\\/02\\\/Maxspeed_8.jpg\",\"contentUrl\":\"https:\\\/\\\/online-ems-training.de\\\/wp-content\\\/uploads\\\/2022\\\/02\\\/Maxspeed_8.jpg\",\"width\":774,\"height\":619,\"caption\":\"Maxspeed 8\"},{\"@type\":\"BreadcrumbList\",\"@id\":\"https:\\\/\\\/online-ems-training.de\\\/pl\\\/produkt\\\/maxspeed-8\\\/#breadcrumb\",\"itemListElement\":[{\"@type\":\"ListItem\",\"position\":1,\"name\":\"Startseite\",\"item\":\"https:\\\/\\\/online-ems-training.de\\\/pl\\\/\"},{\"@type\":\"ListItem\",\"position\":2,\"name\":\"MAXSPEED 8\"}]},{\"@type\":\"WebSite\",\"@id\":\"https:\\\/\\\/online-ems-training.de\\\/pl\\\/#website\",\"url\":\"https:\\\/\\\/online-ems-training.de\\\/pl\\\/\",\"name\":\"EMS Reparaturen + EMS Zubeh\u00f6r\",\"description\":\"Reparaturen und Service f\u00fcr EMS Ger\u00e4te und EMS Elektroden\",\"potentialAction\":[{\"@type\":\"SearchAction\",\"target\":{\"@type\":\"EntryPoint\",\"urlTemplate\":\"https:\\\/\\\/online-ems-training.de\\\/pl\\\/?s={search_term_string}\"},\"query-input\":{\"@type\":\"PropertyValueSpecification\",\"valueRequired\":true,\"valueName\":\"search_term_string\"}}],\"inLanguage\":\"pl-PL\"}]}<\/script>\n<!-- \/ Yoast SEO plugin. -->","yoast_head_json":{"title":"Urz\u0105dzenie EMS MAXSPEED 8 | Urz\u0105dzenie fitness do treningu EMS","description":"Kup MAXSPEED 8. Wysokiej jako\u015bci & profesjonalny trening EMS dla studi\u00f3w fitness. Urz\u0105dzenie do szkolenia EMS - Made in Germ any.","robots":{"index":"index","follow":"follow","max-snippet":"max-snippet:-1","max-image-preview":"max-image-preview:large","max-video-preview":"max-video-preview:-1"},"canonical":"https:\/\/online-ems-training.de\/pl\/produkt\/maxspeed-8\/","og_locale":"pl_PL","og_type":"article","og_title":"Urz\u0105dzenie EMS MAXSPEED 8 | Urz\u0105dzenie fitness do treningu EMS","og_description":"Kup MAXSPEED 8. Wysokiej jako\u015bci & profesjonalny trening EMS dla studi\u00f3w fitness. Urz\u0105dzenie do szkolenia EMS - Made in Germ any.","og_url":"https:\/\/online-ems-training.de\/pl\/produkt\/maxspeed-8\/","og_site_name":"EMS Reparaturen + EMS Zubeh\u00f6r","article_publisher":"https:\/\/www.facebook.com\/OnlineEMSTrainingShop","article_modified_time":"2022-09-09T08:12:41+00:00","og_image":[{"width":774,"height":619,"url":"https:\/\/online-ems-training.de\/wp-content\/uploads\/2022\/02\/Maxspeed_8.jpg","type":"image\/jpeg"}],"twitter_card":"summary_large_image","twitter_misc":{"Szacowany czas czytania":"1 minuta"},"schema":{"@context":"https:\/\/schema.org","@graph":[{"@type":"WebPage","@id":"https:\/\/online-ems-training.de\/pl\/produkt\/maxspeed-8\/","url":"https:\/\/online-ems-training.de\/pl\/produkt\/maxspeed-8\/","name":"Urz\u0105dzenie EMS MAXSPEED 8 | Urz\u0105dzenie fitness do treningu EMS","isPartOf":{"@id":"https:\/\/online-ems-training.de\/pl\/#website"},"primaryImageOfPage":{"@id":"https:\/\/online-ems-training.de\/pl\/produkt\/maxspeed-8\/#primaryimage"},"image":{"@id":"https:\/\/online-ems-training.de\/pl\/produkt\/maxspeed-8\/#primaryimage"},"thumbnailUrl":"https:\/\/online-ems-training.de\/wp-content\/uploads\/2022\/02\/Maxspeed_8.jpg","datePublished":"2022-02-12T13:17:44+00:00","dateModified":"2022-09-09T08:12:41+00:00","description":"Kup MAXSPEED 8. Wysokiej jako\u015bci & profesjonalny trening EMS dla studi\u00f3w fitness. Urz\u0105dzenie do szkolenia EMS - Made in Germ any.","breadcrumb":{"@id":"https:\/\/online-ems-training.de\/pl\/produkt\/maxspeed-8\/#breadcrumb"},"inLanguage":"pl-PL","potentialAction":[{"@type":"ReadAction","target":["https:\/\/online-ems-training.de\/pl\/produkt\/maxspeed-8\/"]}]},{"@type":"ImageObject","inLanguage":"pl-PL","@id":"https:\/\/online-ems-training.de\/pl\/produkt\/maxspeed-8\/#primaryimage","url":"https:\/\/online-ems-training.de\/wp-content\/uploads\/2022\/02\/Maxspeed_8.jpg","contentUrl":"https:\/\/online-ems-training.de\/wp-content\/uploads\/2022\/02\/Maxspeed_8.jpg","width":774,"height":619,"caption":"Maxspeed 8"},{"@type":"BreadcrumbList","@id":"https:\/\/online-ems-training.de\/pl\/produkt\/maxspeed-8\/#breadcrumb","itemListElement":[{"@type":"ListItem","position":1,"name":"Startseite","item":"https:\/\/online-ems-training.de\/pl\/"},{"@type":"ListItem","position":2,"name":"MAXSPEED 8"}]},{"@type":"WebSite","@id":"https:\/\/online-ems-training.de\/pl\/#website","url":"https:\/\/online-ems-training.de\/pl\/","name":"EMS Reparaturen + EMS Zubeh\u00f6r","description":"Reparaturen und Service f\u00fcr EMS Ger\u00e4te und EMS Elektroden","potentialAction":[{"@type":"SearchAction","target":{"@type":"EntryPoint","urlTemplate":"https:\/\/online-ems-training.de\/pl\/?s={search_term_string}"},"query-input":{"@type":"PropertyValueSpecification","valueRequired":true,"valueName":"search_term_string"}}],"inLanguage":"pl-PL"}]}},"_links":{"self":[{"href":"https:\/\/online-ems-training.de\/pl\/wp-json\/wp\/v2\/product\/2336","targetHints":{"allow":["GET"]}}],"collection":[{"href":"https:\/\/online-ems-training.de\/pl\/wp-json\/wp\/v2\/product"}],"about":[{"href":"https:\/\/online-ems-training.de\/pl\/wp-json\/wp\/v2\/types\/product"}],"wp:featuredmedia":[{"embeddable":true,"href":"https:\/\/online-ems-training.de\/pl\/wp-json\/wp\/v2\/media\/2140"}],"wp:attachment":[{"href":"https:\/\/online-ems-training.de\/pl\/wp-json\/wp\/v2\/media?parent=2336"}],"wp:term":[{"taxonomy":"product_brand","embeddable":true,"href":"https:\/\/online-ems-training.de\/pl\/wp-json\/wp\/v2\/product_brand?post=2336"},{"taxonomy":"product_cat","embeddable":true,"href":"https:\/\/online-ems-training.de\/pl\/wp-json\/wp\/v2\/product_cat?post=2336"},{"taxonomy":"product_tag","embeddable":true,"href":"https:\/\/online-ems-training.de\/pl\/wp-json\/wp\/v2\/product_tag?post=2336"}],"curies":[{"name":"wp","href":"https:\/\/api.w.org\/{rel}","templated":true}]}}