{"id":2354,"date":"2022-02-12T14:17:44","date_gmt":"2022-02-12T13:17:44","guid":{"rendered":"https:\/\/online-ems-training.de\/produkt\/elektrody-ems-zestaw-6-kanalowy\/"},"modified":"2024-05-01T00:07:29","modified_gmt":"2024-04-30T22:07:29","slug":"elektrody-ems-zestaw-6-kanalowy","status":"publish","type":"product","link":"https:\/\/online-ems-training.de\/pl\/produkt\/elektrody-ems-zestaw-6-kanalowy\/","title":{"rendered":"Elektrody EMS zestaw 6-kana\u0142owy"},"content":{"rendered":"<p>6-kana\u0142owy kompletny zestaw elektrod charakteryzuje si\u0119 doskona\u0142ym dopasowaniem i perfekcyjn\u0105 obs\u0142ug\u0105. Doskonale nadaj\u0105 si\u0119 do aktywnego i dynamicznego treningu. Masz par\u0119 elektrod na obszar klatki piersiowej, jedn\u0105 na brzuch, jedn\u0105 na plecy, jedn\u0105 na ramiona, jedn\u0105 na po\u015bladki i par\u0119 elektrod na nogi. Przenosi to bodziec treningowy na dan\u0105 grup\u0119 mi\u0119\u015bniow\u0105. Elektrody s\u0105 \u0142atwe i szybkie w aplikacji. Dodatkowo posiadaj\u0105 optymalne i skuteczne prowadzenie pasa. Z pomoc\u0105 tej prowadnicy paska, elektrody automatycznie dociskaj\u0105 si\u0119 do optymalnej powierzchni i zapewniaj\u0105 idealne dopasowanie nawet podczas aktywnego treningu.<\/p>\n<p>6-kana\u0142owy kompletny zestaw elektrod sk\u0142ada si\u0119 ze stabilnego materia\u0142u no\u015bnego, trwa\u0142ych \u0142\u0105cznik\u00f3w o jako\u015bci przemys\u0142owej, wysoce ch\u0142onnych zbiornik\u00f3w wodnych oraz doskona\u0142ych elektrod. Materia\u0142 elektrody jest prawie niezniszczalny i posiada do\u017cywotni\u0105 gwarancj\u0119.<\/p>\n<p>Elektrody mo\u017cna \u0142atwo i skutecznie czy\u015bci\u0107 w pralce z u\u017cyciem \u0142agodnego detergentu.<\/p>\n<p>Prosimy o zmierzenie podanych wymiar\u00f3w w celu doboru elektrod, a nast\u0119pnie okre\u015blenie w\u0142a\u015bciwego rozmiaru.<\/p>\n<p>Zestaw elektrod zawiera:<\/p>\n<ul>\n<li>1 x 6-kana\u0142owa kamizelka z elektrodami<\/li>\n<li>1 x pasek z poelektrod\u0105<\/li>\n<li>1 x para elektrod ramieniowych<\/li>\n<li>1x para elektrod na nogi<\/li>\n<li>1 x wi\u0105zka przewod\u00f3w<\/li>\n<\/ul>\n","protected":false},"excerpt":{"rendered":"<p>MAXSPEED 6 kana\u0142owy kompletny zestaw elektrod do treningu EMS z MAXSPEED 6, MAXSPEED Home i por\u00f3wnywalnymi urz\u0105dzeniami EMS.<\/p>\n","protected":false},"featured_media":2060,"template":"","meta":[],"product_brand":[],"product_cat":[172],"product_tag":[217,182,216],"class_list":{"0":"post-2354","1":"product","2":"type-product","3":"status-publish","4":"has-post-thumbnail","6":"product_cat-bielizna-funkcyjna-ems","7":"product_tag-elektrody-ems","8":"product_tag-ems-pl","9":"product_tag-zestaw-elektrod","10":"product_shipping_class-dhl-paczka-2kg","12":"first","13":"instock","14":"taxable","15":"shipping-taxable","16":"purchasable","17":"product-type-variable"},"yoast_head":"<!-- This site is optimized with the Yoast SEO plugin v27.4 - https:\/\/yoast.com\/product\/yoast-seo-wordpress\/ -->\n<title>Elektrody EMS zestaw 6-kana\u0142owy &#187; MAXSPEED<\/title>\n<meta name=\"description\" content=\"Zestaw elektrod 6-kana\u0142owych marki MAXSPEED do treningu EMS z wykorzystaniem urz\u0105dze\u0144 EMS. Certyfikowane elektrody dla EMS\" \/>\n<meta name=\"robots\" content=\"index, follow, max-snippet:-1, max-image-preview:large, max-video-preview:-1\" \/>\n<link rel=\"canonical\" href=\"https:\/\/online-ems-training.de\/pl\/produkt\/elektrody-ems-zestaw-6-kanalowy\/\" \/>\n<meta property=\"og:locale\" content=\"pl_PL\" \/>\n<meta property=\"og:type\" content=\"article\" \/>\n<meta property=\"og:title\" content=\"Elektrody EMS zestaw 6-kana\u0142owy &#187; MAXSPEED\" \/>\n<meta property=\"og:description\" content=\"Zestaw elektrod 6-kana\u0142owych marki MAXSPEED do treningu EMS z wykorzystaniem urz\u0105dze\u0144 EMS. Certyfikowane elektrody dla EMS\" \/>\n<meta property=\"og:url\" content=\"https:\/\/online-ems-training.de\/pl\/produkt\/elektrody-ems-zestaw-6-kanalowy\/\" \/>\n<meta property=\"og:site_name\" content=\"EMS Reparaturen + EMS Zubeh\u00f6r\" \/>\n<meta property=\"article:publisher\" content=\"https:\/\/www.facebook.com\/OnlineEMSTrainingShop\" \/>\n<meta property=\"article:modified_time\" content=\"2024-04-30T22:07:29+00:00\" \/>\n<meta property=\"og:image\" content=\"https:\/\/i0.wp.com\/online-ems-training.de\/wp-content\/uploads\/2022\/02\/MAXSPEED8-EMS-Geraete.jpg?fit=960%2C960&ssl=1\" \/>\n\t<meta property=\"og:image:width\" content=\"960\" \/>\n\t<meta property=\"og:image:height\" content=\"960\" \/>\n\t<meta property=\"og:image:type\" content=\"image\/jpeg\" \/>\n<meta name=\"twitter:card\" content=\"summary_large_image\" \/>\n<meta name=\"twitter:label1\" content=\"Szacowany czas czytania\" \/>\n\t<meta name=\"twitter:data1\" content=\"1 minuta\" \/>\n<script type=\"application\/ld+json\" class=\"yoast-schema-graph\">{\"@context\":\"https:\\\/\\\/schema.org\",\"@graph\":[{\"@type\":\"WebPage\",\"@id\":\"https:\\\/\\\/online-ems-training.de\\\/pl\\\/produkt\\\/elektrody-ems-zestaw-6-kanalowy\\\/\",\"url\":\"https:\\\/\\\/online-ems-training.de\\\/pl\\\/produkt\\\/elektrody-ems-zestaw-6-kanalowy\\\/\",\"name\":\"Elektrody EMS zestaw 6-kana\u0142owy &#187; MAXSPEED\",\"isPartOf\":{\"@id\":\"https:\\\/\\\/online-ems-training.de\\\/pl\\\/#website\"},\"primaryImageOfPage\":{\"@id\":\"https:\\\/\\\/online-ems-training.de\\\/pl\\\/produkt\\\/elektrody-ems-zestaw-6-kanalowy\\\/#primaryimage\"},\"image\":{\"@id\":\"https:\\\/\\\/online-ems-training.de\\\/pl\\\/produkt\\\/elektrody-ems-zestaw-6-kanalowy\\\/#primaryimage\"},\"thumbnailUrl\":\"https:\\\/\\\/online-ems-training.de\\\/wp-content\\\/uploads\\\/2022\\\/02\\\/MAXSPEED8-EMS-Geraete.jpg\",\"datePublished\":\"2022-02-12T13:17:44+00:00\",\"dateModified\":\"2024-04-30T22:07:29+00:00\",\"description\":\"Zestaw elektrod 6-kana\u0142owych marki MAXSPEED do treningu EMS z wykorzystaniem urz\u0105dze\u0144 EMS. Certyfikowane elektrody dla EMS\",\"breadcrumb\":{\"@id\":\"https:\\\/\\\/online-ems-training.de\\\/pl\\\/produkt\\\/elektrody-ems-zestaw-6-kanalowy\\\/#breadcrumb\"},\"inLanguage\":\"pl-PL\",\"potentialAction\":[{\"@type\":\"ReadAction\",\"target\":[\"https:\\\/\\\/online-ems-training.de\\\/pl\\\/produkt\\\/elektrody-ems-zestaw-6-kanalowy\\\/\"]}]},{\"@type\":\"ImageObject\",\"inLanguage\":\"pl-PL\",\"@id\":\"https:\\\/\\\/online-ems-training.de\\\/pl\\\/produkt\\\/elektrody-ems-zestaw-6-kanalowy\\\/#primaryimage\",\"url\":\"https:\\\/\\\/online-ems-training.de\\\/wp-content\\\/uploads\\\/2022\\\/02\\\/MAXSPEED8-EMS-Geraete.jpg\",\"contentUrl\":\"https:\\\/\\\/online-ems-training.de\\\/wp-content\\\/uploads\\\/2022\\\/02\\\/MAXSPEED8-EMS-Geraete.jpg\",\"width\":960,\"height\":960},{\"@type\":\"BreadcrumbList\",\"@id\":\"https:\\\/\\\/online-ems-training.de\\\/pl\\\/produkt\\\/elektrody-ems-zestaw-6-kanalowy\\\/#breadcrumb\",\"itemListElement\":[{\"@type\":\"ListItem\",\"position\":1,\"name\":\"Startseite\",\"item\":\"https:\\\/\\\/online-ems-training.de\\\/pl\\\/\"},{\"@type\":\"ListItem\",\"position\":2,\"name\":\"Elektrody EMS zestaw 6-kana\u0142owy\"}]},{\"@type\":\"WebSite\",\"@id\":\"https:\\\/\\\/online-ems-training.de\\\/pl\\\/#website\",\"url\":\"https:\\\/\\\/online-ems-training.de\\\/pl\\\/\",\"name\":\"EMS Reparaturen + EMS Zubeh\u00f6r\",\"description\":\"Reparaturen und Service f\u00fcr EMS Ger\u00e4te und EMS Elektroden\",\"potentialAction\":[{\"@type\":\"SearchAction\",\"target\":{\"@type\":\"EntryPoint\",\"urlTemplate\":\"https:\\\/\\\/online-ems-training.de\\\/pl\\\/?s={search_term_string}\"},\"query-input\":{\"@type\":\"PropertyValueSpecification\",\"valueRequired\":true,\"valueName\":\"search_term_string\"}}],\"inLanguage\":\"pl-PL\"}]}<\/script>\n<!-- \/ Yoast SEO plugin. -->","yoast_head_json":{"title":"Elektrody EMS zestaw 6-kana\u0142owy &#187; MAXSPEED","description":"Zestaw elektrod 6-kana\u0142owych marki MAXSPEED do treningu EMS z wykorzystaniem urz\u0105dze\u0144 EMS. Certyfikowane elektrody dla EMS","robots":{"index":"index","follow":"follow","max-snippet":"max-snippet:-1","max-image-preview":"max-image-preview:large","max-video-preview":"max-video-preview:-1"},"canonical":"https:\/\/online-ems-training.de\/pl\/produkt\/elektrody-ems-zestaw-6-kanalowy\/","og_locale":"pl_PL","og_type":"article","og_title":"Elektrody EMS zestaw 6-kana\u0142owy &#187; MAXSPEED","og_description":"Zestaw elektrod 6-kana\u0142owych marki MAXSPEED do treningu EMS z wykorzystaniem urz\u0105dze\u0144 EMS. Certyfikowane elektrody dla EMS","og_url":"https:\/\/online-ems-training.de\/pl\/produkt\/elektrody-ems-zestaw-6-kanalowy\/","og_site_name":"EMS Reparaturen + EMS Zubeh\u00f6r","article_publisher":"https:\/\/www.facebook.com\/OnlineEMSTrainingShop","article_modified_time":"2024-04-30T22:07:29+00:00","og_image":[{"width":960,"height":960,"url":"https:\/\/i0.wp.com\/online-ems-training.de\/wp-content\/uploads\/2022\/02\/MAXSPEED8-EMS-Geraete.jpg?fit=960%2C960&ssl=1","type":"image\/jpeg"}],"twitter_card":"summary_large_image","twitter_misc":{"Szacowany czas czytania":"1 minuta"},"schema":{"@context":"https:\/\/schema.org","@graph":[{"@type":"WebPage","@id":"https:\/\/online-ems-training.de\/pl\/produkt\/elektrody-ems-zestaw-6-kanalowy\/","url":"https:\/\/online-ems-training.de\/pl\/produkt\/elektrody-ems-zestaw-6-kanalowy\/","name":"Elektrody EMS zestaw 6-kana\u0142owy &#187; MAXSPEED","isPartOf":{"@id":"https:\/\/online-ems-training.de\/pl\/#website"},"primaryImageOfPage":{"@id":"https:\/\/online-ems-training.de\/pl\/produkt\/elektrody-ems-zestaw-6-kanalowy\/#primaryimage"},"image":{"@id":"https:\/\/online-ems-training.de\/pl\/produkt\/elektrody-ems-zestaw-6-kanalowy\/#primaryimage"},"thumbnailUrl":"https:\/\/online-ems-training.de\/wp-content\/uploads\/2022\/02\/MAXSPEED8-EMS-Geraete.jpg","datePublished":"2022-02-12T13:17:44+00:00","dateModified":"2024-04-30T22:07:29+00:00","description":"Zestaw elektrod 6-kana\u0142owych marki MAXSPEED do treningu EMS z wykorzystaniem urz\u0105dze\u0144 EMS. Certyfikowane elektrody dla EMS","breadcrumb":{"@id":"https:\/\/online-ems-training.de\/pl\/produkt\/elektrody-ems-zestaw-6-kanalowy\/#breadcrumb"},"inLanguage":"pl-PL","potentialAction":[{"@type":"ReadAction","target":["https:\/\/online-ems-training.de\/pl\/produkt\/elektrody-ems-zestaw-6-kanalowy\/"]}]},{"@type":"ImageObject","inLanguage":"pl-PL","@id":"https:\/\/online-ems-training.de\/pl\/produkt\/elektrody-ems-zestaw-6-kanalowy\/#primaryimage","url":"https:\/\/online-ems-training.de\/wp-content\/uploads\/2022\/02\/MAXSPEED8-EMS-Geraete.jpg","contentUrl":"https:\/\/online-ems-training.de\/wp-content\/uploads\/2022\/02\/MAXSPEED8-EMS-Geraete.jpg","width":960,"height":960},{"@type":"BreadcrumbList","@id":"https:\/\/online-ems-training.de\/pl\/produkt\/elektrody-ems-zestaw-6-kanalowy\/#breadcrumb","itemListElement":[{"@type":"ListItem","position":1,"name":"Startseite","item":"https:\/\/online-ems-training.de\/pl\/"},{"@type":"ListItem","position":2,"name":"Elektrody EMS zestaw 6-kana\u0142owy"}]},{"@type":"WebSite","@id":"https:\/\/online-ems-training.de\/pl\/#website","url":"https:\/\/online-ems-training.de\/pl\/","name":"EMS Reparaturen + EMS Zubeh\u00f6r","description":"Reparaturen und Service f\u00fcr EMS Ger\u00e4te und EMS Elektroden","potentialAction":[{"@type":"SearchAction","target":{"@type":"EntryPoint","urlTemplate":"https:\/\/online-ems-training.de\/pl\/?s={search_term_string}"},"query-input":{"@type":"PropertyValueSpecification","valueRequired":true,"valueName":"search_term_string"}}],"inLanguage":"pl-PL"}]}},"_links":{"self":[{"href":"https:\/\/online-ems-training.de\/pl\/wp-json\/wp\/v2\/product\/2354","targetHints":{"allow":["GET"]}}],"collection":[{"href":"https:\/\/online-ems-training.de\/pl\/wp-json\/wp\/v2\/product"}],"about":[{"href":"https:\/\/online-ems-training.de\/pl\/wp-json\/wp\/v2\/types\/product"}],"wp:featuredmedia":[{"embeddable":true,"href":"https:\/\/online-ems-training.de\/pl\/wp-json\/wp\/v2\/media\/2060"}],"wp:attachment":[{"href":"https:\/\/online-ems-training.de\/pl\/wp-json\/wp\/v2\/media?parent=2354"}],"wp:term":[{"taxonomy":"product_brand","embeddable":true,"href":"https:\/\/online-ems-training.de\/pl\/wp-json\/wp\/v2\/product_brand?post=2354"},{"taxonomy":"product_cat","embeddable":true,"href":"https:\/\/online-ems-training.de\/pl\/wp-json\/wp\/v2\/product_cat?post=2354"},{"taxonomy":"product_tag","embeddable":true,"href":"https:\/\/online-ems-training.de\/pl\/wp-json\/wp\/v2\/product_tag?post=2354"}],"curies":[{"name":"wp","href":"https:\/\/api.w.org\/{rel}","templated":true}]}}