{"id":2356,"date":"2022-02-12T14:17:44","date_gmt":"2022-02-12T13:17:44","guid":{"rendered":"https:\/\/online-ems-training.de\/produkt\/wiazka-przewodow\/"},"modified":"2024-05-01T00:07:43","modified_gmt":"2024-04-30T22:07:43","slug":"wiazka-przewodow","status":"publish","type":"product","link":"https:\/\/online-ems-training.de\/pl\/produkt\/wiazka-przewodow\/","title":{"rendered":"Wi\u0105zka przewod\u00f3w"},"content":{"rendered":"<p>Wi\u0105zka przewod\u00f3w \u0142\u0105czy kabel przy\u0142\u0105czeniowy z elektrodami. Wi\u0105zka przewod\u00f3w znajduje si\u0119 w kamizelce elektrody. Z tego miejsca pod\u0142\u0105cza si\u0119 wszystkie elektrody, takie jak elektrody ramion i elektrody n\u00f3g.<\/p>\n<p>Wi\u0105zka przewod\u00f3w jest po\u0142\u0105czona z przewodem \u0142\u0105cz\u0105cym za pomoc\u0105 systemu \u015brubowego, dzi\u0119ki czemu po\u0142\u0105czenie nie mo\u017ce si\u0119 poluzowa\u0107. Jest to szczeg\u00f3lnie korzystne w przypadku dynamicznie zaprojektowanych trening\u00f3w EMS. Proste, ale bardzo pewne i sprawdzone rozwi\u0105zanie.<\/p>\n<p>Przed zam\u00f3wieniem nale\u017cy pami\u0119ta\u0107, \u017ce istniej\u0105 6-kana\u0142owe i 8-kana\u0142owe wi\u0105zki przewod\u00f3w.<\/p>\n<p>W przypadku MAXSPEED 8 wymagany jest 8-kana\u0142owy zesp\u00f3\u0142 przewod\u00f3w.<\/p>\n<p>Dla MAXSPEED 6 wymagany jest 6-kana\u0142owy zesp\u00f3\u0142 przewod\u00f3w.<\/p>\n<p>Do systemu MAXSPEED Home wymagana jest 6-kana\u0142owa wi\u0105zka przewod\u00f3w.<\/p>\n<p>W przypadku 8-kana\u0142owego zestawu elektrod ze spodniami elektrodowymi, wymagana jest jedna wi\u0105zka kablowa spodnie g\u00f3rne i jedna wi\u0105zka kablowa spodnie dolne.<\/p>\n","protected":false},"excerpt":{"rendered":"<p>Wi\u0105zka przewod\u00f3w jest wymagana do po\u0142\u0105czenia pomi\u0119dzy systemem elektrod EMS a urz\u0105dzeniem EMS. Zestaw elektrod jest pod\u0142\u0105czony do urz\u0105dzenia za pomoc\u0105 <a href=\"https:\/\/max-speed.de\/shop\/anschlusskabel\/\">kabla \u0142\u0105cz\u0105cego<\/a> i mo\u017cliwa jest transmisja impuls\u00f3w.<\/p>\n<p>&nbsp;<\/p>\n","protected":false},"featured_media":2056,"template":"","meta":[],"product_brand":[],"product_cat":[223],"product_tag":[],"class_list":{"0":"post-2356","1":"product","2":"type-product","3":"status-publish","4":"has-post-thumbnail","6":"product_cat-akcesoria","7":"product_shipping_class-dhl-paczka-2kg","9":"first","10":"instock","11":"taxable","12":"shipping-taxable","13":"purchasable","14":"product-type-variable"},"yoast_head":"<!-- This site is optimized with the Yoast SEO plugin v27.4 - https:\/\/yoast.com\/product\/yoast-seo-wordpress\/ -->\n<title>Wi\u0105zka przewod\u00f3w &#187; EMS Reparaturen + EMS Zubeh\u00f6r<\/title>\n<meta name=\"description\" content=\"Wi\u0105zka przewod\u00f3w do urz\u0105dze\u0144 treningowych EMS i elektrod EMS. Kup uprz\u0105\u017c MAXSPEED do kamizelek i system\u00f3w uprz\u0119\u017cy EMS do stosowania na sprz\u0119cie EMS.\" \/>\n<meta name=\"robots\" content=\"index, follow, max-snippet:-1, max-image-preview:large, max-video-preview:-1\" \/>\n<link rel=\"canonical\" href=\"https:\/\/online-ems-training.de\/pl\/produkt\/wiazka-przewodow\/\" \/>\n<meta property=\"og:locale\" content=\"pl_PL\" \/>\n<meta property=\"og:type\" content=\"article\" \/>\n<meta property=\"og:title\" content=\"Wi\u0105zka przewod\u00f3w &#187; EMS Reparaturen + EMS Zubeh\u00f6r\" \/>\n<meta property=\"og:description\" content=\"Wi\u0105zka przewod\u00f3w do urz\u0105dze\u0144 treningowych EMS i elektrod EMS. Kup uprz\u0105\u017c MAXSPEED do kamizelek i system\u00f3w uprz\u0119\u017cy EMS do stosowania na sprz\u0119cie EMS.\" \/>\n<meta property=\"og:url\" content=\"https:\/\/online-ems-training.de\/pl\/produkt\/wiazka-przewodow\/\" \/>\n<meta property=\"og:site_name\" content=\"EMS Reparaturen + EMS Zubeh\u00f6r\" \/>\n<meta property=\"article:publisher\" content=\"https:\/\/www.facebook.com\/OnlineEMSTrainingShop\" \/>\n<meta property=\"article:modified_time\" content=\"2024-04-30T22:07:43+00:00\" \/>\n<meta property=\"og:image\" content=\"https:\/\/i0.wp.com\/online-ems-training.de\/wp-content\/uploads\/2022\/02\/EMS-Training-Kabelbaum.jpg?fit=1980%2C1320&ssl=1\" \/>\n\t<meta property=\"og:image:width\" content=\"1980\" \/>\n\t<meta property=\"og:image:height\" content=\"1320\" \/>\n\t<meta property=\"og:image:type\" content=\"image\/jpeg\" \/>\n<meta name=\"twitter:card\" content=\"summary_large_image\" \/>\n<meta name=\"twitter:label1\" content=\"Szacowany czas czytania\" \/>\n\t<meta name=\"twitter:data1\" content=\"1 minuta\" \/>\n<script type=\"application\/ld+json\" class=\"yoast-schema-graph\">{\"@context\":\"https:\\\/\\\/schema.org\",\"@graph\":[{\"@type\":\"WebPage\",\"@id\":\"https:\\\/\\\/online-ems-training.de\\\/pl\\\/produkt\\\/wiazka-przewodow\\\/\",\"url\":\"https:\\\/\\\/online-ems-training.de\\\/pl\\\/produkt\\\/wiazka-przewodow\\\/\",\"name\":\"Wi\u0105zka przewod\u00f3w &#187; EMS Reparaturen + EMS Zubeh\u00f6r\",\"isPartOf\":{\"@id\":\"https:\\\/\\\/online-ems-training.de\\\/pl\\\/#website\"},\"primaryImageOfPage\":{\"@id\":\"https:\\\/\\\/online-ems-training.de\\\/pl\\\/produkt\\\/wiazka-przewodow\\\/#primaryimage\"},\"image\":{\"@id\":\"https:\\\/\\\/online-ems-training.de\\\/pl\\\/produkt\\\/wiazka-przewodow\\\/#primaryimage\"},\"thumbnailUrl\":\"https:\\\/\\\/online-ems-training.de\\\/wp-content\\\/uploads\\\/2022\\\/02\\\/EMS-Training-Kabelbaum.jpg\",\"datePublished\":\"2022-02-12T13:17:44+00:00\",\"dateModified\":\"2024-04-30T22:07:43+00:00\",\"description\":\"Wi\u0105zka przewod\u00f3w do urz\u0105dze\u0144 treningowych EMS i elektrod EMS. Kup uprz\u0105\u017c MAXSPEED do kamizelek i system\u00f3w uprz\u0119\u017cy EMS do stosowania na sprz\u0119cie EMS.\",\"breadcrumb\":{\"@id\":\"https:\\\/\\\/online-ems-training.de\\\/pl\\\/produkt\\\/wiazka-przewodow\\\/#breadcrumb\"},\"inLanguage\":\"pl-PL\",\"potentialAction\":[{\"@type\":\"ReadAction\",\"target\":[\"https:\\\/\\\/online-ems-training.de\\\/pl\\\/produkt\\\/wiazka-przewodow\\\/\"]}]},{\"@type\":\"ImageObject\",\"inLanguage\":\"pl-PL\",\"@id\":\"https:\\\/\\\/online-ems-training.de\\\/pl\\\/produkt\\\/wiazka-przewodow\\\/#primaryimage\",\"url\":\"https:\\\/\\\/online-ems-training.de\\\/wp-content\\\/uploads\\\/2022\\\/02\\\/EMS-Training-Kabelbaum.jpg\",\"contentUrl\":\"https:\\\/\\\/online-ems-training.de\\\/wp-content\\\/uploads\\\/2022\\\/02\\\/EMS-Training-Kabelbaum.jpg\",\"width\":1980,\"height\":1320},{\"@type\":\"BreadcrumbList\",\"@id\":\"https:\\\/\\\/online-ems-training.de\\\/pl\\\/produkt\\\/wiazka-przewodow\\\/#breadcrumb\",\"itemListElement\":[{\"@type\":\"ListItem\",\"position\":1,\"name\":\"Startseite\",\"item\":\"https:\\\/\\\/online-ems-training.de\\\/pl\\\/\"},{\"@type\":\"ListItem\",\"position\":2,\"name\":\"Wi\u0105zka przewod\u00f3w\"}]},{\"@type\":\"WebSite\",\"@id\":\"https:\\\/\\\/online-ems-training.de\\\/pl\\\/#website\",\"url\":\"https:\\\/\\\/online-ems-training.de\\\/pl\\\/\",\"name\":\"EMS Reparaturen + EMS Zubeh\u00f6r\",\"description\":\"Reparaturen und Service f\u00fcr EMS Ger\u00e4te und EMS Elektroden\",\"potentialAction\":[{\"@type\":\"SearchAction\",\"target\":{\"@type\":\"EntryPoint\",\"urlTemplate\":\"https:\\\/\\\/online-ems-training.de\\\/pl\\\/?s={search_term_string}\"},\"query-input\":{\"@type\":\"PropertyValueSpecification\",\"valueRequired\":true,\"valueName\":\"search_term_string\"}}],\"inLanguage\":\"pl-PL\"}]}<\/script>\n<!-- \/ Yoast SEO plugin. -->","yoast_head_json":{"title":"Wi\u0105zka przewod\u00f3w &#187; EMS Reparaturen + EMS Zubeh\u00f6r","description":"Wi\u0105zka przewod\u00f3w do urz\u0105dze\u0144 treningowych EMS i elektrod EMS. Kup uprz\u0105\u017c MAXSPEED do kamizelek i system\u00f3w uprz\u0119\u017cy EMS do stosowania na sprz\u0119cie EMS.","robots":{"index":"index","follow":"follow","max-snippet":"max-snippet:-1","max-image-preview":"max-image-preview:large","max-video-preview":"max-video-preview:-1"},"canonical":"https:\/\/online-ems-training.de\/pl\/produkt\/wiazka-przewodow\/","og_locale":"pl_PL","og_type":"article","og_title":"Wi\u0105zka przewod\u00f3w &#187; EMS Reparaturen + EMS Zubeh\u00f6r","og_description":"Wi\u0105zka przewod\u00f3w do urz\u0105dze\u0144 treningowych EMS i elektrod EMS. Kup uprz\u0105\u017c MAXSPEED do kamizelek i system\u00f3w uprz\u0119\u017cy EMS do stosowania na sprz\u0119cie EMS.","og_url":"https:\/\/online-ems-training.de\/pl\/produkt\/wiazka-przewodow\/","og_site_name":"EMS Reparaturen + EMS Zubeh\u00f6r","article_publisher":"https:\/\/www.facebook.com\/OnlineEMSTrainingShop","article_modified_time":"2024-04-30T22:07:43+00:00","og_image":[{"width":1980,"height":1320,"url":"https:\/\/i0.wp.com\/online-ems-training.de\/wp-content\/uploads\/2022\/02\/EMS-Training-Kabelbaum.jpg?fit=1980%2C1320&ssl=1","type":"image\/jpeg"}],"twitter_card":"summary_large_image","twitter_misc":{"Szacowany czas czytania":"1 minuta"},"schema":{"@context":"https:\/\/schema.org","@graph":[{"@type":"WebPage","@id":"https:\/\/online-ems-training.de\/pl\/produkt\/wiazka-przewodow\/","url":"https:\/\/online-ems-training.de\/pl\/produkt\/wiazka-przewodow\/","name":"Wi\u0105zka przewod\u00f3w &#187; EMS Reparaturen + EMS Zubeh\u00f6r","isPartOf":{"@id":"https:\/\/online-ems-training.de\/pl\/#website"},"primaryImageOfPage":{"@id":"https:\/\/online-ems-training.de\/pl\/produkt\/wiazka-przewodow\/#primaryimage"},"image":{"@id":"https:\/\/online-ems-training.de\/pl\/produkt\/wiazka-przewodow\/#primaryimage"},"thumbnailUrl":"https:\/\/online-ems-training.de\/wp-content\/uploads\/2022\/02\/EMS-Training-Kabelbaum.jpg","datePublished":"2022-02-12T13:17:44+00:00","dateModified":"2024-04-30T22:07:43+00:00","description":"Wi\u0105zka przewod\u00f3w do urz\u0105dze\u0144 treningowych EMS i elektrod EMS. Kup uprz\u0105\u017c MAXSPEED do kamizelek i system\u00f3w uprz\u0119\u017cy EMS do stosowania na sprz\u0119cie EMS.","breadcrumb":{"@id":"https:\/\/online-ems-training.de\/pl\/produkt\/wiazka-przewodow\/#breadcrumb"},"inLanguage":"pl-PL","potentialAction":[{"@type":"ReadAction","target":["https:\/\/online-ems-training.de\/pl\/produkt\/wiazka-przewodow\/"]}]},{"@type":"ImageObject","inLanguage":"pl-PL","@id":"https:\/\/online-ems-training.de\/pl\/produkt\/wiazka-przewodow\/#primaryimage","url":"https:\/\/online-ems-training.de\/wp-content\/uploads\/2022\/02\/EMS-Training-Kabelbaum.jpg","contentUrl":"https:\/\/online-ems-training.de\/wp-content\/uploads\/2022\/02\/EMS-Training-Kabelbaum.jpg","width":1980,"height":1320},{"@type":"BreadcrumbList","@id":"https:\/\/online-ems-training.de\/pl\/produkt\/wiazka-przewodow\/#breadcrumb","itemListElement":[{"@type":"ListItem","position":1,"name":"Startseite","item":"https:\/\/online-ems-training.de\/pl\/"},{"@type":"ListItem","position":2,"name":"Wi\u0105zka przewod\u00f3w"}]},{"@type":"WebSite","@id":"https:\/\/online-ems-training.de\/pl\/#website","url":"https:\/\/online-ems-training.de\/pl\/","name":"EMS Reparaturen + EMS Zubeh\u00f6r","description":"Reparaturen und Service f\u00fcr EMS Ger\u00e4te und EMS Elektroden","potentialAction":[{"@type":"SearchAction","target":{"@type":"EntryPoint","urlTemplate":"https:\/\/online-ems-training.de\/pl\/?s={search_term_string}"},"query-input":{"@type":"PropertyValueSpecification","valueRequired":true,"valueName":"search_term_string"}}],"inLanguage":"pl-PL"}]}},"_links":{"self":[{"href":"https:\/\/online-ems-training.de\/pl\/wp-json\/wp\/v2\/product\/2356","targetHints":{"allow":["GET"]}}],"collection":[{"href":"https:\/\/online-ems-training.de\/pl\/wp-json\/wp\/v2\/product"}],"about":[{"href":"https:\/\/online-ems-training.de\/pl\/wp-json\/wp\/v2\/types\/product"}],"wp:featuredmedia":[{"embeddable":true,"href":"https:\/\/online-ems-training.de\/pl\/wp-json\/wp\/v2\/media\/2056"}],"wp:attachment":[{"href":"https:\/\/online-ems-training.de\/pl\/wp-json\/wp\/v2\/media?parent=2356"}],"wp:term":[{"taxonomy":"product_brand","embeddable":true,"href":"https:\/\/online-ems-training.de\/pl\/wp-json\/wp\/v2\/product_brand?post=2356"},{"taxonomy":"product_cat","embeddable":true,"href":"https:\/\/online-ems-training.de\/pl\/wp-json\/wp\/v2\/product_cat?post=2356"},{"taxonomy":"product_tag","embeddable":true,"href":"https:\/\/online-ems-training.de\/pl\/wp-json\/wp\/v2\/product_tag?post=2356"}],"curies":[{"name":"wp","href":"https:\/\/api.w.org\/{rel}","templated":true}]}}