{"id":2448,"date":"2022-03-31T23:49:24","date_gmt":"2022-03-31T21:49:24","guid":{"rendered":"https:\/\/online-ems-training.de\/produkt\/sprawdzacz-kabli-tester\/"},"modified":"2024-05-01T08:06:06","modified_gmt":"2024-05-01T06:06:06","slug":"tester-kabli","status":"publish","type":"product","link":"https:\/\/online-ems-training.de\/pl\/produkt\/tester-kabli\/","title":{"rendered":"Sprawdzacz kabli &#8211; Tester"},"content":{"rendered":"<p>To urz\u0105dzenie testowe s\u0142u\u017cy do przyporz\u0105dkowania przycisk\u00f3w przy\u0142\u0105czeniowych do poszczeg\u00f3lnych elektrod. Koniec z zamieszaniem. Opr\u00f3cz tej funkcji urz\u0105dzenie automatycznie oferuje mo\u017cliwo\u015b\u0107 sprawdzenia dzia\u0142ania kabli przy\u0142\u0105czeniowych lub wi\u0105zek kablowych. Koniec z nierozpoznawalnymi uszkodzeniami kabli, koniec zgadywania, czy winny jest kabel przy\u0142\u0105czeniowy, wi\u0105zka przewod\u00f3w czy elektrody.<\/p>\n","protected":false},"excerpt":{"rendered":"<p>Tester kabli po\u0142\u0105czeniowych, wi\u0105zek kablowych &#8211; przyporz\u0105dkowanie kabli do elektrod, testowanie poszczeg\u00f3lnych kabli<\/p>\n","protected":false},"featured_media":2166,"template":"","meta":[],"product_brand":[],"product_cat":[223],"product_tag":[246,248,247],"class_list":{"0":"post-2448","1":"product","2":"type-product","3":"status-publish","4":"has-post-thumbnail","6":"product_cat-akcesoria","7":"product_tag-tester-kabli-polaczeniowych","8":"product_tag-tester-wiazek-przewodow","9":"product_tag-uszkodzone-kable","10":"product_shipping_class-dhl-paczka-2kg","12":"first","13":"instock","14":"taxable","15":"shipping-taxable","16":"purchasable","17":"product-type-simple"},"yoast_head":"<!-- This site is optimized with the Yoast SEO plugin v27.4 - https:\/\/yoast.com\/product\/yoast-seo-wordpress\/ -->\n<title>Sprawdzacz kabli - Tester &#187; EMS Reparaturen + EMS Zubeh\u00f6r<\/title>\n<meta name=\"robots\" content=\"index, follow, max-snippet:-1, max-image-preview:large, max-video-preview:-1\" \/>\n<link rel=\"canonical\" href=\"https:\/\/online-ems-training.de\/pl\/produkt\/tester-kabli\/\" \/>\n<meta property=\"og:locale\" content=\"pl_PL\" \/>\n<meta property=\"og:type\" content=\"article\" \/>\n<meta property=\"og:title\" content=\"Sprawdzacz kabli - Tester &#187; EMS Reparaturen + EMS Zubeh\u00f6r\" \/>\n<meta property=\"og:description\" content=\"Tester kabli po\u0142\u0105czeniowych, wi\u0105zek kablowych - przyporz\u0105dkowanie kabli do elektrod, testowanie poszczeg\u00f3lnych kabli\" \/>\n<meta property=\"og:url\" content=\"https:\/\/online-ems-training.de\/pl\/produkt\/tester-kabli\/\" \/>\n<meta property=\"og:site_name\" content=\"EMS Reparaturen + EMS Zubeh\u00f6r\" \/>\n<meta property=\"article:publisher\" content=\"https:\/\/www.facebook.com\/OnlineEMSTrainingShop\" \/>\n<meta property=\"article:modified_time\" content=\"2024-05-01T06:06:06+00:00\" \/>\n<meta property=\"og:image\" content=\"https:\/\/i0.wp.com\/online-ems-training.de\/wp-content\/uploads\/2022\/03\/Cable_test_start-1.png?fit=572%2C370&ssl=1\" \/>\n\t<meta property=\"og:image:width\" content=\"572\" \/>\n\t<meta property=\"og:image:height\" content=\"370\" \/>\n\t<meta property=\"og:image:type\" content=\"image\/png\" \/>\n<meta name=\"twitter:card\" content=\"summary_large_image\" \/>\n<script type=\"application\/ld+json\" class=\"yoast-schema-graph\">{\"@context\":\"https:\\\/\\\/schema.org\",\"@graph\":[{\"@type\":\"WebPage\",\"@id\":\"https:\\\/\\\/online-ems-training.de\\\/pl\\\/produkt\\\/tester-kabli\\\/\",\"url\":\"https:\\\/\\\/online-ems-training.de\\\/pl\\\/produkt\\\/tester-kabli\\\/\",\"name\":\"Sprawdzacz kabli - Tester &#187; EMS Reparaturen + EMS Zubeh\u00f6r\",\"isPartOf\":{\"@id\":\"https:\\\/\\\/online-ems-training.de\\\/pl\\\/#website\"},\"primaryImageOfPage\":{\"@id\":\"https:\\\/\\\/online-ems-training.de\\\/pl\\\/produkt\\\/tester-kabli\\\/#primaryimage\"},\"image\":{\"@id\":\"https:\\\/\\\/online-ems-training.de\\\/pl\\\/produkt\\\/tester-kabli\\\/#primaryimage\"},\"thumbnailUrl\":\"https:\\\/\\\/online-ems-training.de\\\/wp-content\\\/uploads\\\/2022\\\/03\\\/Cable_test_start-1.png\",\"datePublished\":\"2022-03-31T21:49:24+00:00\",\"dateModified\":\"2024-05-01T06:06:06+00:00\",\"breadcrumb\":{\"@id\":\"https:\\\/\\\/online-ems-training.de\\\/pl\\\/produkt\\\/tester-kabli\\\/#breadcrumb\"},\"inLanguage\":\"pl-PL\",\"potentialAction\":[{\"@type\":\"ReadAction\",\"target\":[\"https:\\\/\\\/online-ems-training.de\\\/pl\\\/produkt\\\/tester-kabli\\\/\"]}]},{\"@type\":\"ImageObject\",\"inLanguage\":\"pl-PL\",\"@id\":\"https:\\\/\\\/online-ems-training.de\\\/pl\\\/produkt\\\/tester-kabli\\\/#primaryimage\",\"url\":\"https:\\\/\\\/online-ems-training.de\\\/wp-content\\\/uploads\\\/2022\\\/03\\\/Cable_test_start-1.png\",\"contentUrl\":\"https:\\\/\\\/online-ems-training.de\\\/wp-content\\\/uploads\\\/2022\\\/03\\\/Cable_test_start-1.png\",\"width\":572,\"height\":370},{\"@type\":\"BreadcrumbList\",\"@id\":\"https:\\\/\\\/online-ems-training.de\\\/pl\\\/produkt\\\/tester-kabli\\\/#breadcrumb\",\"itemListElement\":[{\"@type\":\"ListItem\",\"position\":1,\"name\":\"Startseite\",\"item\":\"https:\\\/\\\/online-ems-training.de\\\/pl\\\/\"},{\"@type\":\"ListItem\",\"position\":2,\"name\":\"Sprawdzacz kabli &#8211; Tester\"}]},{\"@type\":\"WebSite\",\"@id\":\"https:\\\/\\\/online-ems-training.de\\\/pl\\\/#website\",\"url\":\"https:\\\/\\\/online-ems-training.de\\\/pl\\\/\",\"name\":\"EMS Reparaturen + EMS Zubeh\u00f6r\",\"description\":\"Reparaturen und Service f\u00fcr EMS Ger\u00e4te und EMS Elektroden\",\"potentialAction\":[{\"@type\":\"SearchAction\",\"target\":{\"@type\":\"EntryPoint\",\"urlTemplate\":\"https:\\\/\\\/online-ems-training.de\\\/pl\\\/?s={search_term_string}\"},\"query-input\":{\"@type\":\"PropertyValueSpecification\",\"valueRequired\":true,\"valueName\":\"search_term_string\"}}],\"inLanguage\":\"pl-PL\"}]}<\/script>\n<!-- \/ Yoast SEO plugin. -->","yoast_head_json":{"title":"Sprawdzacz kabli - Tester &#187; EMS Reparaturen + EMS Zubeh\u00f6r","robots":{"index":"index","follow":"follow","max-snippet":"max-snippet:-1","max-image-preview":"max-image-preview:large","max-video-preview":"max-video-preview:-1"},"canonical":"https:\/\/online-ems-training.de\/pl\/produkt\/tester-kabli\/","og_locale":"pl_PL","og_type":"article","og_title":"Sprawdzacz kabli - Tester &#187; EMS Reparaturen + EMS Zubeh\u00f6r","og_description":"Tester kabli po\u0142\u0105czeniowych, wi\u0105zek kablowych - przyporz\u0105dkowanie kabli do elektrod, testowanie poszczeg\u00f3lnych kabli","og_url":"https:\/\/online-ems-training.de\/pl\/produkt\/tester-kabli\/","og_site_name":"EMS Reparaturen + EMS Zubeh\u00f6r","article_publisher":"https:\/\/www.facebook.com\/OnlineEMSTrainingShop","article_modified_time":"2024-05-01T06:06:06+00:00","og_image":[{"width":572,"height":370,"url":"https:\/\/i0.wp.com\/online-ems-training.de\/wp-content\/uploads\/2022\/03\/Cable_test_start-1.png?fit=572%2C370&ssl=1","type":"image\/png"}],"twitter_card":"summary_large_image","schema":{"@context":"https:\/\/schema.org","@graph":[{"@type":"WebPage","@id":"https:\/\/online-ems-training.de\/pl\/produkt\/tester-kabli\/","url":"https:\/\/online-ems-training.de\/pl\/produkt\/tester-kabli\/","name":"Sprawdzacz kabli - Tester &#187; EMS Reparaturen + EMS Zubeh\u00f6r","isPartOf":{"@id":"https:\/\/online-ems-training.de\/pl\/#website"},"primaryImageOfPage":{"@id":"https:\/\/online-ems-training.de\/pl\/produkt\/tester-kabli\/#primaryimage"},"image":{"@id":"https:\/\/online-ems-training.de\/pl\/produkt\/tester-kabli\/#primaryimage"},"thumbnailUrl":"https:\/\/online-ems-training.de\/wp-content\/uploads\/2022\/03\/Cable_test_start-1.png","datePublished":"2022-03-31T21:49:24+00:00","dateModified":"2024-05-01T06:06:06+00:00","breadcrumb":{"@id":"https:\/\/online-ems-training.de\/pl\/produkt\/tester-kabli\/#breadcrumb"},"inLanguage":"pl-PL","potentialAction":[{"@type":"ReadAction","target":["https:\/\/online-ems-training.de\/pl\/produkt\/tester-kabli\/"]}]},{"@type":"ImageObject","inLanguage":"pl-PL","@id":"https:\/\/online-ems-training.de\/pl\/produkt\/tester-kabli\/#primaryimage","url":"https:\/\/online-ems-training.de\/wp-content\/uploads\/2022\/03\/Cable_test_start-1.png","contentUrl":"https:\/\/online-ems-training.de\/wp-content\/uploads\/2022\/03\/Cable_test_start-1.png","width":572,"height":370},{"@type":"BreadcrumbList","@id":"https:\/\/online-ems-training.de\/pl\/produkt\/tester-kabli\/#breadcrumb","itemListElement":[{"@type":"ListItem","position":1,"name":"Startseite","item":"https:\/\/online-ems-training.de\/pl\/"},{"@type":"ListItem","position":2,"name":"Sprawdzacz kabli &#8211; Tester"}]},{"@type":"WebSite","@id":"https:\/\/online-ems-training.de\/pl\/#website","url":"https:\/\/online-ems-training.de\/pl\/","name":"EMS Reparaturen + EMS Zubeh\u00f6r","description":"Reparaturen und Service f\u00fcr EMS Ger\u00e4te und EMS Elektroden","potentialAction":[{"@type":"SearchAction","target":{"@type":"EntryPoint","urlTemplate":"https:\/\/online-ems-training.de\/pl\/?s={search_term_string}"},"query-input":{"@type":"PropertyValueSpecification","valueRequired":true,"valueName":"search_term_string"}}],"inLanguage":"pl-PL"}]}},"_links":{"self":[{"href":"https:\/\/online-ems-training.de\/pl\/wp-json\/wp\/v2\/product\/2448","targetHints":{"allow":["GET"]}}],"collection":[{"href":"https:\/\/online-ems-training.de\/pl\/wp-json\/wp\/v2\/product"}],"about":[{"href":"https:\/\/online-ems-training.de\/pl\/wp-json\/wp\/v2\/types\/product"}],"wp:featuredmedia":[{"embeddable":true,"href":"https:\/\/online-ems-training.de\/pl\/wp-json\/wp\/v2\/media\/2166"}],"wp:attachment":[{"href":"https:\/\/online-ems-training.de\/pl\/wp-json\/wp\/v2\/media?parent=2448"}],"wp:term":[{"taxonomy":"product_brand","embeddable":true,"href":"https:\/\/online-ems-training.de\/pl\/wp-json\/wp\/v2\/product_brand?post=2448"},{"taxonomy":"product_cat","embeddable":true,"href":"https:\/\/online-ems-training.de\/pl\/wp-json\/wp\/v2\/product_cat?post=2448"},{"taxonomy":"product_tag","embeddable":true,"href":"https:\/\/online-ems-training.de\/pl\/wp-json\/wp\/v2\/product_tag?post=2448"}],"curies":[{"name":"wp","href":"https:\/\/api.w.org\/{rel}","templated":true}]}}